{"id":9943,"date":"2025-02-26T14:51:32","date_gmt":"2025-02-26T11:51:32","guid":{"rendered":"https:\/\/kosmeetika24.eu\/?post_type=product&#038;p=9943"},"modified":"2026-03-02T12:38:47","modified_gmt":"2026-03-02T09:38:47","slug":"dalton-high-concentrates-niacinamide-serum-10ml-mini","status":"publish","type":"product","link":"https:\/\/kosmeetika24.eu\/et\/toode\/dalton-high-concentrates-niacinamide-serum-10ml-mini\/","title":{"rendered":"Dalton &#8211; High Concentrates &#8211; Niacinamide Serum 10ml Mini"},"content":{"rendered":"<p><strong>Kasutamine:<\/strong><br \/>\nKanna hommikul ja \u00f5htul puhtale nahale n\u00e4ol, kaelal ja dekolteel ning l\u00f5peta niisutajaga. Hoiatus: \u00c4rge kasutage seerumit samal ajal toodetega, mis sisaldavad k\u00f5rgeid kontsentratsioone vitamiin C v\u00f5i aseleinhapet ja\/v\u00f5i keemilisi koorijaid, kuna see v\u00f5ib p\u00f5hjustada kerget punetust ja naha \u00e4rritust. Kui sul on tundlik nahk, soovitame alustada toote kasutamist vaid kaks kuni kolm korda n\u00e4dalas.<\/p>\n<p><strong>Kas oled valmis j\u00e4rgmise taseme nahahoolduseks?<\/strong> Niatsiinamiidi seerum 10% on kogenud professionaal, kui on tegemist su jume parendamisega. See l\u00f5hnavaba seerum v\u00e4hendab suuri poore, silub naha pinda ning aitab lahendada valguse poolt tekitatud nahamuutusi, nagu h\u00fcperpigmentatsioon ja punetus. Kuid see ei peatu siin.<\/p>\n<p><strong>Niatsiinamiid ehk vitamiin B3, on peamine koostisosa, mis teeb rohkemgi:<\/strong><\/p>\n<p>Toetab keramiidide tootmist, mis tugevdab naha kaitsebarj\u00e4\u00e4ri ja kaitseb nahka niiskusekao eest.<br \/>\nAitab reguleerida rasu tootmist ja ennetada vistrike teket, mis on eriti kasulik rasusele nahale.<br \/>\nVeel \u00fcks v\u00f5imas nahahoolduskomponent, mis selles seerumis esineb, on rohevetikas, mis loob pehme fookuse efekti, parandades n\u00e4htavalt naha tooni ja tekstuuri, samal ajal edendades tasakaalustatud nahamikrobioomi, mis toimib naha immuuns\u00fcsteemina.<\/p>\n<p><strong>Koostis:<br \/>\n<\/strong>Aqua\/Water, Niacinamide, Methylpropanediol, Chlorella Vulgaris Extract, Maris Aqua\/Sea Water, Ethylhexylglycerin, Propanediol, Glycerin, Xanthan Gum, Disodium Acetyl Glucosamine Phosphate, Tetrasodium Glutamate Diacetate, Lactic Acid, Sodium Glucuronate, Sodium Lactate, Sodium Hydroxide, Magnesium Sulfate, Phenoxyethanol, Potassium Sorbate<\/p>\n","protected":false},"excerpt":{"rendered":"<p>Niatsiinamiidi kontsentraat siledama ja \u00fchtlasema jume jaoks<\/p>\n<p>Kiirelt imenduv kontsentraat niatsiinamiidiga<br \/>\nV\u00e4hendab poore<br \/>\nAitab v\u00e4hendada tumedaid laike ja vistrike j\u00e4lgi<br \/>\nRohevetikas tugevdab naha mikrobioomi<br \/>\n88% looduslikud koostisosad<br \/>\nEi sisalda l\u00f5hnaaineid, v\u00e4rvaineid, mikroplasti, silikoone, PEG-e, mineraal\u00f5lisid ega parabeene<\/p>\n","protected":false},"featured_media":10706,"template":"","meta":{"om_disable_all_campaigns":false,"_monsterinsights_skip_tracking":false,"_monsterinsights_sitenote_active":false,"_monsterinsights_sitenote_note":"","_monsterinsights_sitenote_category":0,"_uf_show_specific_survey":0,"_uf_disable_surveys":false,"site-sidebar-layout":"default","site-content-layout":"","ast-site-content-layout":"default","site-content-style":"default","site-sidebar-style":"default","ast-global-header-display":"","ast-banner-title-visibility":"","ast-main-header-display":"","ast-hfb-above-header-display":"","ast-hfb-below-header-display":"","ast-hfb-mobile-header-display":"","site-post-title":"","ast-breadcrumbs-content":"","ast-featured-img":"","footer-sml-layout":"","theme-transparent-header-meta":"default","adv-header-id-meta":"","stick-header-meta":"","header-above-stick-meta":"","header-main-stick-meta":"","header-below-stick-meta":"","astra-migrate-meta-layouts":"set","ast-page-background-enabled":"default","ast-page-background-meta":{"desktop":{"background-color":"var(--ast-global-color-4)","background-image":"","background-repeat":"repeat","background-position":"center center","background-size":"auto","background-attachment":"scroll","background-type":"","background-media":"","overlay-type":"","overlay-color":"","overlay-opacity":"","overlay-gradient":""},"tablet":{"background-color":"","background-image":"","background-repeat":"repeat","background-position":"center center","background-size":"auto","background-attachment":"scroll","background-type":"","background-media":"","overlay-type":"","overlay-color":"","overlay-opacity":"","overlay-gradient":""},"mobile":{"background-color":"","background-image":"","background-repeat":"repeat","background-position":"center center","background-size":"auto","background-attachment":"scroll","background-type":"","background-media":"","overlay-type":"","overlay-color":"","overlay-opacity":"","overlay-gradient":""}},"ast-content-background-meta":{"desktop":{"background-color":"var(--ast-global-color-5)","background-image":"","background-repeat":"repeat","background-position":"center center","background-size":"auto","background-attachment":"scroll","background-type":"","background-media":"","overlay-type":"","overlay-color":"","overlay-opacity":"","overlay-gradient":""},"tablet":{"background-color":"var(--ast-global-color-5)","background-image":"","background-repeat":"repeat","background-position":"center center","background-size":"auto","background-attachment":"scroll","background-type":"","background-media":"","overlay-type":"","overlay-color":"","overlay-opacity":"","overlay-gradient":""},"mobile":{"background-color":"var(--ast-global-color-5)","background-image":"","background-repeat":"repeat","background-position":"center center","background-size":"auto","background-attachment":"scroll","background-type":"","background-media":"","overlay-type":"","overlay-color":"","overlay-opacity":"","overlay-gradient":""}}},"product_brand":[],"product_cat":[424],"product_tag":[425],"class_list":{"0":"post-9943","1":"product","2":"type-product","3":"status-publish","4":"has-post-thumbnail","6":"product_cat-mini","7":"product_tag-mini","8":"desktop-align-center","9":"tablet-align-left","10":"mobile-align-left","12":"first","13":"instock","14":"taxable","15":"shipping-taxable","16":"purchasable","17":"product-type-simple","18":"add-to-wishlist-before_image"},"aioseo_notices":[],"_links":{"self":[{"href":"https:\/\/kosmeetika24.eu\/et\/wp-json\/wp\/v2\/product\/9943","targetHints":{"allow":["GET"]}}],"collection":[{"href":"https:\/\/kosmeetika24.eu\/et\/wp-json\/wp\/v2\/product"}],"about":[{"href":"https:\/\/kosmeetika24.eu\/et\/wp-json\/wp\/v2\/types\/product"}],"version-history":[{"count":1,"href":"https:\/\/kosmeetika24.eu\/et\/wp-json\/wp\/v2\/product\/9943\/revisions"}],"predecessor-version":[{"id":9945,"href":"https:\/\/kosmeetika24.eu\/et\/wp-json\/wp\/v2\/product\/9943\/revisions\/9945"}],"wp:featuredmedia":[{"embeddable":true,"href":"https:\/\/kosmeetika24.eu\/et\/wp-json\/wp\/v2\/media\/10706"}],"wp:attachment":[{"href":"https:\/\/kosmeetika24.eu\/et\/wp-json\/wp\/v2\/media?parent=9943"}],"wp:term":[{"taxonomy":"product_brand","embeddable":true,"href":"https:\/\/kosmeetika24.eu\/et\/wp-json\/wp\/v2\/product_brand?post=9943"},{"taxonomy":"product_cat","embeddable":true,"href":"https:\/\/kosmeetika24.eu\/et\/wp-json\/wp\/v2\/product_cat?post=9943"},{"taxonomy":"product_tag","embeddable":true,"href":"https:\/\/kosmeetika24.eu\/et\/wp-json\/wp\/v2\/product_tag?post=9943"}],"curies":[{"name":"wp","href":"https:\/\/api.w.org\/{rel}","templated":true}]}}