{"id":9941,"date":"2025-06-05T14:24:44","date_gmt":"2025-06-05T11:24:44","guid":{"rendered":"https:\/\/kosmeetika24.eu\/?post_type=product&#038;p=9941"},"modified":"2026-03-02T12:37:59","modified_gmt":"2026-03-02T09:37:59","slug":"dalton-high-concentrates-triple-hyaluronic-booster-10ml-mini","status":"publish","type":"product","link":"https:\/\/kosmeetika24.eu\/et\/toode\/dalton-high-concentrates-triple-hyaluronic-booster-10ml-mini\/","title":{"rendered":"Dalton &#8211; High Concentrates &#8211; Triple Hyaluronic Booster 10ml Mini"},"content":{"rendered":"<p><strong>Kasutamine:<\/strong><br \/>\nKanna hommikul ja \u00f5htul puhtale nahale ning seej\u00e4rel kasuta niisutajat. Alternatiivina v\u00f5id segada 2\u20133 tilka seerumit oma lemmikniisutaja hulka.<\/p>\n<p>See h\u00fcaluroonhappe seerum viib nahahoolduse t\u00e4iesti uuele tasemele! Seda on lihtne integreerida oma igap\u00e4evasesse rutiini \u2013 see on kohandatud vastavalt sellele, mida su nahk vajab just praegu.<\/p>\n<p><strong>V\u00f5imas niisutus neljal erineval tasandil:<\/strong><br \/>\nKolme erineva t\u00fc\u00fcpi h\u00fcaluroonhappe kombinatsioon koos pruunvetikast p\u00e4rineva \u201cmereh\u00fcaluroonhappega\u201d tagab naha niisutamise k\u00f5ige s\u00fcgavamatesse kihtidesse, t\u00e4idab peeneid jooni ja kortse seestpoolt.<\/p>\n<p>Keskmise ahelaga, l\u00fchikese ahelaga ja \u00e4\u00e4rmiselt l\u00fchikese ahelaga h\u00fcaluroonhapped pakuvad intensiivset niisutuse t\u00e4iendust kolmes etapis:<br \/>\nNiisutav seerum niisutab n\u00e4onahka pindmiselt.<br \/>\nT\u00e4idab niiskusevarud s\u00fcgavamalt ja silub peeneid jooni ja kortse, muutes naha t\u00e4idlasemaks.<br \/>\nPruunvetikas aitab nahal niiskust s\u00e4ilitada ja takistab kuiva naha teket.<br \/>\nT\u00e4nu l\u00f5hnavaba koostisele sobib see h\u00fcaluroonhappe kontsentraat ka tundlikule nahale.<\/p>\n<p><strong>Koostis:<br \/>\n<\/strong>Aqua\/Water, Methylpropanediol, Sodium Hyaluronate, Laminaria Japonica Extract, Maris Aqua\/Sea Water, Ethylhexylglycerin, Lactic Acid, Sodium Lactate, Sodium Hydroxide, Tetrasodium Glutamate Diacetate, 1,2-Hexanediol, Caprylyl Glycol, Phenoxyethanol, Potassium Sorbate<\/p>\n","protected":false},"excerpt":{"rendered":"<p>V\u00f5imas nahka t\u00e4idlustav seerum h\u00fcaluroonhappega<\/p>\n<p>Tagab intensiivse niisutuse<br \/>\nT\u00e4idab ja pinguldab nahka seestpoolt<br \/>\nKerge, geeljas tekstuur, mis imendub kiiresti<br \/>\nSisaldab 3 erinevat t\u00fc\u00fcpi h\u00fcaluroonhapet<br \/>\nNiisutav pruunvetikas toetab naha niiskustasakaalu<br \/>\n98% looduslikud koostisosad<br \/>\nEi sisalda l\u00f5hnaaineid, v\u00e4rvaineid, mikroplasti, silikoone, PEG-e, mineraal\u00f5lisid ega parabeene<\/p>\n","protected":false},"featured_media":10701,"template":"","meta":{"om_disable_all_campaigns":false,"_monsterinsights_skip_tracking":false,"_monsterinsights_sitenote_active":false,"_monsterinsights_sitenote_note":"","_monsterinsights_sitenote_category":0,"_uf_show_specific_survey":0,"_uf_disable_surveys":false,"site-sidebar-layout":"default","site-content-layout":"","ast-site-content-layout":"default","site-content-style":"default","site-sidebar-style":"default","ast-global-header-display":"","ast-banner-title-visibility":"","ast-main-header-display":"","ast-hfb-above-header-display":"","ast-hfb-below-header-display":"","ast-hfb-mobile-header-display":"","site-post-title":"","ast-breadcrumbs-content":"","ast-featured-img":"","footer-sml-layout":"","theme-transparent-header-meta":"default","adv-header-id-meta":"","stick-header-meta":"","header-above-stick-meta":"","header-main-stick-meta":"","header-below-stick-meta":"","astra-migrate-meta-layouts":"set","ast-page-background-enabled":"default","ast-page-background-meta":{"desktop":{"background-color":"var(--ast-global-color-4)","background-image":"","background-repeat":"repeat","background-position":"center center","background-size":"auto","background-attachment":"scroll","background-type":"","background-media":"","overlay-type":"","overlay-color":"","overlay-opacity":"","overlay-gradient":""},"tablet":{"background-color":"","background-image":"","background-repeat":"repeat","background-position":"center center","background-size":"auto","background-attachment":"scroll","background-type":"","background-media":"","overlay-type":"","overlay-color":"","overlay-opacity":"","overlay-gradient":""},"mobile":{"background-color":"","background-image":"","background-repeat":"repeat","background-position":"center center","background-size":"auto","background-attachment":"scroll","background-type":"","background-media":"","overlay-type":"","overlay-color":"","overlay-opacity":"","overlay-gradient":""}},"ast-content-background-meta":{"desktop":{"background-color":"var(--ast-global-color-5)","background-image":"","background-repeat":"repeat","background-position":"center center","background-size":"auto","background-attachment":"scroll","background-type":"","background-media":"","overlay-type":"","overlay-color":"","overlay-opacity":"","overlay-gradient":""},"tablet":{"background-color":"var(--ast-global-color-5)","background-image":"","background-repeat":"repeat","background-position":"center center","background-size":"auto","background-attachment":"scroll","background-type":"","background-media":"","overlay-type":"","overlay-color":"","overlay-opacity":"","overlay-gradient":""},"mobile":{"background-color":"var(--ast-global-color-5)","background-image":"","background-repeat":"repeat","background-position":"center center","background-size":"auto","background-attachment":"scroll","background-type":"","background-media":"","overlay-type":"","overlay-color":"","overlay-opacity":"","overlay-gradient":""}}},"product_brand":[],"product_cat":[424],"product_tag":[425],"class_list":{"0":"post-9941","1":"product","2":"type-product","3":"status-publish","4":"has-post-thumbnail","6":"product_cat-mini","7":"product_tag-mini","8":"desktop-align-center","9":"tablet-align-left","10":"mobile-align-left","12":"first","13":"instock","14":"taxable","15":"shipping-taxable","16":"purchasable","17":"product-type-simple","18":"add-to-wishlist-before_image"},"aioseo_notices":[],"_links":{"self":[{"href":"https:\/\/kosmeetika24.eu\/et\/wp-json\/wp\/v2\/product\/9941","targetHints":{"allow":["GET"]}}],"collection":[{"href":"https:\/\/kosmeetika24.eu\/et\/wp-json\/wp\/v2\/product"}],"about":[{"href":"https:\/\/kosmeetika24.eu\/et\/wp-json\/wp\/v2\/types\/product"}],"version-history":[{"count":1,"href":"https:\/\/kosmeetika24.eu\/et\/wp-json\/wp\/v2\/product\/9941\/revisions"}],"predecessor-version":[{"id":9942,"href":"https:\/\/kosmeetika24.eu\/et\/wp-json\/wp\/v2\/product\/9941\/revisions\/9942"}],"wp:featuredmedia":[{"embeddable":true,"href":"https:\/\/kosmeetika24.eu\/et\/wp-json\/wp\/v2\/media\/10701"}],"wp:attachment":[{"href":"https:\/\/kosmeetika24.eu\/et\/wp-json\/wp\/v2\/media?parent=9941"}],"wp:term":[{"taxonomy":"product_brand","embeddable":true,"href":"https:\/\/kosmeetika24.eu\/et\/wp-json\/wp\/v2\/product_brand?post=9941"},{"taxonomy":"product_cat","embeddable":true,"href":"https:\/\/kosmeetika24.eu\/et\/wp-json\/wp\/v2\/product_cat?post=9941"},{"taxonomy":"product_tag","embeddable":true,"href":"https:\/\/kosmeetika24.eu\/et\/wp-json\/wp\/v2\/product_tag?post=9941"}],"curies":[{"name":"wp","href":"https:\/\/api.w.org\/{rel}","templated":true}]}}