{"id":9930,"date":"2025-02-26T14:36:08","date_gmt":"2025-02-26T11:36:08","guid":{"rendered":"https:\/\/kosmeetika24.eu\/?post_type=product&#038;p=9930"},"modified":"2025-12-22T15:32:05","modified_gmt":"2025-12-22T12:32:05","slug":"dalton-extreme-lift-anti-wrinkle-cream-15ml-mini","status":"publish","type":"product","link":"https:\/\/kosmeetika24.eu\/et\/toode\/dalton-extreme-lift-anti-wrinkle-cream-15ml-mini\/","title":{"rendered":"Dalton &#8211; Extreme Lift &#8211; Anti-Wrinkle Cream 15ml Mini"},"content":{"rendered":"<p><b>Kasutamine:<\/b><b><br \/>\n<\/b>Kanna kortsudevastast kreemi \u00f5hukese kihina n\u00e4ole, kaelale ja dekolteele hommikul ja \u00f5htul p\u00e4rast puhastamist.<\/p>\n<p><b>N\u00e4pun\u00e4ide<\/b><b><br \/>\n<\/b><span style=\"font-weight: 400;\">Silmakreemi v\u00f5ib kasutada ka huulekontuuril, et v\u00e4hendada vertikaalsete joonte ja kortsude n\u00e4htavust. Kliinilised uuringud kinnitavad, et kreem v\u00e4hendab nn. triipkortsusid (tuntud ka kui suitsetajakortsud) 18% v\u00f5rra juba 28 p\u00e4evaga!**<\/span><\/p>\n<p>H\u00fcvasti peened jooned ja kortsud! See pinguldav vananemisvastane kreem pakub topelt kortsudevastast toimet: looduslik jamb\u00fa ekstrakt l\u00f5dvestab n\u00e4olihaseid, pinguldades kohe peened jooned ja kortsud ning samal ajal ennetades uute kortsude tekkimist. Meie unikaalne Celumer mereekstrakt tugevdab seda noorendavat toimet oma v\u00f5imsate vananemisvastaste omadustega.<\/p>\n<p>Lisaks sisaldab pinguldav kortsudevastane kreem mandli\u00f5li, skvalaani ja sheav\u00f5id, mis toidavad nahka ja niisutavad kuiva nahka. Koos niisutava h\u00fcaluroonhappega parandavad need vananemisvastased koostisosad naha elastsust ning v\u00e4hendavad kuivusest p\u00f5hjustatud kortse. Tagab kohese n\u00e4ot\u00f5stva efekti ilma n\u00e4oilmet k\u00fclmutamata.<\/p>\n<p><span style=\"font-weight: 400;\"><strong>KOOSTIS:<\/strong><br \/>\nAqua\/Vesi, Cetearylalcohol, Etilheks\u00fc\u00fclstearaat, Gl\u00fctseriin, Propanediool, HDI\/Trimet\u00fc\u00fclolheks\u00fcllaktone Ristpol\u00fcmeer, Pentaer\u00fctrit\u00fc\u00fcl Tetraisostearaat, Naatriumstearo\u00fc\u00fclglutamaat, Skvalaan, Prunus Amygdalus Dulcis (Magus Mandli) \u00d5li, Dimetikoon, Butyrospermum Parkii (Shea) V\u00f5i, Maris Aqua\/Merivesi, Spirulina Maxima Ekstrakt, Maris Limus Ekstrakt\/Mere Savi Ekstrakt, Sakharidi Isomeraat, Ostrea Shell Ekstrakt\/O\u00fcsteri Koore Ekstrakt, Kaviaari Ekstrakt, Vetikate Ekstrakt\/Alaria Esculenta Ekstrakt, Acmella Oleracea Ekstrakt, Naatriumh\u00fcaluronaat, Silika Dimet\u00fc\u00fcl Silsilaat, Silika, Prop\u00fcleengl\u00fckool, Ksantaankummi, Fenoks\u00fcetanool, Pent\u00fcleengl\u00fckool, But\u00fcleengl\u00fckool, Atelokollageen, Kaaliumsorbaat, Etilheks\u00fc\u00fclgl\u00fctseriin, Kapr\u00fc\u00fcl-\/Kapriinhape Trigl\u00fctseriid, Sidrunhape, Naatriumkondroitiinsulfaat, Parf\u00fc\u00fcm\/L\u00f5hn.<\/span><\/p>\n<p>&nbsp;<\/p>\n","protected":false},"excerpt":{"rendered":"<p>Koheselt pinguldav niisutaja ilmekortsude v\u00e4hendamiseks<\/p>\n<p>L\u00f5dvestab n\u00e4olihaseid<br \/>\nKohene siledust ja pinguldust tagav efekt<br \/>\nSisaldab jamb\u00fa ekstrakti \u2013 looduslik alternatiiv Botoxile<br \/>\nUuring kinnitab n\u00e4htavat kortsude v\u00e4henemist \u00fcle 24 tunni*<br \/>\nMandli\u00f5li, sheav\u00f5i ja h\u00fcaluroonhape niisutavad nahka<\/p>\n","protected":false},"featured_media":10710,"template":"","meta":{"om_disable_all_campaigns":false,"_monsterinsights_skip_tracking":false,"_monsterinsights_sitenote_active":false,"_monsterinsights_sitenote_note":"","_monsterinsights_sitenote_category":0,"_uf_show_specific_survey":0,"_uf_disable_surveys":false,"site-sidebar-layout":"default","site-content-layout":"","ast-site-content-layout":"default","site-content-style":"default","site-sidebar-style":"default","ast-global-header-display":"","ast-banner-title-visibility":"","ast-main-header-display":"","ast-hfb-above-header-display":"","ast-hfb-below-header-display":"","ast-hfb-mobile-header-display":"","site-post-title":"","ast-breadcrumbs-content":"","ast-featured-img":"","footer-sml-layout":"","theme-transparent-header-meta":"default","adv-header-id-meta":"","stick-header-meta":"","header-above-stick-meta":"","header-main-stick-meta":"","header-below-stick-meta":"","astra-migrate-meta-layouts":"set","ast-page-background-enabled":"default","ast-page-background-meta":{"desktop":{"background-color":"var(--ast-global-color-4)","background-image":"","background-repeat":"repeat","background-position":"center center","background-size":"auto","background-attachment":"scroll","background-type":"","background-media":"","overlay-type":"","overlay-color":"","overlay-opacity":"","overlay-gradient":""},"tablet":{"background-color":"","background-image":"","background-repeat":"repeat","background-position":"center center","background-size":"auto","background-attachment":"scroll","background-type":"","background-media":"","overlay-type":"","overlay-color":"","overlay-opacity":"","overlay-gradient":""},"mobile":{"background-color":"","background-image":"","background-repeat":"repeat","background-position":"center center","background-size":"auto","background-attachment":"scroll","background-type":"","background-media":"","overlay-type":"","overlay-color":"","overlay-opacity":"","overlay-gradient":""}},"ast-content-background-meta":{"desktop":{"background-color":"var(--ast-global-color-5)","background-image":"","background-repeat":"repeat","background-position":"center center","background-size":"auto","background-attachment":"scroll","background-type":"","background-media":"","overlay-type":"","overlay-color":"","overlay-opacity":"","overlay-gradient":""},"tablet":{"background-color":"var(--ast-global-color-5)","background-image":"","background-repeat":"repeat","background-position":"center center","background-size":"auto","background-attachment":"scroll","background-type":"","background-media":"","overlay-type":"","overlay-color":"","overlay-opacity":"","overlay-gradient":""},"mobile":{"background-color":"var(--ast-global-color-5)","background-image":"","background-repeat":"repeat","background-position":"center center","background-size":"auto","background-attachment":"scroll","background-type":"","background-media":"","overlay-type":"","overlay-color":"","overlay-opacity":"","overlay-gradient":""}}},"product_brand":[],"product_cat":[424],"product_tag":[425],"class_list":{"0":"post-9930","1":"product","2":"type-product","3":"status-publish","4":"has-post-thumbnail","6":"product_cat-mini","7":"product_tag-mini","8":"desktop-align-center","9":"tablet-align-left","10":"mobile-align-left","12":"first","13":"instock","14":"taxable","15":"shipping-taxable","16":"purchasable","17":"product-type-simple","18":"add-to-wishlist-before_image"},"aioseo_notices":[],"_links":{"self":[{"href":"https:\/\/kosmeetika24.eu\/et\/wp-json\/wp\/v2\/product\/9930","targetHints":{"allow":["GET"]}}],"collection":[{"href":"https:\/\/kosmeetika24.eu\/et\/wp-json\/wp\/v2\/product"}],"about":[{"href":"https:\/\/kosmeetika24.eu\/et\/wp-json\/wp\/v2\/types\/product"}],"version-history":[{"count":4,"href":"https:\/\/kosmeetika24.eu\/et\/wp-json\/wp\/v2\/product\/9930\/revisions"}],"predecessor-version":[{"id":10713,"href":"https:\/\/kosmeetika24.eu\/et\/wp-json\/wp\/v2\/product\/9930\/revisions\/10713"}],"wp:featuredmedia":[{"embeddable":true,"href":"https:\/\/kosmeetika24.eu\/et\/wp-json\/wp\/v2\/media\/10710"}],"wp:attachment":[{"href":"https:\/\/kosmeetika24.eu\/et\/wp-json\/wp\/v2\/media?parent=9930"}],"wp:term":[{"taxonomy":"product_brand","embeddable":true,"href":"https:\/\/kosmeetika24.eu\/et\/wp-json\/wp\/v2\/product_brand?post=9930"},{"taxonomy":"product_cat","embeddable":true,"href":"https:\/\/kosmeetika24.eu\/et\/wp-json\/wp\/v2\/product_cat?post=9930"},{"taxonomy":"product_tag","embeddable":true,"href":"https:\/\/kosmeetika24.eu\/et\/wp-json\/wp\/v2\/product_tag?post=9930"}],"curies":[{"name":"wp","href":"https:\/\/api.w.org\/{rel}","templated":true}]}}