{"id":9927,"date":"2025-02-26T14:32:24","date_gmt":"2025-02-26T11:32:24","guid":{"rendered":"https:\/\/kosmeetika24.eu\/?post_type=product&#038;p=9927"},"modified":"2026-04-01T10:10:56","modified_gmt":"2026-04-01T07:10:56","slug":"dalton-exfoliant-care-20-aha-peeling-15ml-mini","status":"publish","type":"product","link":"https:\/\/kosmeetika24.eu\/et\/toode\/dalton-exfoliant-care-20-aha-peeling-15ml-mini\/","title":{"rendered":"Dalton &#8211; Exfoliant Care &#8211; 20 % AHA Peeling 15ml Mini"},"content":{"rendered":"<p><strong>Kasutamine:<\/strong><br \/>\nKanna puhtale nahale \u00f5huke kiht 1\u20133 korda n\u00e4dalas. Eemalda koorija 5\u201310 minuti p\u00e4rast ning l\u00f5peta hooldus oma nahat\u00fc\u00fcbile sobivate toodetega. P\u00e4evasel ajal kasuta kindlasti v\u00e4hemalt SPF 30 p\u00e4ikesekaitset, et v\u00e4ltida UV-kiirguse ja p\u00e4ikesekahjustuste teket. Mitte kasutada raseduse ja imetamise ajal.<\/p>\n<p><strong>N\u00f5uanne:<\/strong><br \/>\nEt alfah\u00fcdroks\u00fchapete (AHA) toimet intensiivistada, v\u00f5ivad kogenud kasutajad j\u00e4tta koorija nahale ilma mahapesemiseta. Kanna \u00f5huke kiht \u00f5htul ja lase toimida, seej\u00e4rel l\u00f5peta oma tavap\u00e4rase nahahooldusrutiiniga.<\/p>\n<p>Happelise eksfoliatsiooni v\u00f5ib kasutada mitte ainult n\u00e4ol, vaid ka kogu kehal. AHA koorija aitab leevendada n\u00e4iteks keratosis pilaris\u2019e (kananaha) s\u00fcmptomeid.<\/p>\n<p><span style=\"font-size: 16px;\">Daltoni v\u00f5imas AHA n\u00e4okoorija eemaldab surnud naharakud, j\u00e4ttes naha sileda ja pehme. <\/span><strong style=\"font-size: 16px;\" data-start=\"83\" data-end=\"155\">K\u00f5rge kontsentratsiooniga segu \u2013 10% gl\u00fckoolhapet ja 10% piimhapet \u2013<\/strong><span style=\"font-size: 16px;\"> t\u00f6\u00f6tab t\u00f5husalt, et viia sind sammukese l\u00e4hemale t\u00e4iuslikule nahale.<\/span><\/p>\n<p data-start=\"228\" data-end=\"447\">AHA eksfoliant <strong data-start=\"243\" data-end=\"303\">taastab v\u00e4sinud naharakke ja kiirendab rakkude uuenemist<\/strong>. Kuid see pole veel k\u00f5ik \u2013 keemiline koorija <strong data-start=\"349\" data-end=\"388\">parandab ka aktiivainete imendumist<\/strong>, aidates nahal saada maksimaalset kasu hooldustoodetest.<\/p>\n<p data-start=\"449\" data-end=\"484\">Hapete toimet v\u00f5imendavad lisaks:<\/p>\n<ul data-start=\"485\" data-end=\"678\">\n<li data-start=\"485\" data-end=\"569\"><strong data-start=\"487\" data-end=\"523\">Antioks\u00fcdantiderikas rohevetikas<\/strong>, mis kaitseb nahka vabade radikaalide eest,<\/li>\n<li data-start=\"570\" data-end=\"622\"><strong data-start=\"572\" data-end=\"590\">Meremineraalid<\/strong>, mis tungivad s\u00fcgavale nahka,<\/li>\n<li data-start=\"623\" data-end=\"678\"><strong data-start=\"625\" data-end=\"642\">H\u00fcaluroonhape<\/strong>, mis tagab intensiivse niisutuse.<\/li>\n<\/ul>\n<p data-start=\"680\" data-end=\"993\" data-is-last-node=\"\" data-is-only-node=\"\">Regulaarsel kasutamisel on sellel koorijal <strong data-start=\"723\" data-end=\"769\">muljetavaldavad vananemisvastased omadused<\/strong> \u2013 see stimuleerib kollageeni ja h\u00fcaluroonhappe tootmist, aidates v\u00e4hendada <strong data-start=\"845\" data-end=\"876\">peeneid kortse ja joonekesi<\/strong>. Samuti v\u00f5ib see <strong data-start=\"894\" data-end=\"962\">v\u00e4hendada h\u00fcperpigmentatsiooni, tumedaid laike ja vistrike j\u00e4lgi<\/strong>, tagades sileda ja kauni jume.<\/p>\n","protected":false},"excerpt":{"rendered":"<p data-start=\"0\" data-end=\"114\">Happel p\u00f5hinev koorija kuivale ja k\u00fcpsele nahale<\/p>\n<p>AHA-seerum gl\u00fckoolhappe ja piimhappega<br \/>\nKoorib surnud naharakud<br \/>\nAitab v\u00e4hendada pigmendilaike, vistrike j\u00e4lgi ja peeneid kortse<br \/>\nSoodustab h\u00fcaluroonhappe ja kollageeni tootmist<br \/>\nAntioks\u00fcdantiderikas rohevetikas stimuleerib rakkude uuenemist<br \/>\nH\u00fcaluroonhape niisutab nahka<br \/>\nL\u00f5hnavaba, ei sisalda v\u00e4rvaineid, mikroplasti, silikoone, PEG-e, mineraal\u00f5lisid ega parabeene<\/p>\n","protected":false},"featured_media":10707,"template":"","meta":{"om_disable_all_campaigns":false,"_monsterinsights_skip_tracking":false,"_monsterinsights_sitenote_active":false,"_monsterinsights_sitenote_note":"","_monsterinsights_sitenote_category":0,"_uf_show_specific_survey":0,"_uf_disable_surveys":false,"site-sidebar-layout":"default","site-content-layout":"","ast-site-content-layout":"default","site-content-style":"default","site-sidebar-style":"default","ast-global-header-display":"","ast-banner-title-visibility":"","ast-main-header-display":"","ast-hfb-above-header-display":"","ast-hfb-below-header-display":"","ast-hfb-mobile-header-display":"","site-post-title":"","ast-breadcrumbs-content":"","ast-featured-img":"","footer-sml-layout":"","theme-transparent-header-meta":"default","adv-header-id-meta":"","stick-header-meta":"","header-above-stick-meta":"","header-main-stick-meta":"","header-below-stick-meta":"","astra-migrate-meta-layouts":"set","ast-page-background-enabled":"default","ast-page-background-meta":{"desktop":{"background-color":"var(--ast-global-color-4)","background-image":"","background-repeat":"repeat","background-position":"center center","background-size":"auto","background-attachment":"scroll","background-type":"","background-media":"","overlay-type":"","overlay-color":"","overlay-opacity":"","overlay-gradient":""},"tablet":{"background-color":"","background-image":"","background-repeat":"repeat","background-position":"center center","background-size":"auto","background-attachment":"scroll","background-type":"","background-media":"","overlay-type":"","overlay-color":"","overlay-opacity":"","overlay-gradient":""},"mobile":{"background-color":"","background-image":"","background-repeat":"repeat","background-position":"center center","background-size":"auto","background-attachment":"scroll","background-type":"","background-media":"","overlay-type":"","overlay-color":"","overlay-opacity":"","overlay-gradient":""}},"ast-content-background-meta":{"desktop":{"background-color":"var(--ast-global-color-5)","background-image":"","background-repeat":"repeat","background-position":"center center","background-size":"auto","background-attachment":"scroll","background-type":"","background-media":"","overlay-type":"","overlay-color":"","overlay-opacity":"","overlay-gradient":""},"tablet":{"background-color":"var(--ast-global-color-5)","background-image":"","background-repeat":"repeat","background-position":"center center","background-size":"auto","background-attachment":"scroll","background-type":"","background-media":"","overlay-type":"","overlay-color":"","overlay-opacity":"","overlay-gradient":""},"mobile":{"background-color":"var(--ast-global-color-5)","background-image":"","background-repeat":"repeat","background-position":"center center","background-size":"auto","background-attachment":"scroll","background-type":"","background-media":"","overlay-type":"","overlay-color":"","overlay-opacity":"","overlay-gradient":""}}},"product_brand":[],"product_cat":[79,424],"product_tag":[425],"class_list":{"0":"post-9927","1":"product","2":"type-product","3":"status-publish","4":"has-post-thumbnail","6":"product_cat-koorijad","7":"product_cat-mini","8":"product_tag-mini","9":"desktop-align-center","10":"tablet-align-left","11":"mobile-align-left","13":"first","14":"instock","15":"taxable","16":"shipping-taxable","17":"purchasable","18":"product-type-simple","19":"add-to-wishlist-before_image"},"aioseo_notices":[],"_links":{"self":[{"href":"https:\/\/kosmeetika24.eu\/et\/wp-json\/wp\/v2\/product\/9927","targetHints":{"allow":["GET"]}}],"collection":[{"href":"https:\/\/kosmeetika24.eu\/et\/wp-json\/wp\/v2\/product"}],"about":[{"href":"https:\/\/kosmeetika24.eu\/et\/wp-json\/wp\/v2\/types\/product"}],"version-history":[{"count":4,"href":"https:\/\/kosmeetika24.eu\/et\/wp-json\/wp\/v2\/product\/9927\/revisions"}],"predecessor-version":[{"id":9940,"href":"https:\/\/kosmeetika24.eu\/et\/wp-json\/wp\/v2\/product\/9927\/revisions\/9940"}],"wp:featuredmedia":[{"embeddable":true,"href":"https:\/\/kosmeetika24.eu\/et\/wp-json\/wp\/v2\/media\/10707"}],"wp:attachment":[{"href":"https:\/\/kosmeetika24.eu\/et\/wp-json\/wp\/v2\/media?parent=9927"}],"wp:term":[{"taxonomy":"product_brand","embeddable":true,"href":"https:\/\/kosmeetika24.eu\/et\/wp-json\/wp\/v2\/product_brand?post=9927"},{"taxonomy":"product_cat","embeddable":true,"href":"https:\/\/kosmeetika24.eu\/et\/wp-json\/wp\/v2\/product_cat?post=9927"},{"taxonomy":"product_tag","embeddable":true,"href":"https:\/\/kosmeetika24.eu\/et\/wp-json\/wp\/v2\/product_tag?post=9927"}],"curies":[{"name":"wp","href":"https:\/\/api.w.org\/{rel}","templated":true}]}}