{"id":9925,"date":"2025-03-06T16:03:12","date_gmt":"2025-03-06T13:03:12","guid":{"rendered":"https:\/\/kosmeetika24.eu\/?post_type=product&#038;p=9925"},"modified":"2026-04-01T10:08:21","modified_gmt":"2026-04-01T07:08:21","slug":"dalton-exfoliant-care-12-pha-peeling-15ml-mini","status":"publish","type":"product","link":"https:\/\/kosmeetika24.eu\/et\/toode\/dalton-exfoliant-care-12-pha-peeling-15ml-mini\/","title":{"rendered":"Dalton &#8211; Exfoliant Care &#8211; 12% PHA Peeling 15ml Mini"},"content":{"rendered":"<p><strong>Kasutamine:<\/strong><br \/>\nKanna puhtale nahale \u00f5huke kiht 2\u20133 korda n\u00e4dalas ja lase t\u00e4ielikult imenduda. PHA koorija v\u00f5ib 15 minuti p\u00e4rast maha pesta ning nahka niisutada sobiva kreemiga. P\u00e4evasel ajal kasuta p\u00e4ikesekaitset v\u00e4hemalt SPF 30, et nahka UV-kiirguse ja p\u00e4ikesekahjustuste eest kaitsta. Mitte kasutada raseduse ja imetamise ajal.<\/p>\n<p><strong>N\u00f5uanne:<\/strong><br \/>\nPol\u00fch\u00fcdroks\u00fchapped on eriti \u00f5rnad ja mitte\u00e4rritavad, mist\u00f5ttu v\u00f5ib PHA koorijat kasutada ka ilma mahapesemiseta. Kanna \u00f5huke kiht \u00f5htul nahale ja lase toimida, seej\u00e4rel l\u00f5peta oma tavap\u00e4rase nahahooldusrutiiniga.<\/p>\n<p>Kuigi see PHA-toode on \u00f5rnem eksfoliant, on see sama t\u00f5hus kui alfah\u00fcdroks\u00fchappeid (AHA) v\u00f5i beetah\u00fcdroks\u00fchappeid (BHA) sisaldavad tooted. See sisaldab kahte v\u00f5imsat hapet, mis toetavad terve naha s\u00e4ilimist:<\/p>\n<ul data-start=\"211\" data-end=\"440\">\n<li data-start=\"211\" data-end=\"372\"><strong data-start=\"213\" data-end=\"235\">4% laktoobioonhape<\/strong> toimib niisutajana, aitab nahal s\u00e4ilitada niiskust, kaitseb vabade radikaalide eest ning stimuleerib kollageeni ja elastiini tootmist.<\/li>\n<li data-start=\"373\" data-end=\"440\"><strong data-start=\"375\" data-end=\"396\">8% gl\u00fckonolaktoon<\/strong> tugevdab naha barj\u00e4\u00e4ri ja niisutab nahka.<\/li>\n<\/ul>\n<p data-start=\"442\" data-end=\"731\">PHA-geel koorib \u00f5rnalt surnud naharakud, j\u00e4ttes naha siledaks ja \u00fchtlaseks. <strong data-start=\"518\" data-end=\"602\">Mereliste koostisosade ja k\u00f5rge pol\u00fch\u00fcdroks\u00fchapete (PHA) sisalduse kombinatsioon<\/strong> muudab selle ideaalseks tundlikule, punetusele kalduvale nahale ning nahale, millel esineb kuperoosa ja laienenud kapillaarid.<\/p>\n<ul data-start=\"733\" data-end=\"1065\" data-is-only-node=\"\" data-is-last-node=\"\">\n<li data-start=\"733\" data-end=\"790\"><strong data-start=\"735\" data-end=\"752\">Meremineralid<\/strong> parandavad aktiivainete imendumist.<\/li>\n<li data-start=\"791\" data-end=\"857\"><strong data-start=\"793\" data-end=\"809\">Pruunvetikas<\/strong> varustab nahka hapnikuga ja annab kauni s\u00e4ra.<\/li>\n<li data-start=\"858\" data-end=\"892\"><strong data-start=\"860\" data-end=\"874\">Merikummel<\/strong> rahustab nahka.<\/li>\n<li data-start=\"893\" data-end=\"1065\" data-is-last-node=\"\"><strong data-start=\"895\" data-end=\"925\">Linoolhape ja linoleenhape<\/strong> tugevdavad naha kaitsebarj\u00e4\u00e4ri, soodustavad rakkude uuenemist, pakuvad p\u00f5letikuvastast toimet ning stimuleerivad naha keramiidide tootmist.<\/li>\n<\/ul>\n<p><strong>Koostis:<br \/>\n<\/strong>Aqua\/Water, Gluconolactone, Caprylic\/Capric Triglyceride, Propylene Glycol, Cetearyl Alcohol, Lactobionic Acid, Cetyl Phosphate, Decyl Oleate, Dicaprylyl Carbonate, Sodium Hydroxide, Glyceryl Linoleate, Glyceryl Linolenate, Maris Aqua\/Sea Water, Laminaria Digitata Extract, Tripleurospermum Maritimum Extract, Helianthus Annuus (Sunflower) Seed Oil, Ethylhexylglycerin, Hydrogenated Palm Glycerides Citrate, Tocopherol, Xanthan Gum, Glycerin, Phenoxyethanol, Sorbic Acid, Potassium Sorbate<\/p>\n","protected":false},"excerpt":{"rendered":"<p data-start=\"0\" data-end=\"106\">Tugevdab naha barj\u00e4\u00e4ri ja v\u00e4hendab punetust<\/p>\n<p>PHA-geel gl\u00fckonolaktooni ja laktoobioonhappega tugevdab naha barj\u00e4\u00e4ri<br \/>\nLinool- ja linoleenhape stimuleerivad keramiidide tootmist<br \/>\nPruunvetikas varustab nahka hapnikuga<br \/>\nMerikummel rahustab tundlikku nahka<br \/>\nEi sisalda l\u00f5hnaaineid, v\u00e4rvaineid, mikroplasti, silikoone, PEG-e, mineraal\u00f5lisid ega parabeene<br \/>\nKaitse keskkonda! Dosaator on 100% taaskasutatav.<\/p>\n","protected":false},"featured_media":10702,"template":"","meta":{"om_disable_all_campaigns":false,"_monsterinsights_skip_tracking":false,"_monsterinsights_sitenote_active":false,"_monsterinsights_sitenote_note":"","_monsterinsights_sitenote_category":0,"_uf_show_specific_survey":0,"_uf_disable_surveys":false,"site-sidebar-layout":"default","site-content-layout":"","ast-site-content-layout":"default","site-content-style":"default","site-sidebar-style":"default","ast-global-header-display":"","ast-banner-title-visibility":"","ast-main-header-display":"","ast-hfb-above-header-display":"","ast-hfb-below-header-display":"","ast-hfb-mobile-header-display":"","site-post-title":"","ast-breadcrumbs-content":"","ast-featured-img":"","footer-sml-layout":"","theme-transparent-header-meta":"default","adv-header-id-meta":"","stick-header-meta":"","header-above-stick-meta":"","header-main-stick-meta":"","header-below-stick-meta":"","astra-migrate-meta-layouts":"set","ast-page-background-enabled":"default","ast-page-background-meta":{"desktop":{"background-color":"var(--ast-global-color-4)","background-image":"","background-repeat":"repeat","background-position":"center center","background-size":"auto","background-attachment":"scroll","background-type":"","background-media":"","overlay-type":"","overlay-color":"","overlay-opacity":"","overlay-gradient":""},"tablet":{"background-color":"","background-image":"","background-repeat":"repeat","background-position":"center center","background-size":"auto","background-attachment":"scroll","background-type":"","background-media":"","overlay-type":"","overlay-color":"","overlay-opacity":"","overlay-gradient":""},"mobile":{"background-color":"","background-image":"","background-repeat":"repeat","background-position":"center center","background-size":"auto","background-attachment":"scroll","background-type":"","background-media":"","overlay-type":"","overlay-color":"","overlay-opacity":"","overlay-gradient":""}},"ast-content-background-meta":{"desktop":{"background-color":"var(--ast-global-color-5)","background-image":"","background-repeat":"repeat","background-position":"center center","background-size":"auto","background-attachment":"scroll","background-type":"","background-media":"","overlay-type":"","overlay-color":"","overlay-opacity":"","overlay-gradient":""},"tablet":{"background-color":"var(--ast-global-color-5)","background-image":"","background-repeat":"repeat","background-position":"center center","background-size":"auto","background-attachment":"scroll","background-type":"","background-media":"","overlay-type":"","overlay-color":"","overlay-opacity":"","overlay-gradient":""},"mobile":{"background-color":"var(--ast-global-color-5)","background-image":"","background-repeat":"repeat","background-position":"center center","background-size":"auto","background-attachment":"scroll","background-type":"","background-media":"","overlay-type":"","overlay-color":"","overlay-opacity":"","overlay-gradient":""}}},"product_brand":[],"product_cat":[424],"product_tag":[425],"class_list":{"0":"post-9925","1":"product","2":"type-product","3":"status-publish","4":"has-post-thumbnail","6":"product_cat-mini","7":"product_tag-mini","8":"desktop-align-center","9":"tablet-align-left","10":"mobile-align-left","12":"first","13":"instock","14":"taxable","15":"shipping-taxable","16":"purchasable","17":"product-type-simple","18":"add-to-wishlist-before_image"},"aioseo_notices":[],"_links":{"self":[{"href":"https:\/\/kosmeetika24.eu\/et\/wp-json\/wp\/v2\/product\/9925","targetHints":{"allow":["GET"]}}],"collection":[{"href":"https:\/\/kosmeetika24.eu\/et\/wp-json\/wp\/v2\/product"}],"about":[{"href":"https:\/\/kosmeetika24.eu\/et\/wp-json\/wp\/v2\/types\/product"}],"version-history":[{"count":3,"href":"https:\/\/kosmeetika24.eu\/et\/wp-json\/wp\/v2\/product\/9925\/revisions"}],"predecessor-version":[{"id":10016,"href":"https:\/\/kosmeetika24.eu\/et\/wp-json\/wp\/v2\/product\/9925\/revisions\/10016"}],"wp:featuredmedia":[{"embeddable":true,"href":"https:\/\/kosmeetika24.eu\/et\/wp-json\/wp\/v2\/media\/10702"}],"wp:attachment":[{"href":"https:\/\/kosmeetika24.eu\/et\/wp-json\/wp\/v2\/media?parent=9925"}],"wp:term":[{"taxonomy":"product_brand","embeddable":true,"href":"https:\/\/kosmeetika24.eu\/et\/wp-json\/wp\/v2\/product_brand?post=9925"},{"taxonomy":"product_cat","embeddable":true,"href":"https:\/\/kosmeetika24.eu\/et\/wp-json\/wp\/v2\/product_cat?post=9925"},{"taxonomy":"product_tag","embeddable":true,"href":"https:\/\/kosmeetika24.eu\/et\/wp-json\/wp\/v2\/product_tag?post=9925"}],"curies":[{"name":"wp","href":"https:\/\/api.w.org\/{rel}","templated":true}]}}