{"id":9923,"date":"2025-02-26T14:23:26","date_gmt":"2025-02-26T11:23:26","guid":{"rendered":"https:\/\/kosmeetika24.eu\/?post_type=product&#038;p=9923"},"modified":"2026-04-01T10:11:49","modified_gmt":"2026-04-01T07:11:49","slug":"dalton-comfort-clean-gentle-anti-aging-toner-15ml-mini","status":"publish","type":"product","link":"https:\/\/kosmeetika24.eu\/et\/toode\/dalton-comfort-clean-gentle-anti-aging-toner-15ml-mini\/","title":{"rendered":"Dalton COMFORT CLEAN Gentle Anti-Aging Toner 30ml Mini"},"content":{"rendered":"<p><span style=\"font-weight: 400;\">Daltoni <\/span><i><span style=\"font-weight: 400;\">Gentle Anti-Aging Toner <\/span><\/i><span style=\"font-weight: 400;\">on nahas\u00f5bralik, kuid t\u00f5hus puhastustoode mis on ideaalne tundliku naha puhastamiseks. See aitab taastada naha pH-tasakaalu p\u00e4rast puhastamist ja eemaldab allesj\u00e4\u00e4nud meigij\u00e4\u00e4gid. Meremuda rahustab nahka, samas kui meie <\/span><i><span style=\"font-weight: 400;\">Celumer Marine Extract<\/span><\/i><span style=\"font-weight: 400;\">, vananemisvastane valem, mis koosneb kuuest merest p\u00e4rit toimeainest, soodustab nooruslikku ja v\u00e4rsket jume.<\/span><\/p>\n<p><span style=\"font-weight: 400;\"><b>KASUTAMINE<\/b><\/span><\/p>\n<p><span style=\"font-weight: 400;\">Niisutage vatipadi toonikuga ja kandke see n\u00e4ole, kaelale ja dekolteepiirkonnale.<\/span><\/p>\n<p><span style=\"font-weight: 400;\"><strong>KOOSTIS<\/strong><br \/>\n<\/span><span style=\"font-weight: 400;\">Aqua\/Water, Propylene Glycol, Glycerin, PEG-40 Hydrogenated Castor Oil, Maris Aqua\/Sea Water, Spirulina Maxima Extract, Algae Extract\/Alaria Esculenta Extract, Saccharide Isomerate, Caviar Extract, Ostrea Shell Extract\/Oyster Shell Extract, Maris Limus Extract\/Sea Silt Extract, Sodium Levulinate, Biosaccharide Gum-1, Sodium Anisate, Potassium Sorbate, Glyceryl Caprylate, Caprylic\/Capric Triglyceride, Phenoxyethanol, Ethylhexylglycerin, Citric Acid, Parfum\/Fragrance<\/span><\/p>\n","protected":false},"excerpt":{"rendered":"<p><span style=\"font-weight: 400;\">Aitab taastada naha pH-tasakaalu p\u00e4rast puhastamist<\/span><span style=\"font-weight: 400;\"><br \/>\n<\/span><span style=\"font-weight: 400;\">Remineraliseerib nahka<\/span><span style=\"font-weight: 400;\"><br \/>\n<\/span><span style=\"font-weight: 400;\">Mere muda rahustab nahka<\/span><span style=\"font-weight: 400;\"><br \/>\n<\/span><span style=\"font-weight: 400;\">Vananemisvastane toime<\/span><span style=\"font-weight: 400;\"><br \/>\n<\/span><span style=\"font-weight: 400;\">Sobib tundlikule nahale<\/span><\/p>\n","protected":false},"featured_media":10708,"template":"","meta":{"om_disable_all_campaigns":false,"_monsterinsights_skip_tracking":false,"_monsterinsights_sitenote_active":false,"_monsterinsights_sitenote_note":"","_monsterinsights_sitenote_category":0,"_uf_show_specific_survey":0,"_uf_disable_surveys":false,"site-sidebar-layout":"default","site-content-layout":"","ast-site-content-layout":"default","site-content-style":"default","site-sidebar-style":"default","ast-global-header-display":"","ast-banner-title-visibility":"","ast-main-header-display":"","ast-hfb-above-header-display":"","ast-hfb-below-header-display":"","ast-hfb-mobile-header-display":"","site-post-title":"","ast-breadcrumbs-content":"","ast-featured-img":"","footer-sml-layout":"","theme-transparent-header-meta":"default","adv-header-id-meta":"","stick-header-meta":"","header-above-stick-meta":"","header-main-stick-meta":"","header-below-stick-meta":"","astra-migrate-meta-layouts":"set","ast-page-background-enabled":"default","ast-page-background-meta":{"desktop":{"background-color":"var(--ast-global-color-4)","background-image":"","background-repeat":"repeat","background-position":"center center","background-size":"auto","background-attachment":"scroll","background-type":"","background-media":"","overlay-type":"","overlay-color":"","overlay-opacity":"","overlay-gradient":""},"tablet":{"background-color":"","background-image":"","background-repeat":"repeat","background-position":"center center","background-size":"auto","background-attachment":"scroll","background-type":"","background-media":"","overlay-type":"","overlay-color":"","overlay-opacity":"","overlay-gradient":""},"mobile":{"background-color":"","background-image":"","background-repeat":"repeat","background-position":"center center","background-size":"auto","background-attachment":"scroll","background-type":"","background-media":"","overlay-type":"","overlay-color":"","overlay-opacity":"","overlay-gradient":""}},"ast-content-background-meta":{"desktop":{"background-color":"var(--ast-global-color-5)","background-image":"","background-repeat":"repeat","background-position":"center center","background-size":"auto","background-attachment":"scroll","background-type":"","background-media":"","overlay-type":"","overlay-color":"","overlay-opacity":"","overlay-gradient":""},"tablet":{"background-color":"var(--ast-global-color-5)","background-image":"","background-repeat":"repeat","background-position":"center center","background-size":"auto","background-attachment":"scroll","background-type":"","background-media":"","overlay-type":"","overlay-color":"","overlay-opacity":"","overlay-gradient":""},"mobile":{"background-color":"var(--ast-global-color-5)","background-image":"","background-repeat":"repeat","background-position":"center center","background-size":"auto","background-attachment":"scroll","background-type":"","background-media":"","overlay-type":"","overlay-color":"","overlay-opacity":"","overlay-gradient":""}}},"product_brand":[],"product_cat":[424,113,74],"product_tag":[425],"class_list":{"0":"post-9923","1":"product","2":"type-product","3":"status-publish","4":"has-post-thumbnail","6":"product_cat-mini","7":"product_cat-toonikud-profitooted","8":"product_cat-toonikud","9":"product_tag-mini","10":"desktop-align-center","11":"tablet-align-left","12":"mobile-align-left","14":"first","15":"instock","16":"taxable","17":"shipping-taxable","18":"purchasable","19":"product-type-simple","20":"add-to-wishlist-before_image"},"aioseo_notices":[],"_links":{"self":[{"href":"https:\/\/kosmeetika24.eu\/et\/wp-json\/wp\/v2\/product\/9923","targetHints":{"allow":["GET"]}}],"collection":[{"href":"https:\/\/kosmeetika24.eu\/et\/wp-json\/wp\/v2\/product"}],"about":[{"href":"https:\/\/kosmeetika24.eu\/et\/wp-json\/wp\/v2\/types\/product"}],"version-history":[{"count":3,"href":"https:\/\/kosmeetika24.eu\/et\/wp-json\/wp\/v2\/product\/9923\/revisions"}],"predecessor-version":[{"id":10283,"href":"https:\/\/kosmeetika24.eu\/et\/wp-json\/wp\/v2\/product\/9923\/revisions\/10283"}],"wp:featuredmedia":[{"embeddable":true,"href":"https:\/\/kosmeetika24.eu\/et\/wp-json\/wp\/v2\/media\/10708"}],"wp:attachment":[{"href":"https:\/\/kosmeetika24.eu\/et\/wp-json\/wp\/v2\/media?parent=9923"}],"wp:term":[{"taxonomy":"product_brand","embeddable":true,"href":"https:\/\/kosmeetika24.eu\/et\/wp-json\/wp\/v2\/product_brand?post=9923"},{"taxonomy":"product_cat","embeddable":true,"href":"https:\/\/kosmeetika24.eu\/et\/wp-json\/wp\/v2\/product_cat?post=9923"},{"taxonomy":"product_tag","embeddable":true,"href":"https:\/\/kosmeetika24.eu\/et\/wp-json\/wp\/v2\/product_tag?post=9923"}],"curies":[{"name":"wp","href":"https:\/\/api.w.org\/{rel}","templated":true}]}}