{"id":9920,"date":"2025-03-06T15:59:05","date_gmt":"2025-03-06T12:59:05","guid":{"rendered":"https:\/\/kosmeetika24.eu\/?post_type=product&#038;p=9920"},"modified":"2026-04-01T10:08:45","modified_gmt":"2026-04-01T07:08:45","slug":"dalton-comfort-clean-cleansing-fluid-30ml-mini","status":"publish","type":"product","link":"https:\/\/kosmeetika24.eu\/et\/toode\/dalton-comfort-clean-cleansing-fluid-30ml-mini\/","title":{"rendered":"Dalton &#8211; Comfort Clean &#8211; Cleansing Fluid 30ml Mini"},"content":{"rendered":"<p><span style=\"font-weight: 400;\">Daltoni <\/span><i><span style=\"font-weight: 400;\">Gentle Cleansing Fluid <\/span><\/i><span style=\"font-weight: 400;\">on puhastusvahend, millel on unikaalne tekstuur ja \u00fchendab puhastuspiima ja puhastusgeeli parimad omadused. See on sama kreemjas ja pehme nagu puhastuspiim ning sama t\u00f5hus nagu puhastusgeel. Toode sisaldab pantenooli ja mere muda\u00a0 rahustavaid koostisosi, mis on suurep\u00e4rased tundlikule ja \u00e4rritustele kalduvale nahale samutika \u00f5rna parf\u00fc\u00fcmi\u00f5li meeldiva ja kerge l\u00f5hna saavutamisels.<\/span><\/p>\n<p><strong>KASUTAMINE<\/strong><\/p>\n<p><span style=\"font-weight: 400;\">Kandke hommikul ja \u00f5htul niiskele n\u00e4o-, kaela- ja dekolteepiirkonna nahale ringjate liigutustega. Loputage veega ja kasutage tundlikule nahale sobivat toonikut.<\/span><\/p>\n<p><span style=\"font-weight: 400;\"><strong>KOOSTIS<\/strong><br \/>\n<\/span><span style=\"font-weight: 400;\">Aqua\/Water, Helianthus Annuus (Sunflower) Seed Oil, Coco-Glucoside, Dicaprylyl Ether, Decyl Oleate, Disodium Cocoyl Glutamate, Glycerin, Maris Aqua\/Sea Water, Ostrea Shell Extract\/Oyster Shell Extract, Maris Limus Extract\/Sea Silt Extract, Panthenol, Tocopherol, Sodium Hydroxide, Sodium Cocoyl Glutamate, Potassium Sorbate, Hydrogenated Vegetable Glycerides Citrate, Propylene Glycol, Phenoxyethanol, Glycine Soja (Soybean) Oil, Ethylhexylglycerin, Citric Acid, Acrylates\/C10-30 Alkyl Acrylate Crosspolymer, Parfum\/Fragrance<\/span><\/p>\n","protected":false},"excerpt":{"rendered":"<p><span style=\"font-weight: 400;\">Rahustav ja \u00f5rn puhastus<\/span><span style=\"font-weight: 400;\"><br \/>\n<\/span><span style=\"font-weight: 400;\">Piimja ja geelija tekstuuriga<\/span><span style=\"font-weight: 400;\"><br \/>\n<\/span><span style=\"font-weight: 400;\">Mereline muda ja pantenool rahustavad nahka<\/span><span style=\"font-weight: 400;\"><br \/>\n<\/span><span style=\"font-weight: 400;\">J\u00e4tab naha pehmeks ja puhtaks<\/span><span style=\"font-weight: 400;\"><br \/>\n<\/span><span style=\"font-weight: 400;\">Sobib tundlikule nahale<\/span><\/p>\n","protected":false},"featured_media":10703,"template":"","meta":{"om_disable_all_campaigns":false,"_monsterinsights_skip_tracking":false,"_monsterinsights_sitenote_active":false,"_monsterinsights_sitenote_note":"","_monsterinsights_sitenote_category":0,"_uf_show_specific_survey":0,"_uf_disable_surveys":false,"site-sidebar-layout":"default","site-content-layout":"","ast-site-content-layout":"default","site-content-style":"default","site-sidebar-style":"default","ast-global-header-display":"","ast-banner-title-visibility":"","ast-main-header-display":"","ast-hfb-above-header-display":"","ast-hfb-below-header-display":"","ast-hfb-mobile-header-display":"","site-post-title":"","ast-breadcrumbs-content":"","ast-featured-img":"","footer-sml-layout":"","theme-transparent-header-meta":"default","adv-header-id-meta":"","stick-header-meta":"","header-above-stick-meta":"","header-main-stick-meta":"","header-below-stick-meta":"","astra-migrate-meta-layouts":"set","ast-page-background-enabled":"default","ast-page-background-meta":{"desktop":{"background-color":"var(--ast-global-color-4)","background-image":"","background-repeat":"repeat","background-position":"center center","background-size":"auto","background-attachment":"scroll","background-type":"","background-media":"","overlay-type":"","overlay-color":"","overlay-opacity":"","overlay-gradient":""},"tablet":{"background-color":"","background-image":"","background-repeat":"repeat","background-position":"center center","background-size":"auto","background-attachment":"scroll","background-type":"","background-media":"","overlay-type":"","overlay-color":"","overlay-opacity":"","overlay-gradient":""},"mobile":{"background-color":"","background-image":"","background-repeat":"repeat","background-position":"center center","background-size":"auto","background-attachment":"scroll","background-type":"","background-media":"","overlay-type":"","overlay-color":"","overlay-opacity":"","overlay-gradient":""}},"ast-content-background-meta":{"desktop":{"background-color":"var(--ast-global-color-5)","background-image":"","background-repeat":"repeat","background-position":"center center","background-size":"auto","background-attachment":"scroll","background-type":"","background-media":"","overlay-type":"","overlay-color":"","overlay-opacity":"","overlay-gradient":""},"tablet":{"background-color":"var(--ast-global-color-5)","background-image":"","background-repeat":"repeat","background-position":"center center","background-size":"auto","background-attachment":"scroll","background-type":"","background-media":"","overlay-type":"","overlay-color":"","overlay-opacity":"","overlay-gradient":""},"mobile":{"background-color":"var(--ast-global-color-5)","background-image":"","background-repeat":"repeat","background-position":"center center","background-size":"auto","background-attachment":"scroll","background-type":"","background-media":"","overlay-type":"","overlay-color":"","overlay-opacity":"","overlay-gradient":""}}},"product_brand":[],"product_cat":[424],"product_tag":[425],"class_list":{"0":"post-9920","1":"product","2":"type-product","3":"status-publish","4":"has-post-thumbnail","6":"product_cat-mini","7":"product_tag-mini","8":"desktop-align-center","9":"tablet-align-left","10":"mobile-align-left","12":"first","13":"instock","14":"taxable","15":"shipping-taxable","16":"purchasable","17":"product-type-simple","18":"add-to-wishlist-before_image"},"aioseo_notices":[],"_links":{"self":[{"href":"https:\/\/kosmeetika24.eu\/et\/wp-json\/wp\/v2\/product\/9920","targetHints":{"allow":["GET"]}}],"collection":[{"href":"https:\/\/kosmeetika24.eu\/et\/wp-json\/wp\/v2\/product"}],"about":[{"href":"https:\/\/kosmeetika24.eu\/et\/wp-json\/wp\/v2\/types\/product"}],"version-history":[{"count":2,"href":"https:\/\/kosmeetika24.eu\/et\/wp-json\/wp\/v2\/product\/9920\/revisions"}],"predecessor-version":[{"id":9935,"href":"https:\/\/kosmeetika24.eu\/et\/wp-json\/wp\/v2\/product\/9920\/revisions\/9935"}],"wp:featuredmedia":[{"embeddable":true,"href":"https:\/\/kosmeetika24.eu\/et\/wp-json\/wp\/v2\/media\/10703"}],"wp:attachment":[{"href":"https:\/\/kosmeetika24.eu\/et\/wp-json\/wp\/v2\/media?parent=9920"}],"wp:term":[{"taxonomy":"product_brand","embeddable":true,"href":"https:\/\/kosmeetika24.eu\/et\/wp-json\/wp\/v2\/product_brand?post=9920"},{"taxonomy":"product_cat","embeddable":true,"href":"https:\/\/kosmeetika24.eu\/et\/wp-json\/wp\/v2\/product_cat?post=9920"},{"taxonomy":"product_tag","embeddable":true,"href":"https:\/\/kosmeetika24.eu\/et\/wp-json\/wp\/v2\/product_tag?post=9920"}],"curies":[{"name":"wp","href":"https:\/\/api.w.org\/{rel}","templated":true}]}}