{"id":9862,"date":"2025-03-06T15:56:18","date_gmt":"2025-03-06T12:56:18","guid":{"rendered":"https:\/\/kosmeetika24.eu\/?post_type=product&#038;p=9862"},"modified":"2026-04-01T10:09:25","modified_gmt":"2026-04-01T07:09:25","slug":"dalton-extreme-lift-anti-wrinkle-ampoules","status":"publish","type":"product","link":"https:\/\/kosmeetika24.eu\/et\/toode\/dalton-extreme-lift-anti-wrinkle-ampoules\/","title":{"rendered":"Dalton &#8211; Extreme Lift &#8211; Anti Wrinkle Ampoules"},"content":{"rendered":"<p><strong><img decoding=\"async\" class=\"emoji\" role=\"img\" draggable=\"false\" src=\"https:\/\/s.w.org\/images\/core\/emoji\/17.0.2\/svg\/2b50.svg\" alt=\"\u2b50\" \/>!BUDUAAR ILULEMMIK 2026!<img decoding=\"async\" class=\"emoji\" role=\"img\" draggable=\"false\" src=\"https:\/\/s.w.org\/images\/core\/emoji\/17.0.2\/svg\/2b50.svg\" alt=\"\u2b50\" \/><\/strong><\/p>\n<p>See vananemisvastane ampull sisaldab k\u00f5rgtoimelist kombinatsiooni Daltoni noorendavast Celumer Marine Extract\u2019ist ja jamb\u00fa ekstraktist \u2013 taimeekstraktist, mis l\u00f5\u00f5gastab n\u00e4olihaseid. Lifting-efekt on n\u00e4htav juba p\u00e4rast esimest kasutuskorda. V\u00e4iksemad kortsud kaovad, miimilised jooned v\u00e4henevad ja otsmikujooned silenevad \u2013 efekt kestab \u00fcle 24 tunni. Vananemisvastast ampulli v\u00f5ib kasutada nii \u00fchekordse iluboostina kui ka intensiivse pinguldava nahahoolduskuuri osana, et v\u00e4hendada peeneid jooni ja kortse. Tulemus on siledam, pringim ja nooruslikum nahk.<\/p>\n<p><strong>Kasutamine:<\/strong><br \/>\nRaputa enne kasutamist ning aseta ampulliavaja ampulli kaelale. Suuna t\u00e4pp enda poole ja painuta ampulliavaja tahapoole. Kalla kontsentraat peopesale, seej\u00e4rel kanna see n\u00e4ole, kaelale ja dekolteele ning patsuta \u00f5rnalt s\u00f5rmeotstega nahka.<\/p>\n<p><strong>Koostis:<\/strong><br \/>\nAqua\/Water, Propylene Glycol, Pentylene Glycol, Butylene Glycol, Propanediol, HDI\/Trimethylol Hexyllactone Crosspolymer, PEG-40 Hydrogenated Castor Oil, Maris Aqua\/Sea Water, Spirulina Maxima Extract, Algae Extract\/Alaria Esculenta Extract, Maris Limus Extract\/Sea Silt Extract, Saccharide Isomerate, Ostrea Shell Extract\/Oyster Shell Extract, Caviar Extract, Acmella Oleracea Extract, Sodium Hydroxide, Phenoxyethanol, Silica, Kappaphycus Alvarezii Extract, Sodium Hyaluronate, Potassium Sorbate, Caprylic\/Capric Triglyceride, Acrylates\/C10-30 Alkyl Acrylate Crosspolymer, Caesalpinia Spinosa Fruit Extract, Parfum\/Fragrance<\/p>\n","protected":false},"excerpt":{"rendered":"<p><span style=\"font-weight: 400;\"><strong><img decoding=\"async\" class=\"emoji\" role=\"img\" draggable=\"false\" src=\"https:\/\/s.w.org\/images\/core\/emoji\/17.0.2\/svg\/2b50.svg\" alt=\"\u2b50\" \/>!BUDUAAR ILULEMMIK 2026!<img decoding=\"async\" class=\"emoji\" role=\"img\" draggable=\"false\" src=\"https:\/\/s.w.org\/images\/core\/emoji\/17.0.2\/svg\/2b50.svg\" alt=\"\u2b50\" \/><\/strong><\/span><\/p>\n<p><span style=\"font-weight: 400;\">N\u00e4onahka pinguldavad ampullid kohese efektiga.<\/span><\/p>\n<p>Pinguldab koheselt otsmiku kortse ja miimilisi jooni.<br \/>\nSisaldab jamb\u00fa ekstrakti \u2013 looduslik alternatiiv botoksile.<br \/>\nUuring kinnitab n\u00e4htavat kortsude v\u00e4henemist \u00fcle 24 tunni*.<br \/>\nKerge koostisega kontsentraat kiire kortse siluva toimega.<br \/>\nSobib k\u00fcpsele nahale.<\/p>\n","protected":false},"featured_media":10882,"template":"","meta":{"om_disable_all_campaigns":false,"_monsterinsights_skip_tracking":false,"_monsterinsights_sitenote_active":false,"_monsterinsights_sitenote_note":"","_monsterinsights_sitenote_category":0,"_uf_show_specific_survey":0,"_uf_disable_surveys":false,"site-sidebar-layout":"default","site-content-layout":"","ast-site-content-layout":"default","site-content-style":"default","site-sidebar-style":"default","ast-global-header-display":"","ast-banner-title-visibility":"","ast-main-header-display":"","ast-hfb-above-header-display":"","ast-hfb-below-header-display":"","ast-hfb-mobile-header-display":"","site-post-title":"","ast-breadcrumbs-content":"","ast-featured-img":"","footer-sml-layout":"","theme-transparent-header-meta":"default","adv-header-id-meta":"","stick-header-meta":"","header-above-stick-meta":"","header-main-stick-meta":"","header-below-stick-meta":"","astra-migrate-meta-layouts":"set","ast-page-background-enabled":"default","ast-page-background-meta":{"desktop":{"background-color":"var(--ast-global-color-4)","background-image":"","background-repeat":"repeat","background-position":"center center","background-size":"auto","background-attachment":"scroll","background-type":"","background-media":"","overlay-type":"","overlay-color":"","overlay-opacity":"","overlay-gradient":""},"tablet":{"background-color":"","background-image":"","background-repeat":"repeat","background-position":"center center","background-size":"auto","background-attachment":"scroll","background-type":"","background-media":"","overlay-type":"","overlay-color":"","overlay-opacity":"","overlay-gradient":""},"mobile":{"background-color":"","background-image":"","background-repeat":"repeat","background-position":"center center","background-size":"auto","background-attachment":"scroll","background-type":"","background-media":"","overlay-type":"","overlay-color":"","overlay-opacity":"","overlay-gradient":""}},"ast-content-background-meta":{"desktop":{"background-color":"var(--ast-global-color-5)","background-image":"","background-repeat":"repeat","background-position":"center center","background-size":"auto","background-attachment":"scroll","background-type":"","background-media":"","overlay-type":"","overlay-color":"","overlay-opacity":"","overlay-gradient":""},"tablet":{"background-color":"var(--ast-global-color-5)","background-image":"","background-repeat":"repeat","background-position":"center center","background-size":"auto","background-attachment":"scroll","background-type":"","background-media":"","overlay-type":"","overlay-color":"","overlay-opacity":"","overlay-gradient":""},"mobile":{"background-color":"var(--ast-global-color-5)","background-image":"","background-repeat":"repeat","background-position":"center center","background-size":"auto","background-attachment":"scroll","background-type":"","background-media":"","overlay-type":"","overlay-color":"","overlay-opacity":"","overlay-gradient":""}}},"product_brand":[],"product_cat":[431,125,15,77,122,426,85,121],"product_tag":[],"class_list":{"0":"post-9862","1":"product","2":"type-product","3":"status-publish","4":"has-post-thumbnail","6":"product_cat-buduaari-ilulemmik","7":"product_cat-kontsentraadid-seerumid-profitooted","8":"product_cat-naole","9":"product_cat-seerumid","10":"product_cat-seerumid-profitooted","11":"product_cat-uued-tooted","12":"product_cat-vananemisilmingutega-nahale","13":"product_cat-vananemisilmingutega-nahale-profitooted","14":"desktop-align-center","15":"tablet-align-left","16":"mobile-align-left","18":"first","19":"instock","20":"taxable","21":"shipping-taxable","22":"purchasable","23":"product-type-simple","24":"add-to-wishlist-before_image"},"aioseo_notices":[],"_links":{"self":[{"href":"https:\/\/kosmeetika24.eu\/et\/wp-json\/wp\/v2\/product\/9862","targetHints":{"allow":["GET"]}}],"collection":[{"href":"https:\/\/kosmeetika24.eu\/et\/wp-json\/wp\/v2\/product"}],"about":[{"href":"https:\/\/kosmeetika24.eu\/et\/wp-json\/wp\/v2\/types\/product"}],"version-history":[{"count":6,"href":"https:\/\/kosmeetika24.eu\/et\/wp-json\/wp\/v2\/product\/9862\/revisions"}],"predecessor-version":[{"id":10891,"href":"https:\/\/kosmeetika24.eu\/et\/wp-json\/wp\/v2\/product\/9862\/revisions\/10891"}],"wp:featuredmedia":[{"embeddable":true,"href":"https:\/\/kosmeetika24.eu\/et\/wp-json\/wp\/v2\/media\/10882"}],"wp:attachment":[{"href":"https:\/\/kosmeetika24.eu\/et\/wp-json\/wp\/v2\/media?parent=9862"}],"wp:term":[{"taxonomy":"product_brand","embeddable":true,"href":"https:\/\/kosmeetika24.eu\/et\/wp-json\/wp\/v2\/product_brand?post=9862"},{"taxonomy":"product_cat","embeddable":true,"href":"https:\/\/kosmeetika24.eu\/et\/wp-json\/wp\/v2\/product_cat?post=9862"},{"taxonomy":"product_tag","embeddable":true,"href":"https:\/\/kosmeetika24.eu\/et\/wp-json\/wp\/v2\/product_tag?post=9862"}],"curies":[{"name":"wp","href":"https:\/\/api.w.org\/{rel}","templated":true}]}}