{"id":9858,"date":"2025-03-06T15:56:27","date_gmt":"2025-03-06T12:56:27","guid":{"rendered":"https:\/\/kosmeetika24.eu\/?post_type=product&#038;p=9858"},"modified":"2026-04-01T10:09:08","modified_gmt":"2026-04-01T07:09:08","slug":"dalton-hyaluronic-urea-anti-aging-hydrating-ampoules","status":"publish","type":"product","link":"https:\/\/kosmeetika24.eu\/et\/toode\/dalton-hyaluronic-urea-anti-aging-hydrating-ampoules\/","title":{"rendered":"Dalton &#8211; Hyaluronic Urea &#8211; Anti-Aging Hydrating Ampoules"},"content":{"rendered":"<p><span style=\"font-weight: 400;\"><strong><img decoding=\"async\" class=\"emoji\" role=\"img\" draggable=\"false\" src=\"https:\/\/s.w.org\/images\/core\/emoji\/17.0.2\/svg\/2b50.svg\" alt=\"\u2b50\" \/>!BUDUAAR ILULEMMIK 2026!<img decoding=\"async\" class=\"emoji\" role=\"img\" draggable=\"false\" src=\"https:\/\/s.w.org\/images\/core\/emoji\/17.0.2\/svg\/2b50.svg\" alt=\"\u2b50\" \/><\/strong><br \/>\nH\u00fcaluroonhape ja uurea &#8211; see on Daltoni \u00fcli-niisutavate ja vananemisvastaste ampullide saladus kuivale nahale. Madala ja k\u00f5rge molekulmassiga h\u00fcaluroonhapped tagavad kohese naha pringima v\u00e4limuse ning taastavad niiskustaseme nii naha pinnal kui ka s\u00fcgavamates kihtides. Uurea aitab niiskust s\u00e4ilitada ja kaitseb nahka kuivamise eest. Selle tulemusel n\u00e4eb nahk v\u00e4lja pringim, peened jooned ja kortsud silenevad ning jume muutub nooruslikuks ja v\u00e4rskeks. Aloe vera pakub lisaniisutust ning pantenool rahustab nahka. Meie ainulaadne Celumer Marine Extract aitab aktiivseid koostisosi transportida naha s\u00fcgavamatesse kihtidesse, kus need saavad oma t\u00e4ieliku m\u00f5ju avaldada. H\u00fcaluroonhappe ampullid on ideaalne lahendus, kui kuiv ja niiskusvaene nahk vajab kiiret v\u00e4rskenduskuuri.<\/span><\/p>\n<p><strong>N\u00f5uanne:<br \/>\n<\/strong><span style=\"font-weight: 400;\">H\u00fcaluroonhappe ampulle v\u00f5ib kasutada kiireks niisutusboostiks alati, kui nahk seda vajab, v\u00f5i lisada need igap\u00e4evasesse nahahooldusrutiini intensiivse kuurina mitme p\u00e4eva jooksul.<\/span><\/p>\n<p><strong>Kasutamine:<br \/>\n<\/strong><span style=\"font-weight: 400;\">Raputa enne kasutamist ning aseta ampulliavaja ampulli kaelale. Suuna t\u00e4pp enda poole ja painuta ampulliavaja tahapoole. Kalla kontsentraat peopesale, seej\u00e4rel kanna see n\u00e4ole, kaelale ja dekolteele ning patsuta \u00f5rnalt s\u00f5rmeotstega nahka. Kasuta enne seerumit ja niisutajat.<\/span><\/p>\n<p><strong>Koostis:<br \/>\n<\/strong><span style=\"font-weight: 400;\">Aqua\/Water, Propylene Glycol, Aloe Barbadensis Leaf Juice, Trideceth-9, PEG-40 Hydrogenated Castor Oil, Urea, Sodium Hyaluronate, Maris Aqua\/Sea Water, Spirulina Maxima Extract, Algae Extract\/Alaria Esculenta Extract, Saccharide Isomerate, Caviar Extract, Ostrea Shell Extract\/Oyster Shell Extract, Maris Limus Extract\/Sea Silt Extract, Allantoin, Panthenol, Glycerin, Serine, Sorbitol, TEA-Lactate, Sodium Lactate, Lactic Acid, Sodium Hydroxide, Biotin, Sodium Chloride, Ethylhexylglycerin, Phenoxyethanol, Tetrasodium Glutamate Diacetate, Caprylic\/Capric Triglyceride, Citric Acid, Potassium Sorbate, Sodium Benzoate, Acrylates\/C10-30 Alkyl Acrylate Crosspolymer, Hexyl Cinnamal, Alpha-Isomethyl Ionone, Parfum\/Fragrance<\/span><\/p>\n<p><strong>\u00a0<\/strong><\/p>\n<p>&nbsp;<\/p>\n<p><strong>\u00a0<\/strong><\/p>\n","protected":false},"excerpt":{"rendered":"<p><strong><img decoding=\"async\" class=\"emoji\" role=\"img\" draggable=\"false\" src=\"https:\/\/s.w.org\/images\/core\/emoji\/17.0.2\/svg\/2b50.svg\" alt=\"\u2b50\" \/>!BUDUAAR ILULEMMIK 2026!<img decoding=\"async\" class=\"emoji\" role=\"img\" draggable=\"false\" src=\"https:\/\/s.w.org\/images\/core\/emoji\/17.0.2\/svg\/2b50.svg\" alt=\"\u2b50\" \/><\/strong><\/p>\n<p>Silendavad h\u00fcaluroonhappe ampullid pringima naha jaoks.<\/p>\n<p>+ K\u00f5rgkontsentreeritud niisutusbooster<br \/>\n+ H\u00fcaluroonhape tagab naha pringima v\u00e4limuse<br \/>\n+ Uurea lukustab niiskuse naha sisse<br \/>\n+ Pantenool rahustab nahka<br \/>\n+ T\u00f5stab niiskustasakaalu 71% juba 20 minuti jooksul*<br \/>\nHoia loodust! Looduslikult pakendatud j\u00e4tkusuutlikesse klaasampullidesse.<\/p>\n","protected":false},"featured_media":10884,"template":"","meta":{"om_disable_all_campaigns":false,"_monsterinsights_skip_tracking":false,"_monsterinsights_sitenote_active":false,"_monsterinsights_sitenote_note":"","_monsterinsights_sitenote_category":0,"_uf_show_specific_survey":0,"_uf_disable_surveys":false,"site-sidebar-layout":"default","site-content-layout":"","ast-site-content-layout":"default","site-content-style":"default","site-sidebar-style":"default","ast-global-header-display":"","ast-banner-title-visibility":"","ast-main-header-display":"","ast-hfb-above-header-display":"","ast-hfb-below-header-display":"","ast-hfb-mobile-header-display":"","site-post-title":"","ast-breadcrumbs-content":"","ast-featured-img":"","footer-sml-layout":"","theme-transparent-header-meta":"default","adv-header-id-meta":"","stick-header-meta":"","header-above-stick-meta":"","header-main-stick-meta":"","header-below-stick-meta":"","astra-migrate-meta-layouts":"set","ast-page-background-enabled":"default","ast-page-background-meta":{"desktop":{"background-color":"var(--ast-global-color-4)","background-image":"","background-repeat":"repeat","background-position":"center center","background-size":"auto","background-attachment":"scroll","background-type":"","background-media":"","overlay-type":"","overlay-color":"","overlay-opacity":"","overlay-gradient":""},"tablet":{"background-color":"","background-image":"","background-repeat":"repeat","background-position":"center center","background-size":"auto","background-attachment":"scroll","background-type":"","background-media":"","overlay-type":"","overlay-color":"","overlay-opacity":"","overlay-gradient":""},"mobile":{"background-color":"","background-image":"","background-repeat":"repeat","background-position":"center center","background-size":"auto","background-attachment":"scroll","background-type":"","background-media":"","overlay-type":"","overlay-color":"","overlay-opacity":"","overlay-gradient":""}},"ast-content-background-meta":{"desktop":{"background-color":"var(--ast-global-color-5)","background-image":"","background-repeat":"repeat","background-position":"center center","background-size":"auto","background-attachment":"scroll","background-type":"","background-media":"","overlay-type":"","overlay-color":"","overlay-opacity":"","overlay-gradient":""},"tablet":{"background-color":"var(--ast-global-color-5)","background-image":"","background-repeat":"repeat","background-position":"center center","background-size":"auto","background-attachment":"scroll","background-type":"","background-media":"","overlay-type":"","overlay-color":"","overlay-opacity":"","overlay-gradient":""},"mobile":{"background-color":"var(--ast-global-color-5)","background-image":"","background-repeat":"repeat","background-position":"center center","background-size":"auto","background-attachment":"scroll","background-type":"","background-media":"","overlay-type":"","overlay-color":"","overlay-opacity":"","overlay-gradient":""}}},"product_brand":[],"product_cat":[431,125,15,122,77,426,85,121],"product_tag":[],"class_list":{"0":"post-9858","1":"product","2":"type-product","3":"status-publish","4":"has-post-thumbnail","6":"product_cat-buduaari-ilulemmik","7":"product_cat-kontsentraadid-seerumid-profitooted","8":"product_cat-naole","9":"product_cat-seerumid-profitooted","10":"product_cat-seerumid","11":"product_cat-uued-tooted","12":"product_cat-vananemisilmingutega-nahale","13":"product_cat-vananemisilmingutega-nahale-profitooted","14":"desktop-align-center","15":"tablet-align-left","16":"mobile-align-left","18":"first","19":"instock","20":"taxable","21":"shipping-taxable","22":"purchasable","23":"product-type-simple","24":"add-to-wishlist-before_image"},"aioseo_notices":[],"_links":{"self":[{"href":"https:\/\/kosmeetika24.eu\/et\/wp-json\/wp\/v2\/product\/9858","targetHints":{"allow":["GET"]}}],"collection":[{"href":"https:\/\/kosmeetika24.eu\/et\/wp-json\/wp\/v2\/product"}],"about":[{"href":"https:\/\/kosmeetika24.eu\/et\/wp-json\/wp\/v2\/types\/product"}],"version-history":[{"count":6,"href":"https:\/\/kosmeetika24.eu\/et\/wp-json\/wp\/v2\/product\/9858\/revisions"}],"predecessor-version":[{"id":10889,"href":"https:\/\/kosmeetika24.eu\/et\/wp-json\/wp\/v2\/product\/9858\/revisions\/10889"}],"wp:featuredmedia":[{"embeddable":true,"href":"https:\/\/kosmeetika24.eu\/et\/wp-json\/wp\/v2\/media\/10884"}],"wp:attachment":[{"href":"https:\/\/kosmeetika24.eu\/et\/wp-json\/wp\/v2\/media?parent=9858"}],"wp:term":[{"taxonomy":"product_brand","embeddable":true,"href":"https:\/\/kosmeetika24.eu\/et\/wp-json\/wp\/v2\/product_brand?post=9858"},{"taxonomy":"product_cat","embeddable":true,"href":"https:\/\/kosmeetika24.eu\/et\/wp-json\/wp\/v2\/product_cat?post=9858"},{"taxonomy":"product_tag","embeddable":true,"href":"https:\/\/kosmeetika24.eu\/et\/wp-json\/wp\/v2\/product_tag?post=9858"}],"curies":[{"name":"wp","href":"https:\/\/api.w.org\/{rel}","templated":true}]}}