{"id":9754,"date":"2025-02-13T16:00:34","date_gmt":"2025-02-13T13:00:34","guid":{"rendered":"https:\/\/kosmeetika24.eu\/?post_type=product&#038;p=9754"},"modified":"2025-04-07T10:57:23","modified_gmt":"2025-04-07T07:57:23","slug":"dermica-the-line-valgendavad-ampullid","status":"publish","type":"product","link":"https:\/\/kosmeetika24.eu\/et\/toode\/dermica-the-line-valgendavad-ampullid\/","title":{"rendered":"Dermica The Line Whitening Solution"},"content":{"rendered":"<p><em>Line Whitening Solution<\/em> seerum muudab jumet heledamaks, \u00fchtlasemaks ja annab s\u00e4ra.<\/p>\n<p>T\u00e4nu oma koostisele p\u00e4rsib melaniini s\u00fcnteesis osaleva ens\u00fc\u00fcmi (t\u00fcrosinaasi) toimet.<\/p>\n<p>Seerum sobib inimestele, kellel on h\u00fcperpigmentatsioon, melasma, tedret\u00e4pid.<\/p>\n<p>NB! Ei sobi v\u00e4ga tumedale nahale.<\/p>\n<p><strong>PEAMISED TOIMEAINED<\/strong><\/p>\n<ul>\n<li><strong>Kojic<\/strong> <strong>hape<\/strong> p\u00e4rsib melaniini s\u00fcnteesi eest vastutava ens\u00fc\u00fcmi t\u00fcrosinaasi tootmist, seega aitab see nahka heledamaks muuta, \u00fchtlustada selle toonust ja parandada fotokahjustatud naha v\u00e4ljan\u00e4gemist.<\/li>\n<li><strong>Lagritsaekstrakt<\/strong> aitab v\u00f5idelda h\u00fcperpigmentatsiooniga ja muudab fotovananenud naha tooni heledamaks. See sisaldab gl\u00fcts\u00fcrritsiinhapet, mis p\u00e4rsib ens\u00fc\u00fcmi t\u00fcrosinaasi aktiivsust ja melaniini moodustumist.<\/li>\n<li><strong>Retin\u00fc\u00fclpalmitaat<\/strong> on A-vitamiini vorm, mis kiirendab rakkude uuenemist. See soodustab kollageeni tootmist, aidates kaasa noorema v\u00e4limusega nahale. See annab tugevuse, parandab nahakahjustusi, parandab tekstuuri, v\u00e4hendab kortse ja plekke, pakkudes \u00fchtlasemat tooni ja s\u00e4ravamat nahka.<\/li>\n<li><strong>Salits\u00fc\u00fclhape<\/strong> on keratol\u00fc\u00fctilise toimega beetah\u00fcdroks\u00fchape, mis aitab eemaldada epidermise sarvkihti.<\/li>\n<li><strong>Valge mooruspuu<\/strong> juure ekstraktil on aktiivsed helendavad ja depigmenteerivad omadused, kuna see p\u00e4rsib t\u00fcrosinaasi ja melaniini s\u00fcnteesi.<\/li>\n<\/ul>\n<p><strong>KASUTAMINE<\/strong><\/p>\n<p><span class=\"OYPEnA font-feature-liga-off font-feature-clig-off font-feature-calt-off text-decoration-none text-strikethrough-none\">Masseerida ringjate liigutustega puhastatud nahale.<\/span><\/p>\n<p><strong>KOOSTIS<br \/>\n<\/strong>Aqua, Hydroxypropyl methylcellulose, Sodium hyaluronate, Disodium adenosine triphosphate, Adenosine triphosphate, Copper gluconate, Arginine HCl, Leucine, Glutamine, Valine.<\/p>\n","protected":false},"excerpt":{"rendered":"<p class=\"cvGsUA direction-ltr align-start para-style-body\"><span class=\"OYPEnA font-feature-liga-off font-feature-clig-off font-feature-calt-off text-decoration-none text-strikethrough-none\">M\u00f5eldud aknelise v\u00f5i h\u00fcperpigmenteerunud naha raviks. <\/span><span class=\"OYPEnA font-feature-liga-off font-feature-clig-off font-feature-calt-off text-decoration-none text-strikethrough-none\">See sisaldab koosm\u00f5jus kojiinhapet, salits\u00fc\u00fclhapet ja gl\u00fcts\u00fcrritsiinhapet, mis aitavad naha tooni heledamaks muuta, parandades selle \u00fchtlasust ja andes s\u00e4ravuse. Ei sobi v\u00e4ga tumedale nahale (Fitzpatrick V and VI).<\/span><\/p>\n<p><span class=\"OYPEnA font-feature-liga-off font-feature-clig-off font-feature-calt-off text-decoration-none text-strikethrough-none\">10 ampulli x 2 ml, 20 ml \/ 0.68 fl. Oz<\/span><\/p>\n","protected":false},"featured_media":9755,"template":"","meta":{"om_disable_all_campaigns":false,"_monsterinsights_skip_tracking":false,"_monsterinsights_sitenote_active":false,"_monsterinsights_sitenote_note":"","_monsterinsights_sitenote_category":0,"_uf_show_specific_survey":0,"_uf_disable_surveys":false,"site-sidebar-layout":"default","site-content-layout":"","ast-site-content-layout":"default","site-content-style":"default","site-sidebar-style":"default","ast-global-header-display":"","ast-banner-title-visibility":"","ast-main-header-display":"","ast-hfb-above-header-display":"","ast-hfb-below-header-display":"","ast-hfb-mobile-header-display":"","site-post-title":"","ast-breadcrumbs-content":"","ast-featured-img":"","footer-sml-layout":"","theme-transparent-header-meta":"default","adv-header-id-meta":"","stick-header-meta":"","header-above-stick-meta":"","header-main-stick-meta":"","header-below-stick-meta":"","astra-migrate-meta-layouts":"set","ast-page-background-enabled":"default","ast-page-background-meta":{"desktop":{"background-color":"var(--ast-global-color-4)","background-image":"","background-repeat":"repeat","background-position":"center center","background-size":"auto","background-attachment":"scroll","background-type":"","background-media":"","overlay-type":"","overlay-color":"","overlay-opacity":"","overlay-gradient":""},"tablet":{"background-color":"","background-image":"","background-repeat":"repeat","background-position":"center center","background-size":"auto","background-attachment":"scroll","background-type":"","background-media":"","overlay-type":"","overlay-color":"","overlay-opacity":"","overlay-gradient":""},"mobile":{"background-color":"","background-image":"","background-repeat":"repeat","background-position":"center center","background-size":"auto","background-attachment":"scroll","background-type":"","background-media":"","overlay-type":"","overlay-color":"","overlay-opacity":"","overlay-gradient":""}},"ast-content-background-meta":{"desktop":{"background-color":"var(--ast-global-color-5)","background-image":"","background-repeat":"repeat","background-position":"center center","background-size":"auto","background-attachment":"scroll","background-type":"","background-media":"","overlay-type":"","overlay-color":"","overlay-opacity":"","overlay-gradient":""},"tablet":{"background-color":"var(--ast-global-color-5)","background-image":"","background-repeat":"repeat","background-position":"center center","background-size":"auto","background-attachment":"scroll","background-type":"","background-media":"","overlay-type":"","overlay-color":"","overlay-opacity":"","overlay-gradient":""},"mobile":{"background-color":"var(--ast-global-color-5)","background-image":"","background-repeat":"repeat","background-position":"center center","background-size":"auto","background-attachment":"scroll","background-type":"","background-media":"","overlay-type":"","overlay-color":"","overlay-opacity":"","overlay-gradient":""}}},"product_brand":[],"product_cat":[80,15,426],"product_tag":[423],"class_list":{"0":"post-9754","1":"product","2":"type-product","3":"status-publish","4":"has-post-thumbnail","6":"product_cat-kontsentraadid","7":"product_cat-naole","8":"product_cat-uued-tooted","9":"product_tag-uued-tooted","10":"desktop-align-center","11":"tablet-align-left","12":"mobile-align-left","14":"first","15":"instock","16":"taxable","17":"shipping-taxable","18":"purchasable","19":"product-type-simple","20":"add-to-wishlist-before_image"},"aioseo_notices":[],"_links":{"self":[{"href":"https:\/\/kosmeetika24.eu\/et\/wp-json\/wp\/v2\/product\/9754","targetHints":{"allow":["GET"]}}],"collection":[{"href":"https:\/\/kosmeetika24.eu\/et\/wp-json\/wp\/v2\/product"}],"about":[{"href":"https:\/\/kosmeetika24.eu\/et\/wp-json\/wp\/v2\/types\/product"}],"version-history":[{"count":7,"href":"https:\/\/kosmeetika24.eu\/et\/wp-json\/wp\/v2\/product\/9754\/revisions"}],"predecessor-version":[{"id":9846,"href":"https:\/\/kosmeetika24.eu\/et\/wp-json\/wp\/v2\/product\/9754\/revisions\/9846"}],"wp:featuredmedia":[{"embeddable":true,"href":"https:\/\/kosmeetika24.eu\/et\/wp-json\/wp\/v2\/media\/9755"}],"wp:attachment":[{"href":"https:\/\/kosmeetika24.eu\/et\/wp-json\/wp\/v2\/media?parent=9754"}],"wp:term":[{"taxonomy":"product_brand","embeddable":true,"href":"https:\/\/kosmeetika24.eu\/et\/wp-json\/wp\/v2\/product_brand?post=9754"},{"taxonomy":"product_cat","embeddable":true,"href":"https:\/\/kosmeetika24.eu\/et\/wp-json\/wp\/v2\/product_cat?post=9754"},{"taxonomy":"product_tag","embeddable":true,"href":"https:\/\/kosmeetika24.eu\/et\/wp-json\/wp\/v2\/product_tag?post=9754"}],"curies":[{"name":"wp","href":"https:\/\/api.w.org\/{rel}","templated":true}]}}