{"id":9750,"date":"2025-02-13T16:00:49","date_gmt":"2025-02-13T13:00:49","guid":{"rendered":"https:\/\/kosmeetika24.eu\/?post_type=product&#038;p=9750"},"modified":"2025-04-07T10:57:06","modified_gmt":"2025-04-07T07:57:06","slug":"dermica-the-line-elustavad-ampullid","status":"publish","type":"product","link":"https:\/\/kosmeetika24.eu\/et\/toode\/dermica-the-line-elustavad-ampullid\/","title":{"rendered":"Dermica The Line Revitalizing Solution"},"content":{"rendered":"<p><em>The Line Revitalizing Solution<\/em> seerum taaselustab ja t\u00f5stab naha vastupidavust, suurendades selle elastsust ja s\u00e4ra. Seda t\u00e4nud ATP ka vase toimele.<\/p>\n<p>Hyaluroonhape\u00a0 hoiab nahka niisuatauna ja aitab ennetada kortse.<\/p>\n<p>Seerum taastab vananeva ja kahjustatud naha maatriksis, t\u00f5stes samal ajal naha kaitsebarj\u00e4\u00e4ri. Sellega pidurdab niiskuse kadu nahas.<\/p>\n<p><strong>PEAMISED TOIMEAINED<\/strong><\/p>\n<ul>\n<li><strong>ATP<\/strong>&#8211; Energiseerivate omadustega nukleotiid. Oluliste koens\u00fc\u00fcmide eelk\u00e4ija. See suurendab fibroblastide suurust, kollageenikiudude arvu ja valgus\u00fcnteesi. See soodustab rakkude aktiveerimist ja paranemist, aeglustades vananemisprotsessi. \u00dchtlustab nahatooni ja parandab naha seisundit, v\u00f5itleb kortsude, pigmendilaikude ja kuivusega.<\/li>\n<li><strong>Vaskgl\u00fckonaat<\/strong> pinguldab ja elustab nahka, sekkudes kollageeni ja elastiini moodustumisse, soodustades naha elastsust ja tugevust. Lisaks on sellel antioks\u00fcdantne v\u00f5ime.<\/li>\n<\/ul>\n<p class=\"cvGsUA direction-ltr align-start para-style-body\"><strong><span class=\"OYPEnA font-feature-liga-off font-feature-clig-off font-feature-calt-off text-decoration-none text-strikethrough-none\">KASUTAMINE<\/span><\/strong><\/p>\n<p class=\"cvGsUA direction-ltr align-start para-style-body\"><span class=\"OYPEnA font-feature-liga-off font-feature-clig-off font-feature-calt-off text-decoration-none text-strikethrough-none\">Masseerida ringjate liigutustega puhastatud nahale.<\/span><\/p>\n<p><strong>KOOSTIS<br \/>\n<\/strong>Aqua, Hydroxypropyl methylcellulose, Sodium hyaluronate, Disodium adenosine triphosphate, Adenosine triphosphate, Copper gluconate, Arginine HCl, Leucine, Glutamine, Valine.<\/p>\n","protected":false},"excerpt":{"rendered":"<p><span class=\"OYPEnA font-feature-liga-off font-feature-clig-off font-feature-calt-off text-decoration-none text-strikethrough-none\">T\u00e4nu ATP ja vase toimele nahka elustada ning suurendada selle vastupanuv\u00f5imet, s\u00e4ra ja elastsust. H\u00fcaluroonhape hoiab naha niisutatuna ja aitab enneaegseid kortse korrigeerida.<\/span><\/p>\n<p>10 ampulli x 2 ml, 20 ml \/ 0.68 fl. Oz<\/p>\n","protected":false},"featured_media":9751,"template":"","meta":{"om_disable_all_campaigns":false,"_monsterinsights_skip_tracking":false,"_monsterinsights_sitenote_active":false,"_monsterinsights_sitenote_note":"","_monsterinsights_sitenote_category":0,"_uf_show_specific_survey":0,"_uf_disable_surveys":false,"site-sidebar-layout":"default","site-content-layout":"","ast-site-content-layout":"default","site-content-style":"default","site-sidebar-style":"default","ast-global-header-display":"","ast-banner-title-visibility":"","ast-main-header-display":"","ast-hfb-above-header-display":"","ast-hfb-below-header-display":"","ast-hfb-mobile-header-display":"","site-post-title":"","ast-breadcrumbs-content":"","ast-featured-img":"","footer-sml-layout":"","theme-transparent-header-meta":"default","adv-header-id-meta":"","stick-header-meta":"","header-above-stick-meta":"","header-main-stick-meta":"","header-below-stick-meta":"","astra-migrate-meta-layouts":"set","ast-page-background-enabled":"default","ast-page-background-meta":{"desktop":{"background-color":"var(--ast-global-color-4)","background-image":"","background-repeat":"repeat","background-position":"center center","background-size":"auto","background-attachment":"scroll","background-type":"","background-media":"","overlay-type":"","overlay-color":"","overlay-opacity":"","overlay-gradient":""},"tablet":{"background-color":"","background-image":"","background-repeat":"repeat","background-position":"center center","background-size":"auto","background-attachment":"scroll","background-type":"","background-media":"","overlay-type":"","overlay-color":"","overlay-opacity":"","overlay-gradient":""},"mobile":{"background-color":"","background-image":"","background-repeat":"repeat","background-position":"center center","background-size":"auto","background-attachment":"scroll","background-type":"","background-media":"","overlay-type":"","overlay-color":"","overlay-opacity":"","overlay-gradient":""}},"ast-content-background-meta":{"desktop":{"background-color":"var(--ast-global-color-5)","background-image":"","background-repeat":"repeat","background-position":"center center","background-size":"auto","background-attachment":"scroll","background-type":"","background-media":"","overlay-type":"","overlay-color":"","overlay-opacity":"","overlay-gradient":""},"tablet":{"background-color":"var(--ast-global-color-5)","background-image":"","background-repeat":"repeat","background-position":"center center","background-size":"auto","background-attachment":"scroll","background-type":"","background-media":"","overlay-type":"","overlay-color":"","overlay-opacity":"","overlay-gradient":""},"mobile":{"background-color":"var(--ast-global-color-5)","background-image":"","background-repeat":"repeat","background-position":"center center","background-size":"auto","background-attachment":"scroll","background-type":"","background-media":"","overlay-type":"","overlay-color":"","overlay-opacity":"","overlay-gradient":""}}},"product_brand":[],"product_cat":[80,15,426],"product_tag":[423],"class_list":{"0":"post-9750","1":"product","2":"type-product","3":"status-publish","4":"has-post-thumbnail","6":"product_cat-kontsentraadid","7":"product_cat-naole","8":"product_cat-uued-tooted","9":"product_tag-uued-tooted","10":"desktop-align-center","11":"tablet-align-left","12":"mobile-align-left","14":"first","15":"instock","16":"taxable","17":"shipping-taxable","18":"purchasable","19":"product-type-simple","20":"add-to-wishlist-before_image"},"aioseo_notices":[],"_links":{"self":[{"href":"https:\/\/kosmeetika24.eu\/et\/wp-json\/wp\/v2\/product\/9750","targetHints":{"allow":["GET"]}}],"collection":[{"href":"https:\/\/kosmeetika24.eu\/et\/wp-json\/wp\/v2\/product"}],"about":[{"href":"https:\/\/kosmeetika24.eu\/et\/wp-json\/wp\/v2\/types\/product"}],"version-history":[{"count":9,"href":"https:\/\/kosmeetika24.eu\/et\/wp-json\/wp\/v2\/product\/9750\/revisions"}],"predecessor-version":[{"id":9842,"href":"https:\/\/kosmeetika24.eu\/et\/wp-json\/wp\/v2\/product\/9750\/revisions\/9842"}],"wp:featuredmedia":[{"embeddable":true,"href":"https:\/\/kosmeetika24.eu\/et\/wp-json\/wp\/v2\/media\/9751"}],"wp:attachment":[{"href":"https:\/\/kosmeetika24.eu\/et\/wp-json\/wp\/v2\/media?parent=9750"}],"wp:term":[{"taxonomy":"product_brand","embeddable":true,"href":"https:\/\/kosmeetika24.eu\/et\/wp-json\/wp\/v2\/product_brand?post=9750"},{"taxonomy":"product_cat","embeddable":true,"href":"https:\/\/kosmeetika24.eu\/et\/wp-json\/wp\/v2\/product_cat?post=9750"},{"taxonomy":"product_tag","embeddable":true,"href":"https:\/\/kosmeetika24.eu\/et\/wp-json\/wp\/v2\/product_tag?post=9750"}],"curies":[{"name":"wp","href":"https:\/\/api.w.org\/{rel}","templated":true}]}}