{"id":9743,"date":"2025-02-13T16:00:13","date_gmt":"2025-02-13T13:00:13","guid":{"rendered":"https:\/\/kosmeetika24.eu\/?post_type=product&#038;p=9743"},"modified":"2025-04-07T10:57:41","modified_gmt":"2025-04-07T07:57:41","slug":"dermica-the-line-tostvad-ampullid","status":"publish","type":"product","link":"https:\/\/kosmeetika24.eu\/et\/toode\/dermica-the-line-tostvad-ampullid\/","title":{"rendered":"Dermica The Line Lifting Solution\u00a0"},"content":{"rendered":"<p><em>The Line Lifting Solution <\/em>t\u00e4nu dimet\u00fc\u00fclaminoetanooli (DMAE) toimele tugevab, annab pinguldava effektiga ja suurendab elastsust.<\/p>\n<p>Ergutab fibroplaste ja sellega stimuleerib kollageeni tootmist.<\/p>\n<p>Seerum toimib antioks\u00fcdandina, kaitseb rakumembraani vabade radikaalide eest.<\/p>\n<p>Tulemuseks on pringim, siledam, niisuatum nahk ja s\u00e4ravam jume.<\/p>\n<p><strong>PEAMISED TOIMEAINED<\/strong><\/p>\n<ul>\n<li><strong>Dimet\u00fc\u00fclaminoetanool<\/strong> (DMAE) suurendab atset\u00fc\u00fclkoliini s\u00fcnteesi nahas, mille tulemuseks on naha elastsuse suurenemine. Sellel on v\u00f5imas ja koheselt n\u00e4htav pinguldav toime, mis v\u00e4hendab naha l\u00f5tvumist ning on v\u00e4ga t\u00f5hus vananemisvastastes hooldustes. Lisaks on see suurep\u00e4rane antioks\u00fcdantne kaitsja vabade radikaalide toime eest.<\/li>\n<li><strong>Lipoehape<\/strong> on antioks\u00fcdantsete ja vananemisvastaste omadustega rakukaitsja, mis suudab neutraliseerida vabade radikaalide aktiivsust.<\/li>\n<li><strong>Tsinkgl\u00fckonaadil<\/strong> on tervendavad ja antioks\u00fcdantsed omadused. See v\u00e4hendab oks\u00fcdatiivset stressi,<br \/>\ntakistades vabade radikaalide teket.<\/li>\n<li><strong>Orgaaniline r\u00e4ni<\/strong> takistab kollageeni- ja elastiinikiudude riknemist ja killustumist, pakkudes kauakestvat pinguldavat toimet. Lisaks soodustab see niikustaseme t\u00f5usu ja kaitseb nahka vabade radikaalide eest, mis p\u00f5hjustavad miimiliste kortsude enneaegset ilmumist.<\/li>\n<\/ul>\n<p><strong>KASUTAMINE<br \/>\n<\/strong><span class=\"OYPEnA font-feature-liga-off font-feature-clig-off font-feature-calt-off text-decoration-none text-strikethrough-none\">Masseerida ringjate liigutustega puhastatud nahale.<\/span><\/p>\n<p><strong>KOOSTIS<\/strong><br \/>\nAqua, Hydroxypropyl methylcellulose, Dimethyl MEA, Sodium hydroxide, Sodium hyaluronate, Thioctic acid, Zinc gluconate, Methylsilanol mannuronate, Arginine HCl, Ethylhexylglycerin, Phenoxyethanol, Valine, Glutamine, Leucine.<\/p>\n","protected":false},"excerpt":{"rendered":"<p><span class=\"OYPEnA font-feature-liga-off font-feature-clig-off font-feature-calt-off text-decoration-none text-strikethrough-none\">Avaldab tugevat ja kohest silumisefekti t\u00e4nu dimet\u00fc\u00fclaminoetanooli (DMAE) ja orgaanilise r\u00e4ni toimele. See v\u00e4hendab kortse, parandades naha tugevust ja elastsuse suurenemist.<\/span><\/p>\n<p>10 ampulli x 2 ml, 20 ml \/ 0.68 fl. Oz<\/p>\n","protected":false},"featured_media":9744,"template":"","meta":{"om_disable_all_campaigns":false,"_monsterinsights_skip_tracking":false,"_monsterinsights_sitenote_active":false,"_monsterinsights_sitenote_note":"","_monsterinsights_sitenote_category":0,"_uf_show_specific_survey":0,"_uf_disable_surveys":false,"site-sidebar-layout":"default","site-content-layout":"","ast-site-content-layout":"default","site-content-style":"default","site-sidebar-style":"default","ast-global-header-display":"","ast-banner-title-visibility":"","ast-main-header-display":"","ast-hfb-above-header-display":"","ast-hfb-below-header-display":"","ast-hfb-mobile-header-display":"","site-post-title":"","ast-breadcrumbs-content":"","ast-featured-img":"","footer-sml-layout":"","theme-transparent-header-meta":"default","adv-header-id-meta":"","stick-header-meta":"","header-above-stick-meta":"","header-main-stick-meta":"","header-below-stick-meta":"","astra-migrate-meta-layouts":"set","ast-page-background-enabled":"default","ast-page-background-meta":{"desktop":{"background-color":"var(--ast-global-color-4)","background-image":"","background-repeat":"repeat","background-position":"center center","background-size":"auto","background-attachment":"scroll","background-type":"","background-media":"","overlay-type":"","overlay-color":"","overlay-opacity":"","overlay-gradient":""},"tablet":{"background-color":"","background-image":"","background-repeat":"repeat","background-position":"center center","background-size":"auto","background-attachment":"scroll","background-type":"","background-media":"","overlay-type":"","overlay-color":"","overlay-opacity":"","overlay-gradient":""},"mobile":{"background-color":"","background-image":"","background-repeat":"repeat","background-position":"center center","background-size":"auto","background-attachment":"scroll","background-type":"","background-media":"","overlay-type":"","overlay-color":"","overlay-opacity":"","overlay-gradient":""}},"ast-content-background-meta":{"desktop":{"background-color":"var(--ast-global-color-5)","background-image":"","background-repeat":"repeat","background-position":"center center","background-size":"auto","background-attachment":"scroll","background-type":"","background-media":"","overlay-type":"","overlay-color":"","overlay-opacity":"","overlay-gradient":""},"tablet":{"background-color":"var(--ast-global-color-5)","background-image":"","background-repeat":"repeat","background-position":"center center","background-size":"auto","background-attachment":"scroll","background-type":"","background-media":"","overlay-type":"","overlay-color":"","overlay-opacity":"","overlay-gradient":""},"mobile":{"background-color":"var(--ast-global-color-5)","background-image":"","background-repeat":"repeat","background-position":"center center","background-size":"auto","background-attachment":"scroll","background-type":"","background-media":"","overlay-type":"","overlay-color":"","overlay-opacity":"","overlay-gradient":""}}},"product_brand":[],"product_cat":[80,15,426],"product_tag":[423],"class_list":{"0":"post-9743","1":"product","2":"type-product","3":"status-publish","4":"has-post-thumbnail","6":"product_cat-kontsentraadid","7":"product_cat-naole","8":"product_cat-uued-tooted","9":"product_tag-uued-tooted","10":"desktop-align-center","11":"tablet-align-left","12":"mobile-align-left","14":"first","15":"instock","16":"taxable","17":"shipping-taxable","18":"purchasable","19":"product-type-simple","20":"add-to-wishlist-before_image"},"aioseo_notices":[],"_links":{"self":[{"href":"https:\/\/kosmeetika24.eu\/et\/wp-json\/wp\/v2\/product\/9743","targetHints":{"allow":["GET"]}}],"collection":[{"href":"https:\/\/kosmeetika24.eu\/et\/wp-json\/wp\/v2\/product"}],"about":[{"href":"https:\/\/kosmeetika24.eu\/et\/wp-json\/wp\/v2\/types\/product"}],"version-history":[{"count":9,"href":"https:\/\/kosmeetika24.eu\/et\/wp-json\/wp\/v2\/product\/9743\/revisions"}],"predecessor-version":[{"id":9844,"href":"https:\/\/kosmeetika24.eu\/et\/wp-json\/wp\/v2\/product\/9743\/revisions\/9844"}],"wp:featuredmedia":[{"embeddable":true,"href":"https:\/\/kosmeetika24.eu\/et\/wp-json\/wp\/v2\/media\/9744"}],"wp:attachment":[{"href":"https:\/\/kosmeetika24.eu\/et\/wp-json\/wp\/v2\/media?parent=9743"}],"wp:term":[{"taxonomy":"product_brand","embeddable":true,"href":"https:\/\/kosmeetika24.eu\/et\/wp-json\/wp\/v2\/product_brand?post=9743"},{"taxonomy":"product_cat","embeddable":true,"href":"https:\/\/kosmeetika24.eu\/et\/wp-json\/wp\/v2\/product_cat?post=9743"},{"taxonomy":"product_tag","embeddable":true,"href":"https:\/\/kosmeetika24.eu\/et\/wp-json\/wp\/v2\/product_tag?post=9743"}],"curies":[{"name":"wp","href":"https:\/\/api.w.org\/{rel}","templated":true}]}}