{"id":9739,"date":"2025-02-13T16:00:55","date_gmt":"2025-02-13T13:00:55","guid":{"rendered":"https:\/\/kosmeetika24.eu\/?post_type=product&#038;p=9739"},"modified":"2025-04-07T10:56:51","modified_gmt":"2025-04-07T07:56:51","slug":"dermica-the-line-pinguldavad-ampullid","status":"publish","type":"product","link":"https:\/\/kosmeetika24.eu\/et\/toode\/dermica-the-line-pinguldavad-ampullid\/","title":{"rendered":"Dermica The Line Firming Solution"},"content":{"rendered":"<p><em>The Line Firming Solution<\/em> on soovitatav lokaalse rasva ja tselluliidi ravis.<\/p>\n<p>T\u00e4nu L-karnitiinile, arti\u0161oki\u00a0 ekstraktile ja koffeiinile nahk muutub \u00fchtlasemaks ja pehmemaks, tulemuseks on n\u00e4htav \u00fcmberm\u00f5\u00f5du v\u00e4henemine probleemsetes piirkondades.<\/p>\n<p>Parandab kollageeni ja elastiini s\u00fcnteesi, aidates nahal paraneda ja pingulduda.<\/p>\n<p><strong>PEAMISED TOIMEAINED<\/strong><\/p>\n<ul>\n<li><strong>L-karnitiin<\/strong>\u2013 See aitab mobiliseerida rasvaladestusi, kuna sekkub nende transporti mitokondrites. Ttulemuseks on rasvkoe v\u00e4henemine.<\/li>\n<li><strong>Melilotil<\/strong> on tursevastane toime t\u00e4nu kumariini sisaldusele, mis stimuleerib &#8220;l\u00fcmfidrenaa\u017ei&#8221;, aidates v\u00e4hendada vedelikupeetust.<\/li>\n<li><strong>Koffeiin<\/strong>&#8211; Sellel on v\u00f5imas lipol\u00fc\u00fctiline toime ja see aitab kaasa ladestunud rasva lahustamisele, eemaldades samal ajal toksiine.<\/li>\n<li><strong>Arti\u0161oki<\/strong> ekstrakt aitab stimuleerida l\u00fcmfidrenaa\u017ei ja t\u00e4nu oma diureetilisele toimele h\u00f5lbustab toksiinide v\u00e4ljutamist.<\/li>\n<li><strong>Orgaaniline r\u00e4ni<\/strong> takistab kollageeni- ja elastiinikiudude riknemist ja killustumist.<\/li>\n<\/ul>\n<p><strong><span class=\"OYPEnA font-feature-liga-off font-feature-clig-off font-feature-calt-off text-decoration-none text-strikethrough-none\">KASUTAMINE<\/span><\/strong><\/p>\n<p class=\"cvGsUA direction-ltr align-start para-style-body\"><span class=\"OYPEnA font-feature-liga-off font-feature-clig-off font-feature-calt-off text-decoration-none text-strikethrough-none\">Masseerida ringjate liigutustega puhastatud nahale.<br \/>\n<\/span><strong><br \/>\nKOOSTIS<br \/>\n<\/strong>Aqua, Carnitine, Alcohol, Hydroxypropyl methylcellulose, Melilotus officinalis extract, Troxerutin, Sodium benzoate, Caffeine, Cynara scolymus extract, Sodium hyaluronate, Methylsilanol mannuronate, Valine, Glutamine, Ethylhexylglycerin, Leucine, Phenoxyethanol, Arginine HCl.<\/p>\n","protected":false},"excerpt":{"rendered":"<p><span class=\"OYPEnA font-feature-liga-off font-feature-clig-off font-feature-calt-off text-decoration-none text-strikethrough-none\">Loodud, et aidata ennetada rasvade kogunemist ja parandada tselluliidile kalduva naha v\u00e4limust.<\/span><\/p>\n<p>&nbsp;<\/p>\n<p>10 ampulli x 2 ml, 20 ml \/ 0.68 fl. Oz<\/p>\n","protected":false},"featured_media":9740,"template":"","meta":{"om_disable_all_campaigns":false,"_monsterinsights_skip_tracking":false,"_monsterinsights_sitenote_active":false,"_monsterinsights_sitenote_note":"","_monsterinsights_sitenote_category":0,"_uf_show_specific_survey":0,"_uf_disable_surveys":false,"site-sidebar-layout":"default","site-content-layout":"","ast-site-content-layout":"default","site-content-style":"default","site-sidebar-style":"default","ast-global-header-display":"","ast-banner-title-visibility":"","ast-main-header-display":"","ast-hfb-above-header-display":"","ast-hfb-below-header-display":"","ast-hfb-mobile-header-display":"","site-post-title":"","ast-breadcrumbs-content":"","ast-featured-img":"","footer-sml-layout":"","theme-transparent-header-meta":"default","adv-header-id-meta":"","stick-header-meta":"","header-above-stick-meta":"","header-main-stick-meta":"","header-below-stick-meta":"","astra-migrate-meta-layouts":"set","ast-page-background-enabled":"default","ast-page-background-meta":{"desktop":{"background-color":"var(--ast-global-color-4)","background-image":"","background-repeat":"repeat","background-position":"center center","background-size":"auto","background-attachment":"scroll","background-type":"","background-media":"","overlay-type":"","overlay-color":"","overlay-opacity":"","overlay-gradient":""},"tablet":{"background-color":"","background-image":"","background-repeat":"repeat","background-position":"center center","background-size":"auto","background-attachment":"scroll","background-type":"","background-media":"","overlay-type":"","overlay-color":"","overlay-opacity":"","overlay-gradient":""},"mobile":{"background-color":"","background-image":"","background-repeat":"repeat","background-position":"center center","background-size":"auto","background-attachment":"scroll","background-type":"","background-media":"","overlay-type":"","overlay-color":"","overlay-opacity":"","overlay-gradient":""}},"ast-content-background-meta":{"desktop":{"background-color":"var(--ast-global-color-5)","background-image":"","background-repeat":"repeat","background-position":"center center","background-size":"auto","background-attachment":"scroll","background-type":"","background-media":"","overlay-type":"","overlay-color":"","overlay-opacity":"","overlay-gradient":""},"tablet":{"background-color":"var(--ast-global-color-5)","background-image":"","background-repeat":"repeat","background-position":"center center","background-size":"auto","background-attachment":"scroll","background-type":"","background-media":"","overlay-type":"","overlay-color":"","overlay-opacity":"","overlay-gradient":""},"mobile":{"background-color":"var(--ast-global-color-5)","background-image":"","background-repeat":"repeat","background-position":"center center","background-size":"auto","background-attachment":"scroll","background-type":"","background-media":"","overlay-type":"","overlay-color":"","overlay-opacity":"","overlay-gradient":""}}},"product_brand":[],"product_cat":[80,15,426],"product_tag":[423],"class_list":{"0":"post-9739","1":"product","2":"type-product","3":"status-publish","4":"has-post-thumbnail","6":"product_cat-kontsentraadid","7":"product_cat-naole","8":"product_cat-uued-tooted","9":"product_tag-uued-tooted","10":"desktop-align-center","11":"tablet-align-left","12":"mobile-align-left","14":"first","15":"instock","16":"taxable","17":"shipping-taxable","18":"purchasable","19":"product-type-simple","20":"add-to-wishlist-before_image"},"aioseo_notices":[],"_links":{"self":[{"href":"https:\/\/kosmeetika24.eu\/et\/wp-json\/wp\/v2\/product\/9739","targetHints":{"allow":["GET"]}}],"collection":[{"href":"https:\/\/kosmeetika24.eu\/et\/wp-json\/wp\/v2\/product"}],"about":[{"href":"https:\/\/kosmeetika24.eu\/et\/wp-json\/wp\/v2\/types\/product"}],"version-history":[{"count":15,"href":"https:\/\/kosmeetika24.eu\/et\/wp-json\/wp\/v2\/product\/9739\/revisions"}],"predecessor-version":[{"id":9838,"href":"https:\/\/kosmeetika24.eu\/et\/wp-json\/wp\/v2\/product\/9739\/revisions\/9838"}],"wp:featuredmedia":[{"embeddable":true,"href":"https:\/\/kosmeetika24.eu\/et\/wp-json\/wp\/v2\/media\/9740"}],"wp:attachment":[{"href":"https:\/\/kosmeetika24.eu\/et\/wp-json\/wp\/v2\/media?parent=9739"}],"wp:term":[{"taxonomy":"product_brand","embeddable":true,"href":"https:\/\/kosmeetika24.eu\/et\/wp-json\/wp\/v2\/product_brand?post=9739"},{"taxonomy":"product_cat","embeddable":true,"href":"https:\/\/kosmeetika24.eu\/et\/wp-json\/wp\/v2\/product_cat?post=9739"},{"taxonomy":"product_tag","embeddable":true,"href":"https:\/\/kosmeetika24.eu\/et\/wp-json\/wp\/v2\/product_tag?post=9739"}],"curies":[{"name":"wp","href":"https:\/\/api.w.org\/{rel}","templated":true}]}}