{"id":9735,"date":"2025-02-13T16:01:13","date_gmt":"2025-02-13T13:01:13","guid":{"rendered":"https:\/\/kosmeetika24.eu\/?post_type=product&#038;p=9735"},"modified":"2025-04-07T10:56:35","modified_gmt":"2025-04-07T07:56:35","slug":"dermica-the-line-akne-hooldus-ampullid","status":"publish","type":"product","link":"https:\/\/kosmeetika24.eu\/et\/toode\/dermica-the-line-akne-hooldus-ampullid\/","title":{"rendered":"Dermica The Line Acne Care Solution"},"content":{"rendered":"<p><em>The Line Acne Care Solution<\/em>\u00a0 seerumi koostis aitab v\u00f5idelda j\u00e4rgmiste probleemide vastu:<br \/>\n&#8211; Seborr\u00f6a<br \/>\n&#8211; H\u00fcperkeratoos<br \/>\n&#8211; Mikroobide kolonisatsioon<br \/>\n&#8211; P\u00f5letik<\/p>\n<p>Sobib k\u00f5ikide akne vormide, sealhulgas p\u00f5letikuliste ja mittep\u00f5letikuliste akne vormide jaoks.<\/p>\n<p>V\u00e4hendab ja reguleerib mustpeade, liigse rasu teket, eemaldab surnud naharakud ja bakterid.<\/p>\n<p>Annab tugevdatud p\u00f5letikuvastase toime koos keratol\u00fc\u00fctilise toimega, mis aitab normaliseerida nahaprobleeme ja taastada nahatooni ja v\u00e4limust.<\/p>\n<p>Samuti stimuleerib see uute fibroblastide teket ja pleegitab laigud ja armid, luues uut kollageeni ja suurendades elastiini tootmist.<\/p>\n<p><strong>PEAMISED TOIMEAINED<\/strong><\/p>\n<ul>\n<li>T\u00e4nu oma antiseptilisele, tervendavale, taastavale ja rahustavale toimele aitab <strong>saialill<\/strong> v\u00e4hendada p\u00f5letikku ja intensiivselt parandada kahjustatud epidermist, samal ajal pehmendab, toniseerib ja niisutab nahka.<\/li>\n<li><strong>Salits\u00fc\u00fclhape<\/strong> on keratol\u00fc\u00fctilise toimega beetah\u00fcdroks\u00fchape, mis aitab eemaldada epidermise sarvkihi, muutes selle sobivaks pooride puhastamiseks ja t\u00f6\u00f6tab aknele kalduva naha rasuregulaatorina.<\/li>\n<li><strong>Retin\u00fc\u00fclpalmitaat<\/strong> on A-vitamiini vorm, antioks\u00fcdant, mis v\u00f5itleb vabade radikaalidega ja suurendab rakkude uuenemisv\u00f5imet.<\/li>\n<li><strong>Hamamelisi ekstrakt<\/strong> aitab parandada rasuse naha v\u00e4limust t\u00e4nu oma kokkut\u00f5mbavale toimele, puhastades poore ja kuivatades ebatasasusi. Lisaks on sellel tervendavad, niisutavad ja kaitsvad omadused.<\/li>\n<li><strong>Tsinkgl\u00fckonaadil<\/strong> on antiseptilised, kokkut\u00f5mbavad ja tervendavad omadused, aidates v\u00e4hendada rasuse aknele kalduva naha liigset rasu.<\/li>\n<\/ul>\n<p class=\"cvGsUA direction-ltr align-start para-style-body\"><strong><span class=\"OYPEnA font-feature-liga-off font-feature-clig-off font-feature-calt-off text-decoration-none text-strikethrough-none\">KASUTAMINE<\/span><\/strong><\/p>\n<p class=\"cvGsUA direction-ltr align-start para-style-body\"><span class=\"OYPEnA font-feature-liga-off font-feature-clig-off font-feature-calt-off text-decoration-none text-strikethrough-none\">Masseerida ringjate liigutustega puhastatud nahale.<\/span><\/p>\n<p><b>KOOSTIS<\/b><\/p>\n<p>Aqua, Calendula officinalis flower extract, Alcohol, Panthenol, Hydroxypropyl methylcellulose, Sodium hyaluronate, Salicylic acid, PEG-35 castor oil, Propylene glycol, Retinyl palmitate, Hamamelis virginiana bark\/leaf\/ twig extract, Pyridoxine HCl, Valine, Glutamine, Arginine HCl, Disodium EDTA, Zinc gluconate, Leucine, Lysine HCl, Tocopherol.<\/p>\n<p>&nbsp;<\/p>\n","protected":false},"excerpt":{"rendered":"<p>Soovitatav akne raviks ja ennetamiseks n\u00e4ol v\u00f5i kehal ning aknest m\u00f5jutatud naha v\u00e4ljan\u00e4gemise parandamiseks, v\u00e4hendades pooride suurust ja minimeerides aknearme v\u00f5i j\u00e4lgi.<\/p>\n<p>10 ampulli x 2 ml, 20 ml \/ 0.68 fl. Oz<\/p>\n","protected":false},"featured_media":9736,"template":"","meta":{"om_disable_all_campaigns":false,"_monsterinsights_skip_tracking":false,"_monsterinsights_sitenote_active":false,"_monsterinsights_sitenote_note":"","_monsterinsights_sitenote_category":0,"_uf_show_specific_survey":0,"_uf_disable_surveys":false,"site-sidebar-layout":"default","site-content-layout":"","ast-site-content-layout":"default","site-content-style":"default","site-sidebar-style":"default","ast-global-header-display":"","ast-banner-title-visibility":"","ast-main-header-display":"","ast-hfb-above-header-display":"","ast-hfb-below-header-display":"","ast-hfb-mobile-header-display":"","site-post-title":"","ast-breadcrumbs-content":"","ast-featured-img":"","footer-sml-layout":"","theme-transparent-header-meta":"default","adv-header-id-meta":"","stick-header-meta":"","header-above-stick-meta":"","header-main-stick-meta":"","header-below-stick-meta":"","astra-migrate-meta-layouts":"set","ast-page-background-enabled":"default","ast-page-background-meta":{"desktop":{"background-color":"var(--ast-global-color-4)","background-image":"","background-repeat":"repeat","background-position":"center center","background-size":"auto","background-attachment":"scroll","background-type":"","background-media":"","overlay-type":"","overlay-color":"","overlay-opacity":"","overlay-gradient":""},"tablet":{"background-color":"","background-image":"","background-repeat":"repeat","background-position":"center center","background-size":"auto","background-attachment":"scroll","background-type":"","background-media":"","overlay-type":"","overlay-color":"","overlay-opacity":"","overlay-gradient":""},"mobile":{"background-color":"","background-image":"","background-repeat":"repeat","background-position":"center center","background-size":"auto","background-attachment":"scroll","background-type":"","background-media":"","overlay-type":"","overlay-color":"","overlay-opacity":"","overlay-gradient":""}},"ast-content-background-meta":{"desktop":{"background-color":"var(--ast-global-color-5)","background-image":"","background-repeat":"repeat","background-position":"center center","background-size":"auto","background-attachment":"scroll","background-type":"","background-media":"","overlay-type":"","overlay-color":"","overlay-opacity":"","overlay-gradient":""},"tablet":{"background-color":"var(--ast-global-color-5)","background-image":"","background-repeat":"repeat","background-position":"center center","background-size":"auto","background-attachment":"scroll","background-type":"","background-media":"","overlay-type":"","overlay-color":"","overlay-opacity":"","overlay-gradient":""},"mobile":{"background-color":"var(--ast-global-color-5)","background-image":"","background-repeat":"repeat","background-position":"center center","background-size":"auto","background-attachment":"scroll","background-type":"","background-media":"","overlay-type":"","overlay-color":"","overlay-opacity":"","overlay-gradient":""}}},"product_brand":[],"product_cat":[80,15,426],"product_tag":[423],"class_list":{"0":"post-9735","1":"product","2":"type-product","3":"status-publish","4":"has-post-thumbnail","6":"product_cat-kontsentraadid","7":"product_cat-naole","8":"product_cat-uued-tooted","9":"product_tag-uued-tooted","10":"desktop-align-center","11":"tablet-align-left","12":"mobile-align-left","14":"first","15":"instock","16":"taxable","17":"shipping-taxable","18":"purchasable","19":"product-type-simple","20":"add-to-wishlist-before_image"},"aioseo_notices":[],"_links":{"self":[{"href":"https:\/\/kosmeetika24.eu\/et\/wp-json\/wp\/v2\/product\/9735","targetHints":{"allow":["GET"]}}],"collection":[{"href":"https:\/\/kosmeetika24.eu\/et\/wp-json\/wp\/v2\/product"}],"about":[{"href":"https:\/\/kosmeetika24.eu\/et\/wp-json\/wp\/v2\/types\/product"}],"version-history":[{"count":10,"href":"https:\/\/kosmeetika24.eu\/et\/wp-json\/wp\/v2\/product\/9735\/revisions"}],"predecessor-version":[{"id":9839,"href":"https:\/\/kosmeetika24.eu\/et\/wp-json\/wp\/v2\/product\/9735\/revisions\/9839"}],"wp:featuredmedia":[{"embeddable":true,"href":"https:\/\/kosmeetika24.eu\/et\/wp-json\/wp\/v2\/media\/9736"}],"wp:attachment":[{"href":"https:\/\/kosmeetika24.eu\/et\/wp-json\/wp\/v2\/media?parent=9735"}],"wp:term":[{"taxonomy":"product_brand","embeddable":true,"href":"https:\/\/kosmeetika24.eu\/et\/wp-json\/wp\/v2\/product_brand?post=9735"},{"taxonomy":"product_cat","embeddable":true,"href":"https:\/\/kosmeetika24.eu\/et\/wp-json\/wp\/v2\/product_cat?post=9735"},{"taxonomy":"product_tag","embeddable":true,"href":"https:\/\/kosmeetika24.eu\/et\/wp-json\/wp\/v2\/product_tag?post=9735"}],"curies":[{"name":"wp","href":"https:\/\/api.w.org\/{rel}","templated":true}]}}