{"id":9719,"date":"2025-03-06T14:14:05","date_gmt":"2025-03-06T11:14:05","guid":{"rendered":"https:\/\/kosmeetika24.eu\/?post_type=product&#038;p=9719"},"modified":"2026-04-14T12:22:02","modified_gmt":"2026-04-14T09:22:02","slug":"dalton-deep-sea-men-performance-hydrating-moisturizer","status":"publish","type":"product","link":"https:\/\/kosmeetika24.eu\/et\/toode\/dalton-deep-sea-men-performance-hydrating-moisturizer\/","title":{"rendered":"Dalton &#8211; Deep Sea &#8211; Men Performance &#8211; Hydrating Moisturizer"},"content":{"rendered":"<p><strong>Kasutamine:<\/strong><\/p>\n<p><span style=\"font-weight: 400;\">Kanna vananemisvastane kreem hommikul ja \u00f5htul puhastatud nahale. Sobib suurep\u00e4raselt ka p\u00e4rast raseerimist naha rahustamiseks ja niisutamiseks.<\/span><\/p>\n<p><strong>N\u00f5uanne:<\/strong><\/p>\n<p><span style=\"font-weight: 400;\">T\u00e4nu pantenooli ja allantoiini rahustavatele omadustele toimib see niisutav kreem ka suurep\u00e4rase p\u00e4rast raseerimist kasutatava hooldusvahendina.<\/span><\/p>\n<p><strong>Toote kirjeldus:<\/strong><\/p>\n<p><span style=\"font-weight: 400;\">Kas nahk tundub p\u00e4rast raseerimist kuiv ja kiskuv? Meestele m\u00f5eldud niisutav n\u00e4okreem sisaldab s\u00fcgavmerevett ja sinivetika ekstrakti, mis tagavad s\u00fcgava niisutuse ning annavad nahale v\u00e4rske ja terve jume. Lisaks sisaldab see rikkalikult mineraale ja mikroelemente, mis toidavad ja remineraliseerivad nahka. H\u00fcaluroonhape, uurea ja eksklusiivne Celumer Marine Extract aitavad nahka niisutada, siluda kuivusest tingitud peeneid kortse ja pakkuda n\u00e4htavat vananemisvastast efekti. Pantenool ja allantoiin rahustavad nahka ning ennetavad raseerimisest tingitud \u00e4rritust.<\/span><\/p>\n<p><span style=\"font-weight: 400;\">Kreem imendub kiiresti, ei j\u00e4ta rasvast ega kleepuvat kihti ning muudab naha tugevamaks, v\u00e4rskemaks ja nooruslikumaks.<\/span><\/p>\n<p><em><span style=\"font-weight: 400;\">*Testi tulemused: Tarbijauuring, 40 osalejat, kasutamine kaks korda p\u00e4evas 21 p\u00e4eva jooksul.<\/span><\/em><\/p>\n<p><span style=\"font-weight: 400;\"><strong>KOOSTIS:<\/strong><br \/>\nAqua\/Water, Glycerin, Cetearyl Alcohol, Glyceryl Stearate, PEG-100 Stearate, Coco-Caprylate, Octyldodecanol, Hydrogenated Starch Hydrolysate, Dimethicone, Maris Aqua\/Sea Water, Aphanizomenon Flos-Aquae Extract, Spirulina Maxima Extract, Algae Extract\/Alaria Esculenta Extract, Saccharide Isomerate, Caviar Extract, Ostrea Shell Extract\/Oyster Shell Extract, Maris Limus Extract\/Sea Silt Extract, Urea, Allantoin, Panthenol, Sodium Hyaluronate, Sodium Hydroxide, Citric Acid, Xanthan Gum, Propylene Glycol, Potassium Sorbate, Phenoxyethanol, Dehydroacetic Acid, Caprylic\/Capric Triglyceride, Benzoic Acid, Ethylhexylglycerin, Parfum\/Fragrance<\/span><\/p>\n<p><span style=\"font-size: xx-small;\">598.-\u20ac\/l<\/span><\/p>\n","protected":false},"excerpt":{"rendered":"<p><span style=\"font-weight: 400;\">Niisutav ja vananemisvastane kreem kuivale nahale 50 ml<\/span><\/p>\n<p><span style=\"font-weight: 400;\">Annab nahale intensiivse niisutuse<br \/>\n<\/span><span style=\"font-weight: 400;\">Kerge kreemjas tekstuur<br \/>\n<\/span><span style=\"font-weight: 400;\">S\u00fcgavmerevesi ja sinivetikad v\u00e4rskendavad nahka<br \/>\n<\/span><span style=\"font-weight: 400;\">Pantenool ja allantoiin ennetavad \u00e4rritust<br \/>\n<\/span><span style=\"font-weight: 400;\">Silub peeneid kortse ja joonekesi<br \/>\n<\/span><span style=\"font-weight: 400;\">84% kasutajatest kinnitab naha niiskustaseme t\u00f5usu*<\/span><\/p>\n","protected":false},"featured_media":9720,"template":"","meta":{"om_disable_all_campaigns":false,"_monsterinsights_skip_tracking":false,"_monsterinsights_sitenote_active":false,"_monsterinsights_sitenote_note":"","_monsterinsights_sitenote_category":0,"_uf_show_specific_survey":0,"_uf_disable_surveys":false,"site-sidebar-layout":"default","site-content-layout":"","ast-site-content-layout":"default","site-content-style":"default","site-sidebar-style":"default","ast-global-header-display":"","ast-banner-title-visibility":"","ast-main-header-display":"","ast-hfb-above-header-display":"","ast-hfb-below-header-display":"","ast-hfb-mobile-header-display":"","site-post-title":"","ast-breadcrumbs-content":"","ast-featured-img":"","footer-sml-layout":"","theme-transparent-header-meta":"default","adv-header-id-meta":"","stick-header-meta":"","header-above-stick-meta":"","header-main-stick-meta":"","header-below-stick-meta":"","astra-migrate-meta-layouts":"set","ast-page-background-enabled":"default","ast-page-background-meta":{"desktop":{"background-color":"var(--ast-global-color-4)","background-image":"","background-repeat":"repeat","background-position":"center center","background-size":"auto","background-attachment":"scroll","background-type":"","background-media":"","overlay-type":"","overlay-color":"","overlay-opacity":"","overlay-gradient":""},"tablet":{"background-color":"","background-image":"","background-repeat":"repeat","background-position":"center center","background-size":"auto","background-attachment":"scroll","background-type":"","background-media":"","overlay-type":"","overlay-color":"","overlay-opacity":"","overlay-gradient":""},"mobile":{"background-color":"","background-image":"","background-repeat":"repeat","background-position":"center center","background-size":"auto","background-attachment":"scroll","background-type":"","background-media":"","overlay-type":"","overlay-color":"","overlay-opacity":"","overlay-gradient":""}},"ast-content-background-meta":{"desktop":{"background-color":"var(--ast-global-color-5)","background-image":"","background-repeat":"repeat","background-position":"center center","background-size":"auto","background-attachment":"scroll","background-type":"","background-media":"","overlay-type":"","overlay-color":"","overlay-opacity":"","overlay-gradient":""},"tablet":{"background-color":"var(--ast-global-color-5)","background-image":"","background-repeat":"repeat","background-position":"center center","background-size":"auto","background-attachment":"scroll","background-type":"","background-media":"","overlay-type":"","overlay-color":"","overlay-opacity":"","overlay-gradient":""},"mobile":{"background-color":"var(--ast-global-color-5)","background-image":"","background-repeat":"repeat","background-position":"center center","background-size":"auto","background-attachment":"scroll","background-type":"","background-media":"","overlay-type":"","overlay-color":"","overlay-opacity":"","overlay-gradient":""}}},"product_brand":[],"product_cat":[381,426],"product_tag":[],"class_list":{"0":"post-9719","1":"product","2":"type-product","3":"status-publish","4":"has-post-thumbnail","6":"product_cat-meestele","7":"product_cat-uued-tooted","8":"desktop-align-center","9":"tablet-align-left","10":"mobile-align-left","12":"first","13":"instock","14":"taxable","15":"shipping-taxable","16":"purchasable","17":"product-type-simple","18":"add-to-wishlist-before_image"},"aioseo_notices":[],"_links":{"self":[{"href":"https:\/\/kosmeetika24.eu\/et\/wp-json\/wp\/v2\/product\/9719","targetHints":{"allow":["GET"]}}],"collection":[{"href":"https:\/\/kosmeetika24.eu\/et\/wp-json\/wp\/v2\/product"}],"about":[{"href":"https:\/\/kosmeetika24.eu\/et\/wp-json\/wp\/v2\/types\/product"}],"version-history":[{"count":4,"href":"https:\/\/kosmeetika24.eu\/et\/wp-json\/wp\/v2\/product\/9719\/revisions"}],"predecessor-version":[{"id":10511,"href":"https:\/\/kosmeetika24.eu\/et\/wp-json\/wp\/v2\/product\/9719\/revisions\/10511"}],"wp:featuredmedia":[{"embeddable":true,"href":"https:\/\/kosmeetika24.eu\/et\/wp-json\/wp\/v2\/media\/9720"}],"wp:attachment":[{"href":"https:\/\/kosmeetika24.eu\/et\/wp-json\/wp\/v2\/media?parent=9719"}],"wp:term":[{"taxonomy":"product_brand","embeddable":true,"href":"https:\/\/kosmeetika24.eu\/et\/wp-json\/wp\/v2\/product_brand?post=9719"},{"taxonomy":"product_cat","embeddable":true,"href":"https:\/\/kosmeetika24.eu\/et\/wp-json\/wp\/v2\/product_cat?post=9719"},{"taxonomy":"product_tag","embeddable":true,"href":"https:\/\/kosmeetika24.eu\/et\/wp-json\/wp\/v2\/product_tag?post=9719"}],"curies":[{"name":"wp","href":"https:\/\/api.w.org\/{rel}","templated":true}]}}