{"id":9707,"date":"2025-03-06T16:04:28","date_gmt":"2025-03-06T13:04:28","guid":{"rendered":"https:\/\/kosmeetika24.eu\/?post_type=product&#038;p=9707"},"modified":"2025-09-30T15:29:53","modified_gmt":"2025-09-30T12:29:53","slug":"dalton-redness-control-anti-redness-mask","status":"publish","type":"product","link":"https:\/\/kosmeetika24.eu\/et\/toode\/dalton-redness-control-anti-redness-mask\/","title":{"rendered":"Dalton &#8211; Redness Control &#8211; Anti-Redness Mask"},"content":{"rendered":"<p><strong>Kasutamine:<\/strong><\/p>\n<p><span style=\"font-weight: 400;\">Kanna mask 1-2 korda n\u00e4dalas v\u00f5i nii sageli, kui tunned, et nahk vajab seda. Kanna mask \u00fchtlaselt n\u00e4ole ja j\u00e4ta umbes 15 minutiks. Pese sooja veega maha.<\/span><\/p>\n<p><strong>Toote kirjeldus:<\/strong><\/p>\n<p><span style=\"font-weight: 400;\">See toode on suurep\u00e4rane valik, kui otsid viise, kuidas v\u00e4hendada n\u00e4o punetust! <em>Anti-Redness Mask<\/em> rahustab kuperoosale ja rosaatseale kalduvat nahka, leevendab \u00e4rritust ning tugevdab kapillaare ja sidekude. Sellel on pehme, kreemjas tekstuur, mis imendub peaaegu t\u00e4ielikult 15-20 minutiga ning aitab tasakaalu viia \u00e4rritunud naha.<\/span><\/p>\n<p><span style=\"font-weight: 400;\">Mask sisaldab 5-taimega rahustavat kompleksi (hobukastan, veiste-s\u00fcdamerohi, lagritsajuurt, saialille ja Aasia vesinaba), rahustavat panthenooli ning tervendavat lubjakivi R\u00fcgeni saarelt, mis tugevdavad kapillaare ja soodustavad naha loomulikku v\u00f5imet ennast taastada \u2013 saavutades rahuliku jume ja 21% v\u00e4henenud<\/span><span style=\"font-weight: 400;\"> katki l\u00e4inud <\/span><span style=\"font-weight: 400;\">kapillaarid n\u00e4ol.<\/span><\/p>\n<p><span style=\"font-weight: 400;\">Kuperoosa v\u00f5ib areneda rosaatseaks \u2013 krooniline naha p\u00f5letik, mis p\u00f5hjustab tugevat punetust. Kasuta rahustavaid tooteid, mis aitavad tugevdada kapillaare ja kaitsta nahka.<\/span><\/p>\n<p><em><span style=\"font-weight: 400;\">Testi tingimused: Katsealustel n\u00e4htava kuperoosaga; emulsiooni ja platseebo kasutamine (pooln\u00e4o uuring) 14 p\u00e4eva jooksul. Uuring viidi l\u00e4bi in vivo.<\/span><\/em><\/p>\n<p><span style=\"font-weight: 400;\"><strong>KOOSTIS<\/strong>:<br \/>\nAqua\/Water, Cetearyl Alcohol, Helianthus Annuus (Sunflower) Seed Oil, Caprylic\/Capric Triglyceride, Cetearyl Isononanoate, Glycerin, Glyceryl Stearate, Butylene Glycol, Potassium Cetyl Phosphate, Maris Aqua\/Sea Water, Centella Asiatica Leaf Extract, Calendula Officinalis Flower Extract, Ruscus Aculeatus Root Extract, Ammonium Glycyrrhizate, Escin, Hydrolyzed Yeast Protein, Viscum Album (Mistletoe) Leaf Extract, Foeniculum Vulgare (Fennel) Fruit Extract, Melissa Officinalis Leaf Extract, Chamomilla Recutita (Matricaria) Flower Extract, Achillea Millefolium Extract, Simmondsia Chinensis (Jojoba) Seed Oil, Panthenol, Humulus Lupulus (Hops) Extract, Tocopherol, Phenoxyethanol, Ethylhexylglycerin, Calcium Carbonate, Citric Acid, Titanium Dioxide (CI 77891), Xanthan Gum, Sodium Citrate, Sodium Hydroxide, Alcohol Denat.<\/span><\/p>\n<p><span style=\"font-size: xx-small;\">458.-\u20ac\/l<\/span><\/p>\n","protected":false},"excerpt":{"rendered":"<p><span style=\"font-weight: 400;\">Kuperoossele ja rosaatseale kalduvale nahale m\u00f5eldud kapillaaride tugevdav mask. 50ml<\/span><\/p>\n<p><span style=\"font-weight: 400;\">V\u00e4hendab n\u00e4onaha punetust kuni 35% *<br \/>\n<\/span><span style=\"font-weight: 400;\">Toitev kreemjas mask<br \/>\n<\/span><span style=\"font-weight: 400;\">R\u00fcgeni saare tervendav lubjakivi<br \/>\n<\/span><span style=\"font-weight: 400;\">Panthenool rahustab nahka ja aitab v\u00e4ltida \u00e4rritust<br \/>\n<\/span><span style=\"font-weight: 400;\">V\u00e4hendab n\u00e4htavaid punaseid veresooni 21% *<br \/>\n<\/span><span style=\"font-weight: 400;\">L\u00f5hnavaba<br \/>\n<\/span><span style=\"font-weight: 400;\">Sobib nahale, mis on kalduvus kuperoosale<br \/>\n<\/span><span style=\"font-weight: 400;\">94% looduslikke koostisosi<\/span><\/p>\n","protected":false},"featured_media":9708,"template":"","meta":{"om_disable_all_campaigns":false,"_monsterinsights_skip_tracking":false,"_monsterinsights_sitenote_active":false,"_monsterinsights_sitenote_note":"","_monsterinsights_sitenote_category":0,"_uf_show_specific_survey":0,"_uf_disable_surveys":false,"site-sidebar-layout":"default","site-content-layout":"","ast-site-content-layout":"default","site-content-style":"default","site-sidebar-style":"default","ast-global-header-display":"","ast-banner-title-visibility":"","ast-main-header-display":"","ast-hfb-above-header-display":"","ast-hfb-below-header-display":"","ast-hfb-mobile-header-display":"","site-post-title":"","ast-breadcrumbs-content":"","ast-featured-img":"","footer-sml-layout":"","theme-transparent-header-meta":"default","adv-header-id-meta":"","stick-header-meta":"","header-above-stick-meta":"","header-main-stick-meta":"","header-below-stick-meta":"","astra-migrate-meta-layouts":"set","ast-page-background-enabled":"default","ast-page-background-meta":{"desktop":{"background-color":"var(--ast-global-color-4)","background-image":"","background-repeat":"repeat","background-position":"center center","background-size":"auto","background-attachment":"scroll","background-type":"","background-media":"","overlay-type":"","overlay-color":"","overlay-opacity":"","overlay-gradient":""},"tablet":{"background-color":"","background-image":"","background-repeat":"repeat","background-position":"center center","background-size":"auto","background-attachment":"scroll","background-type":"","background-media":"","overlay-type":"","overlay-color":"","overlay-opacity":"","overlay-gradient":""},"mobile":{"background-color":"","background-image":"","background-repeat":"repeat","background-position":"center center","background-size":"auto","background-attachment":"scroll","background-type":"","background-media":"","overlay-type":"","overlay-color":"","overlay-opacity":"","overlay-gradient":""}},"ast-content-background-meta":{"desktop":{"background-color":"var(--ast-global-color-5)","background-image":"","background-repeat":"repeat","background-position":"center center","background-size":"auto","background-attachment":"scroll","background-type":"","background-media":"","overlay-type":"","overlay-color":"","overlay-opacity":"","overlay-gradient":""},"tablet":{"background-color":"var(--ast-global-color-5)","background-image":"","background-repeat":"repeat","background-position":"center center","background-size":"auto","background-attachment":"scroll","background-type":"","background-media":"","overlay-type":"","overlay-color":"","overlay-opacity":"","overlay-gradient":""},"mobile":{"background-color":"var(--ast-global-color-5)","background-image":"","background-repeat":"repeat","background-position":"center center","background-size":"auto","background-attachment":"scroll","background-type":"","background-media":"","overlay-type":"","overlay-color":"","overlay-opacity":"","overlay-gradient":""}}},"product_brand":[],"product_cat":[338,15,73,426],"product_tag":[],"class_list":{"0":"post-9707","1":"product","2":"type-product","3":"status-publish","4":"has-post-thumbnail","6":"product_cat-maskid-parchid","7":"product_cat-naole","8":"product_cat-puhastustooted","9":"product_cat-uued-tooted","10":"desktop-align-center","11":"tablet-align-left","12":"mobile-align-left","14":"first","15":"instock","16":"taxable","17":"shipping-taxable","18":"purchasable","19":"product-type-simple","20":"add-to-wishlist-before_image"},"aioseo_notices":[],"_links":{"self":[{"href":"https:\/\/kosmeetika24.eu\/et\/wp-json\/wp\/v2\/product\/9707","targetHints":{"allow":["GET"]}}],"collection":[{"href":"https:\/\/kosmeetika24.eu\/et\/wp-json\/wp\/v2\/product"}],"about":[{"href":"https:\/\/kosmeetika24.eu\/et\/wp-json\/wp\/v2\/types\/product"}],"version-history":[{"count":4,"href":"https:\/\/kosmeetika24.eu\/et\/wp-json\/wp\/v2\/product\/9707\/revisions"}],"predecessor-version":[{"id":10504,"href":"https:\/\/kosmeetika24.eu\/et\/wp-json\/wp\/v2\/product\/9707\/revisions\/10504"}],"wp:featuredmedia":[{"embeddable":true,"href":"https:\/\/kosmeetika24.eu\/et\/wp-json\/wp\/v2\/media\/9708"}],"wp:attachment":[{"href":"https:\/\/kosmeetika24.eu\/et\/wp-json\/wp\/v2\/media?parent=9707"}],"wp:term":[{"taxonomy":"product_brand","embeddable":true,"href":"https:\/\/kosmeetika24.eu\/et\/wp-json\/wp\/v2\/product_brand?post=9707"},{"taxonomy":"product_cat","embeddable":true,"href":"https:\/\/kosmeetika24.eu\/et\/wp-json\/wp\/v2\/product_cat?post=9707"},{"taxonomy":"product_tag","embeddable":true,"href":"https:\/\/kosmeetika24.eu\/et\/wp-json\/wp\/v2\/product_tag?post=9707"}],"curies":[{"name":"wp","href":"https:\/\/api.w.org\/{rel}","templated":true}]}}