{"id":9691,"date":"2025-03-06T16:03:58","date_gmt":"2025-03-06T13:03:58","guid":{"rendered":"https:\/\/kosmeetika24.eu\/?post_type=product&#038;p=9691"},"modified":"2025-09-30T15:43:00","modified_gmt":"2025-09-30T12:43:00","slug":"dalton-redness-control-anti-redness-cream-medium","status":"publish","type":"product","link":"https:\/\/kosmeetika24.eu\/et\/toode\/dalton-redness-control-anti-redness-cream-medium\/","title":{"rendered":"Dalton &#8211; Redness Control &#8211; Anti-Redness Cream Medium"},"content":{"rendered":"<p><strong>Kasutamine<\/strong><\/p>\n<p><span style=\"font-weight: 400;\">Kanna hommikul ja \u00f5htul puhastatud n\u00e4ole, kaelale ja dekolteele ning masseeri \u00f5rnalt sisse.<\/span><\/p>\n<p><span style=\"font-weight: 400;\"><strong>N\u00f5uanne:<\/strong><br \/>\nKui su nahk on kalduvus rosaatseale, t\u00e4ienda oma hooldusrutiini \u00f5livaba <\/span><i><span style=\"font-weight: 400;\">REDNESS CONTROL Pipette Concentrate<\/span><\/i><span style=\"font-weight: 400;\">&#8216;iga.<\/span><\/p>\n<p><strong>Toote kirjeldus:<\/strong><\/p>\n<p><span style=\"font-weight: 400;\">See l\u00f5hnavaba punetust v\u00e4hendav kreem tugevdab kapillaare ja v\u00e4hendab n\u00e4htavalt laienenud veresooni kuni 21%. Meie 5-taimega rahustav kompleks, mis sisaldab hobukastanit, veiste-s\u00fcdamerohu ekstrakti, lagritsajuurt, saialille ja Aasia vesinaba, aitab leevendada \u00e4rritunud ja tundlikku nahka ning \u00fchtlustada jume. Nahapunetust saab v\u00e4hendada kuni 35%.<\/span><\/p>\n<p><span style=\"font-weight: 400;\">Tugevdab naha loomulikku kaitsev\u00f5imet \u2013 p\u00e4rmiekstrakt tugevdab naha immuuns\u00fcsteemi, samas kui allantoiin, pantenool ja bisabolool rahustavad ning soodustavad naha uuenemist.<\/span><span style=\"font-weight: 400;\"><br \/>\n<\/span><span style=\"font-weight: 400;\"><br \/>\n<\/span><span style=\"font-weight: 400;\">Kerge ja mitterasvane koostis \u2013 imendub kiiresti ega j\u00e4ta kleepuvat kihti. Ideaalne normaalsele kuni kuivale nahale, mis on altid punetusele ja laienenud veresoontele.<\/span><\/p>\n<p><span style=\"font-weight: 400;\">Kuperoosa v\u00f5ib areneda rosaatseaks \u2013 krooniliseks nahap\u00f5letikuks, mis p\u00f5hjustab tugevat punetust. Ennetav hooldus on oluline! Kasuta rahustavaid ja kapillaare tugevdavaid tooteid, et hoida nahk tasakaalus ja tugevana.<\/span><\/p>\n<p><i><span style=\"font-weight: 400;\">Testi tingimused: Katsealustel n\u00e4htava kuperoosaga; emulsiooni ja platseebo kasutamine (pooln\u00e4o uuring) 14 p\u00e4eva jooksul. Uuring viidi l\u00e4bi in vivo.<\/span><\/i><\/p>\n<p><span style=\"font-weight: 400;\"><strong>KOOSTIS:<br \/>\n<\/strong> Aqua\/Water, Caprylic\/Capric Triglyceride, Decyl Oleate, Sorbitol, Cetearyl Alcohol, Methyl Glucose Sesquistearate, Hydrogenated Coco-Glycerides, Isostearyl Isostearate, Butylene Glycol, Glyceryl Stearate, Panthenol, Simmondsia Chinensis (Jojoba) Seed Oil, Maris Aqua\/Sea Water, Centella Asiatica Leaf Extract, Calendula Officinalis Flower Extract, Ruscus Aculeatus Root Extract, Ammonium Glycyrrhizate, Escin, Hydrolyzed Yeast Protein, Bisabolol, Allantoin, Tocopherol, Urea, Lactic Acid, Phenoxyethanol, Citric Acid, Glyceryl Caprylate, Serine, Sodium Lactate, Sodium Citrate, Ethylhexylglycerin, Sodium Hydroxide, Glycerin, Sodium Benzoate, Sodium Chloride, Hydrogenated Palm Glycerides Citrate, TEA-Lactate, Dimethicone, Tetrasodium Glutamate Diacetate, Farnesol<\/span><\/p>\n<p><span style=\"font-size: xx-small;\">698.-\u20ac\/l<\/span><\/p>\n","protected":false},"excerpt":{"rendered":"<p><span style=\"font-weight: 400;\">N\u00e4okreem punetavale, kuperoossele ja rosaatsea nahale 50ml<\/span><\/p>\n<p><span style=\"font-weight: 400;\">V\u00e4hendab n\u00e4onaha punetust kuni 35% *<\/span><span style=\"font-weight: 400;\"><br \/>\n<\/span><span style=\"font-weight: 400;\">Rahustab ja tugevdab nahka<\/span><span style=\"font-weight: 400;\"><br \/>\n<\/span><span style=\"font-weight: 400;\">V\u00e4hendab laienenud veresoonte n\u00e4htavust kuni 21% *<\/span><span style=\"font-weight: 400;\"><br \/>\n<\/span><span style=\"font-weight: 400;\">Siidine ja kiiresti imenduv tekstuur<\/span><span style=\"font-weight: 400;\"><br \/>\n<\/span><span style=\"font-weight: 400;\">Sisaldab pantenooli, allantoiini ja p\u00e4rmiekstrakti<\/span><span style=\"font-weight: 400;\"><br \/>\n<\/span><span style=\"font-weight: 400;\">L\u00f5hnavaba ja sobib tundlikule nahale<\/span><span style=\"font-weight: 400;\"><br \/>\n<\/span><span style=\"font-weight: 400;\">90% looduslik koostis<\/span><span style=\"font-weight: 400;\"><br \/>\n<\/span><\/p>\n","protected":false},"featured_media":9692,"template":"","meta":{"om_disable_all_campaigns":false,"_monsterinsights_skip_tracking":false,"_monsterinsights_sitenote_active":false,"_monsterinsights_sitenote_note":"","_monsterinsights_sitenote_category":0,"_uf_show_specific_survey":0,"_uf_disable_surveys":false,"site-sidebar-layout":"default","site-content-layout":"","ast-site-content-layout":"default","site-content-style":"default","site-sidebar-style":"default","ast-global-header-display":"","ast-banner-title-visibility":"","ast-main-header-display":"","ast-hfb-above-header-display":"","ast-hfb-below-header-display":"","ast-hfb-mobile-header-display":"","site-post-title":"","ast-breadcrumbs-content":"","ast-featured-img":"","footer-sml-layout":"","theme-transparent-header-meta":"default","adv-header-id-meta":"","stick-header-meta":"","header-above-stick-meta":"","header-main-stick-meta":"","header-below-stick-meta":"","astra-migrate-meta-layouts":"set","ast-page-background-enabled":"default","ast-page-background-meta":{"desktop":{"background-color":"var(--ast-global-color-4)","background-image":"","background-repeat":"repeat","background-position":"center center","background-size":"auto","background-attachment":"scroll","background-type":"","background-media":"","overlay-type":"","overlay-color":"","overlay-opacity":"","overlay-gradient":""},"tablet":{"background-color":"","background-image":"","background-repeat":"repeat","background-position":"center center","background-size":"auto","background-attachment":"scroll","background-type":"","background-media":"","overlay-type":"","overlay-color":"","overlay-opacity":"","overlay-gradient":""},"mobile":{"background-color":"","background-image":"","background-repeat":"repeat","background-position":"center center","background-size":"auto","background-attachment":"scroll","background-type":"","background-media":"","overlay-type":"","overlay-color":"","overlay-opacity":"","overlay-gradient":""}},"ast-content-background-meta":{"desktop":{"background-color":"var(--ast-global-color-5)","background-image":"","background-repeat":"repeat","background-position":"center center","background-size":"auto","background-attachment":"scroll","background-type":"","background-media":"","overlay-type":"","overlay-color":"","overlay-opacity":"","overlay-gradient":""},"tablet":{"background-color":"var(--ast-global-color-5)","background-image":"","background-repeat":"repeat","background-position":"center center","background-size":"auto","background-attachment":"scroll","background-type":"","background-media":"","overlay-type":"","overlay-color":"","overlay-opacity":"","overlay-gradient":""},"mobile":{"background-color":"var(--ast-global-color-5)","background-image":"","background-repeat":"repeat","background-position":"center center","background-size":"auto","background-attachment":"scroll","background-type":"","background-media":"","overlay-type":"","overlay-color":"","overlay-opacity":"","overlay-gradient":""}}},"product_brand":[],"product_cat":[75,15,426],"product_tag":[],"class_list":{"0":"post-9691","1":"product","2":"type-product","3":"status-publish","4":"has-post-thumbnail","6":"product_cat-kreemid-naole","7":"product_cat-naole","8":"product_cat-uued-tooted","9":"desktop-align-center","10":"tablet-align-left","11":"mobile-align-left","13":"first","14":"instock","15":"taxable","16":"shipping-taxable","17":"purchasable","18":"product-type-simple","19":"add-to-wishlist-before_image"},"aioseo_notices":[],"_links":{"self":[{"href":"https:\/\/kosmeetika24.eu\/et\/wp-json\/wp\/v2\/product\/9691","targetHints":{"allow":["GET"]}}],"collection":[{"href":"https:\/\/kosmeetika24.eu\/et\/wp-json\/wp\/v2\/product"}],"about":[{"href":"https:\/\/kosmeetika24.eu\/et\/wp-json\/wp\/v2\/types\/product"}],"version-history":[{"count":6,"href":"https:\/\/kosmeetika24.eu\/et\/wp-json\/wp\/v2\/product\/9691\/revisions"}],"predecessor-version":[{"id":10507,"href":"https:\/\/kosmeetika24.eu\/et\/wp-json\/wp\/v2\/product\/9691\/revisions\/10507"}],"wp:featuredmedia":[{"embeddable":true,"href":"https:\/\/kosmeetika24.eu\/et\/wp-json\/wp\/v2\/media\/9692"}],"wp:attachment":[{"href":"https:\/\/kosmeetika24.eu\/et\/wp-json\/wp\/v2\/media?parent=9691"}],"wp:term":[{"taxonomy":"product_brand","embeddable":true,"href":"https:\/\/kosmeetika24.eu\/et\/wp-json\/wp\/v2\/product_brand?post=9691"},{"taxonomy":"product_cat","embeddable":true,"href":"https:\/\/kosmeetika24.eu\/et\/wp-json\/wp\/v2\/product_cat?post=9691"},{"taxonomy":"product_tag","embeddable":true,"href":"https:\/\/kosmeetika24.eu\/et\/wp-json\/wp\/v2\/product_tag?post=9691"}],"curies":[{"name":"wp","href":"https:\/\/api.w.org\/{rel}","templated":true}]}}