{"id":9677,"date":"2025-02-20T19:38:12","date_gmt":"2025-02-20T16:38:12","guid":{"rendered":"https:\/\/kosmeetika24.eu\/?post_type=product&#038;p=9677"},"modified":"2026-02-04T16:34:38","modified_gmt":"2026-02-04T13:34:38","slug":"dalton-marine-selection-enimmuudud-komplekt","status":"publish","type":"product","link":"https:\/\/kosmeetika24.eu\/et\/toode\/dalton-marine-selection-enimmuudud-komplekt\/","title":{"rendered":"Dalton Marine Selection Enimm\u00fc\u00fcdud komplekt"},"content":{"rendered":"<p><strong>Toote kirjeldus<\/strong><\/p>\n<p><span style=\"font-weight: 400;\">Marine Selection ilukomplekt sisaldab DALTONi enimm\u00fc\u00fcdud vananemisvastaseid tooteid!<\/span><span style=\"font-weight: 400;\"><br \/>\n<\/span><span style=\"font-weight: 400;\">HYALURONIC UREA Anti-Aging Hydrating Cream \u2013 s\u00fcgavniisutav kreem h\u00fcaluroonhappe ja uureaga.<br \/>\n<\/span><span style=\"font-weight: 400;\">EXTREME LIFT Anti-Wrinkle Serum \u2013 silub hetkega nii peeneid jooni kui ka s\u00fcgavamaid kortse.<br \/>\n<\/span><span style=\"font-weight: 400;\">CAVIAR DELUXE Ampoule \u2013 rikastatud kaaviariekstraktiga, et pakkuda nahale luksuslikku hooldust ja \u00fchtlast jume.<br \/>\n<\/span><span style=\"font-weight: 400;\">#nofilterneeded Ampoule \u2013 loob pehmendava fookuse efekti ja niisutab h\u00fcaluroonhappe abil.<br \/>\n<\/span><span style=\"font-weight: 400;\">Triple Hyaluronic Booster \u2013 sisaldab kolme erinevat h\u00fcaluroonhappe vormi s\u00fcgavniisutuseks.<br \/>\n<\/span><span style=\"font-weight: 400;\">10% Niacinamide Serum \u2013 muudab naha \u00fchtlaseks ja v\u00e4hendab ebat\u00e4iusi.<br \/>\n<\/span><span style=\"font-weight: 400;\">Smoothing Eye Gel &amp; Hydrogel Lifting Eye Patches \u2013 v\u00e4rskendavad ja siluvad silma\u00fcmbrust.<br \/>\n<\/span><span style=\"font-weight: 400;\">Hydro Lift Express Mask \u2013 pinguldab nahka ja v\u00e4hendab kortse kuni 16% juba peale \u00fchte kasutuskorda!<br \/>\n<\/span><span style=\"font-weight: 400;\">Enzyme Peel Powder \u2013 eemaldab \u00f5rnalt surnud naharakud ja parandab toodete imendumist. Sobib ka tundlikule nahale.<\/span><\/p>\n<p><span style=\"font-weight: 400;\"><strong>Tulemus<\/strong><br \/>\nTugevdatud, niisutatud ja nooruslikult s\u00e4rav nahk! Ideaalne kingitus ilugurmaanile.<\/span><\/p>\n<p><strong>Kasutamine<\/strong><\/p>\n<p><span style=\"font-weight: 400;\">Hommikul ja \u00f5htul kanna esmalt silmageel, seej\u00e4rel vananemisvastane seerum v\u00f5i vastavalt naha vajadusele Triple Hyaluronic Booster v\u00f5i 10% Niatsiinamiid Seerum.<br \/>\n<\/span><span style=\"font-weight: 400;\">L\u00f5peta hooldus niisutava n\u00e4okreemiga.<br \/>\n<\/span><span style=\"font-weight: 400;\">Kui nahk vajab lisaniisutust, ava ampull ja kanna see n\u00e4ole, kaelale ja dekolteele.<br \/>\n<\/span><span style=\"font-weight: 400;\">Enzyme Peel Powder kasuta 1-2 korda n\u00e4dalas: puista pulber peopessa, vahusta veega ja kanna nahale. 4 minuti p\u00e4rast loputa.<br \/>\n<\/span><span style=\"font-weight: 400;\">Silmapadjad aseta puhtale nahale silmade alla 15 minutiks.<br \/>\n<\/span><span style=\"font-weight: 400;\">Kangasmaski kasuta, kui vajad lisaniisutust. Hoia nahal 15-20 minutit, seej\u00e4rel patsuta j\u00e4relej\u00e4\u00e4nud seerum naha sisse.<\/span><\/p>\n<p><strong>Komplekt sisaldab<\/strong><\/p>\n<p><span style=\"font-weight: 400;\">HYALURONIC UREA Anti-Aging Hydrating Cream, 50 ml<br \/>\n<\/span><span style=\"font-weight: 400;\">Caviar Anti-Aging Ampoule, 2 ml<br \/>\n<\/span><span style=\"font-weight: 400;\">EXTREME LIFT Anti-Wrinkle Serum, 10 ml<br \/>\n<\/span><span style=\"font-weight: 400;\">FACE CARE Hydro Lift Express Mask, 20 ml<br \/>\n<\/span><span style=\"font-weight: 400;\">FACE CARE Smoothing Eye Gel, 15 ml<br \/>\n<\/span><span style=\"font-weight: 400;\">COMFORT CLEAN Enzyme Peel, 2 tk \u00e0 1g<br \/>\n<\/span><span style=\"font-weight: 400;\">FACE CARE Hydrogel Lifting Eye Patches<br \/>\n<\/span><span style=\"font-weight: 400;\">ALGAE SKINFOOD #nofilterneeded Ampoule, 2 ml<br \/>\n<\/span><span style=\"font-weight: 400;\">HYALURONIC UREA Anti-Aging Hydrating Ampoule, 2 ml<br \/>\n<\/span><span style=\"font-weight: 400;\">HIGH CONCENTRATES Niacinamide Serum 10%, 10 ml<br \/>\n<\/span><span style=\"font-weight: 400;\">HIGH CONCENTRATES Triple Hyaluronic Booster, 10 ml<\/span><\/p>\n","protected":false},"excerpt":{"rendered":"<p><span style=\"font-weight: 400;\">K\u00f5igile nahat\u00fc\u00fcpidele sobiv vananemisvastane iluhooldus<\/span><\/p>\n<p><span style=\"font-weight: 400;\">DALTONi populaarseimad vananemisvastased tooted<br \/>\n<\/span><span style=\"font-weight: 400;\">Sobib igale nahat\u00fc\u00fcbile<br \/>\n<\/span><span style=\"font-weight: 400;\">Komplektiga s\u00e4\u00e4stad 31%<br \/>\n<\/span><span style=\"font-weight: 400;\">Sisaldab kvaliteetset reisikotti<\/span><\/p>\n","protected":false},"featured_media":9678,"template":"","meta":{"om_disable_all_campaigns":false,"_monsterinsights_skip_tracking":false,"_monsterinsights_sitenote_active":false,"_monsterinsights_sitenote_note":"","_monsterinsights_sitenote_category":0,"_uf_show_specific_survey":0,"_uf_disable_surveys":false,"site-sidebar-layout":"default","site-content-layout":"","ast-site-content-layout":"default","site-content-style":"default","site-sidebar-style":"default","ast-global-header-display":"","ast-banner-title-visibility":"","ast-main-header-display":"","ast-hfb-above-header-display":"","ast-hfb-below-header-display":"","ast-hfb-mobile-header-display":"","site-post-title":"","ast-breadcrumbs-content":"","ast-featured-img":"","footer-sml-layout":"","theme-transparent-header-meta":"default","adv-header-id-meta":"","stick-header-meta":"","header-above-stick-meta":"","header-main-stick-meta":"","header-below-stick-meta":"","astra-migrate-meta-layouts":"set","ast-page-background-enabled":"default","ast-page-background-meta":{"desktop":{"background-color":"var(--ast-global-color-4)","background-image":"","background-repeat":"repeat","background-position":"center center","background-size":"auto","background-attachment":"scroll","background-type":"","background-media":"","overlay-type":"","overlay-color":"","overlay-opacity":"","overlay-gradient":""},"tablet":{"background-color":"","background-image":"","background-repeat":"repeat","background-position":"center center","background-size":"auto","background-attachment":"scroll","background-type":"","background-media":"","overlay-type":"","overlay-color":"","overlay-opacity":"","overlay-gradient":""},"mobile":{"background-color":"","background-image":"","background-repeat":"repeat","background-position":"center center","background-size":"auto","background-attachment":"scroll","background-type":"","background-media":"","overlay-type":"","overlay-color":"","overlay-opacity":"","overlay-gradient":""}},"ast-content-background-meta":{"desktop":{"background-color":"var(--ast-global-color-5)","background-image":"","background-repeat":"repeat","background-position":"center center","background-size":"auto","background-attachment":"scroll","background-type":"","background-media":"","overlay-type":"","overlay-color":"","overlay-opacity":"","overlay-gradient":""},"tablet":{"background-color":"var(--ast-global-color-5)","background-image":"","background-repeat":"repeat","background-position":"center center","background-size":"auto","background-attachment":"scroll","background-type":"","background-media":"","overlay-type":"","overlay-color":"","overlay-opacity":"","overlay-gradient":""},"mobile":{"background-color":"var(--ast-global-color-5)","background-image":"","background-repeat":"repeat","background-position":"center center","background-size":"auto","background-attachment":"scroll","background-type":"","background-media":"","overlay-type":"","overlay-color":"","overlay-opacity":"","overlay-gradient":""}}},"product_brand":[],"product_cat":[48,15,426],"product_tag":[188],"class_list":{"0":"post-9677","1":"product","2":"type-product","3":"status-publish","4":"has-post-thumbnail","6":"product_cat-komplektid","7":"product_cat-naole","8":"product_cat-uued-tooted","9":"product_tag-komplekt","10":"desktop-align-center","11":"tablet-align-left","12":"mobile-align-left","14":"first","15":"instock","16":"taxable","17":"shipping-taxable","18":"purchasable","19":"product-type-simple","20":"add-to-wishlist-before_image"},"aioseo_notices":[],"_links":{"self":[{"href":"https:\/\/kosmeetika24.eu\/et\/wp-json\/wp\/v2\/product\/9677","targetHints":{"allow":["GET"]}}],"collection":[{"href":"https:\/\/kosmeetika24.eu\/et\/wp-json\/wp\/v2\/product"}],"about":[{"href":"https:\/\/kosmeetika24.eu\/et\/wp-json\/wp\/v2\/types\/product"}],"version-history":[{"count":2,"href":"https:\/\/kosmeetika24.eu\/et\/wp-json\/wp\/v2\/product\/9677\/revisions"}],"predecessor-version":[{"id":9869,"href":"https:\/\/kosmeetika24.eu\/et\/wp-json\/wp\/v2\/product\/9677\/revisions\/9869"}],"wp:featuredmedia":[{"embeddable":true,"href":"https:\/\/kosmeetika24.eu\/et\/wp-json\/wp\/v2\/media\/9678"}],"wp:attachment":[{"href":"https:\/\/kosmeetika24.eu\/et\/wp-json\/wp\/v2\/media?parent=9677"}],"wp:term":[{"taxonomy":"product_brand","embeddable":true,"href":"https:\/\/kosmeetika24.eu\/et\/wp-json\/wp\/v2\/product_brand?post=9677"},{"taxonomy":"product_cat","embeddable":true,"href":"https:\/\/kosmeetika24.eu\/et\/wp-json\/wp\/v2\/product_cat?post=9677"},{"taxonomy":"product_tag","embeddable":true,"href":"https:\/\/kosmeetika24.eu\/et\/wp-json\/wp\/v2\/product_tag?post=9677"}],"curies":[{"name":"wp","href":"https:\/\/api.w.org\/{rel}","templated":true}]}}