{"id":9669,"date":"2025-02-20T19:39:04","date_gmt":"2025-02-20T16:39:04","guid":{"rendered":"https:\/\/kosmeetika24.eu\/?post_type=product&#038;p=9669"},"modified":"2026-03-26T11:41:11","modified_gmt":"2026-03-26T08:41:11","slug":"dalton-extreme-lift-kohese-pinguldava-mojuga-vananemisvastane-nahahooldus","status":"publish","type":"product","link":"https:\/\/kosmeetika24.eu\/et\/toode\/dalton-extreme-lift-kohese-pinguldava-mojuga-vananemisvastane-nahahooldus\/","title":{"rendered":"Dalton Extreme Lift Kohese pinguldava m\u00f5juga vananemisvastane nahahooldus"},"content":{"rendered":"<p><strong>Kasutamine<\/strong><\/p>\n<p><span style=\"font-weight: 400;\">Hommikul ja \u00f5htul kanna esmalt 15% Vitamin C Serum ja silmageel, seej\u00e4rel n\u00e4okreem.<br \/>\n<\/span><span style=\"font-weight: 400;\">EXTREME LIFT Anti-Wrinkle Seerumit v\u00f5ib kasutada nii enne kui ka p\u00e4rast kreemi.<br \/>\n<\/span><span style=\"font-weight: 400;\">Kui nahk vajab lisat\u00f5stet, ava ampull ja kanna see n\u00e4ole, kaelale ja dekolteele.<br \/>\n<\/span><span style=\"font-weight: 400;\">20% AHA Eksfoliant kasuta 1-3 korda n\u00e4dalas, et eemaldada surnud naharakud ja stimuleerida nahauuenemist.<\/span><\/p>\n<p><strong>Toote kirjeldus<\/strong><\/p>\n<p><span style=\"font-weight: 400;\">Kahekordne kortsudevastane toime! Jamb\u00fa ekstrakt l\u00f5dvestab miimika lihaseid, mist\u00f5ttu peened jooned ja kortsud muutuvad v\u00e4hem m\u00e4rgatavaks. Samal ajal aitab see ennetada uute kortsude teket \u2013 tulemuseks on kohene lifting-efekt, kuid ilma n\u00e4oilmet &#8220;k\u00fclmutamata&#8221;.<\/span><\/p>\n<p><strong>Komplekt sisaldab<\/strong><\/p>\n<p><span style=\"font-weight: 400;\">EXTREME LIFT Anti-Wrinkle N\u00e4okreem, 50 ml<br \/>\n<\/span><span style=\"font-weight: 400;\">EXTREME LIFT Anti-Wrinkle Silmakreem, 15 ml<br \/>\n<\/span><span style=\"font-weight: 400;\">EXTREME LIFT Anti-Wrinkle Seerum, 10 ml<br \/>\n<\/span><span style=\"font-weight: 400;\">EXTREME LIFT Ampullid, 3x \u00e0 2ml<br \/>\n<\/span><span style=\"font-weight: 400;\">HIGH CONCENTRATE 15% Vitamin C Seerum, 10 ml<br \/>\n<\/span><span style=\"font-weight: 400;\">CHEMICAL PEEL 20% AHA Eksfoliant, 3 ml<\/span><\/p>\n","protected":false},"excerpt":{"rendered":"<p><span style=\"font-weight: 400;\">V\u00f5imas lifting-efekt miimikakortsudele<br \/>\n<\/span><span style=\"font-weight: 400;\">Silub ja pinguldab kortse hetkega<br \/>\n<\/span><span style=\"font-weight: 400;\">Aitab ennetada uute kortsude teket<br \/>\n<\/span><span style=\"font-weight: 400;\">Sisaldab jamb\u00fa ekstrakti \u2013 looduslik alternatiiv botoxile<br \/>\n<\/span><span style=\"font-weight: 400;\">Sisaldab kvaliteetset reisikotti<br \/>\n<\/span><span style=\"font-weight: 400;\">Komplektiga s\u00e4\u00e4stad 31%<\/span><\/p>\n","protected":false},"featured_media":9675,"template":"","meta":{"om_disable_all_campaigns":false,"_monsterinsights_skip_tracking":false,"_monsterinsights_sitenote_active":false,"_monsterinsights_sitenote_note":"","_monsterinsights_sitenote_category":0,"_uf_show_specific_survey":0,"_uf_disable_surveys":false,"site-sidebar-layout":"default","site-content-layout":"","ast-site-content-layout":"default","site-content-style":"default","site-sidebar-style":"default","ast-global-header-display":"","ast-banner-title-visibility":"","ast-main-header-display":"","ast-hfb-above-header-display":"","ast-hfb-below-header-display":"","ast-hfb-mobile-header-display":"","site-post-title":"","ast-breadcrumbs-content":"","ast-featured-img":"","footer-sml-layout":"","theme-transparent-header-meta":"default","adv-header-id-meta":"","stick-header-meta":"","header-above-stick-meta":"","header-main-stick-meta":"","header-below-stick-meta":"","astra-migrate-meta-layouts":"set","ast-page-background-enabled":"default","ast-page-background-meta":{"desktop":{"background-color":"var(--ast-global-color-4)","background-image":"","background-repeat":"repeat","background-position":"center center","background-size":"auto","background-attachment":"scroll","background-type":"","background-media":"","overlay-type":"","overlay-color":"","overlay-opacity":"","overlay-gradient":""},"tablet":{"background-color":"","background-image":"","background-repeat":"repeat","background-position":"center center","background-size":"auto","background-attachment":"scroll","background-type":"","background-media":"","overlay-type":"","overlay-color":"","overlay-opacity":"","overlay-gradient":""},"mobile":{"background-color":"","background-image":"","background-repeat":"repeat","background-position":"center center","background-size":"auto","background-attachment":"scroll","background-type":"","background-media":"","overlay-type":"","overlay-color":"","overlay-opacity":"","overlay-gradient":""}},"ast-content-background-meta":{"desktop":{"background-color":"var(--ast-global-color-5)","background-image":"","background-repeat":"repeat","background-position":"center center","background-size":"auto","background-attachment":"scroll","background-type":"","background-media":"","overlay-type":"","overlay-color":"","overlay-opacity":"","overlay-gradient":""},"tablet":{"background-color":"var(--ast-global-color-5)","background-image":"","background-repeat":"repeat","background-position":"center center","background-size":"auto","background-attachment":"scroll","background-type":"","background-media":"","overlay-type":"","overlay-color":"","overlay-opacity":"","overlay-gradient":""},"mobile":{"background-color":"var(--ast-global-color-5)","background-image":"","background-repeat":"repeat","background-position":"center center","background-size":"auto","background-attachment":"scroll","background-type":"","background-media":"","overlay-type":"","overlay-color":"","overlay-opacity":"","overlay-gradient":""}}},"product_brand":[],"product_cat":[48,125,122,426],"product_tag":[188],"class_list":{"0":"post-9669","1":"product","2":"type-product","3":"status-publish","4":"has-post-thumbnail","6":"product_cat-komplektid","7":"product_cat-kontsentraadid-seerumid-profitooted","8":"product_cat-seerumid-profitooted","9":"product_cat-uued-tooted","10":"product_tag-komplekt","11":"desktop-align-center","12":"tablet-align-left","13":"mobile-align-left","15":"first","16":"instock","17":"taxable","18":"shipping-taxable","19":"purchasable","20":"product-type-simple","21":"add-to-wishlist-before_image"},"aioseo_notices":[],"_links":{"self":[{"href":"https:\/\/kosmeetika24.eu\/et\/wp-json\/wp\/v2\/product\/9669","targetHints":{"allow":["GET"]}}],"collection":[{"href":"https:\/\/kosmeetika24.eu\/et\/wp-json\/wp\/v2\/product"}],"about":[{"href":"https:\/\/kosmeetika24.eu\/et\/wp-json\/wp\/v2\/types\/product"}],"version-history":[{"count":3,"href":"https:\/\/kosmeetika24.eu\/et\/wp-json\/wp\/v2\/product\/9669\/revisions"}],"predecessor-version":[{"id":9870,"href":"https:\/\/kosmeetika24.eu\/et\/wp-json\/wp\/v2\/product\/9669\/revisions\/9870"}],"wp:featuredmedia":[{"embeddable":true,"href":"https:\/\/kosmeetika24.eu\/et\/wp-json\/wp\/v2\/media\/9675"}],"wp:attachment":[{"href":"https:\/\/kosmeetika24.eu\/et\/wp-json\/wp\/v2\/media?parent=9669"}],"wp:term":[{"taxonomy":"product_brand","embeddable":true,"href":"https:\/\/kosmeetika24.eu\/et\/wp-json\/wp\/v2\/product_brand?post=9669"},{"taxonomy":"product_cat","embeddable":true,"href":"https:\/\/kosmeetika24.eu\/et\/wp-json\/wp\/v2\/product_cat?post=9669"},{"taxonomy":"product_tag","embeddable":true,"href":"https:\/\/kosmeetika24.eu\/et\/wp-json\/wp\/v2\/product_tag?post=9669"}],"curies":[{"name":"wp","href":"https:\/\/api.w.org\/{rel}","templated":true}]}}