{"id":9653,"date":"2025-02-20T19:40:43","date_gmt":"2025-02-20T16:40:43","guid":{"rendered":"https:\/\/kosmeetika24.eu\/?post_type=product&#038;p=9653"},"modified":"2026-03-26T11:43:08","modified_gmt":"2026-03-26T08:43:08","slug":"dalton-q10-vananemisvastane-nahahoolduskomplekt-sarava-jume-saavutamiseks","status":"publish","type":"product","link":"https:\/\/kosmeetika24.eu\/et\/toode\/dalton-q10-vananemisvastane-nahahoolduskomplekt-sarava-jume-saavutamiseks\/","title":{"rendered":"Dalton Q10 Vananemisvastane nahahoolduskomplekt s\u00e4rava jume saavutamiseks"},"content":{"rendered":"<p><strong>Kasutamine<\/strong><\/p>\n<p><span style=\"font-weight: 400;\">Hommikul ja \u00f5htul p\u00e4rast puhastamist kanna nahale esmalt silmakreem, seej\u00e4rel 15% C-vitamiini seerum.<\/span><span style=\"font-weight: 400;\"><br \/>\n<\/span><span style=\"font-weight: 400;\">J\u00e4tka nahahooldust Q10 n\u00e4okreemiga.<\/span><span style=\"font-weight: 400;\"><br \/>\n<\/span><span style=\"font-weight: 400;\">Kui nahk vajab ekstra energialaengut, ava ampull ja kanna kontsentraat n\u00e4ole, kaelale ning dekolteele.<\/span><span style=\"font-weight: 400;\"><br \/>\n<\/span><span style=\"font-weight: 400;\">Koorija v\u00f5i 20% AHA koorijat kasuta 1-2 korda n\u00e4dalas.<\/span><span style=\"font-weight: 400;\"><br \/>\n<\/span><span style=\"font-weight: 400;\">Maski kanna nahale samuti 1-2 korda n\u00e4dalas ning masseeri sisse. Loputa 15 minuti p\u00e4rast leige veega v\u00f5i j\u00e4ta \u00f6\u00f6seks peale.<\/span><span style=\"font-weight: 400;\"><br \/>\n<\/span><span style=\"font-weight: 400;\">\u00c4ra kasuta 20% AHA koorijat raseduse v\u00f5i imetamise ajal.<\/span><span style=\"font-weight: 400;\"><br \/>\n<\/span><span style=\"font-weight: 400;\">Kaitse oma nahka p\u00e4evasel ajal v\u00e4hemalt SPF 30 p\u00e4ikesekaitsekreemiga.<\/span><\/p>\n<p><strong>Toote kirjeldus<\/strong><\/p>\n<p><span style=\"font-weight: 400;\">See vananemisvastane komplekt on kohene lahendus tuhmile nahale ning pakub kuivale nahale v\u00e4\u00e4rtuslikke lipiide. Q10 kollektsiooni hooldustooted annavad nahale elustava energialaengu, tagades loomuliku s\u00e4ra. Need siluvad kortse ja peeneid jooni, parandavad naha elastsust ja takistavad naha kuivamist.<\/span><\/p>\n<p><span style=\"font-weight: 400;\">Koens\u00fc\u00fcm Q10 (CoQ10) omab v\u00f5imsaid antioks\u00fcdantseid omadusi, kaitstes nahka oks\u00fcdatiivse stressi ja vabade radikaalide kahjustuste eest. Komplekti kuuluv 15% C-vitamiini seerum suurendab kollageeni tootmist ja annab intensiivse s\u00e4ra. 20% AHA koorija eemaldab surnud naharakud ning silub kortse. \u00d5rn 2-in-1 n\u00e4okoorija \u00fchendab niisutaja ja koorija omadused, olles ideaalne kuivale nahale, pakkudes s\u00fcgavat niisutust ja \u00f5rna koorimist.<\/span><\/p>\n<p><i><span style=\"font-weight: 400;\">Testiviis: In-vitro uuring inimese rakkudel. ATP s\u00fcnteesi suurenemine p\u00e4rast Q10 lisamist aja jooksul (minutites) v\u00f5rreldes kontrollr\u00fchmaga ilma Q10-ta.<\/span><\/i><\/p>\n<p><strong>Komplekt sisaldab<\/strong><\/p>\n<p><span style=\"font-weight: 400;\">Q10 N\u00e4okreem, 50ml<\/span><span style=\"font-weight: 400;\"><br \/>\n<\/span><span style=\"font-weight: 400;\">Q10 Silmakreem, 15ml<\/span><span style=\"font-weight: 400;\"><br \/>\n<\/span><span style=\"font-weight: 400;\">Q10 Ampullid, 3 tk \u00e0 2ml<\/span><span style=\"font-weight: 400;\"><br \/>\n<\/span><span style=\"font-weight: 400;\">Q10 Kreemmask, 50ml<\/span><span style=\"font-weight: 400;\"><br \/>\n<\/span><span style=\"font-weight: 400;\">HIGH CONCENTRATES 15% C-vitamiini Seerum, 10ml<\/span><span style=\"font-weight: 400;\"><br \/>\n<\/span><span style=\"font-weight: 400;\">CHEMICAL PEEL 20% AHA Koorija, 3ml<\/span><span style=\"font-weight: 400;\"><br \/>\n<\/span><span style=\"font-weight: 400;\">FACE CARE \u00d5rn N\u00e4okoorija, 3ml<\/span><\/p>\n","protected":false},"excerpt":{"rendered":"<p><span style=\"font-weight: 400;\">Koens\u00fc\u00fcm Q10 suurendab raku energiataset 90% v\u00f5rra vaid 2 tunniga*<\/span><span style=\"font-weight: 400;\"><br \/>\n<\/span><span style=\"font-weight: 400;\">Elustab tuhmi ja v\u00e4sinud nahka<\/span><span style=\"font-weight: 400;\"><br \/>\n<\/span><span style=\"font-weight: 400;\">Niisutavad lipiidid hooldavad kuiva nahka<\/span><span style=\"font-weight: 400;\"><br \/>\n<\/span><span style=\"font-weight: 400;\">Sisaldab kvaliteetset reisikotti<\/span><span style=\"font-weight: 400;\"><br \/>\n<\/span><span style=\"font-weight: 400;\">Komplektiga s\u00e4\u00e4stad 29%<\/span><\/p>\n","protected":false},"featured_media":9659,"template":"","meta":{"om_disable_all_campaigns":false,"_monsterinsights_skip_tracking":false,"_monsterinsights_sitenote_active":false,"_monsterinsights_sitenote_note":"","_monsterinsights_sitenote_category":0,"_uf_show_specific_survey":0,"_uf_disable_surveys":false,"site-sidebar-layout":"default","site-content-layout":"","ast-site-content-layout":"default","site-content-style":"default","site-sidebar-style":"default","ast-global-header-display":"","ast-banner-title-visibility":"","ast-main-header-display":"","ast-hfb-above-header-display":"","ast-hfb-below-header-display":"","ast-hfb-mobile-header-display":"","site-post-title":"","ast-breadcrumbs-content":"","ast-featured-img":"","footer-sml-layout":"","theme-transparent-header-meta":"default","adv-header-id-meta":"","stick-header-meta":"","header-above-stick-meta":"","header-main-stick-meta":"","header-below-stick-meta":"","astra-migrate-meta-layouts":"set","ast-page-background-enabled":"default","ast-page-background-meta":{"desktop":{"background-color":"var(--ast-global-color-4)","background-image":"","background-repeat":"repeat","background-position":"center center","background-size":"auto","background-attachment":"scroll","background-type":"","background-media":"","overlay-type":"","overlay-color":"","overlay-opacity":"","overlay-gradient":""},"tablet":{"background-color":"","background-image":"","background-repeat":"repeat","background-position":"center center","background-size":"auto","background-attachment":"scroll","background-type":"","background-media":"","overlay-type":"","overlay-color":"","overlay-opacity":"","overlay-gradient":""},"mobile":{"background-color":"","background-image":"","background-repeat":"repeat","background-position":"center center","background-size":"auto","background-attachment":"scroll","background-type":"","background-media":"","overlay-type":"","overlay-color":"","overlay-opacity":"","overlay-gradient":""}},"ast-content-background-meta":{"desktop":{"background-color":"var(--ast-global-color-5)","background-image":"","background-repeat":"repeat","background-position":"center center","background-size":"auto","background-attachment":"scroll","background-type":"","background-media":"","overlay-type":"","overlay-color":"","overlay-opacity":"","overlay-gradient":""},"tablet":{"background-color":"var(--ast-global-color-5)","background-image":"","background-repeat":"repeat","background-position":"center center","background-size":"auto","background-attachment":"scroll","background-type":"","background-media":"","overlay-type":"","overlay-color":"","overlay-opacity":"","overlay-gradient":""},"mobile":{"background-color":"var(--ast-global-color-5)","background-image":"","background-repeat":"repeat","background-position":"center center","background-size":"auto","background-attachment":"scroll","background-type":"","background-media":"","overlay-type":"","overlay-color":"","overlay-opacity":"","overlay-gradient":""}}},"product_brand":[],"product_cat":[431,48,125,122,426,85,121],"product_tag":[188],"class_list":{"0":"post-9653","1":"product","2":"type-product","3":"status-publish","4":"has-post-thumbnail","6":"product_cat-buduaari-ilulemmik","7":"product_cat-komplektid","8":"product_cat-kontsentraadid-seerumid-profitooted","9":"product_cat-seerumid-profitooted","10":"product_cat-uued-tooted","11":"product_cat-vananemisilmingutega-nahale","12":"product_cat-vananemisilmingutega-nahale-profitooted","13":"product_tag-komplekt","14":"desktop-align-center","15":"tablet-align-left","16":"mobile-align-left","18":"first","19":"instock","20":"taxable","21":"shipping-taxable","22":"purchasable","23":"product-type-simple","24":"add-to-wishlist-before_image"},"aioseo_notices":[],"_links":{"self":[{"href":"https:\/\/kosmeetika24.eu\/et\/wp-json\/wp\/v2\/product\/9653","targetHints":{"allow":["GET"]}}],"collection":[{"href":"https:\/\/kosmeetika24.eu\/et\/wp-json\/wp\/v2\/product"}],"about":[{"href":"https:\/\/kosmeetika24.eu\/et\/wp-json\/wp\/v2\/types\/product"}],"version-history":[{"count":2,"href":"https:\/\/kosmeetika24.eu\/et\/wp-json\/wp\/v2\/product\/9653\/revisions"}],"predecessor-version":[{"id":9872,"href":"https:\/\/kosmeetika24.eu\/et\/wp-json\/wp\/v2\/product\/9653\/revisions\/9872"}],"wp:featuredmedia":[{"embeddable":true,"href":"https:\/\/kosmeetika24.eu\/et\/wp-json\/wp\/v2\/media\/9659"}],"wp:attachment":[{"href":"https:\/\/kosmeetika24.eu\/et\/wp-json\/wp\/v2\/media?parent=9653"}],"wp:term":[{"taxonomy":"product_brand","embeddable":true,"href":"https:\/\/kosmeetika24.eu\/et\/wp-json\/wp\/v2\/product_brand?post=9653"},{"taxonomy":"product_cat","embeddable":true,"href":"https:\/\/kosmeetika24.eu\/et\/wp-json\/wp\/v2\/product_cat?post=9653"},{"taxonomy":"product_tag","embeddable":true,"href":"https:\/\/kosmeetika24.eu\/et\/wp-json\/wp\/v2\/product_tag?post=9653"}],"curies":[{"name":"wp","href":"https:\/\/api.w.org\/{rel}","templated":true}]}}