{"id":9646,"date":"2025-02-20T19:41:39","date_gmt":"2025-02-20T16:41:39","guid":{"rendered":"https:\/\/kosmeetika24.eu\/?post_type=product&#038;p=9646"},"modified":"2026-02-04T16:33:38","modified_gmt":"2026-02-04T13:33:38","slug":"dalton-oyster-starter-kit-kombineeritud-nahale","status":"publish","type":"product","link":"https:\/\/kosmeetika24.eu\/et\/toode\/dalton-oyster-starter-kit-kombineeritud-nahale\/","title":{"rendered":"Dalton &#8211; Oyster Kombineritud nahale"},"content":{"rendered":"<p><strong>Kasutamine<\/strong><\/p>\n<p><span style=\"font-weight: 400;\">P\u00e4rast n\u00e4o puhastamist kasuta hommikul <\/span><i><span style=\"font-weight: 400;\">Pore-Refining Concentrate<\/span><\/i><span style=\"font-weight: 400;\"> ja \u00f5htul <\/span><i><span style=\"font-weight: 400;\">Retinol Serum\u00b4<\/span><\/i><span style=\"font-weight: 400;\">i.<\/span><span style=\"font-weight: 400;\"><br \/>\n<\/span><span style=\"font-weight: 400;\">Seej\u00e4rel kanna nahale <\/span><i><span style=\"font-weight: 400;\">Combination Skin Moisturizer<\/span><\/i><span style=\"font-weight: 400;\">.<\/span><span style=\"font-weight: 400;\"><br \/>\n<\/span><span style=\"font-weight: 400;\">Maski kasuta 1-2 korda n\u00e4dalas: kanna see n\u00e4ole, kaelale ja dekolteele ning lase kuivada. Loputa 15 minuti p\u00e4rast leige veega.<\/span><span style=\"font-weight: 400;\"><br \/>\n<\/span><span style=\"font-weight: 400;\">AHA koorijat kasuta kord n\u00e4dalas. \u00c4ra kasuta Retinol Seerumit ja AHA koorijat raseduse v\u00f5i imetamise ajal.<\/span><span style=\"font-weight: 400;\"><br \/>\n<\/span><span style=\"font-weight: 400;\">Kaitse oma nahka p\u00e4evasel ajal v\u00e4hemalt SPF 30 p\u00e4ikesekaitsekreemiga.<\/span><\/p>\n<p><strong>Toote kirjeldus<\/strong><\/p>\n<p><span style=\"font-weight: 400;\">Puhastav, matistav, poore ahendav \u2013 <\/span><i><span style=\"font-weight: 400;\">OYSTER Starter Kit<\/span><\/i><span style=\"font-weight: 400;\"> sisaldab kvaliteetset vananemisvastaste toodete valikut, mis on spetsiaalselt loodud kombineeritud naha vajaduste jaoks.<\/span><\/p>\n<p><span style=\"font-weight: 400;\">OYSTER kollektsiooni kolm toodet v\u00e4hendavad T-tsooni rasueritust, ahendavad poore ja niisutavad kuivi piirkondi p\u00f5skedel ja silmade \u00fcmbruses.<\/span><span style=\"font-weight: 400;\"><br \/>\n<\/span><span style=\"font-weight: 400;\">OYSTER Matistav Mask omab p\u00f5letikuvastast toimet ning aitab ennetada ebapuhtusi, ummistunud poore ja mustp\u00e4id.<\/span><span style=\"font-weight: 400;\"><br \/>\n<\/span><span style=\"font-weight: 400;\">Retinol Serum v\u00e4hendab kortse ja aknearme ning kiirendab naha uuenemist.<\/span><span style=\"font-weight: 400;\"><br \/>\n<\/span><span style=\"font-weight: 400;\">20% AHA koorija gl\u00fckoolhappega eemaldab surnud naharakud ja loob veatu, klaarim ning noorusliku jume.<\/span><\/p>\n<p><i><span style=\"font-weight: 400;\">Testiviis: 44 naist vanuses 30\u201352 aastat. Kasutati hommikul ja \u00f5htul 28 p\u00e4eva jooksul ning tulemusi v\u00f5rreldi t\u00f6\u00f6tlemata kontrollgrupiga.<\/span><\/i><\/p>\n<p><strong>Komplekt sisaldab<\/strong><\/p>\n<p><span style=\"font-weight: 400;\">OYSTER Kombineeritud Naha Kreem, 50ml<\/span><span style=\"font-weight: 400;\"><br \/>\n<\/span><span style=\"font-weight: 400;\">OYSTER Matistav Mask, 10ml<\/span><span style=\"font-weight: 400;\"><br \/>\n<\/span><span style=\"font-weight: 400;\">OYSTER Poore Ahendav Kontsentraat, 30ml<\/span><span style=\"font-weight: 400;\"><br \/>\n<\/span><span style=\"font-weight: 400;\">CHEMICAL PEEL 20% AHA Koorija, 50ml<\/span><span style=\"font-weight: 400;\"><br \/>\n<\/span><span style=\"font-weight: 400;\">HIGH CONCENTRATES Retinoolseerum, 10ml<\/span><\/p>\n","protected":false},"excerpt":{"rendered":"<p><span style=\"font-weight: 400;\">Tasakaalustav vananemisvastane nahahoolduskomplekt<\/span><\/p>\n<p><span style=\"font-weight: 400;\">95% testis osalenutest kinnitasid, et nahk muutus v\u00e4hem rasuseks ja l\u00e4ikivaks*<\/span><span style=\"font-weight: 400;\"><br \/>\n<\/span><span style=\"font-weight: 400;\">Spetsiaalselt loodud kombineeritud nahale<\/span><span style=\"font-weight: 400;\"><br \/>\n<\/span><span style=\"font-weight: 400;\">Matistav, tasakaalustav ja poore ahendav<\/span><span style=\"font-weight: 400;\"><br \/>\n<\/span><span style=\"font-weight: 400;\">Vananemisvastase toimega<\/span><span style=\"font-weight: 400;\"><br \/>\n<\/span><span style=\"font-weight: 400;\">Sisaldab kvaliteetset reisikotti<\/span><span style=\"font-weight: 400;\"><br \/>\n<\/span><span style=\"font-weight: 400;\">Komplektiga s\u00e4\u00e4stad 28%<\/span><\/p>\n","protected":false},"featured_media":10727,"template":"","meta":{"om_disable_all_campaigns":false,"_monsterinsights_skip_tracking":false,"_monsterinsights_sitenote_active":false,"_monsterinsights_sitenote_note":"","_monsterinsights_sitenote_category":0,"_uf_show_specific_survey":0,"_uf_disable_surveys":false,"site-sidebar-layout":"default","site-content-layout":"","ast-site-content-layout":"default","site-content-style":"default","site-sidebar-style":"default","ast-global-header-display":"","ast-banner-title-visibility":"","ast-main-header-display":"","ast-hfb-above-header-display":"","ast-hfb-below-header-display":"","ast-hfb-mobile-header-display":"","site-post-title":"","ast-breadcrumbs-content":"","ast-featured-img":"","footer-sml-layout":"","theme-transparent-header-meta":"default","adv-header-id-meta":"","stick-header-meta":"","header-above-stick-meta":"","header-main-stick-meta":"","header-below-stick-meta":"","astra-migrate-meta-layouts":"set","ast-page-background-enabled":"default","ast-page-background-meta":{"desktop":{"background-color":"var(--ast-global-color-4)","background-image":"","background-repeat":"repeat","background-position":"center center","background-size":"auto","background-attachment":"scroll","background-type":"","background-media":"","overlay-type":"","overlay-color":"","overlay-opacity":"","overlay-gradient":""},"tablet":{"background-color":"","background-image":"","background-repeat":"repeat","background-position":"center center","background-size":"auto","background-attachment":"scroll","background-type":"","background-media":"","overlay-type":"","overlay-color":"","overlay-opacity":"","overlay-gradient":""},"mobile":{"background-color":"","background-image":"","background-repeat":"repeat","background-position":"center center","background-size":"auto","background-attachment":"scroll","background-type":"","background-media":"","overlay-type":"","overlay-color":"","overlay-opacity":"","overlay-gradient":""}},"ast-content-background-meta":{"desktop":{"background-color":"var(--ast-global-color-5)","background-image":"","background-repeat":"repeat","background-position":"center center","background-size":"auto","background-attachment":"scroll","background-type":"","background-media":"","overlay-type":"","overlay-color":"","overlay-opacity":"","overlay-gradient":""},"tablet":{"background-color":"var(--ast-global-color-5)","background-image":"","background-repeat":"repeat","background-position":"center center","background-size":"auto","background-attachment":"scroll","background-type":"","background-media":"","overlay-type":"","overlay-color":"","overlay-opacity":"","overlay-gradient":""},"mobile":{"background-color":"var(--ast-global-color-5)","background-image":"","background-repeat":"repeat","background-position":"center center","background-size":"auto","background-attachment":"scroll","background-type":"","background-media":"","overlay-type":"","overlay-color":"","overlay-opacity":"","overlay-gradient":""}}},"product_brand":[],"product_cat":[48,15,426],"product_tag":[188],"class_list":{"0":"post-9646","1":"product","2":"type-product","3":"status-publish","4":"has-post-thumbnail","6":"product_cat-komplektid","7":"product_cat-naole","8":"product_cat-uued-tooted","9":"product_tag-komplekt","10":"desktop-align-center","11":"tablet-align-left","12":"mobile-align-left","14":"first","15":"instock","16":"taxable","17":"shipping-taxable","18":"purchasable","19":"product-type-simple","20":"add-to-wishlist-before_image"},"aioseo_notices":[],"_links":{"self":[{"href":"https:\/\/kosmeetika24.eu\/et\/wp-json\/wp\/v2\/product\/9646","targetHints":{"allow":["GET"]}}],"collection":[{"href":"https:\/\/kosmeetika24.eu\/et\/wp-json\/wp\/v2\/product"}],"about":[{"href":"https:\/\/kosmeetika24.eu\/et\/wp-json\/wp\/v2\/types\/product"}],"version-history":[{"count":8,"href":"https:\/\/kosmeetika24.eu\/et\/wp-json\/wp\/v2\/product\/9646\/revisions"}],"predecessor-version":[{"id":10726,"href":"https:\/\/kosmeetika24.eu\/et\/wp-json\/wp\/v2\/product\/9646\/revisions\/10726"}],"wp:featuredmedia":[{"embeddable":true,"href":"https:\/\/kosmeetika24.eu\/et\/wp-json\/wp\/v2\/media\/10727"}],"wp:attachment":[{"href":"https:\/\/kosmeetika24.eu\/et\/wp-json\/wp\/v2\/media?parent=9646"}],"wp:term":[{"taxonomy":"product_brand","embeddable":true,"href":"https:\/\/kosmeetika24.eu\/et\/wp-json\/wp\/v2\/product_brand?post=9646"},{"taxonomy":"product_cat","embeddable":true,"href":"https:\/\/kosmeetika24.eu\/et\/wp-json\/wp\/v2\/product_cat?post=9646"},{"taxonomy":"product_tag","embeddable":true,"href":"https:\/\/kosmeetika24.eu\/et\/wp-json\/wp\/v2\/product_tag?post=9646"}],"curies":[{"name":"wp","href":"https:\/\/api.w.org\/{rel}","templated":true}]}}