{"id":9642,"date":"2025-02-26T16:05:00","date_gmt":"2025-02-26T13:05:00","guid":{"rendered":"https:\/\/kosmeetika24.eu\/?post_type=product&#038;p=9642"},"modified":"2026-04-01T10:10:27","modified_gmt":"2026-04-01T07:10:27","slug":"dalton-caviar-deluxe-caviar-anti-aging-ampoules","status":"publish","type":"product","link":"https:\/\/kosmeetika24.eu\/et\/toode\/dalton-caviar-deluxe-caviar-anti-aging-ampoules\/","title":{"rendered":"Dalton &#8211; Caviar Deluxe \u2013 Caviar Anti-Aging Ampoules"},"content":{"rendered":"<p><strong><img decoding=\"async\" class=\"emoji trp-highlight\" role=\"img\" draggable=\"false\" src=\"https:\/\/s.w.org\/images\/core\/emoji\/17.0.2\/svg\/2b50.svg\" alt=\"\u2b50\" data-trp-translate-id-src=\"35797\" data-trp-node-group-src=\"\u0418\u0437\u043e\u0431\u0440\u0430\u0436\u0435\u043d\u0438\u044f\" \/>!BUDUAAR ILULEMMIK 2026!<img decoding=\"async\" class=\"emoji\" role=\"img\" draggable=\"false\" src=\"https:\/\/s.w.org\/images\/core\/emoji\/17.0.2\/svg\/2b50.svg\" alt=\"\u2b50\" data-trp-translate-id-src=\"35797\" data-trp-node-group-src=\"\u0418\u0437\u043e\u0431\u0440\u0430\u0436\u0435\u043d\u0438\u044f\" \/><br \/>\nKasutamine:<br \/>\n<\/strong><span style=\"font-weight: 400;\">Raputage enne kasutamist ja asetage ampulliavaja ampulli otsa. Suunake t\u00e4pp enda poole ja painutage ampulliavajat tahapoole. Valage kontsentraat peopessa, kandke see n\u00e4ole, kaelale ja dekolteele ning patsutage \u00f5rnalt sisse.<\/span><\/p>\n<p><strong>N\u00f5uanne:<br \/>\n<\/strong><span style=\"font-weight: 400;\">Kiire iluhooldus sileda, veatu ja s\u00e4rava naha saavutamiseks. Ideaalne meigialuskreem kauakestva jumestuse jaoks!<\/span><\/p>\n<p><span style=\"font-weight: 400;\">Kaaviari ampull on t\u00f5eline vananemisvastane kokteil, mis sisaldab olulisi toitaineid ja elut\u00e4htsaid aineid. Selle koostises on meie k\u00f5ige k\u00f5rgema kontsentratsiooniga <em>Celumer mereline ekstrakt<\/em> koos lisadoosi kaaviariga. Kuid see pole veel k\u00f5ik:<\/span><\/p>\n<p><span style=\"font-weight: 400;\">Kiirendab naha uuenemist ja tugevdab naha loomulikku kaitsev\u00f5imet<\/span><span style=\"font-weight: 400;\"><br \/>\n<\/span><span style=\"font-weight: 400;\">Stimuleerib naha kollageeni ja h\u00fcaluroonhappe tootmist<\/span><span style=\"font-weight: 400;\"><br \/>\n<\/span><span style=\"font-weight: 400;\">Suurendab naha niiskustasakaalu 51% v\u00f5rra juba 20 minutiga*<\/span><\/p>\n<p><span style=\"font-weight: 400;\"><strong>Tulemus<\/strong>:<br \/>\nSile, veatu ja kaunilt s\u00e4rav nahk.<\/span><\/p>\n<p><i><span style=\"font-weight: 400;\">Kliiniline uuring naha elastsuse testimiseks in vivo, 35 naist.<\/span><\/i><i><span style=\"font-weight: 400;\"><br \/>\n<\/span><\/i><i><span style=\"font-weight: 400;\">Kliiniline uuring naha niiskussisalduse testimiseks in vivo, 35 naist.<\/span><\/i><\/p>\n<p><span style=\"font-weight: 400;\"><strong>KOOSTIS:<\/strong><br \/>\n<\/span><span style=\"font-weight: 400;\">Aqua\/Water, Propylene Glycol, Glycerin, PEG-7 Glyceryl Cocoate, Sorbitol, Pentylene Glycol, Caviar Extract, Maris Aqua\/Sea Water, Spirulina Maxima Extract, Algae Extract\/Alaria Esculenta Extract, Maris Limus Extract\/Sea Silt Extract, Saccharide Isomerate, Ostrea Shell Extract\/Oyster Shell Extract, PEG-40 Hydrogenated Castor Oil, Sodium Hyaluronate, Biotin, Phenoxyethanol, Potassium Sorbate, Sodium Hydroxide, Ethylhexylglycerin, Trideceth-9, Caprylic\/Capric Triglyceride, Alpha-Isomethyl Ionone, Tetrasodium Glutamate Diacetate, Acrylates\/C10-30 Alkyl Acrylate Crosspolymer, Hexyl Cinnamal, Parfum\/Fragrance<\/span><\/p>\n","protected":false},"excerpt":{"rendered":"<p><span style=\"font-weight: 400;\"><strong><img decoding=\"async\" class=\"emoji trp-highlight\" role=\"img\" draggable=\"false\" src=\"https:\/\/s.w.org\/images\/core\/emoji\/17.0.2\/svg\/2b50.svg\" alt=\"\u2b50\" data-trp-translate-id-src=\"35797\" data-trp-node-group-src=\"\u0418\u0437\u043e\u0431\u0440\u0430\u0436\u0435\u043d\u0438\u044f\" \/>!BUDUAAR ILULEMMIK 2026!<img decoding=\"async\" class=\"emoji\" role=\"img\" draggable=\"false\" src=\"https:\/\/s.w.org\/images\/core\/emoji\/17.0.2\/svg\/2b50.svg\" alt=\"\u2b50\" data-trp-translate-id-src=\"35797\" data-trp-node-group-src=\"\u0418\u0437\u043e\u0431\u0440\u0430\u0436\u0435\u043d\u0438\u044f\" \/><\/strong><br \/>\nToitev vananemisvastane kaaviari ampull s\u00e4rava naha jaoks<\/span><\/p>\n<p><span style=\"font-weight: 400;\">+ Kiirendab naha uuenemist<\/span><span style=\"font-weight: 400;\"><br \/>\n<\/span><span style=\"font-weight: 400;\">+ Toitev kontsentraat kaaviariga<\/span><span style=\"font-weight: 400;\"><br \/>\n<\/span><span style=\"font-weight: 400;\">+ Stimuleerib kollageeni tootmist<\/span><span style=\"font-weight: 400;\"><br \/>\n<\/span><span style=\"font-weight: 400;\">+ Sisaldab essentsiaalseid toitaineid ja elut\u00e4htsaid aineid<\/span><span style=\"font-weight: 400;\"><br \/>\n<\/span><span style=\"font-weight: 400;\">+ H\u00fcaluroonhape niisutab nahka<\/span><span style=\"font-weight: 400;\"><br \/>\n<\/span><span style=\"font-weight: 400;\">+ Parandab naha elastsust 20% v\u00f5rra juba 20 minutiga*<\/span><\/p>\n","protected":false},"featured_media":10904,"template":"","meta":{"om_disable_all_campaigns":false,"_monsterinsights_skip_tracking":false,"_monsterinsights_sitenote_active":false,"_monsterinsights_sitenote_note":"","_monsterinsights_sitenote_category":0,"_uf_show_specific_survey":0,"_uf_disable_surveys":false,"site-sidebar-layout":"default","site-content-layout":"","ast-site-content-layout":"default","site-content-style":"default","site-sidebar-style":"default","ast-global-header-display":"","ast-banner-title-visibility":"","ast-main-header-display":"","ast-hfb-above-header-display":"","ast-hfb-below-header-display":"","ast-hfb-mobile-header-display":"","site-post-title":"","ast-breadcrumbs-content":"","ast-featured-img":"","footer-sml-layout":"","theme-transparent-header-meta":"default","adv-header-id-meta":"","stick-header-meta":"","header-above-stick-meta":"","header-main-stick-meta":"","header-below-stick-meta":"","astra-migrate-meta-layouts":"set","ast-page-background-enabled":"default","ast-page-background-meta":{"desktop":{"background-color":"var(--ast-global-color-4)","background-image":"","background-repeat":"repeat","background-position":"center center","background-size":"auto","background-attachment":"scroll","background-type":"","background-media":"","overlay-type":"","overlay-color":"","overlay-opacity":"","overlay-gradient":""},"tablet":{"background-color":"","background-image":"","background-repeat":"repeat","background-position":"center center","background-size":"auto","background-attachment":"scroll","background-type":"","background-media":"","overlay-type":"","overlay-color":"","overlay-opacity":"","overlay-gradient":""},"mobile":{"background-color":"","background-image":"","background-repeat":"repeat","background-position":"center center","background-size":"auto","background-attachment":"scroll","background-type":"","background-media":"","overlay-type":"","overlay-color":"","overlay-opacity":"","overlay-gradient":""}},"ast-content-background-meta":{"desktop":{"background-color":"var(--ast-global-color-5)","background-image":"","background-repeat":"repeat","background-position":"center center","background-size":"auto","background-attachment":"scroll","background-type":"","background-media":"","overlay-type":"","overlay-color":"","overlay-opacity":"","overlay-gradient":""},"tablet":{"background-color":"var(--ast-global-color-5)","background-image":"","background-repeat":"repeat","background-position":"center center","background-size":"auto","background-attachment":"scroll","background-type":"","background-media":"","overlay-type":"","overlay-color":"","overlay-opacity":"","overlay-gradient":""},"mobile":{"background-color":"var(--ast-global-color-5)","background-image":"","background-repeat":"repeat","background-position":"center center","background-size":"auto","background-attachment":"scroll","background-type":"","background-media":"","overlay-type":"","overlay-color":"","overlay-opacity":"","overlay-gradient":""}}},"product_brand":[],"product_cat":[431,80,125,15,77,122,432,426,85],"product_tag":[],"class_list":{"0":"post-9642","1":"product","2":"type-product","3":"status-publish","4":"has-post-thumbnail","6":"product_cat-buduaari-ilulemmik","7":"product_cat-kontsentraadid","8":"product_cat-kontsentraadid-seerumid-profitooted","9":"product_cat-naole","10":"product_cat-seerumid","11":"product_cat-seerumid-profitooted","12":"product_cat-top-tooted","13":"product_cat-uued-tooted","14":"product_cat-vananemisilmingutega-nahale","15":"desktop-align-center","16":"tablet-align-left","17":"mobile-align-left","19":"first","20":"instock","21":"taxable","22":"shipping-taxable","23":"purchasable","24":"product-type-simple","25":"add-to-wishlist-before_image"},"aioseo_notices":[],"_links":{"self":[{"href":"https:\/\/kosmeetika24.eu\/et\/wp-json\/wp\/v2\/product\/9642","targetHints":{"allow":["GET"]}}],"collection":[{"href":"https:\/\/kosmeetika24.eu\/et\/wp-json\/wp\/v2\/product"}],"about":[{"href":"https:\/\/kosmeetika24.eu\/et\/wp-json\/wp\/v2\/types\/product"}],"version-history":[{"count":5,"href":"https:\/\/kosmeetika24.eu\/et\/wp-json\/wp\/v2\/product\/9642\/revisions"}],"predecessor-version":[{"id":10909,"href":"https:\/\/kosmeetika24.eu\/et\/wp-json\/wp\/v2\/product\/9642\/revisions\/10909"}],"wp:featuredmedia":[{"embeddable":true,"href":"https:\/\/kosmeetika24.eu\/et\/wp-json\/wp\/v2\/media\/10904"}],"wp:attachment":[{"href":"https:\/\/kosmeetika24.eu\/et\/wp-json\/wp\/v2\/media?parent=9642"}],"wp:term":[{"taxonomy":"product_brand","embeddable":true,"href":"https:\/\/kosmeetika24.eu\/et\/wp-json\/wp\/v2\/product_brand?post=9642"},{"taxonomy":"product_cat","embeddable":true,"href":"https:\/\/kosmeetika24.eu\/et\/wp-json\/wp\/v2\/product_cat?post=9642"},{"taxonomy":"product_tag","embeddable":true,"href":"https:\/\/kosmeetika24.eu\/et\/wp-json\/wp\/v2\/product_tag?post=9642"}],"curies":[{"name":"wp","href":"https:\/\/api.w.org\/{rel}","templated":true}]}}