{"id":9638,"date":"2025-03-06T14:31:21","date_gmt":"2025-03-06T11:31:21","guid":{"rendered":"https:\/\/kosmeetika24.eu\/?post_type=product&#038;p=9638"},"modified":"2026-04-01T10:10:04","modified_gmt":"2026-04-01T07:10:04","slug":"dalton-s-e-a-marine-stem-cell-ampoules","status":"publish","type":"product","link":"https:\/\/kosmeetika24.eu\/et\/toode\/dalton-s-e-a-marine-stem-cell-ampoules\/","title":{"rendered":"Dalton &#8211; S.E.A. &#8211; Marine Stem Cell Ampoules"},"content":{"rendered":"<p><strong><img decoding=\"async\" class=\"emoji trp-highlight\" role=\"img\" draggable=\"false\" src=\"https:\/\/s.w.org\/images\/core\/emoji\/17.0.2\/svg\/2b50.svg\" alt=\"\u2b50\" data-trp-translate-id-src=\"35797\" data-trp-node-group-src=\"Images\" \/>!BUDUAAR ILULEMMIK 2026!<img decoding=\"async\" class=\"emoji\" role=\"img\" draggable=\"false\" src=\"https:\/\/s.w.org\/images\/core\/emoji\/17.0.2\/svg\/2b50.svg\" alt=\"\u2b50\" data-trp-translate-id-src=\"35797\" data-trp-node-group-src=\"Images\" \/><\/strong><\/p>\n<p>Kasutamine:<span style=\"font-weight: 400;\"><br \/>\n<\/span><span style=\"font-weight: 400;\">Raputage enne kasutamist ning asetage ampulliavaja ampulli otsa. Suunake t\u00e4pp enda poole ja painutage ampulliavajat tahapoole. Valage kontsentraat peopessa ja seej\u00e4rel kanda n\u00e4ole, kaelale ja\u00a0 dekolteele ning seej\u00e4rel masseeriga \u00f5rnalt s\u00f5rmeotstega. Kasutada enne seerumit ja n\u00e4okreemi.<\/span><span style=\"font-weight: 400;\"><br \/>\n<\/span><span style=\"font-weight: 400;\"><br \/>\n<\/span><strong>N\u00f5uanne:<\/strong><span style=\"font-weight: 400;\"><br \/>\n<\/span><span style=\"font-weight: 400;\">Ideaalne nahahooldus osa enne ja peale kosmeetilisi protseduure.<\/span><span style=\"font-weight: 400;\"><br \/>\n<\/span><span style=\"font-weight: 400;\"><br \/>\n<\/span><span style=\"font-weight: 400;\">Mereliste t\u00fcvirakkudega ampullid on t\u00f5eline j\u00f5uallikas! \u00dcks ampull koosneb kokku kahest miljonist merelisest t\u00fcvirakust. Lisaks on see t\u00e4iustatud ainulaadse <\/span><i><span style=\"font-weight: 400;\">Celumer Marine <\/span><\/i><span style=\"font-weight: 400;\">ekstraktiga ja <\/span><i><span style=\"font-weight: 400;\">Crambe maritima<\/span><\/i><span style=\"font-weight: 400;\">\u00b4ga, mis:<\/span><span style=\"font-weight: 400;\"><br \/>\n<\/span><span style=\"font-weight: 400;\">+ Parandab naharakkude loomulikku kaitsev\u00f5imet<\/span><span style=\"font-weight: 400;\"><br \/>\n<\/span><span style=\"font-weight: 400;\">+ Niisutab ja taastab nahka<\/span><span style=\"font-weight: 400;\"><br \/>\n<\/span><span style=\"font-weight: 400;\">+ Stimuleerib <\/span><b>rakkude uuenemist ja epidermise taastumist<\/b><b><br \/>\n<\/b><span style=\"font-weight: 400;\">+ Suurendab kollageeni tootmist kuni <\/span><b>43%<\/b><span style=\"font-weight: 400;\">, et parandada naha elastsust ja pinguldada l\u00f5tvunud nahka<\/span><span style=\"font-weight: 400;\"><br \/>\n<\/span><span style=\"font-weight: 400;\"><br \/>\n<\/span><span style=\"font-weight: 400;\"><strong>Tulemus:<\/strong><br \/>\nNahk n\u00e4ib <\/span><b>siledam, t\u00e4idlasem<\/b><span style=\"font-weight: 400;\"> ning n\u00e4okontuurid muutuvad <\/span><b>pringimaks ja defineeritumaks<\/b><span style=\"font-weight: 400;\">.<\/span><span style=\"font-weight: 400;\"><br \/>\n<\/span><span style=\"font-weight: 400;\"><br \/>\n<\/span><em><span style=\"font-weight: 400;\">*Test viidi l\u00e4bi 47\u201362-aastaste osalejatega, kasutades Celumer Merelist Ekstrakti kaks korda p\u00e4evas nelja n\u00e4dala jooksul. Katsetulemusi v\u00f5rreldi t\u00f6\u00f6tlemata kontrollproovidega. Uuring viidi l\u00e4bi in vivo.<\/span><\/em><span style=\"font-weight: 400;\"><br \/>\n<\/span><\/p>\n","protected":false},"excerpt":{"rendered":"<p><span style=\"font-weight: 400;\"><strong><img decoding=\"async\" class=\"emoji trp-highlight\" role=\"img\" draggable=\"false\" src=\"https:\/\/s.w.org\/images\/core\/emoji\/17.0.2\/svg\/2b50.svg\" alt=\"\u2b50\" data-trp-translate-id-src=\"35797\" data-trp-node-group-src=\"Images\" \/>!BUDUAAR ILULEMMIK 2026!<img decoding=\"async\" class=\"emoji\" role=\"img\" draggable=\"false\" src=\"https:\/\/s.w.org\/images\/core\/emoji\/17.0.2\/svg\/2b50.svg\" alt=\"\u2b50\" data-trp-translate-id-src=\"35797\" data-trp-node-group-src=\"Images\" \/><\/strong><br \/>\nK\u00f5rgelt kontsentreeritud vananemisvastased ampullid rakkude uuenemise kiirendamiseks<\/span><\/p>\n<p><span style=\"font-weight: 400;\">+ Iga ampull sisaldab 2 miljonit merelist t\u00fcvirakku<br \/>\n<\/span><span style=\"font-weight: 400;\">+ V\u00e4ga k\u00f5rgelt kontsentreeritud aktiivsete koostisosadega<br \/>\n<\/span><span style=\"font-weight: 400;\">+ Crambe maritima kaitseb naharakke<br \/>\n<\/span><span style=\"font-weight: 400;\">+ Kiirendab rakkude uuendamist<br \/>\n<\/span><span style=\"font-weight: 400;\">+ Suurendab kollageeni tootmist kuni 43%*<\/span><\/p>\n","protected":false},"featured_media":10905,"template":"","meta":{"om_disable_all_campaigns":false,"_monsterinsights_skip_tracking":false,"_monsterinsights_sitenote_active":false,"_monsterinsights_sitenote_note":"","_monsterinsights_sitenote_category":0,"_uf_show_specific_survey":0,"_uf_disable_surveys":false,"site-sidebar-layout":"default","site-content-layout":"","ast-site-content-layout":"default","site-content-style":"default","site-sidebar-style":"default","ast-global-header-display":"","ast-banner-title-visibility":"","ast-main-header-display":"","ast-hfb-above-header-display":"","ast-hfb-below-header-display":"","ast-hfb-mobile-header-display":"","site-post-title":"","ast-breadcrumbs-content":"","ast-featured-img":"","footer-sml-layout":"","theme-transparent-header-meta":"default","adv-header-id-meta":"","stick-header-meta":"","header-above-stick-meta":"","header-main-stick-meta":"","header-below-stick-meta":"","astra-migrate-meta-layouts":"set","ast-page-background-enabled":"default","ast-page-background-meta":{"desktop":{"background-color":"var(--ast-global-color-4)","background-image":"","background-repeat":"repeat","background-position":"center center","background-size":"auto","background-attachment":"scroll","background-type":"","background-media":"","overlay-type":"","overlay-color":"","overlay-opacity":"","overlay-gradient":""},"tablet":{"background-color":"","background-image":"","background-repeat":"repeat","background-position":"center center","background-size":"auto","background-attachment":"scroll","background-type":"","background-media":"","overlay-type":"","overlay-color":"","overlay-opacity":"","overlay-gradient":""},"mobile":{"background-color":"","background-image":"","background-repeat":"repeat","background-position":"center center","background-size":"auto","background-attachment":"scroll","background-type":"","background-media":"","overlay-type":"","overlay-color":"","overlay-opacity":"","overlay-gradient":""}},"ast-content-background-meta":{"desktop":{"background-color":"var(--ast-global-color-5)","background-image":"","background-repeat":"repeat","background-position":"center center","background-size":"auto","background-attachment":"scroll","background-type":"","background-media":"","overlay-type":"","overlay-color":"","overlay-opacity":"","overlay-gradient":""},"tablet":{"background-color":"var(--ast-global-color-5)","background-image":"","background-repeat":"repeat","background-position":"center center","background-size":"auto","background-attachment":"scroll","background-type":"","background-media":"","overlay-type":"","overlay-color":"","overlay-opacity":"","overlay-gradient":""},"mobile":{"background-color":"var(--ast-global-color-5)","background-image":"","background-repeat":"repeat","background-position":"center center","background-size":"auto","background-attachment":"scroll","background-type":"","background-media":"","overlay-type":"","overlay-color":"","overlay-opacity":"","overlay-gradient":""}}},"product_brand":[],"product_cat":[431,125,15,122,77,426,85,121],"product_tag":[],"class_list":{"0":"post-9638","1":"product","2":"type-product","3":"status-publish","4":"has-post-thumbnail","6":"product_cat-buduaari-ilulemmik","7":"product_cat-kontsentraadid-seerumid-profitooted","8":"product_cat-naole","9":"product_cat-seerumid-profitooted","10":"product_cat-seerumid","11":"product_cat-uued-tooted","12":"product_cat-vananemisilmingutega-nahale","13":"product_cat-vananemisilmingutega-nahale-profitooted","14":"desktop-align-center","15":"tablet-align-left","16":"mobile-align-left","18":"first","19":"instock","20":"taxable","21":"shipping-taxable","22":"purchasable","23":"product-type-simple","24":"add-to-wishlist-before_image"},"aioseo_notices":[],"_links":{"self":[{"href":"https:\/\/kosmeetika24.eu\/et\/wp-json\/wp\/v2\/product\/9638","targetHints":{"allow":["GET"]}}],"collection":[{"href":"https:\/\/kosmeetika24.eu\/et\/wp-json\/wp\/v2\/product"}],"about":[{"href":"https:\/\/kosmeetika24.eu\/et\/wp-json\/wp\/v2\/types\/product"}],"version-history":[{"count":5,"href":"https:\/\/kosmeetika24.eu\/et\/wp-json\/wp\/v2\/product\/9638\/revisions"}],"predecessor-version":[{"id":10919,"href":"https:\/\/kosmeetika24.eu\/et\/wp-json\/wp\/v2\/product\/9638\/revisions\/10919"}],"wp:featuredmedia":[{"embeddable":true,"href":"https:\/\/kosmeetika24.eu\/et\/wp-json\/wp\/v2\/media\/10905"}],"wp:attachment":[{"href":"https:\/\/kosmeetika24.eu\/et\/wp-json\/wp\/v2\/media?parent=9638"}],"wp:term":[{"taxonomy":"product_brand","embeddable":true,"href":"https:\/\/kosmeetika24.eu\/et\/wp-json\/wp\/v2\/product_brand?post=9638"},{"taxonomy":"product_cat","embeddable":true,"href":"https:\/\/kosmeetika24.eu\/et\/wp-json\/wp\/v2\/product_cat?post=9638"},{"taxonomy":"product_tag","embeddable":true,"href":"https:\/\/kosmeetika24.eu\/et\/wp-json\/wp\/v2\/product_tag?post=9638"}],"curies":[{"name":"wp","href":"https:\/\/api.w.org\/{rel}","templated":true}]}}