{"id":9629,"date":"2025-03-06T15:52:17","date_gmt":"2025-03-06T12:52:17","guid":{"rendered":"https:\/\/kosmeetika24.eu\/?post_type=product&#038;p=9629"},"modified":"2026-04-01T10:09:48","modified_gmt":"2026-04-01T07:09:48","slug":"dalton-marine-selection-anti-aging-ampoules-set","status":"publish","type":"product","link":"https:\/\/kosmeetika24.eu\/et\/toode\/dalton-marine-selection-anti-aging-ampoules-set\/","title":{"rendered":"Dalton &#8211; Marine Selection &#8211; Anti-Aging Ampoules Set"},"content":{"rendered":"<p><b>\u2b50!BUDUAAR ILULEMMIK 2026!\u2b50<br \/>\n<\/b><\/p>\n<p><b>Kasutamine<\/b><\/p>\n<p><span style=\"font-weight: 400;\">Raputage enne kasutamist ning asetage ampulliavaja ampulli otsa. Suunake t\u00e4pp enda poole ja painutage ampulliavajat tahapoole. Valage kontsentraat peopessa, kandke see n\u00e4ole, kaelale ja dekolteele ning patsutage \u00f5rnalt sisse.<\/span><\/p>\n<p><b>DALTONi vananemisvastased ampullid<\/b><span style=\"font-weight: 400;\"> on t\u00e4idetud t\u00f5husate mereliste toimeainete kontsentreeritud j\u00f5uga. K\u00f5ik ampullid sisaldavad <\/span><b>unikaalset <\/b><b><i>Celumer Merelist Ekstrakti<\/i><\/b><span style=\"font-weight: 400;\">, mis transpordib toimeained s\u00fcgavamatesse nahakihtidesse ja toetab naha loomulikku uuenemist.<\/span><\/p>\n<p><b>HYALURONIC UREA Ampull<\/b><span style=\"font-weight: 400;\"> \u2013 niisutab nahka ja silub kuivusest tingitud peeneid jooni<\/span><span style=\"font-weight: 400;\"><br \/>\n<\/span><b>EXTREME LIFT Kortsudevastane Ampull<\/b><span style=\"font-weight: 400;\"> \u2013 v\u00e4hendab miimikakortse ja tagab koheselt n\u00e4htavad tulemused<br \/>\n<\/span><b>Q10 Ampull<\/b><span style=\"font-weight: 400;\"> \u2013 annab v\u00e4sinud ja elutule nahale kiire v\u00e4rskenduslaengu<\/span><span style=\"font-weight: 400;\"><br \/>\n<\/span><b>CAVIAR DELUXE Ampull<\/b><span style=\"font-weight: 400;\"> \u2013 toidab nahka ja loob sileda ning s\u00e4rava jume<\/span><span style=\"font-weight: 400;\"><br \/>\n<\/span><b>S.E.A. Ampull<\/b><span style=\"font-weight: 400;\"> \u2013 tugevdab n\u00e4okontuure ja v\u00f5itleb vananemism\u00e4rkidega<\/span><\/p>\n<p><b>Komplekt sisaldab:<\/b><\/p>\n<ul>\n<li style=\"font-weight: 400;\" aria-level=\"1\"><b>HYALURONIC UREA Ampull, 2ml<\/b><\/li>\n<li style=\"font-weight: 400;\" aria-level=\"1\"><b>Q10 Ampull, 2ml<\/b><\/li>\n<li style=\"font-weight: 400;\" aria-level=\"1\"><b>CAVIAR DELUXE Ampull, 2ml<\/b><\/li>\n<li style=\"font-weight: 400;\" aria-level=\"1\"><b>EXTREME LIFT Ampull, 2ml<\/b><\/li>\n<li style=\"font-weight: 400;\" aria-level=\"1\"><b>S.E.A. Ampull, 2ml<\/b><\/li>\n<\/ul>\n","protected":false},"excerpt":{"rendered":"<p><strong>\u2b50!BUDUAAR ILULEMMIK 2026!\u2b50<\/strong><br \/>\nPremium vananemisvastased ampullid &#8211; k\u00f5ik \u00fches komplektis<\/p>\n<p><span style=\"font-weight: 400;\">5 vananemisvastast ampulli:<\/span><span style=\"font-weight: 400;\"><br \/>\n<\/span><span style=\"font-weight: 400;\">+ Nahka t\u00e4itev ampull h\u00fcaluroonhappega<\/span><span style=\"font-weight: 400;\"><br \/>\n<\/span><span style=\"font-weight: 400;\">+ Pinguldav kortsudevastane ampull kohese efektiga<\/span><span style=\"font-weight: 400;\"><br \/>\n<\/span><span style=\"font-weight: 400;\">+ V\u00e4rskendav ja elustav ampull Q10-ga<\/span><span style=\"font-weight: 400;\"><br \/>\n<\/span><span style=\"font-weight: 400;\">+ Vananemisvastane ampull n\u00e4okontuuride tugevdamiseks<br \/>\n<\/span><span style=\"font-weight: 400;\">+ Kollageeni stimuleeriv ampull kaaviariga<\/span><\/p>\n","protected":false},"featured_media":10868,"template":"","meta":{"om_disable_all_campaigns":false,"_monsterinsights_skip_tracking":false,"_monsterinsights_sitenote_active":false,"_monsterinsights_sitenote_note":"","_monsterinsights_sitenote_category":0,"_uf_show_specific_survey":0,"_uf_disable_surveys":false,"site-sidebar-layout":"default","site-content-layout":"","ast-site-content-layout":"default","site-content-style":"default","site-sidebar-style":"default","ast-global-header-display":"","ast-banner-title-visibility":"","ast-main-header-display":"","ast-hfb-above-header-display":"","ast-hfb-below-header-display":"","ast-hfb-mobile-header-display":"","site-post-title":"","ast-breadcrumbs-content":"","ast-featured-img":"","footer-sml-layout":"","theme-transparent-header-meta":"default","adv-header-id-meta":"","stick-header-meta":"","header-above-stick-meta":"","header-main-stick-meta":"","header-below-stick-meta":"","astra-migrate-meta-layouts":"set","ast-page-background-enabled":"default","ast-page-background-meta":{"desktop":{"background-color":"var(--ast-global-color-4)","background-image":"","background-repeat":"repeat","background-position":"center center","background-size":"auto","background-attachment":"scroll","background-type":"","background-media":"","overlay-type":"","overlay-color":"","overlay-opacity":"","overlay-gradient":""},"tablet":{"background-color":"","background-image":"","background-repeat":"repeat","background-position":"center center","background-size":"auto","background-attachment":"scroll","background-type":"","background-media":"","overlay-type":"","overlay-color":"","overlay-opacity":"","overlay-gradient":""},"mobile":{"background-color":"","background-image":"","background-repeat":"repeat","background-position":"center center","background-size":"auto","background-attachment":"scroll","background-type":"","background-media":"","overlay-type":"","overlay-color":"","overlay-opacity":"","overlay-gradient":""}},"ast-content-background-meta":{"desktop":{"background-color":"var(--ast-global-color-5)","background-image":"","background-repeat":"repeat","background-position":"center center","background-size":"auto","background-attachment":"scroll","background-type":"","background-media":"","overlay-type":"","overlay-color":"","overlay-opacity":"","overlay-gradient":""},"tablet":{"background-color":"var(--ast-global-color-5)","background-image":"","background-repeat":"repeat","background-position":"center center","background-size":"auto","background-attachment":"scroll","background-type":"","background-media":"","overlay-type":"","overlay-color":"","overlay-opacity":"","overlay-gradient":""},"mobile":{"background-color":"var(--ast-global-color-5)","background-image":"","background-repeat":"repeat","background-position":"center center","background-size":"auto","background-attachment":"scroll","background-type":"","background-media":"","overlay-type":"","overlay-color":"","overlay-opacity":"","overlay-gradient":""}}},"product_brand":[],"product_cat":[431,125,80,15,122,77,426,85,121],"product_tag":[],"class_list":{"0":"post-9629","1":"product","2":"type-product","3":"status-publish","4":"has-post-thumbnail","6":"product_cat-buduaari-ilulemmik","7":"product_cat-kontsentraadid-seerumid-profitooted","8":"product_cat-kontsentraadid","9":"product_cat-naole","10":"product_cat-seerumid-profitooted","11":"product_cat-seerumid","12":"product_cat-uued-tooted","13":"product_cat-vananemisilmingutega-nahale","14":"product_cat-vananemisilmingutega-nahale-profitooted","15":"desktop-align-center","16":"tablet-align-left","17":"mobile-align-left","19":"first","20":"instock","21":"taxable","22":"shipping-taxable","23":"purchasable","24":"product-type-simple","25":"add-to-wishlist-before_image"},"aioseo_notices":[],"_links":{"self":[{"href":"https:\/\/kosmeetika24.eu\/et\/wp-json\/wp\/v2\/product\/9629","targetHints":{"allow":["GET"]}}],"collection":[{"href":"https:\/\/kosmeetika24.eu\/et\/wp-json\/wp\/v2\/product"}],"about":[{"href":"https:\/\/kosmeetika24.eu\/et\/wp-json\/wp\/v2\/types\/product"}],"version-history":[{"count":5,"href":"https:\/\/kosmeetika24.eu\/et\/wp-json\/wp\/v2\/product\/9629\/revisions"}],"predecessor-version":[{"id":10860,"href":"https:\/\/kosmeetika24.eu\/et\/wp-json\/wp\/v2\/product\/9629\/revisions\/10860"}],"wp:featuredmedia":[{"embeddable":true,"href":"https:\/\/kosmeetika24.eu\/et\/wp-json\/wp\/v2\/media\/10868"}],"wp:attachment":[{"href":"https:\/\/kosmeetika24.eu\/et\/wp-json\/wp\/v2\/media?parent=9629"}],"wp:term":[{"taxonomy":"product_brand","embeddable":true,"href":"https:\/\/kosmeetika24.eu\/et\/wp-json\/wp\/v2\/product_brand?post=9629"},{"taxonomy":"product_cat","embeddable":true,"href":"https:\/\/kosmeetika24.eu\/et\/wp-json\/wp\/v2\/product_cat?post=9629"},{"taxonomy":"product_tag","embeddable":true,"href":"https:\/\/kosmeetika24.eu\/et\/wp-json\/wp\/v2\/product_tag?post=9629"}],"curies":[{"name":"wp","href":"https:\/\/api.w.org\/{rel}","templated":true}]}}