{"id":9625,"date":"2025-04-10T16:01:17","date_gmt":"2025-04-10T13:01:17","guid":{"rendered":"https:\/\/kosmeetika24.eu\/?post_type=product&#038;p=9625"},"modified":"2025-09-30T15:14:47","modified_gmt":"2025-09-30T12:14:47","slug":"dalton-extreme-lift-anti-wrinkle-eye-cream","status":"publish","type":"product","link":"https:\/\/kosmeetika24.eu\/et\/toode\/dalton-extreme-lift-anti-wrinkle-eye-cream\/","title":{"rendered":"Dalton &#8211; Extreme Lift &#8211; Anti-Wrinkle Eye Cream"},"content":{"rendered":"<p><b>Kasutamine:<\/b><b><br \/>\n<\/b><span style=\"font-weight: 400;\">Kandke hommikul ja \u00f5htul p\u00e4rast puhastamist v\u00f5i vastavalt vajadusele. Tupsutage \u00f5rnalt nahale.<\/span><\/p>\n<p><b>N\u00e4pun\u00e4ide<\/b><b><br \/>\n<\/b><span style=\"font-weight: 400;\">Silmakreemi v\u00f5ib kasutada ka huulekontuuril, et v\u00e4hendada vertikaalsete joonte ja kortsude n\u00e4htavust. Kliinilised uuringud kinnitavad, et kreem v\u00e4hendab nn. triipkortsusid (tuntud ka kui suitsetajakortsud) 18% v\u00f5rra juba 28 p\u00e4evaga!**<\/span><\/p>\n<p><span style=\"font-weight: 400;\">Silma\u00fcmbrus on n\u00e4o k\u00f5ige ilmekam piirkond. Aja jooksul kujunevad miimikast naerukurrud ja &#8220;kanavarbad&#8221;, kuid \u00e4rge muretsege! See kortsudevastane silmakreem t\u00e4idab oma lubaduse: see ennetab peente joonte ja kanavarvaste teket ning annab juba esimesel kasutuskorral kohese kortsude silumise ja naha <\/span><span style=\"font-weight: 400;\">t\u00e4idlustunde<\/span><span style=\"font-weight: 400;\">.<\/span><\/p>\n<p><span style=\"font-weight: 400;\">K\u00f5ik see on v\u00f5imalik t\u00e4nu kahele v\u00f5tmekoostisosale:<\/span><span style=\"font-weight: 400;\"><br \/>\n<\/span><b>Jamb\u00fa ekstrakt<\/b><span style=\"font-weight: 400;\"> \u2013 taimne toimeaine, mis l\u00f5dvestab silma\u00fcmbruse lihaseid, aeglustades ja ennetades miimikakortsude teket.<\/span><span style=\"font-weight: 400;\"><br \/>\n<\/span><b>Unikaalne Celumer Mereline Ekstrakt<\/b><span style=\"font-weight: 400;\"> \u2013 transpordib toimeained s\u00fcgavamatesse nahakihtidesse ning pakub pikaajalist vananemisvastast m\u00f5ju.<\/span><\/p>\n<p><span style=\"font-weight: 400;\">Niisutav <\/span><b>h\u00fcaluroonhape<\/b><span style=\"font-weight: 400;\"> silub kuivusest p\u00f5hjustatud kortse ning <\/span><b>p\u00e4evalilleekstrakt<\/b><span style=\"font-weight: 400;\"> parandab naha elastsust.<\/span><\/p>\n<p><i>Testimeetod:<\/i> Katse viidi l\u00e4bi n\u00e4rvi-lihaskoekultuuril, lugedes lihaskontraktsioone. Uuring viidi l\u00e4bi in vitro.<\/p>\n<p><span style=\"font-weight: 400;\"><strong>KOOSTIS:<\/strong><br \/>\nAqua\/Water, Propylene Glycol, Pentylene Glycol, Oleyl Erucate, Caprylic\/Capric Triglyceride, Glyceryl Stearate, Myristyl Alcohol, PEG-100 Stearate, Propanediol, HDI\/Trimethylol Hexyllactone Crosspolymer, Maris Aqua\/Sea Water, Spirulina Maxima Extract, Algae Extract\/Alaria Esculenta Extract, Maris Limus Extract\/Sea Silt Extract, Saccharide Isomerate, Ostrea Shell Extract\/Oyster Shell Extract, Caviar Extract, Acmella Oleracea Extract, Sodium Hyaluronate, Helianthus Annuus (Sunflower) Seed Oil, Caesalpinia Spinosa Fruit Extract, Silica, Tocopherol, Carbomer, Sodium Hydroxide, Silica Dimethyl Silylate, Butylene Glycol, Phenoxyethanol, Kappaphycus Alvarezii Extract, Atelocollagen, Sodium Chondroitin Sulfate, Hydrogenated Palm Glycerides Citrate, Potassium Sorbate, Pentaerythrityl Tetraisostearate, Parfum\/Fragrance<\/span><\/p>\n","protected":false},"excerpt":{"rendered":"<p><span style=\"font-weight: 400;\">Koheselt pinguldav silmakreem miimikakortsude v\u00e4hendamiseks 15ml<\/span><\/p>\n<p><span style=\"font-weight: 400;\">Koheselt pinguldab s\u00fcgavaid kortse<\/span><span style=\"font-weight: 400;\"><br \/>\n<\/span><span style=\"font-weight: 400;\">Sisaldab jamb\u00fa ekstrakti \u2013 looduslik alternatiiv Botoxile<\/span><span style=\"font-weight: 400;\"><br \/>\n<\/span><span style=\"font-weight: 400;\">Uuring kinnitab n\u00e4htavat kortsude v\u00e4henemist enam kui 24 tunniks*<\/span><span style=\"font-weight: 400;\"><br \/>\n<\/span><span style=\"font-weight: 400;\">H\u00fcaluroonhape silub kuivusest tingitud peeneid jooni<\/span><span style=\"font-weight: 400;\"><br \/>\n<\/span><span style=\"font-weight: 400;\">Sobib ka \u00fclahuule kortsude silumiseks<\/span><\/p>\n","protected":false},"featured_media":9626,"template":"","meta":{"om_disable_all_campaigns":false,"_monsterinsights_skip_tracking":false,"_monsterinsights_sitenote_active":false,"_monsterinsights_sitenote_note":"","_monsterinsights_sitenote_category":0,"_uf_show_specific_survey":0,"_uf_disable_surveys":false,"site-sidebar-layout":"default","site-content-layout":"","ast-site-content-layout":"default","site-content-style":"default","site-sidebar-style":"default","ast-global-header-display":"","ast-banner-title-visibility":"","ast-main-header-display":"","ast-hfb-above-header-display":"","ast-hfb-below-header-display":"","ast-hfb-mobile-header-display":"","site-post-title":"","ast-breadcrumbs-content":"","ast-featured-img":"","footer-sml-layout":"","theme-transparent-header-meta":"default","adv-header-id-meta":"","stick-header-meta":"","header-above-stick-meta":"","header-main-stick-meta":"","header-below-stick-meta":"","astra-migrate-meta-layouts":"set","ast-page-background-enabled":"default","ast-page-background-meta":{"desktop":{"background-color":"var(--ast-global-color-4)","background-image":"","background-repeat":"repeat","background-position":"center center","background-size":"auto","background-attachment":"scroll","background-type":"","background-media":"","overlay-type":"","overlay-color":"","overlay-opacity":"","overlay-gradient":""},"tablet":{"background-color":"","background-image":"","background-repeat":"repeat","background-position":"center center","background-size":"auto","background-attachment":"scroll","background-type":"","background-media":"","overlay-type":"","overlay-color":"","overlay-opacity":"","overlay-gradient":""},"mobile":{"background-color":"","background-image":"","background-repeat":"repeat","background-position":"center center","background-size":"auto","background-attachment":"scroll","background-type":"","background-media":"","overlay-type":"","overlay-color":"","overlay-opacity":"","overlay-gradient":""}},"ast-content-background-meta":{"desktop":{"background-color":"var(--ast-global-color-5)","background-image":"","background-repeat":"repeat","background-position":"center center","background-size":"auto","background-attachment":"scroll","background-type":"","background-media":"","overlay-type":"","overlay-color":"","overlay-opacity":"","overlay-gradient":""},"tablet":{"background-color":"var(--ast-global-color-5)","background-image":"","background-repeat":"repeat","background-position":"center center","background-size":"auto","background-attachment":"scroll","background-type":"","background-media":"","overlay-type":"","overlay-color":"","overlay-opacity":"","overlay-gradient":""},"mobile":{"background-color":"var(--ast-global-color-5)","background-image":"","background-repeat":"repeat","background-position":"center center","background-size":"auto","background-attachment":"scroll","background-type":"","background-media":"","overlay-type":"","overlay-color":"","overlay-opacity":"","overlay-gradient":""}}},"product_brand":[],"product_cat":[81,426,85],"product_tag":[],"class_list":{"0":"post-9625","1":"product","2":"type-product","3":"status-publish","4":"has-post-thumbnail","6":"product_cat-silmahooldus","7":"product_cat-uued-tooted","8":"product_cat-vananemisilmingutega-nahale","9":"desktop-align-center","10":"tablet-align-left","11":"mobile-align-left","13":"first","14":"instock","15":"taxable","16":"shipping-taxable","17":"purchasable","18":"product-type-simple","19":"add-to-wishlist-before_image"},"aioseo_notices":[],"_links":{"self":[{"href":"https:\/\/kosmeetika24.eu\/et\/wp-json\/wp\/v2\/product\/9625","targetHints":{"allow":["GET"]}}],"collection":[{"href":"https:\/\/kosmeetika24.eu\/et\/wp-json\/wp\/v2\/product"}],"about":[{"href":"https:\/\/kosmeetika24.eu\/et\/wp-json\/wp\/v2\/types\/product"}],"version-history":[{"count":4,"href":"https:\/\/kosmeetika24.eu\/et\/wp-json\/wp\/v2\/product\/9625\/revisions"}],"predecessor-version":[{"id":10502,"href":"https:\/\/kosmeetika24.eu\/et\/wp-json\/wp\/v2\/product\/9625\/revisions\/10502"}],"wp:featuredmedia":[{"embeddable":true,"href":"https:\/\/kosmeetika24.eu\/et\/wp-json\/wp\/v2\/media\/9626"}],"wp:attachment":[{"href":"https:\/\/kosmeetika24.eu\/et\/wp-json\/wp\/v2\/media?parent=9625"}],"wp:term":[{"taxonomy":"product_brand","embeddable":true,"href":"https:\/\/kosmeetika24.eu\/et\/wp-json\/wp\/v2\/product_brand?post=9625"},{"taxonomy":"product_cat","embeddable":true,"href":"https:\/\/kosmeetika24.eu\/et\/wp-json\/wp\/v2\/product_cat?post=9625"},{"taxonomy":"product_tag","embeddable":true,"href":"https:\/\/kosmeetika24.eu\/et\/wp-json\/wp\/v2\/product_tag?post=9625"}],"curies":[{"name":"wp","href":"https:\/\/api.w.org\/{rel}","templated":true}]}}