{"id":9620,"date":"2025-03-06T14:31:10","date_gmt":"2025-03-06T11:31:10","guid":{"rendered":"https:\/\/kosmeetika24.eu\/?post_type=product&#038;p=9620"},"modified":"2025-09-30T14:23:51","modified_gmt":"2025-09-30T11:23:51","slug":"dalton-s-e-a-marine-stem-cell-serum","status":"publish","type":"product","link":"https:\/\/kosmeetika24.eu\/et\/toode\/dalton-s-e-a-marine-stem-cell-serum\/","title":{"rendered":"Dalton &#8211; S.E.A. &#8211; Marine Stem Cell Serum"},"content":{"rendered":"<p><strong>Kasutamine:<\/strong><span style=\"font-weight: 400;\"><br \/>\n<\/span><span style=\"font-weight: 400;\">Kandke seerum hommikul ja \u00f5htul p\u00e4rast naha puhastamist n\u00e4ole, kaelale ja dekolteepiirkonnale. Seej\u00e4rel kasutage oma nahat\u00fc\u00fcbile sobivat n\u00e4okreemi.<\/span><\/p>\n<p><span style=\"font-weight: 400;\">T\u00e4iuslik segu j\u00f5udlusest ja luksusest \u2013 <\/span><i><span style=\"font-weight: 400;\">Marine Stem Cell Serum <\/span><\/i><span style=\"font-weight: 400;\">on v\u00e4ga kontsentreeritud Mereliste t\u00fcvirakkudega seerum, mis sisaldab unikaalset <em>Celumeri mereekstrakti<\/em>, miljoneid merelisi t\u00fcvirakke ja <em>Crambe maritima ekstrakti<\/em>, pakkudes revolutsioonilist vananemisvastast hooldust.<\/span><\/p>\n<p><span style=\"font-weight: 400;\">See tipptasemel seerum on v\u00f5tmetoode terve, kauni ja noorusliku naha saavutamiseks:<\/span><\/p>\n<ul>\n<li style=\"font-weight: 400;\" aria-level=\"1\"><span style=\"font-weight: 400;\">Tugevdab rakkude loomulikke kaitsemehhanisme<\/span><\/li>\n<li style=\"font-weight: 400;\" aria-level=\"1\"><span style=\"font-weight: 400;\">Soodustab rakkude uuenemist ja epidermise taastumist<\/span><\/li>\n<li style=\"font-weight: 400;\" aria-level=\"1\"><span style=\"font-weight: 400;\">S\u00fcgavniisutab nahka ja stimuleerib h\u00fcaluroonhappe tootmist<\/span><\/li>\n<li style=\"font-weight: 400;\" aria-level=\"1\"><span style=\"font-weight: 400;\">Suurendab kollageeni s\u00fcnteesi kuni 43%*<\/span><\/li>\n<\/ul>\n<p><span style=\"font-weight: 400;\">Tulemuseks on pringim ja siledam nahk, v\u00e4hem kortse ning paremini defineeritud n\u00e4okontuurid.<\/span><\/p>\n<p><i><span style=\"font-weight: 400;\">Kliiniline uuring: 47\u201362-aastased osalejad kasutasid Celumeri mereekstrakti kaks korda p\u00e4evas nelja n\u00e4dala jooksul. Tulemusi v\u00f5rreldi t\u00f6\u00f6tlemata kontrollpiirkonnaga. Uuring viidi l\u00e4bi in vivo.<\/span><\/i><span style=\"font-weight: 400;\">.<\/span><\/p>\n<p><span style=\"font-weight: 400;\"><strong>KOOSTIS:<br \/>\n<\/strong> Aqua\/Water, Glycerin, 1,2-Hexanediol, Xanthan Gum, Caprylic\/Capric Triglyceride, Maris Aqua\/Sea Water, Crithmum Maritimum Extract, Crambe Maritima Leaf Extract, Caviar Extract, Spirulina Maxima Extract, Ostrea Shell Extract\/Oyster Shell Extract, Maris Limus Extract\/Sea Silt Extract, Saccharide Isomerate, Algae Extract\/Alaria Esculenta Extract, Panthenol, Sodium Hyaluronate, Pentylene Glycol, Propylene Glycol, Hydroxyacetophenone, Sodium Oleoyl Sarcosinate, Sodium Lauryl Sulfoacetate, Phenoxyethanol, Sodium Oleate, Sodium Chloride, Parfum\/Fragrance, Limonene, Benzyl Salicylate, Hexyl Cinnamal, Benzyl Benzoate, Linalool, Coumarin, Citronellol, Alpha-Isomethyl Ionone, Potassium Sorbate, Citric Acid<\/span><\/p>\n","protected":false},"excerpt":{"rendered":"<p>S\u00fcgavatoimeline vananemisvastane seerum rakkude uuenemise stimuleerimiseks. 30ml<\/p>\n<p>Soodustab rakkude uuenemist<br \/>\nV\u00e4ga kontsentreeritud seerum<br \/>\n1 miljon merelist t\u00fcvirakku 1 grammi seerumi kohta<br \/>\nSuurendab kollageeni tootmist kuni 43%*<br \/>\nStimuleerib h\u00fcaluroonhappe s\u00fcnteesi<br \/>\nCrambe maritima (merikapsa ekstrakt) toetab naha taastumist<br \/>\nAitab tugevdada ja defineerida n\u00e4okontuure<\/p>\n","protected":false},"featured_media":9621,"template":"","meta":{"om_disable_all_campaigns":false,"_monsterinsights_skip_tracking":false,"_monsterinsights_sitenote_active":false,"_monsterinsights_sitenote_note":"","_monsterinsights_sitenote_category":0,"_uf_show_specific_survey":0,"_uf_disable_surveys":false,"site-sidebar-layout":"default","site-content-layout":"","ast-site-content-layout":"default","site-content-style":"default","site-sidebar-style":"default","ast-global-header-display":"","ast-banner-title-visibility":"","ast-main-header-display":"","ast-hfb-above-header-display":"","ast-hfb-below-header-display":"","ast-hfb-mobile-header-display":"","site-post-title":"","ast-breadcrumbs-content":"","ast-featured-img":"","footer-sml-layout":"","theme-transparent-header-meta":"default","adv-header-id-meta":"","stick-header-meta":"","header-above-stick-meta":"","header-main-stick-meta":"","header-below-stick-meta":"","astra-migrate-meta-layouts":"set","ast-page-background-enabled":"default","ast-page-background-meta":{"desktop":{"background-color":"var(--ast-global-color-4)","background-image":"","background-repeat":"repeat","background-position":"center center","background-size":"auto","background-attachment":"scroll","background-type":"","background-media":"","overlay-type":"","overlay-color":"","overlay-opacity":"","overlay-gradient":""},"tablet":{"background-color":"","background-image":"","background-repeat":"repeat","background-position":"center center","background-size":"auto","background-attachment":"scroll","background-type":"","background-media":"","overlay-type":"","overlay-color":"","overlay-opacity":"","overlay-gradient":""},"mobile":{"background-color":"","background-image":"","background-repeat":"repeat","background-position":"center center","background-size":"auto","background-attachment":"scroll","background-type":"","background-media":"","overlay-type":"","overlay-color":"","overlay-opacity":"","overlay-gradient":""}},"ast-content-background-meta":{"desktop":{"background-color":"var(--ast-global-color-5)","background-image":"","background-repeat":"repeat","background-position":"center center","background-size":"auto","background-attachment":"scroll","background-type":"","background-media":"","overlay-type":"","overlay-color":"","overlay-opacity":"","overlay-gradient":""},"tablet":{"background-color":"var(--ast-global-color-5)","background-image":"","background-repeat":"repeat","background-position":"center center","background-size":"auto","background-attachment":"scroll","background-type":"","background-media":"","overlay-type":"","overlay-color":"","overlay-opacity":"","overlay-gradient":""},"mobile":{"background-color":"var(--ast-global-color-5)","background-image":"","background-repeat":"repeat","background-position":"center center","background-size":"auto","background-attachment":"scroll","background-type":"","background-media":"","overlay-type":"","overlay-color":"","overlay-opacity":"","overlay-gradient":""}}},"product_brand":[],"product_cat":[77,426,85],"product_tag":[],"class_list":{"0":"post-9620","1":"product","2":"type-product","3":"status-publish","4":"has-post-thumbnail","6":"product_cat-seerumid","7":"product_cat-uued-tooted","8":"product_cat-vananemisilmingutega-nahale","9":"desktop-align-center","10":"tablet-align-left","11":"mobile-align-left","13":"first","14":"instock","15":"taxable","16":"shipping-taxable","17":"purchasable","18":"product-type-simple","19":"add-to-wishlist-before_image"},"aioseo_notices":[],"_links":{"self":[{"href":"https:\/\/kosmeetika24.eu\/et\/wp-json\/wp\/v2\/product\/9620","targetHints":{"allow":["GET"]}}],"collection":[{"href":"https:\/\/kosmeetika24.eu\/et\/wp-json\/wp\/v2\/product"}],"about":[{"href":"https:\/\/kosmeetika24.eu\/et\/wp-json\/wp\/v2\/types\/product"}],"version-history":[{"count":4,"href":"https:\/\/kosmeetika24.eu\/et\/wp-json\/wp\/v2\/product\/9620\/revisions"}],"predecessor-version":[{"id":10494,"href":"https:\/\/kosmeetika24.eu\/et\/wp-json\/wp\/v2\/product\/9620\/revisions\/10494"}],"wp:featuredmedia":[{"embeddable":true,"href":"https:\/\/kosmeetika24.eu\/et\/wp-json\/wp\/v2\/media\/9621"}],"wp:attachment":[{"href":"https:\/\/kosmeetika24.eu\/et\/wp-json\/wp\/v2\/media?parent=9620"}],"wp:term":[{"taxonomy":"product_brand","embeddable":true,"href":"https:\/\/kosmeetika24.eu\/et\/wp-json\/wp\/v2\/product_brand?post=9620"},{"taxonomy":"product_cat","embeddable":true,"href":"https:\/\/kosmeetika24.eu\/et\/wp-json\/wp\/v2\/product_cat?post=9620"},{"taxonomy":"product_tag","embeddable":true,"href":"https:\/\/kosmeetika24.eu\/et\/wp-json\/wp\/v2\/product_tag?post=9620"}],"curies":[{"name":"wp","href":"https:\/\/api.w.org\/{rel}","templated":true}]}}