{"id":9597,"date":"2025-03-06T15:59:56","date_gmt":"2025-03-06T12:59:56","guid":{"rendered":"https:\/\/kosmeetika24.eu\/?post_type=product&#038;p=9597"},"modified":"2025-09-30T15:44:09","modified_gmt":"2025-09-30T12:44:09","slug":"dalton-oyster-mattifiying-mask","status":"publish","type":"product","link":"https:\/\/kosmeetika24.eu\/et\/toode\/dalton-oyster-mattifiying-mask\/","title":{"rendered":"Dalton &#8211; Oyster &#8211; Mattifiying Mask"},"content":{"rendered":"<p><strong>Kasutamine<\/strong><span style=\"font-weight: 400;\"><br \/>\n<\/span><span style=\"font-weight: 400;\">Kasutage maski 1\u20132 korda n\u00e4dalas p\u00e4rast naha puhastamist. Kandke n\u00e4ole, kaelale ja dekolteepiirkonnale ning laske kuivada. V\u00e4ltige silma\u00fcmbrust. 15 minuti p\u00e4rast eemaldage mask niiske kompressiga v\u00f5i loputage maha leige veega.<\/span><\/p>\n<p><span style=\"font-weight: 400;\">P\u00f5letikuvastane n\u00e4omask puhastab nahka s\u00fcgavuti, aidates ennetada vistrike ja mustpeade teket. See matistab rasust nahka, kuid ei kuivata seda ning niisutab samal ajal kuivemaid piirkondi. Kaoliin annab maskile lisapuhastavad ja detoksifitseerivad omadused, aidates t\u00f5mmata v\u00e4lja mustuse ja liigse rasu. Poore puhastav mask tasakaalustab rasueritust, j\u00e4ttes naha siledaks ja v\u00e4rskeks, v\u00e4hendades liigset l\u00e4iget ning andes mati jume. Parimate tulemuste saavutamiseks soovitame enne maski kasutamist nahka koorida.<\/span><\/p>\n<p><i><span style=\"font-weight: 400;\">Kliiniline uuring: 32 naist kasutas toodet 4 n\u00e4dala jooksul. Tulemused p\u00f5hinevad n\u00e4o akne hindamisel.<\/span><\/i><\/p>\n<p><span style=\"font-weight: 400;\"><strong>KOOSTIS:<\/strong><br \/>\n<\/span><span style=\"font-weight: 400;\">Aqua\/Water, Kaolin, Cetearyl Alcohol, Ceteareth-20, Octyldodecanol, Propylene Glycol, Stearic Acid, Magnesium Aluminum Silicate, Sorbitol, Palmitic Acid, Glycerin, Maris Aqua\/Sea Water, Maris Limus Extract\/Sea Silt Extract, Ostrea Shell Extract\/Oyster Shell Extract, Pistacia Lentiscus (Mastic) Gum, Spirulina Platensis Extract, Menthol, Biotin, Lecithin, Camphor, Sodium Lactate, Potassium Sorbate, Sodium Hydroxide, Ethylhexylglycerin, Glyceryl Caprylate, Phenoxyethanol, Citral, Hydroxycitronellal, Alpha-Isomethyl Ionone, Limonene, Citronellol, Linalool, Alcohol, Parfum\/Fragrance, Iron Oxides (CI 77499).<\/span><\/p>\n<p><span style=\"font-size: xx-small;\">628.-\u20ac\/l<\/span><\/p>\n","protected":false},"excerpt":{"rendered":"<p><span style=\"font-weight: 400;\">P\u00f5letikuvastane n\u00e4omask probleemsele ja kombineeritud nahale. 50ml<br \/>\n<\/span><\/p>\n<p><span style=\"font-weight: 400;\">Matistab nahka ilma seda kuivatamata<br \/>\n<\/span><span style=\"font-weight: 400;\">P\u00f5letikuvastaste ja puhastavate toimetega<br \/>\n<\/span><span style=\"font-weight: 400;\">Aitab puhastada ummistunud poore, v\u00e4hendada p\u00f5letikke ja komedoone<br \/>\n<\/span><span style=\"font-weight: 400;\">Sisaldab austriekstrakti, mastiksivaigu ekstrakti (Pistacia lentiscus gum) ja kaoliniiti<br \/>\n<\/span><span style=\"font-weight: 400;\">Akne s\u00fcmptomid v\u00e4henesid 51% p\u00e4rast 4-n\u00e4dalast kasutamist*<br \/>\n<\/span><span style=\"font-weight: 400;\">Mustpeade hulk v\u00e4henes 41% p\u00e4rast 4-n\u00e4dalast kasutamist*<\/span><\/p>\n<p><span style=\"font-weight: 400;\">\u00a0<\/span><\/p>\n","protected":false},"featured_media":9598,"template":"","meta":{"om_disable_all_campaigns":false,"_monsterinsights_skip_tracking":false,"_monsterinsights_sitenote_active":false,"_monsterinsights_sitenote_note":"","_monsterinsights_sitenote_category":0,"_uf_show_specific_survey":0,"_uf_disable_surveys":false,"site-sidebar-layout":"default","site-content-layout":"","ast-site-content-layout":"default","site-content-style":"default","site-sidebar-style":"default","ast-global-header-display":"","ast-banner-title-visibility":"","ast-main-header-display":"","ast-hfb-above-header-display":"","ast-hfb-below-header-display":"","ast-hfb-mobile-header-display":"","site-post-title":"","ast-breadcrumbs-content":"","ast-featured-img":"","footer-sml-layout":"","theme-transparent-header-meta":"default","adv-header-id-meta":"","stick-header-meta":"","header-above-stick-meta":"","header-main-stick-meta":"","header-below-stick-meta":"","astra-migrate-meta-layouts":"set","ast-page-background-enabled":"default","ast-page-background-meta":{"desktop":{"background-color":"var(--ast-global-color-4)","background-image":"","background-repeat":"repeat","background-position":"center center","background-size":"auto","background-attachment":"scroll","background-type":"","background-media":"","overlay-type":"","overlay-color":"","overlay-opacity":"","overlay-gradient":""},"tablet":{"background-color":"","background-image":"","background-repeat":"repeat","background-position":"center center","background-size":"auto","background-attachment":"scroll","background-type":"","background-media":"","overlay-type":"","overlay-color":"","overlay-opacity":"","overlay-gradient":""},"mobile":{"background-color":"","background-image":"","background-repeat":"repeat","background-position":"center center","background-size":"auto","background-attachment":"scroll","background-type":"","background-media":"","overlay-type":"","overlay-color":"","overlay-opacity":"","overlay-gradient":""}},"ast-content-background-meta":{"desktop":{"background-color":"var(--ast-global-color-5)","background-image":"","background-repeat":"repeat","background-position":"center center","background-size":"auto","background-attachment":"scroll","background-type":"","background-media":"","overlay-type":"","overlay-color":"","overlay-opacity":"","overlay-gradient":""},"tablet":{"background-color":"var(--ast-global-color-5)","background-image":"","background-repeat":"repeat","background-position":"center center","background-size":"auto","background-attachment":"scroll","background-type":"","background-media":"","overlay-type":"","overlay-color":"","overlay-opacity":"","overlay-gradient":""},"mobile":{"background-color":"var(--ast-global-color-5)","background-image":"","background-repeat":"repeat","background-position":"center center","background-size":"auto","background-attachment":"scroll","background-type":"","background-media":"","overlay-type":"","overlay-color":"","overlay-opacity":"","overlay-gradient":""}}},"product_brand":[],"product_cat":[116,338,15,426],"product_tag":[],"class_list":{"0":"post-9597","1":"product","2":"type-product","3":"status-publish","4":"has-post-thumbnail","6":"product_cat-maskid-profitooted","7":"product_cat-maskid-parchid","8":"product_cat-naole","9":"product_cat-uued-tooted","10":"desktop-align-center","11":"tablet-align-left","12":"mobile-align-left","14":"first","15":"instock","16":"taxable","17":"shipping-taxable","18":"purchasable","19":"product-type-simple","20":"add-to-wishlist-before_image"},"aioseo_notices":[],"_links":{"self":[{"href":"https:\/\/kosmeetika24.eu\/et\/wp-json\/wp\/v2\/product\/9597","targetHints":{"allow":["GET"]}}],"collection":[{"href":"https:\/\/kosmeetika24.eu\/et\/wp-json\/wp\/v2\/product"}],"about":[{"href":"https:\/\/kosmeetika24.eu\/et\/wp-json\/wp\/v2\/types\/product"}],"version-history":[{"count":6,"href":"https:\/\/kosmeetika24.eu\/et\/wp-json\/wp\/v2\/product\/9597\/revisions"}],"predecessor-version":[{"id":10508,"href":"https:\/\/kosmeetika24.eu\/et\/wp-json\/wp\/v2\/product\/9597\/revisions\/10508"}],"wp:featuredmedia":[{"embeddable":true,"href":"https:\/\/kosmeetika24.eu\/et\/wp-json\/wp\/v2\/media\/9598"}],"wp:attachment":[{"href":"https:\/\/kosmeetika24.eu\/et\/wp-json\/wp\/v2\/media?parent=9597"}],"wp:term":[{"taxonomy":"product_brand","embeddable":true,"href":"https:\/\/kosmeetika24.eu\/et\/wp-json\/wp\/v2\/product_brand?post=9597"},{"taxonomy":"product_cat","embeddable":true,"href":"https:\/\/kosmeetika24.eu\/et\/wp-json\/wp\/v2\/product_cat?post=9597"},{"taxonomy":"product_tag","embeddable":true,"href":"https:\/\/kosmeetika24.eu\/et\/wp-json\/wp\/v2\/product_tag?post=9597"}],"curies":[{"name":"wp","href":"https:\/\/api.w.org\/{rel}","templated":true}]}}