{"id":9594,"date":"2025-02-21T14:06:44","date_gmt":"2025-02-21T11:06:44","guid":{"rendered":"https:\/\/kosmeetika24.eu\/?post_type=product&#038;p=9594"},"modified":"2025-04-07T10:49:58","modified_gmt":"2025-04-07T07:49:58","slug":"dalton-oyster-pore-refining-concentrate","status":"publish","type":"product","link":"https:\/\/kosmeetika24.eu\/et\/toode\/dalton-oyster-pore-refining-concentrate\/","title":{"rendered":"Dalton &#8211; OYSTER &#8211; Pore-Refining Concentrate"},"content":{"rendered":"<p>Poore ahendav kontsentraat tasakaalustab kombineeritud naha vajadusi, v\u00e4hendades liigset rasueritust T-tsoonis, kus rasun\u00e4\u00e4rmed on k\u00f5ige aktiivsemad, samal ajal niisutades naha kuivemaid piirkondi. Kontsentraat \u00fchendab meie unikaalse Celumeri mereekstrakti vananemisvastased omadused austriekstrakti mineraalide ja kokkut\u00f5mbava mastiksivaigu ekstraktiga, mis ahendab poore ja v\u00e4hendab esimeste kortsude teket. Regulaarne kasutamine aitab reguleerida rasueritust, andes nahale mati jume. Kerge koostise t\u00f5ttu sobib see suurep\u00e4raselt rasusele, kombineeritud nahale ja suurte pooridega nahale.<br \/>\nTesti tulemused: 44 naist vanuses 30\u201352 aastat kasutasid toodet hommikul ja \u00f5htul 28 p\u00e4eva jooksul ning tulemusi v\u00f5rreldi t\u00f6\u00f6tlemata kontrollpiirkonnaga.<\/p>\n<p><strong>KASUTAMINE<\/strong><br \/>\nKandke hommikul ja \u00f5htul 1\u20132 pumbat\u00e4it kontsentraati n\u00e4ole, kaelale ja dekolteepiirkonnale ning patsutage \u00f5rnalt nahka. Enne kasutamist loksutada.<\/p>\n<p><strong>KOOSTIS<\/strong><br \/>\nAqua\/Water, Alcohol Denat. (SD Alcohol 39-C)\/Alcohol Denat., Glycerin, Trideceth-9, PEG-40 Hydrogenated Castor Oil, Betaine, Maris Aqua\/Sea Water, Spirulina Maxima Extract, Algae Extract\/Alaria Esculenta Extract, Saccharide Isomerate, Caviar Extract, Ostrea Shell Extract\/Oyster Shell Extract, Maris Limus Extract\/Sea Silt Extract, Pistacia Lentiscus (Mastic) Gum, Hamamelis Virginiana (Witch Hazel) Water, Ammonium Glycyrrhizate, Chondrus Crispus Extract, Aesculus Hippocastanum (Horse Chestnut) Seed Extract, Yeast Extract, Ribes Nigrum (Black Currant) Fruit Extract, Panthenol, Biotin, Lecithin, Caffeine, Pectin, Niacinamide, Xanthan Gum, Potassium Sorbate, Zinc Gluconate, Propylene Glycol, Lactic Acid, Caprylic\/Capric Triglyceride, Phenoxyethanol, Sodium Benzoate, Alcohol<\/p>\n","protected":false},"excerpt":{"rendered":"<p>Poore ahendav vananemisvastane kontsentraat kombineeritud nahale.<\/p>\n<p>Reguleerib rasueritust T-tsoonis<br \/>\nMatistab nahka ja v\u00e4hendab pooride n\u00e4htavust<br \/>\nKiiresti imenduv vananemisvastane kontsentraat<br \/>\nSisaldab austriekstrakti ja mastiksivaigu ekstrakti<br \/>\n95% testijatest kinnitas, et naha rasueritus v\u00e4henes*<\/p>\n<p>30 ml<\/p>\n<p>&nbsp;<\/p>\n","protected":false},"featured_media":9595,"template":"","meta":{"om_disable_all_campaigns":false,"_monsterinsights_skip_tracking":false,"_monsterinsights_sitenote_active":false,"_monsterinsights_sitenote_note":"","_monsterinsights_sitenote_category":0,"_uf_show_specific_survey":0,"_uf_disable_surveys":false,"site-sidebar-layout":"default","site-content-layout":"","ast-site-content-layout":"default","site-content-style":"default","site-sidebar-style":"default","ast-global-header-display":"","ast-banner-title-visibility":"","ast-main-header-display":"","ast-hfb-above-header-display":"","ast-hfb-below-header-display":"","ast-hfb-mobile-header-display":"","site-post-title":"","ast-breadcrumbs-content":"","ast-featured-img":"","footer-sml-layout":"","theme-transparent-header-meta":"default","adv-header-id-meta":"","stick-header-meta":"","header-above-stick-meta":"","header-main-stick-meta":"","header-below-stick-meta":"","astra-migrate-meta-layouts":"set","ast-page-background-enabled":"default","ast-page-background-meta":{"desktop":{"background-color":"var(--ast-global-color-4)","background-image":"","background-repeat":"repeat","background-position":"center center","background-size":"auto","background-attachment":"scroll","background-type":"","background-media":"","overlay-type":"","overlay-color":"","overlay-opacity":"","overlay-gradient":""},"tablet":{"background-color":"","background-image":"","background-repeat":"repeat","background-position":"center center","background-size":"auto","background-attachment":"scroll","background-type":"","background-media":"","overlay-type":"","overlay-color":"","overlay-opacity":"","overlay-gradient":""},"mobile":{"background-color":"","background-image":"","background-repeat":"repeat","background-position":"center center","background-size":"auto","background-attachment":"scroll","background-type":"","background-media":"","overlay-type":"","overlay-color":"","overlay-opacity":"","overlay-gradient":""}},"ast-content-background-meta":{"desktop":{"background-color":"var(--ast-global-color-5)","background-image":"","background-repeat":"repeat","background-position":"center center","background-size":"auto","background-attachment":"scroll","background-type":"","background-media":"","overlay-type":"","overlay-color":"","overlay-opacity":"","overlay-gradient":""},"tablet":{"background-color":"var(--ast-global-color-5)","background-image":"","background-repeat":"repeat","background-position":"center center","background-size":"auto","background-attachment":"scroll","background-type":"","background-media":"","overlay-type":"","overlay-color":"","overlay-opacity":"","overlay-gradient":""},"mobile":{"background-color":"var(--ast-global-color-5)","background-image":"","background-repeat":"repeat","background-position":"center center","background-size":"auto","background-attachment":"scroll","background-type":"","background-media":"","overlay-type":"","overlay-color":"","overlay-opacity":"","overlay-gradient":""}}},"product_brand":[],"product_cat":[87,340,15,77,122,426],"product_tag":[],"class_list":{"0":"post-9594","1":"product","2":"type-product","3":"status-publish","4":"has-post-thumbnail","6":"product_cat-kombineeritud-nahale","7":"product_cat-nahatuubid","8":"product_cat-naole","9":"product_cat-seerumid","10":"product_cat-seerumid-profitooted","11":"product_cat-uued-tooted","12":"desktop-align-center","13":"tablet-align-left","14":"mobile-align-left","16":"first","17":"instock","18":"taxable","19":"shipping-taxable","20":"purchasable","21":"product-type-simple","22":"add-to-wishlist-before_image"},"aioseo_notices":[],"_links":{"self":[{"href":"https:\/\/kosmeetika24.eu\/et\/wp-json\/wp\/v2\/product\/9594","targetHints":{"allow":["GET"]}}],"collection":[{"href":"https:\/\/kosmeetika24.eu\/et\/wp-json\/wp\/v2\/product"}],"about":[{"href":"https:\/\/kosmeetika24.eu\/et\/wp-json\/wp\/v2\/types\/product"}],"version-history":[{"count":4,"href":"https:\/\/kosmeetika24.eu\/et\/wp-json\/wp\/v2\/product\/9594\/revisions"}],"predecessor-version":[{"id":9901,"href":"https:\/\/kosmeetika24.eu\/et\/wp-json\/wp\/v2\/product\/9594\/revisions\/9901"}],"wp:featuredmedia":[{"embeddable":true,"href":"https:\/\/kosmeetika24.eu\/et\/wp-json\/wp\/v2\/media\/9595"}],"wp:attachment":[{"href":"https:\/\/kosmeetika24.eu\/et\/wp-json\/wp\/v2\/media?parent=9594"}],"wp:term":[{"taxonomy":"product_brand","embeddable":true,"href":"https:\/\/kosmeetika24.eu\/et\/wp-json\/wp\/v2\/product_brand?post=9594"},{"taxonomy":"product_cat","embeddable":true,"href":"https:\/\/kosmeetika24.eu\/et\/wp-json\/wp\/v2\/product_cat?post=9594"},{"taxonomy":"product_tag","embeddable":true,"href":"https:\/\/kosmeetika24.eu\/et\/wp-json\/wp\/v2\/product_tag?post=9594"}],"curies":[{"name":"wp","href":"https:\/\/api.w.org\/{rel}","templated":true}]}}