{"id":9541,"date":"2025-02-21T13:58:49","date_gmt":"2025-02-21T10:58:49","guid":{"rendered":"https:\/\/kosmeetika24.eu\/?post_type=product&#038;p=9541"},"modified":"2026-04-14T12:11:57","modified_gmt":"2026-04-14T09:11:57","slug":"dalton-face-care-instant-effect-smoothing-eye-gel","status":"publish","type":"product","link":"https:\/\/kosmeetika24.eu\/et\/toode\/dalton-face-care-instant-effect-smoothing-eye-gel\/","title":{"rendered":"Dalton &#8211; FACE CARE &#8211; Instant Effect Smoothing Eye Gel"},"content":{"rendered":"<p><span style=\"font-weight: 400;\">Jahutav silmageel v\u00e4hendab turseid ja silmn\u00e4htavalt silub peeneid jooni ja kortse 16%* juba 15 minutiga. Daltoni unikaalne Celumeri mereekstrakti ja pinguldava planktoniekstrakti kombinatsioon aitab siluda silma\u00fcmbruse kortse ja stimuleerida kollageeni tootmist, j\u00e4ttes naha nooruslikuks ja v\u00e4rskeks. H\u00fcaluroonhape j\u00e4tab naha intensiivselt niisutatuks ning annab nahale pinguldatud ilme. Vananemisvastane silmageel on varustatud lihtsasti kasutatava aplikaatoriga, mis tugevdab jahutavat efekti ja aitab v\u00e4hendada silmaaluseid turseid.<\/span><\/p>\n<p><span style=\"font-weight: 400;\">*Kliiniline uuring, eluskatse 32 naisega, tulemused varesejalgade arvu kohta.<\/span><\/p>\n<p><span style=\"font-weight: 400;\"><b>KASUTAMINE<\/b><\/span><\/p>\n<p><span style=\"font-weight: 400;\">Kandke geel aplikaatoriga hommikul ja \u00f5htul silma\u00fcmbruspiirkonda ning tupsutage \u00f5rnalt nahka.<\/span><\/p>\n<p><span style=\"font-weight: 400;\"><strong>KOOSTIS<\/strong><br \/>\n<\/span><span style=\"font-weight: 400;\">Aqua\/Water, Pentylene Glycol, Maris Aqua\/Sea Water, Propylene Glycol, Algae Extract\/Alaria Esculenta Extract, Saccharide Isomerate, Caviar Extract, Spirulina Maxima Extract, Ostrea Shell Extract\/Oyster Shell Extract, Maris Limus Extract\/Sea Silt Extract, Sodium Hyaluronate, Biotin, Carbomer, Alteromonas Ferment Extract, Sodium Hydroxide, Potassium Sorbate, Phenoxyethanol, Ethylhexylglycerin, Caprylic\/Capric Triglyceride, PEG-40 Hydrogenated Castor Oil, Trideceth-9<\/span><\/p>\n","protected":false},"excerpt":{"rendered":"<p><span style=\"font-weight: 400;\">Jahutav silmageel h\u00fcaluroonhappega<br \/>\n<\/span><span style=\"font-weight: 400;\">Jahutav ja turseid v\u00e4hendav geeljas tekstuur<br \/>\n<\/span><span style=\"font-size: 16px; font-weight: 400;\">Nahka pinguldava h\u00fcaluroonhappega<br \/>\n<\/span><span style=\"font-weight: 400;\">Pinguldav planktoniekstrakt v\u00e4hendab varesejalgu<br \/>\n<\/span><span style=\"font-weight: 400;\">V\u00e4hendab varesejalgu 34% juba 20 minutiga*<br \/>\n<\/span><span style=\"font-weight: 400;\">Lihtsasti kasutatav aplikaator<\/span><\/p>\n","protected":false},"featured_media":9542,"template":"","meta":{"om_disable_all_campaigns":false,"_monsterinsights_skip_tracking":false,"_monsterinsights_sitenote_active":false,"_monsterinsights_sitenote_note":"","_monsterinsights_sitenote_category":0,"_uf_show_specific_survey":0,"_uf_disable_surveys":false,"site-sidebar-layout":"default","site-content-layout":"","ast-site-content-layout":"default","site-content-style":"default","site-sidebar-style":"default","ast-global-header-display":"","ast-banner-title-visibility":"","ast-main-header-display":"","ast-hfb-above-header-display":"","ast-hfb-below-header-display":"","ast-hfb-mobile-header-display":"","site-post-title":"","ast-breadcrumbs-content":"","ast-featured-img":"","footer-sml-layout":"","theme-transparent-header-meta":"default","adv-header-id-meta":"","stick-header-meta":"","header-above-stick-meta":"","header-main-stick-meta":"","header-below-stick-meta":"","astra-migrate-meta-layouts":"set","ast-page-background-enabled":"default","ast-page-background-meta":{"desktop":{"background-color":"var(--ast-global-color-4)","background-image":"","background-repeat":"repeat","background-position":"center center","background-size":"auto","background-attachment":"scroll","background-type":"","background-media":"","overlay-type":"","overlay-color":"","overlay-opacity":"","overlay-gradient":""},"tablet":{"background-color":"","background-image":"","background-repeat":"repeat","background-position":"center center","background-size":"auto","background-attachment":"scroll","background-type":"","background-media":"","overlay-type":"","overlay-color":"","overlay-opacity":"","overlay-gradient":""},"mobile":{"background-color":"","background-image":"","background-repeat":"repeat","background-position":"center center","background-size":"auto","background-attachment":"scroll","background-type":"","background-media":"","overlay-type":"","overlay-color":"","overlay-opacity":"","overlay-gradient":""}},"ast-content-background-meta":{"desktop":{"background-color":"var(--ast-global-color-5)","background-image":"","background-repeat":"repeat","background-position":"center center","background-size":"auto","background-attachment":"scroll","background-type":"","background-media":"","overlay-type":"","overlay-color":"","overlay-opacity":"","overlay-gradient":""},"tablet":{"background-color":"var(--ast-global-color-5)","background-image":"","background-repeat":"repeat","background-position":"center center","background-size":"auto","background-attachment":"scroll","background-type":"","background-media":"","overlay-type":"","overlay-color":"","overlay-opacity":"","overlay-gradient":""},"mobile":{"background-color":"var(--ast-global-color-5)","background-image":"","background-repeat":"repeat","background-position":"center center","background-size":"auto","background-attachment":"scroll","background-type":"","background-media":"","overlay-type":"","overlay-color":"","overlay-opacity":"","overlay-gradient":""}}},"product_brand":[],"product_cat":[112,81,426,85],"product_tag":[],"class_list":{"0":"post-9541","1":"product","2":"type-product","3":"status-publish","4":"has-post-thumbnail","6":"product_cat-silmahooldus-profitooted","7":"product_cat-silmahooldus","8":"product_cat-uued-tooted","9":"product_cat-vananemisilmingutega-nahale","10":"desktop-align-center","11":"tablet-align-left","12":"mobile-align-left","14":"first","15":"instock","16":"taxable","17":"shipping-taxable","18":"purchasable","19":"product-type-simple","20":"add-to-wishlist-before_image"},"aioseo_notices":[],"_links":{"self":[{"href":"https:\/\/kosmeetika24.eu\/et\/wp-json\/wp\/v2\/product\/9541","targetHints":{"allow":["GET"]}}],"collection":[{"href":"https:\/\/kosmeetika24.eu\/et\/wp-json\/wp\/v2\/product"}],"about":[{"href":"https:\/\/kosmeetika24.eu\/et\/wp-json\/wp\/v2\/types\/product"}],"version-history":[{"count":5,"href":"https:\/\/kosmeetika24.eu\/et\/wp-json\/wp\/v2\/product\/9541\/revisions"}],"predecessor-version":[{"id":9900,"href":"https:\/\/kosmeetika24.eu\/et\/wp-json\/wp\/v2\/product\/9541\/revisions\/9900"}],"wp:featuredmedia":[{"embeddable":true,"href":"https:\/\/kosmeetika24.eu\/et\/wp-json\/wp\/v2\/media\/9542"}],"wp:attachment":[{"href":"https:\/\/kosmeetika24.eu\/et\/wp-json\/wp\/v2\/media?parent=9541"}],"wp:term":[{"taxonomy":"product_brand","embeddable":true,"href":"https:\/\/kosmeetika24.eu\/et\/wp-json\/wp\/v2\/product_brand?post=9541"},{"taxonomy":"product_cat","embeddable":true,"href":"https:\/\/kosmeetika24.eu\/et\/wp-json\/wp\/v2\/product_cat?post=9541"},{"taxonomy":"product_tag","embeddable":true,"href":"https:\/\/kosmeetika24.eu\/et\/wp-json\/wp\/v2\/product_tag?post=9541"}],"curies":[{"name":"wp","href":"https:\/\/api.w.org\/{rel}","templated":true}]}}