{"id":9536,"date":"2025-02-20T19:34:08","date_gmt":"2025-02-20T16:34:08","guid":{"rendered":"https:\/\/kosmeetika24.eu\/?post_type=product&#038;p=9536"},"modified":"2025-04-28T13:46:18","modified_gmt":"2025-04-28T10:46:18","slug":"dalton-face-care-hudrogeel-tostvad-silmapadjakesed","status":"publish","type":"product","link":"https:\/\/kosmeetika24.eu\/et\/toode\/dalton-face-care-hudrogeel-tostvad-silmapadjakesed\/","title":{"rendered":"Dalton &#8211; Face Care &#8211; Hydrogel Lifting Eye Patches"},"content":{"rendered":"<p><strong>Kasutamine:<\/strong><\/p>\n<p><span style=\"font-weight: 400;\">Eelmaldage silmapadjakesed pakendist ja asetage need puhtale nahale silmade alla. Eemaldage 15 minuti p\u00e4rast. Vajadusel kandke silmakreem.<\/span><\/p>\n<p><strong>N\u00f5uanne:<\/strong><span style=\"font-weight: 400;\"><br \/>\n<\/span><span style=\"font-weight: 400;\">Asetage silmapadjaksesed k\u00fclmkappi, et suurendada jahutavat efekti ning v\u00e4hendada turseid v\u00f5i v\u00e4sinud silmi.<\/span><\/p>\n<p><span style=\"font-weight: 400;\">Daltoni <\/span><i><span style=\"font-weight: 400;\">Hydrogel Lifting Eye Patches<\/span><\/i><span style=\"font-weight: 400;\"> on rahustavad ja \u00f5rnad, kuid t\u00f5husad silmapadjaksesed, mis on\u00a0 valmistatud vegan-h\u00fcdrogeelist, mis pole mitte ainult k\u00f5rgekvaliteediliste toimeainetega immutatud, vaid mille materjal on valmistatud punavetika ekstraktist, millel on suurep\u00e4rased vananemisvastased omadused. Planktoniekstrakt v\u00e4hendab silma kortsude s\u00fcgavust ja silub peeneid jooni m\u00f5ne minuti jooksul. H\u00fcdrogeelpadjakesed kleepuvad n\u00e4ole nagu teine nahk, ilma et need libiseksid. L\u00f5hnavaba koostis muudab need eriti nahas\u00f5bralikuks ning need sobivad suurep\u00e4raselt tundliku nahaga inimestele.<\/span><\/p>\n<p><span style=\"font-weight: 400;\">*In-vivo test: naised vanuses 50-65, planktoniekstrakti \u00fche kasutuskorraga silma\u00fcmbruses 15 minutit.<\/span><\/p>\n<p><span style=\"font-weight: 400;\"><strong>KOOSTIS:<\/strong><br \/>\n<\/span><span style=\"font-weight: 400;\">Aqua\/Water, Glycerin, Carrageenan, Panthenol, Amorphophallus Konjac Root Extract, Sucrose, Sodium Hyaluronate, Alteromonas Ferment Extract, Sodium Levulinate, Phenoxyethanol, Sodium Anisate.<\/span><\/p>\n","protected":false},"excerpt":{"rendered":"<p>Koheselt siluvad h\u00fcaluroonhappega silma geel padjakesed<br \/>\nKoheselt v\u00e4rskendav ja siluv toime<br \/>\nV\u00e4hendab kortsude s\u00fcgavust kuni 16% juba p\u00e4rast esimest kasutuskorda*<br \/>\nH\u00fcaluroonhape niisutab nahka<br \/>\nPantenool rahustab tundlikku silma\u00fcmbrust<br \/>\nL\u00f5hnavaba ja vegan<\/p>\n","protected":false},"featured_media":9538,"template":"","meta":{"om_disable_all_campaigns":false,"_monsterinsights_skip_tracking":false,"_monsterinsights_sitenote_active":false,"_monsterinsights_sitenote_note":"","_monsterinsights_sitenote_category":0,"_uf_show_specific_survey":0,"_uf_disable_surveys":false,"site-sidebar-layout":"default","site-content-layout":"","ast-site-content-layout":"default","site-content-style":"default","site-sidebar-style":"default","ast-global-header-display":"","ast-banner-title-visibility":"","ast-main-header-display":"","ast-hfb-above-header-display":"","ast-hfb-below-header-display":"","ast-hfb-mobile-header-display":"","site-post-title":"","ast-breadcrumbs-content":"","ast-featured-img":"","footer-sml-layout":"","theme-transparent-header-meta":"default","adv-header-id-meta":"","stick-header-meta":"","header-above-stick-meta":"","header-main-stick-meta":"","header-below-stick-meta":"","astra-migrate-meta-layouts":"set","ast-page-background-enabled":"default","ast-page-background-meta":{"desktop":{"background-color":"var(--ast-global-color-4)","background-image":"","background-repeat":"repeat","background-position":"center center","background-size":"auto","background-attachment":"scroll","background-type":"","background-media":"","overlay-type":"","overlay-color":"","overlay-opacity":"","overlay-gradient":""},"tablet":{"background-color":"","background-image":"","background-repeat":"repeat","background-position":"center center","background-size":"auto","background-attachment":"scroll","background-type":"","background-media":"","overlay-type":"","overlay-color":"","overlay-opacity":"","overlay-gradient":""},"mobile":{"background-color":"","background-image":"","background-repeat":"repeat","background-position":"center center","background-size":"auto","background-attachment":"scroll","background-type":"","background-media":"","overlay-type":"","overlay-color":"","overlay-opacity":"","overlay-gradient":""}},"ast-content-background-meta":{"desktop":{"background-color":"var(--ast-global-color-5)","background-image":"","background-repeat":"repeat","background-position":"center center","background-size":"auto","background-attachment":"scroll","background-type":"","background-media":"","overlay-type":"","overlay-color":"","overlay-opacity":"","overlay-gradient":""},"tablet":{"background-color":"var(--ast-global-color-5)","background-image":"","background-repeat":"repeat","background-position":"center center","background-size":"auto","background-attachment":"scroll","background-type":"","background-media":"","overlay-type":"","overlay-color":"","overlay-opacity":"","overlay-gradient":""},"mobile":{"background-color":"var(--ast-global-color-5)","background-image":"","background-repeat":"repeat","background-position":"center center","background-size":"auto","background-attachment":"scroll","background-type":"","background-media":"","overlay-type":"","overlay-color":"","overlay-opacity":"","overlay-gradient":""}}},"product_brand":[],"product_cat":[81,112,426],"product_tag":[],"class_list":{"0":"post-9536","1":"product","2":"type-product","3":"status-publish","4":"has-post-thumbnail","6":"product_cat-silmahooldus","7":"product_cat-silmahooldus-profitooted","8":"product_cat-uued-tooted","9":"desktop-align-center","10":"tablet-align-left","11":"mobile-align-left","13":"first","14":"instock","15":"taxable","16":"shipping-taxable","17":"purchasable","18":"product-type-simple","19":"add-to-wishlist-before_image"},"aioseo_notices":[],"_links":{"self":[{"href":"https:\/\/kosmeetika24.eu\/et\/wp-json\/wp\/v2\/product\/9536","targetHints":{"allow":["GET"]}}],"collection":[{"href":"https:\/\/kosmeetika24.eu\/et\/wp-json\/wp\/v2\/product"}],"about":[{"href":"https:\/\/kosmeetika24.eu\/et\/wp-json\/wp\/v2\/types\/product"}],"version-history":[{"count":5,"href":"https:\/\/kosmeetika24.eu\/et\/wp-json\/wp\/v2\/product\/9536\/revisions"}],"predecessor-version":[{"id":10187,"href":"https:\/\/kosmeetika24.eu\/et\/wp-json\/wp\/v2\/product\/9536\/revisions\/10187"}],"wp:featuredmedia":[{"embeddable":true,"href":"https:\/\/kosmeetika24.eu\/et\/wp-json\/wp\/v2\/media\/9538"}],"wp:attachment":[{"href":"https:\/\/kosmeetika24.eu\/et\/wp-json\/wp\/v2\/media?parent=9536"}],"wp:term":[{"taxonomy":"product_brand","embeddable":true,"href":"https:\/\/kosmeetika24.eu\/et\/wp-json\/wp\/v2\/product_brand?post=9536"},{"taxonomy":"product_cat","embeddable":true,"href":"https:\/\/kosmeetika24.eu\/et\/wp-json\/wp\/v2\/product_cat?post=9536"},{"taxonomy":"product_tag","embeddable":true,"href":"https:\/\/kosmeetika24.eu\/et\/wp-json\/wp\/v2\/product_tag?post=9536"}],"curies":[{"name":"wp","href":"https:\/\/api.w.org\/{rel}","templated":true}]}}