{"id":9440,"date":"2025-01-17T13:56:21","date_gmt":"2025-01-17T10:56:21","guid":{"rendered":"https:\/\/kosmeetika24.eu\/?post_type=product&#038;p=9440"},"modified":"2025-10-01T10:13:04","modified_gmt":"2025-10-01T07:13:04","slug":"kiantykinkekomplekt","status":"publish","type":"product","link":"https:\/\/kosmeetika24.eu\/et\/toode\/kiantykinkekomplekt\/","title":{"rendered":"BRUNO VASSARI Kianty eksklusiivne kinkekomplekt"},"content":{"rendered":"<p>Komplekt sisaldab kolme Kianty k\u00f5ige ikoonilisemat toodet, mis on loodud pakkuma \u00fcletamatut ilukogemust.<\/p>\n<p><strong>Serum Vite<\/strong>: Vananemisvastane seerum, mis on formuleeritud k\u00f5rge kontsentratsiooniga vananemisvastastest toimeainetest, mis toimivad s\u00fcnergiliselt, et v\u00e4hendada kortse ja miimikajooni.<\/p>\n<p><strong>Vita Vite<\/strong>: Vananemisvastane kreem, mis v\u00e4hendab igat t\u00fc\u00fcpi kortse. Soovitatav igap\u00e4evaseks kasutamiseks k\u00f5ikidele nahat\u00fc\u00fcpidele, kes otsivad t\u00e4ielikku vananemisvastast hooldust. Tulemused on n\u00e4htavad 30-p\u00e4evase kasutamise j\u00e4rel.<\/p>\n<p><strong>Eye Lift-Ox<\/strong>: Terviklik silma\u00fcmbruse hooldus, mis sisaldab t\u00f5husaimaid koostisosi ja uusimat tehnoloogiat, et parandada ja ennetada naha seisundit selles \u00f5rnas piirkonnas. Uus kogemus silma\u00fcmbruse hoolduses, pakkudes l\u00fchiajalisi ja pikaajalisi tulemusi. N\u00e4htavalt parandab kottide ja tumedate ringide v\u00e4ljan\u00e4gemist.<\/p>\n","protected":false},"excerpt":{"rendered":"<p>Eksklusiivne komplekt on kujundatud elegantse mustana, kaunistatud kuldsete graveeringute ja t\u00e4helise tekstuuriga, mis s\u00fcmboliseerib inspiratsiooni ja p\u00fc\u00fcdlusi, mis on Bruno Vassarit 40 aasta jooksul suunanud. Nii nagu t\u00e4hed on olnud teejuhiks \u00f6\u00f6taevas, on ka nende br\u00e4nd p\u00fc\u00fcelnud olla majakas uuenduste ja kvaliteedi vallas professionaalsete kosmeetikatoodete maailmas.<\/p>\n","protected":false},"featured_media":9441,"template":"","meta":{"om_disable_all_campaigns":false,"_monsterinsights_skip_tracking":false,"_monsterinsights_sitenote_active":false,"_monsterinsights_sitenote_note":"","_monsterinsights_sitenote_category":0,"_uf_show_specific_survey":0,"_uf_disable_surveys":false,"site-sidebar-layout":"default","site-content-layout":"","ast-site-content-layout":"default","site-content-style":"default","site-sidebar-style":"default","ast-global-header-display":"","ast-banner-title-visibility":"","ast-main-header-display":"","ast-hfb-above-header-display":"","ast-hfb-below-header-display":"","ast-hfb-mobile-header-display":"","site-post-title":"","ast-breadcrumbs-content":"","ast-featured-img":"","footer-sml-layout":"","theme-transparent-header-meta":"default","adv-header-id-meta":"","stick-header-meta":"","header-above-stick-meta":"","header-main-stick-meta":"","header-below-stick-meta":"","astra-migrate-meta-layouts":"set","ast-page-background-enabled":"default","ast-page-background-meta":{"desktop":{"background-color":"var(--ast-global-color-4)","background-image":"","background-repeat":"repeat","background-position":"center center","background-size":"auto","background-attachment":"scroll","background-type":"","background-media":"","overlay-type":"","overlay-color":"","overlay-opacity":"","overlay-gradient":""},"tablet":{"background-color":"","background-image":"","background-repeat":"repeat","background-position":"center center","background-size":"auto","background-attachment":"scroll","background-type":"","background-media":"","overlay-type":"","overlay-color":"","overlay-opacity":"","overlay-gradient":""},"mobile":{"background-color":"","background-image":"","background-repeat":"repeat","background-position":"center center","background-size":"auto","background-attachment":"scroll","background-type":"","background-media":"","overlay-type":"","overlay-color":"","overlay-opacity":"","overlay-gradient":""}},"ast-content-background-meta":{"desktop":{"background-color":"var(--ast-global-color-5)","background-image":"","background-repeat":"repeat","background-position":"center center","background-size":"auto","background-attachment":"scroll","background-type":"","background-media":"","overlay-type":"","overlay-color":"","overlay-opacity":"","overlay-gradient":""},"tablet":{"background-color":"var(--ast-global-color-5)","background-image":"","background-repeat":"repeat","background-position":"center center","background-size":"auto","background-attachment":"scroll","background-type":"","background-media":"","overlay-type":"","overlay-color":"","overlay-opacity":"","overlay-gradient":""},"mobile":{"background-color":"var(--ast-global-color-5)","background-image":"","background-repeat":"repeat","background-position":"center center","background-size":"auto","background-attachment":"scroll","background-type":"","background-media":"","overlay-type":"","overlay-color":"","overlay-opacity":"","overlay-gradient":""}}},"product_brand":[],"product_cat":[417,126,15],"product_tag":[],"class_list":{"0":"post-9440","1":"product","2":"type-product","3":"status-publish","4":"has-post-thumbnail","6":"product_cat-kinkekomplekt","7":"product_cat-komplektid-profitooted","8":"product_cat-naole","9":"desktop-align-center","10":"tablet-align-left","11":"mobile-align-left","13":"first","14":"instock","15":"taxable","16":"shipping-taxable","17":"purchasable","18":"product-type-simple","19":"add-to-wishlist-before_image"},"aioseo_notices":[],"_links":{"self":[{"href":"https:\/\/kosmeetika24.eu\/et\/wp-json\/wp\/v2\/product\/9440","targetHints":{"allow":["GET"]}}],"collection":[{"href":"https:\/\/kosmeetika24.eu\/et\/wp-json\/wp\/v2\/product"}],"about":[{"href":"https:\/\/kosmeetika24.eu\/et\/wp-json\/wp\/v2\/types\/product"}],"version-history":[{"count":5,"href":"https:\/\/kosmeetika24.eu\/et\/wp-json\/wp\/v2\/product\/9440\/revisions"}],"predecessor-version":[{"id":9465,"href":"https:\/\/kosmeetika24.eu\/et\/wp-json\/wp\/v2\/product\/9440\/revisions\/9465"}],"wp:featuredmedia":[{"embeddable":true,"href":"https:\/\/kosmeetika24.eu\/et\/wp-json\/wp\/v2\/media\/9441"}],"wp:attachment":[{"href":"https:\/\/kosmeetika24.eu\/et\/wp-json\/wp\/v2\/media?parent=9440"}],"wp:term":[{"taxonomy":"product_brand","embeddable":true,"href":"https:\/\/kosmeetika24.eu\/et\/wp-json\/wp\/v2\/product_brand?post=9440"},{"taxonomy":"product_cat","embeddable":true,"href":"https:\/\/kosmeetika24.eu\/et\/wp-json\/wp\/v2\/product_cat?post=9440"},{"taxonomy":"product_tag","embeddable":true,"href":"https:\/\/kosmeetika24.eu\/et\/wp-json\/wp\/v2\/product_tag?post=9440"}],"curies":[{"name":"wp","href":"https:\/\/api.w.org\/{rel}","templated":true}]}}