{"id":9210,"date":"2024-11-06T16:25:06","date_gmt":"2024-11-06T13:25:06","guid":{"rendered":"https:\/\/kosmeetika24.eu\/?post_type=product&#038;p=9210"},"modified":"2026-03-26T11:41:11","modified_gmt":"2026-03-26T08:41:11","slug":"juuste-valjalangemise-vastased-ampullid","status":"publish","type":"product","link":"https:\/\/kosmeetika24.eu\/et\/toode\/juuste-valjalangemise-vastased-ampullid\/","title":{"rendered":"Juuste v\u00e4ljalangemise vastased ampullid"},"content":{"rendered":"<p>Tricocure koostisosad aitavad v\u00e4hendada juuste v\u00e4ljalangemist ning soodustavad juuste kasvu. See toimib juuksefolliikulite ja peanaha tasandil, tugevdades ja parandades juuste struktuuri.<\/p>\n<p><strong>Eelised:<\/strong><\/p>\n<ul>\n<li>Aitab v\u00e4hendada juuste v\u00e4ljalangemist<\/li>\n<li>Soodustab juuste kasvu<\/li>\n<li>Toidab ja tugevdab peanahka<\/li>\n<li>Parandab juuste elastsust ja tervist<\/li>\n<\/ul>\n<p><strong>Kasutusjuhend:<\/strong><\/p>\n<ol>\n<li>Kanna v\u00e4ike kogus Tricocure lahust puhtale ja kuivale peanahale.<\/li>\n<li>Masseeri \u00f5rnalt s\u00f5rmeotstega, kuni toode on imendunud.<\/li>\n<li>\u00c4ra loputa. Kasuta toodet iga p\u00e4ev v\u00f5i vastavalt vajadusele parimate tulemuste saavutamiseks.<\/li>\n<\/ol>\n<p><strong>Hoiatused:<\/strong><br \/>\nAinult v\u00e4lispidiseks kasutamiseks. V\u00e4ltida toote sattumist silma. Silma sattumisel loputa koheselt rohke veega. Kui tekib \u00e4rritus v\u00f5i allergiline reaktsioon, l\u00f5peta toote kasutamine ja konsulteeri arstiga.<\/p>\n<p><strong>Koostisosad:<\/strong><br \/>\nAqua (water), Kopexil, CG-VEGF, Serenoa Repens (Saw Palmetto), Capixyl, Biotin, Niacin, Pyridoxine, Pantothenic Acid, Ginseng Root Extract.<\/p>\n<p><strong>Maht:<\/strong><br \/>\n4 x 25 ml<\/p>\n<p><strong>S\u00e4ilitamine:<\/strong><br \/>\nHoida toatemperatuuril ja eemal otsesest p\u00e4ikesevalgusest. Hoida lastele k\u00e4ttesaamatus kohas.<\/p>\n","protected":false},"excerpt":{"rendered":"<p>Tricocure on spetsiaalselt loodud intensiivne kosmeetikatoode, mis toetab peanaha ja juuste tervist.<\/p>\n","protected":false},"featured_media":9211,"template":"","meta":{"om_disable_all_campaigns":false,"_monsterinsights_skip_tracking":false,"_monsterinsights_sitenote_active":false,"_monsterinsights_sitenote_note":"","_monsterinsights_sitenote_category":0,"_uf_show_specific_survey":0,"_uf_disable_surveys":false,"site-sidebar-layout":"default","site-content-layout":"","ast-site-content-layout":"default","site-content-style":"default","site-sidebar-style":"default","ast-global-header-display":"","ast-banner-title-visibility":"","ast-main-header-display":"","ast-hfb-above-header-display":"","ast-hfb-below-header-display":"","ast-hfb-mobile-header-display":"","site-post-title":"","ast-breadcrumbs-content":"","ast-featured-img":"","footer-sml-layout":"","theme-transparent-header-meta":"default","adv-header-id-meta":"","stick-header-meta":"","header-above-stick-meta":"","header-main-stick-meta":"","header-below-stick-meta":"","astra-migrate-meta-layouts":"set","ast-page-background-enabled":"default","ast-page-background-meta":{"desktop":{"background-color":"var(--ast-global-color-4)","background-image":"","background-repeat":"repeat","background-position":"center center","background-size":"auto","background-attachment":"scroll","background-type":"","background-media":"","overlay-type":"","overlay-color":"","overlay-opacity":"","overlay-gradient":""},"tablet":{"background-color":"","background-image":"","background-repeat":"repeat","background-position":"center center","background-size":"auto","background-attachment":"scroll","background-type":"","background-media":"","overlay-type":"","overlay-color":"","overlay-opacity":"","overlay-gradient":""},"mobile":{"background-color":"","background-image":"","background-repeat":"repeat","background-position":"center center","background-size":"auto","background-attachment":"scroll","background-type":"","background-media":"","overlay-type":"","overlay-color":"","overlay-opacity":"","overlay-gradient":""}},"ast-content-background-meta":{"desktop":{"background-color":"var(--ast-global-color-5)","background-image":"","background-repeat":"repeat","background-position":"center center","background-size":"auto","background-attachment":"scroll","background-type":"","background-media":"","overlay-type":"","overlay-color":"","overlay-opacity":"","overlay-gradient":""},"tablet":{"background-color":"var(--ast-global-color-5)","background-image":"","background-repeat":"repeat","background-position":"center center","background-size":"auto","background-attachment":"scroll","background-type":"","background-media":"","overlay-type":"","overlay-color":"","overlay-opacity":"","overlay-gradient":""},"mobile":{"background-color":"var(--ast-global-color-5)","background-image":"","background-repeat":"repeat","background-position":"center center","background-size":"auto","background-attachment":"scroll","background-type":"","background-media":"","overlay-type":"","overlay-color":"","overlay-opacity":"","overlay-gradient":""}}},"product_brand":[],"product_cat":[414,125,122],"product_tag":[],"class_list":{"0":"post-9210","1":"product","2":"type-product","3":"status-publish","4":"has-post-thumbnail","6":"product_cat-juuksed","7":"product_cat-kontsentraadid-seerumid-profitooted","8":"product_cat-seerumid-profitooted","9":"desktop-align-center","10":"tablet-align-left","11":"mobile-align-left","13":"first","14":"instock","15":"taxable","16":"shipping-taxable","17":"purchasable","18":"product-type-simple","19":"add-to-wishlist-before_image"},"aioseo_notices":[],"_links":{"self":[{"href":"https:\/\/kosmeetika24.eu\/et\/wp-json\/wp\/v2\/product\/9210","targetHints":{"allow":["GET"]}}],"collection":[{"href":"https:\/\/kosmeetika24.eu\/et\/wp-json\/wp\/v2\/product"}],"about":[{"href":"https:\/\/kosmeetika24.eu\/et\/wp-json\/wp\/v2\/types\/product"}],"version-history":[{"count":2,"href":"https:\/\/kosmeetika24.eu\/et\/wp-json\/wp\/v2\/product\/9210\/revisions"}],"predecessor-version":[{"id":9243,"href":"https:\/\/kosmeetika24.eu\/et\/wp-json\/wp\/v2\/product\/9210\/revisions\/9243"}],"wp:featuredmedia":[{"embeddable":true,"href":"https:\/\/kosmeetika24.eu\/et\/wp-json\/wp\/v2\/media\/9211"}],"wp:attachment":[{"href":"https:\/\/kosmeetika24.eu\/et\/wp-json\/wp\/v2\/media?parent=9210"}],"wp:term":[{"taxonomy":"product_brand","embeddable":true,"href":"https:\/\/kosmeetika24.eu\/et\/wp-json\/wp\/v2\/product_brand?post=9210"},{"taxonomy":"product_cat","embeddable":true,"href":"https:\/\/kosmeetika24.eu\/et\/wp-json\/wp\/v2\/product_cat?post=9210"},{"taxonomy":"product_tag","embeddable":true,"href":"https:\/\/kosmeetika24.eu\/et\/wp-json\/wp\/v2\/product_tag?post=9210"}],"curies":[{"name":"wp","href":"https:\/\/api.w.org\/{rel}","templated":true}]}}