{"id":9176,"date":"2024-11-05T10:29:06","date_gmt":"2024-11-05T07:29:06","guid":{"rendered":"https:\/\/kosmeetika24.eu\/?post_type=product&#038;p=9176"},"modified":"2025-04-07T14:59:07","modified_gmt":"2025-04-07T11:59:07","slug":"mesotech-global-meso-lift-pinguldav-mesokokteil","status":"publish","type":"product","link":"https:\/\/kosmeetika24.eu\/et\/toode\/mesotech-global-meso-lift-pinguldav-mesokokteil\/","title":{"rendered":"Mesotech Global Meso Lift &#8211; pinguldav mesokokteil"},"content":{"rendered":"<p>N\u00e4onaha vananemist ei saa v\u00f5rrelda \u00fclej\u00e4\u00e4nud keha naha vananemisega. Naha vananemine on erinevate sisemiste ja v\u00e4limiste tegurite tagaj\u00e4rg. Seda protsessi v\u00f5ivad s\u00fcvendada ka mitmed tegurid, nagu toitumis, v\u00f5i hormonaalne seisund, suitsetamine, UV-kiirgus ja stress.<\/p>\n<h6 dir=\"ltr\" data-placeholder=\"T\u00f5lge\"><b>PEAMISED TOIMEAINED<\/b><\/h6>\n<ul>\n<li>Orgaaniline r\u00e4ni \u2013 aitab kaitsta keha infektsioonide eest ja on oluline ainevahetusprotsessis.\u00a0See kaitseb keha enneaegse vananemise eest.<\/li>\n<li>DMAE 4% \u2013 toimib antioks\u00fcdandina, &#8220;p\u00fc\u00fcab&#8221; \u00fcleliigsed vabad radikaalid.<\/li>\n<li>Niatsiinamiid \u2013 vitamiini B3 derivaat, omab antioks\u00fcdantseid omadusi. Hoiab \u00e4ra naha enneaegse vananemise. Samuti stimuleerib see lipiidide tootmist ning oma kollageeni ja elastiini moodustumist kehas.<\/li>\n<li>Aminohapped ( 21 t\u00fckki) &#8211; on NMF-i oluline komponent, millel on tohutu m\u00f5ju naha h\u00fcdratatsioonile, vee s\u00e4ilitamisele ja sidumisele epidermises.<\/li>\n<\/ul>\n<p>Soovitav alates 40+ vanusest, kui algab naha l\u00f5tvumine.<\/p>\n<h6><strong>N\u00c4IDUSTUSED<\/strong><\/h6>\n<ul>\n<li>Ennetav ja vananemisvastane ravi.<\/li>\n<li>Parandab stressis, tuhmi ja ebaregulaarset nahka.<\/li>\n<li>V\u00e4hendab kortsude s\u00fcgavust.<\/li>\n<li>Stimuleerib naha lihaskiudude kokkut\u00f5mbumist, pakkudes pinguldavat toimet.<\/li>\n<li>Kujundab uuesti n\u00e4oovaali.<\/li>\n<li>Parandab naha niisutatust.<\/li>\n<li>Tagab tugeva radikaalivastase toime ja kaitseb v\u00e4liste nahakahjustuste eest.<\/li>\n<\/ul>\n<p><strong>KASUTAMINE<\/strong><\/p>\n<p>Kandke hommikul ja \u00f5htul n\u00e4ole, kaelale ja dekolteele.<\/p>\n","protected":false},"excerpt":{"rendered":"<p>1 karp 10 ampulli * 5 \u00a0ml<\/p>\n<p>Global Meso Lift \u2013 pinguldav mesokokteil on effektiivne prof\u00fclaktika ja Anti-age teraapia.<\/p>\n<p>T\u00f5stab raku energiat, rikastab hapnikuga ja parandab vere mikrotsirkulatsiooni.<\/p>\n<p>&nbsp;<\/p>\n","protected":false},"featured_media":9182,"template":"","meta":{"om_disable_all_campaigns":false,"_monsterinsights_skip_tracking":false,"_monsterinsights_sitenote_active":false,"_monsterinsights_sitenote_note":"","_monsterinsights_sitenote_category":0,"_uf_show_specific_survey":0,"_uf_disable_surveys":false,"site-sidebar-layout":"default","site-content-layout":"","ast-site-content-layout":"default","site-content-style":"default","site-sidebar-style":"default","ast-global-header-display":"","ast-banner-title-visibility":"","ast-main-header-display":"","ast-hfb-above-header-display":"","ast-hfb-below-header-display":"","ast-hfb-mobile-header-display":"","site-post-title":"","ast-breadcrumbs-content":"","ast-featured-img":"","footer-sml-layout":"","theme-transparent-header-meta":"default","adv-header-id-meta":"","stick-header-meta":"","header-above-stick-meta":"","header-main-stick-meta":"","header-below-stick-meta":"","astra-migrate-meta-layouts":"set","ast-page-background-enabled":"default","ast-page-background-meta":{"desktop":{"background-color":"var(--ast-global-color-4)","background-image":"","background-repeat":"repeat","background-position":"center center","background-size":"auto","background-attachment":"scroll","background-type":"","background-media":"","overlay-type":"","overlay-color":"","overlay-opacity":"","overlay-gradient":""},"tablet":{"background-color":"","background-image":"","background-repeat":"repeat","background-position":"center center","background-size":"auto","background-attachment":"scroll","background-type":"","background-media":"","overlay-type":"","overlay-color":"","overlay-opacity":"","overlay-gradient":""},"mobile":{"background-color":"","background-image":"","background-repeat":"repeat","background-position":"center center","background-size":"auto","background-attachment":"scroll","background-type":"","background-media":"","overlay-type":"","overlay-color":"","overlay-opacity":"","overlay-gradient":""}},"ast-content-background-meta":{"desktop":{"background-color":"var(--ast-global-color-5)","background-image":"","background-repeat":"repeat","background-position":"center center","background-size":"auto","background-attachment":"scroll","background-type":"","background-media":"","overlay-type":"","overlay-color":"","overlay-opacity":"","overlay-gradient":""},"tablet":{"background-color":"var(--ast-global-color-5)","background-image":"","background-repeat":"repeat","background-position":"center center","background-size":"auto","background-attachment":"scroll","background-type":"","background-media":"","overlay-type":"","overlay-color":"","overlay-opacity":"","overlay-gradient":""},"mobile":{"background-color":"var(--ast-global-color-5)","background-image":"","background-repeat":"repeat","background-position":"center center","background-size":"auto","background-attachment":"scroll","background-type":"","background-media":"","overlay-type":"","overlay-color":"","overlay-opacity":"","overlay-gradient":""}}},"product_brand":[],"product_cat":[15,77],"product_tag":[],"class_list":{"0":"post-9176","1":"product","2":"type-product","3":"status-publish","4":"has-post-thumbnail","6":"product_cat-naole","7":"product_cat-seerumid","8":"desktop-align-center","9":"tablet-align-left","10":"mobile-align-left","12":"first","13":"instock","14":"taxable","15":"shipping-taxable","16":"purchasable","17":"product-type-simple","18":"add-to-wishlist-before_image"},"aioseo_notices":[],"_links":{"self":[{"href":"https:\/\/kosmeetika24.eu\/et\/wp-json\/wp\/v2\/product\/9176","targetHints":{"allow":["GET"]}}],"collection":[{"href":"https:\/\/kosmeetika24.eu\/et\/wp-json\/wp\/v2\/product"}],"about":[{"href":"https:\/\/kosmeetika24.eu\/et\/wp-json\/wp\/v2\/types\/product"}],"version-history":[{"count":14,"href":"https:\/\/kosmeetika24.eu\/et\/wp-json\/wp\/v2\/product\/9176\/revisions"}],"predecessor-version":[{"id":9524,"href":"https:\/\/kosmeetika24.eu\/et\/wp-json\/wp\/v2\/product\/9176\/revisions\/9524"}],"wp:featuredmedia":[{"embeddable":true,"href":"https:\/\/kosmeetika24.eu\/et\/wp-json\/wp\/v2\/media\/9182"}],"wp:attachment":[{"href":"https:\/\/kosmeetika24.eu\/et\/wp-json\/wp\/v2\/media?parent=9176"}],"wp:term":[{"taxonomy":"product_brand","embeddable":true,"href":"https:\/\/kosmeetika24.eu\/et\/wp-json\/wp\/v2\/product_brand?post=9176"},{"taxonomy":"product_cat","embeddable":true,"href":"https:\/\/kosmeetika24.eu\/et\/wp-json\/wp\/v2\/product_cat?post=9176"},{"taxonomy":"product_tag","embeddable":true,"href":"https:\/\/kosmeetika24.eu\/et\/wp-json\/wp\/v2\/product_tag?post=9176"}],"curies":[{"name":"wp","href":"https:\/\/api.w.org\/{rel}","templated":true}]}}