{"id":9150,"date":"2024-11-04T13:07:51","date_gmt":"2024-11-04T10:07:51","guid":{"rendered":"https:\/\/kosmeetika24.eu\/?post_type=product&#038;p=9150"},"modified":"2026-03-11T13:57:45","modified_gmt":"2026-03-11T10:57:45","slug":"bruno-vassari-pure-solutions-kinkekomplekt-rasusele-nahale-2024","status":"publish","type":"product","link":"https:\/\/kosmeetika24.eu\/et\/toode\/bruno-vassari-pure-solutions-kinkekomplekt-rasusele-nahale-2024\/","title":{"rendered":"Bruno Vassari Pure Solutions kinkekomplekt rasusele nahale 2024"},"content":{"rendered":"<ol>\n<li>\u00d5livaba niisutav emulsjoon <em>Balance Fluid<\/em> k\u00f5rvaldab liigsest rasust p\u00f5hjustatud s\u00e4ra, hoides naha mati ja pehmena. Tasandab naha pH taset, parandades selle struktuuri. Sobib kombineeritud, rasusele ja probleemsele nahale.<\/li>\n<\/ol>\n<p><strong>TOIMEAINED<\/strong><\/p>\n<ul>\n<li>Iirise ekstrakt<\/li>\n<li>Tsingisool<\/li>\n<li>A-vitamiin<\/li>\n<li>B6-vitamiin<\/li>\n<li>Salits\u00fc\u00fclhape<\/li>\n<\/ul>\n<p><strong>TOIME<\/strong><\/p>\n<ul>\n<li style=\"list-style-type: none;\">\n<ul>\n<li>Ts\u00fctobioloogiline kompleks (iiriseektrakt, tsingisool, A-vitamiin) ennetab laikude ja defektide esinemist ning parendab naha v\u00e4ljan\u00e4gemist.<\/li>\n<li>Iirise ekstrakt on v\u00e4ga hea p\u00f5letikuvastase toimega. Sulgeb poorid ja annab nahale loomuliku ilme.<\/li>\n<li>Tsingisool toimib antiseptiku ja rasuregulaatorina. V\u00e4hendab akne esinemist.<\/li>\n<li>A-vitamiin regenereerib marrasknahka ja kontrollib rasueritust. Parendab naha seisundit ja uuendab kahjustunud kudesid.<\/li>\n<li>B6-vitamiin puhastab, matistab ja pehmendab naha tekstuuri.<\/li>\n<li>Salits\u00fc\u00fclhape on kooriva toimega. Tasakaalustab naha pinda.<\/li>\n<\/ul>\n<\/li>\n<\/ul>\n<p>2. Aktiivne konsentraat Oily Control Concentrate kontrollib rasueritust ning v\u00f5itleb bakterite vastu.<\/p>\n<p><strong>TOIMEAINED<\/strong><\/p>\n<ul>\n<li>Salits\u00fc\u00fclhape<\/li>\n<li>B3-vitamiin<\/li>\n<li>Teepuu\u00f5li<\/li>\n<li>Mentool<\/li>\n<li>Meresool<\/li>\n<\/ul>\n<p><strong>TOIME<\/strong><\/p>\n<ul>\n<li style=\"list-style-type: none;\">\n<ul>\n<li>Salits\u00fc\u00fclhappel rahustab nahka ja puhastab selle s\u00fcgavalt.<\/li>\n<li>B3-vitamiin s\u00e4ilitab naha niiskustaseme ning normaliseerib rasuerituse.<\/li>\n<li>Teepuu\u00f5li on desinfitseeriva toimega.<\/li>\n<li>Mentool on jahutava toimega.<\/li>\n<li>Meresool on desinfitseeriva toimega.<\/li>\n<\/ul>\n<\/li>\n<\/ul>\n","protected":false},"excerpt":{"rendered":"<p>See pakk on ideaalne valik rasusele nahale, kellel on kalduvus aknele, kuna see normaliseerib liigse rasuga naha v\u00e4limust, viimistleb tekstuuri, sulgeb poorid ja pakub suurep\u00e4rast mugavustunnet.<\/p>\n<ul>\n<li>\u00d5livaba niisutav emulsjoon <em>Balance Fluid<\/em> k\u00f5rvaldab liigsest rasust p\u00f5hjustatud s\u00e4ra, hoides naha mati ja pehmena. Tasandab naha pH taset, parandades selle struktuuri. 50 ml<\/li>\n<li>Aktiivne konsentraat Oily Control Concentrate kontrollib rasueritust ning v\u00f5itleb bakterite vastu. 6 ampulli<\/li>\n<\/ul>\n<p>Sobib kombineeritud, rasusele ja probleemsele nahale.<\/p>\n","protected":false},"featured_media":9140,"template":"","meta":{"om_disable_all_campaigns":false,"_monsterinsights_skip_tracking":false,"_monsterinsights_sitenote_active":false,"_monsterinsights_sitenote_note":"","_monsterinsights_sitenote_category":0,"_uf_show_specific_survey":0,"_uf_disable_surveys":false,"site-sidebar-layout":"default","site-content-layout":"","ast-site-content-layout":"default","site-content-style":"default","site-sidebar-style":"default","ast-global-header-display":"","ast-banner-title-visibility":"","ast-main-header-display":"","ast-hfb-above-header-display":"","ast-hfb-below-header-display":"","ast-hfb-mobile-header-display":"","site-post-title":"disabled","ast-breadcrumbs-content":"","ast-featured-img":"disabled","footer-sml-layout":"","theme-transparent-header-meta":"default","adv-header-id-meta":"","stick-header-meta":"","header-above-stick-meta":"","header-main-stick-meta":"","header-below-stick-meta":"","astra-migrate-meta-layouts":"set","ast-page-background-enabled":"default","ast-page-background-meta":{"desktop":{"background-color":"var(--ast-global-color-4)","background-image":"","background-repeat":"repeat","background-position":"center center","background-size":"auto","background-attachment":"scroll","background-type":"","background-media":"","overlay-type":"","overlay-color":"","overlay-opacity":"","overlay-gradient":""},"tablet":{"background-color":"","background-image":"","background-repeat":"repeat","background-position":"center center","background-size":"auto","background-attachment":"scroll","background-type":"","background-media":"","overlay-type":"","overlay-color":"","overlay-opacity":"","overlay-gradient":""},"mobile":{"background-color":"","background-image":"","background-repeat":"repeat","background-position":"center center","background-size":"auto","background-attachment":"scroll","background-type":"","background-media":"","overlay-type":"","overlay-color":"","overlay-opacity":"","overlay-gradient":""}},"ast-content-background-meta":{"desktop":{"background-color":"var(--ast-global-color-5)","background-image":"","background-repeat":"repeat","background-position":"center center","background-size":"auto","background-attachment":"scroll","background-type":"","background-media":"","overlay-type":"","overlay-color":"","overlay-opacity":"","overlay-gradient":""},"tablet":{"background-color":"var(--ast-global-color-5)","background-image":"","background-repeat":"repeat","background-position":"center center","background-size":"auto","background-attachment":"scroll","background-type":"","background-media":"","overlay-type":"","overlay-color":"","overlay-opacity":"","overlay-gradient":""},"mobile":{"background-color":"var(--ast-global-color-5)","background-image":"","background-repeat":"repeat","background-position":"center center","background-size":"auto","background-attachment":"scroll","background-type":"","background-media":"","overlay-type":"","overlay-color":"","overlay-opacity":"","overlay-gradient":""}}},"product_brand":[],"product_cat":[417,48,80,75],"product_tag":[],"class_list":{"0":"post-9150","1":"product","2":"type-product","3":"status-publish","4":"has-post-thumbnail","6":"product_cat-kinkekomplekt","7":"product_cat-komplektid","8":"product_cat-kontsentraadid","9":"product_cat-kreemid-naole","10":"desktop-align-center","11":"tablet-align-left","12":"mobile-align-left","14":"first","15":"instock","16":"taxable","17":"shipping-taxable","18":"purchasable","19":"product-type-simple","20":"add-to-wishlist-before_image"},"aioseo_notices":[],"_links":{"self":[{"href":"https:\/\/kosmeetika24.eu\/et\/wp-json\/wp\/v2\/product\/9150","targetHints":{"allow":["GET"]}}],"collection":[{"href":"https:\/\/kosmeetika24.eu\/et\/wp-json\/wp\/v2\/product"}],"about":[{"href":"https:\/\/kosmeetika24.eu\/et\/wp-json\/wp\/v2\/types\/product"}],"version-history":[{"count":17,"href":"https:\/\/kosmeetika24.eu\/et\/wp-json\/wp\/v2\/product\/9150\/revisions"}],"predecessor-version":[{"id":9269,"href":"https:\/\/kosmeetika24.eu\/et\/wp-json\/wp\/v2\/product\/9150\/revisions\/9269"}],"wp:featuredmedia":[{"embeddable":true,"href":"https:\/\/kosmeetika24.eu\/et\/wp-json\/wp\/v2\/media\/9140"}],"wp:attachment":[{"href":"https:\/\/kosmeetika24.eu\/et\/wp-json\/wp\/v2\/media?parent=9150"}],"wp:term":[{"taxonomy":"product_brand","embeddable":true,"href":"https:\/\/kosmeetika24.eu\/et\/wp-json\/wp\/v2\/product_brand?post=9150"},{"taxonomy":"product_cat","embeddable":true,"href":"https:\/\/kosmeetika24.eu\/et\/wp-json\/wp\/v2\/product_cat?post=9150"},{"taxonomy":"product_tag","embeddable":true,"href":"https:\/\/kosmeetika24.eu\/et\/wp-json\/wp\/v2\/product_tag?post=9150"}],"curies":[{"name":"wp","href":"https:\/\/api.w.org\/{rel}","templated":true}]}}