{"id":9092,"date":"2024-11-01T11:03:26","date_gmt":"2024-11-01T08:03:26","guid":{"rendered":"https:\/\/kosmeetika24.eu\/?post_type=product&#038;p=9092"},"modified":"2025-04-08T10:18:04","modified_gmt":"2025-04-08T07:18:04","slug":"charmyco-ideaalne-taastav-toitev-ookreem","status":"publish","type":"product","link":"https:\/\/kosmeetika24.eu\/et\/toode\/charmyco-ideaalne-taastav-toitev-ookreem\/","title":{"rendered":"CHARMYCO ideaalne taastav &#038; toitev \u00f6\u00f6kreem"},"content":{"rendered":"<p>Ideal Revitalizing &amp; Nourishing Night Cream (50 ml)<\/p>\n<p><strong>PEAMISED TOIMEAINED<\/strong><\/p>\n<p>Fagus Sylvatica Bud Extract &#8211; Harilik p\u00f6\u00f6k pungi ekstrakt &#8211; toetab rakkude uuenemist, aitab suurendada naha elastsust ja tugevust, andes sellele noorusliku v\u00e4limuse.<br \/>\nLeontopodium Alpinum Flower\/Leaf Extract &#8211; Alpi l\u00f5osilma \u00f5ie\/lehe ekstrakt &#8211; omab antioks\u00fcdantseid omadusi, kaitseb nahka vabade radikaalide eest ning aitab aeglustada vananemisprotsesse.<br \/>\nCitrus Aurantium Amara Fruit Extract &#8211; Kibuvitsapuu vilja ekstrakt \u2013 v\u00e4rskendab nahka, parandab selle tooni ja tekstuuri, andes n\u00e4ole s\u00e4ra.<br \/>\nCitrus Reticulata Fruit Extract &#8211; Mandariin vilja ekstrakt &#8211; \u00fchtlustab nahatooni, omab rahustavat ja v\u00e4rskendavat toimet, parandades naha \u00fcldist v\u00e4limust.<br \/>\nCitrus Sinensis Peel Extract &#8211; Apelsini koore ekstrakt &#8211; rikas antioks\u00fcdantide ja C-vitamiini poolest, aitab v\u00e4rskendada ja valgendada nahka, andes sellele terve ilme.<\/p>\n<p><strong>KASUTAMINE<\/strong><\/p>\n<p>Puhastage ja toniseerige nahka, kandke kreem n\u00e4ole.<br \/>\nV\u00e4ltige kontakti silmadega.<\/p>\n<p><strong>KOOSTIS<\/strong><\/p>\n<p>Aqua, Citrus Limon (Lemon) Fruit Water, Polyglyceryl-10 Dipalmitate, Propanediol, Butyrospermum<br \/>\nParkii (Shea) Butter, Olea Europaea Fruit Oil, Isopropyl Myristate, Rosa Moschata Oil, Tocopheryl<br \/>\nAcetate, Lecithin, Butylene Glycol, Centella Asiatica Extract, Polygonum Cuspidatum Root Extract,<br \/>\nScutellaria Baicalensis Root Extract, Camellia Sinensis Leaf Extract, Glycyrrhiza Glabra (Licorice) Root<br \/>\nExtract, Chamomilla Recutita (Matricaria) Flower Extract, Rosmarinus Officinalis (Rosemary) Leaf<br \/>\nExtract, Fagus Sylvatica Bud Extract, Leontopodium Alpinum Flower\/Leaf Extract, Glycerin, Citrus<br \/>\nAurantium Amara Fruit Extract, Citrus Reticulata Fruit Extract, Citrus Sinensis Peel Extract, Benzyl<br \/>\nAlcohol, Sodium Benzoate, Potassium Sorbate, Sodium Acrylates Copolymer, Phenylpropanol, Caprylyl<br \/>\nGlycol, Parfum.<\/p>\n","protected":false},"excerpt":{"rendered":"<p>Rikkaliku koostisega valem, mis on loodud naha noorendamiseks une ajal. Rikastatud Citrus Limoni viljaveega, sheav\u00f5i ja Roosi Moschata \u00f5liga. Niisutab s\u00fcgavalt ja taastab naha loomuliku s\u00e4ra.<\/p>\n","protected":false},"featured_media":9105,"template":"","meta":{"om_disable_all_campaigns":false,"_monsterinsights_skip_tracking":false,"_monsterinsights_sitenote_active":false,"_monsterinsights_sitenote_note":"","_monsterinsights_sitenote_category":0,"_uf_show_specific_survey":0,"_uf_disable_surveys":false,"site-sidebar-layout":"default","site-content-layout":"","ast-site-content-layout":"default","site-content-style":"default","site-sidebar-style":"default","ast-global-header-display":"","ast-banner-title-visibility":"","ast-main-header-display":"","ast-hfb-above-header-display":"","ast-hfb-below-header-display":"","ast-hfb-mobile-header-display":"","site-post-title":"","ast-breadcrumbs-content":"","ast-featured-img":"","footer-sml-layout":"","theme-transparent-header-meta":"default","adv-header-id-meta":"","stick-header-meta":"","header-above-stick-meta":"","header-main-stick-meta":"","header-below-stick-meta":"","astra-migrate-meta-layouts":"set","ast-page-background-enabled":"default","ast-page-background-meta":{"desktop":{"background-color":"var(--ast-global-color-4)","background-image":"","background-repeat":"repeat","background-position":"center center","background-size":"auto","background-attachment":"scroll","background-type":"","background-media":"","overlay-type":"","overlay-color":"","overlay-opacity":"","overlay-gradient":""},"tablet":{"background-color":"","background-image":"","background-repeat":"repeat","background-position":"center center","background-size":"auto","background-attachment":"scroll","background-type":"","background-media":"","overlay-type":"","overlay-color":"","overlay-opacity":"","overlay-gradient":""},"mobile":{"background-color":"","background-image":"","background-repeat":"repeat","background-position":"center center","background-size":"auto","background-attachment":"scroll","background-type":"","background-media":"","overlay-type":"","overlay-color":"","overlay-opacity":"","overlay-gradient":""}},"ast-content-background-meta":{"desktop":{"background-color":"var(--ast-global-color-5)","background-image":"","background-repeat":"repeat","background-position":"center center","background-size":"auto","background-attachment":"scroll","background-type":"","background-media":"","overlay-type":"","overlay-color":"","overlay-opacity":"","overlay-gradient":""},"tablet":{"background-color":"var(--ast-global-color-5)","background-image":"","background-repeat":"repeat","background-position":"center center","background-size":"auto","background-attachment":"scroll","background-type":"","background-media":"","overlay-type":"","overlay-color":"","overlay-opacity":"","overlay-gradient":""},"mobile":{"background-color":"var(--ast-global-color-5)","background-image":"","background-repeat":"repeat","background-position":"center center","background-size":"auto","background-attachment":"scroll","background-type":"","background-media":"","overlay-type":"","overlay-color":"","overlay-opacity":"","overlay-gradient":""}}},"product_brand":[],"product_cat":[75,15],"product_tag":[],"class_list":{"0":"post-9092","1":"product","2":"type-product","3":"status-publish","4":"has-post-thumbnail","6":"product_cat-kreemid-naole","7":"product_cat-naole","8":"desktop-align-center","9":"tablet-align-left","10":"mobile-align-left","12":"first","13":"instock","14":"taxable","15":"shipping-taxable","16":"purchasable","17":"product-type-simple","18":"add-to-wishlist-before_image"},"aioseo_notices":[],"_links":{"self":[{"href":"https:\/\/kosmeetika24.eu\/et\/wp-json\/wp\/v2\/product\/9092","targetHints":{"allow":["GET"]}}],"collection":[{"href":"https:\/\/kosmeetika24.eu\/et\/wp-json\/wp\/v2\/product"}],"about":[{"href":"https:\/\/kosmeetika24.eu\/et\/wp-json\/wp\/v2\/types\/product"}],"version-history":[{"count":2,"href":"https:\/\/kosmeetika24.eu\/et\/wp-json\/wp\/v2\/product\/9092\/revisions"}],"predecessor-version":[{"id":10091,"href":"https:\/\/kosmeetika24.eu\/et\/wp-json\/wp\/v2\/product\/9092\/revisions\/10091"}],"wp:featuredmedia":[{"embeddable":true,"href":"https:\/\/kosmeetika24.eu\/et\/wp-json\/wp\/v2\/media\/9105"}],"wp:attachment":[{"href":"https:\/\/kosmeetika24.eu\/et\/wp-json\/wp\/v2\/media?parent=9092"}],"wp:term":[{"taxonomy":"product_brand","embeddable":true,"href":"https:\/\/kosmeetika24.eu\/et\/wp-json\/wp\/v2\/product_brand?post=9092"},{"taxonomy":"product_cat","embeddable":true,"href":"https:\/\/kosmeetika24.eu\/et\/wp-json\/wp\/v2\/product_cat?post=9092"},{"taxonomy":"product_tag","embeddable":true,"href":"https:\/\/kosmeetika24.eu\/et\/wp-json\/wp\/v2\/product_tag?post=9092"}],"curies":[{"name":"wp","href":"https:\/\/api.w.org\/{rel}","templated":true}]}}