{"id":9090,"date":"2024-11-01T11:21:13","date_gmt":"2024-11-01T08:21:13","guid":{"rendered":"https:\/\/kosmeetika24.eu\/?post_type=product&#038;p=9090"},"modified":"2025-04-07T15:02:55","modified_gmt":"2025-04-07T12:02:55","slug":"charmyco-luksuslik-ja-noorendav-paevakreem","status":"publish","type":"product","link":"https:\/\/kosmeetika24.eu\/et\/toode\/charmyco-luksuslik-ja-noorendav-paevakreem\/","title":{"rendered":"CHARMYCO luksuslik ja noorendav p\u00e4evakreem"},"content":{"rendered":"<p>Luxury Rejuvenating Day Cream (50 ml)<\/p>\n<p><strong>PEAMISED TOIMEAINED<\/strong><\/p>\n<p><em>Bellis Perennis (Daisy) Flower Extract<\/em> &#8211; Kellukese \u00f5ie ekstrakt &#8211; aitab \u00fchtlustada nahatooni, v\u00e4hendada pigmentatsiooni ja anda nahale s\u00e4rav ja tervislik v\u00e4limus.<br \/>\n<em>Vaccinium Myrtillus Leaf Extract &#8211;<\/em> Mustika lehe ekstrakt &#8211; v\u00f5imas antioks\u00fcdant, mis tugevdab kapillaaride seinu, parandab mikrotsirkulatsiooni ja kaitseb nahka vabade radikaalide eest.<br \/>\n<em>Avena Sativa Kernel Extract<\/em> &#8211; Kaera tuuma ekstrakt &#8211; s\u00fcgavniisutav ja pehmendav, andes nahale sileduse ja kaitstes seda \u00e4rrituste eest.<\/p>\n<p><strong>KASUTAMINE<\/strong><\/p>\n<p>Kandke kergete masseerivate liigutustega nahale.<\/p>\n<p>V\u00e4ltige kontakti silmadega.<\/p>\n<p><strong>KOOSTIS<\/strong><\/p>\n<p>Aqua, Polyglyceryl-10 Dipalmitate, Neopentyl Glycol Dicaprylate\/Dicaprate, Propanediol,<br \/>\nButyrospermum Parkii (Shea) Butter, Polyglyceryl-6 Distearate, Bellis Perennis (Daisy) Flower Extract,<br \/>\nJojoba Esters, Polyglyceryl-3 Beeswax, Cetyl Alcohol, Vaccinium Myrtillus Leaf Extract, Avena Sativa<br \/>\nKernel Extract, Caprylyl Glycol, Acetyl Hexapeptide-8, Ethylhexylglycerin, Phenoxyethanol,<br \/>\nCarbomer, Triethanolamine, Parfum, Alpha-Isomethyl Ionone, Citronellol, Limonene, Geraniol,<br \/>\nLinalool.<\/p>\n","protected":false},"excerpt":{"rendered":"<p>Loodud luksusliku valemiga, suunatud vananemism\u00e4rkideganahale, soodustades nooruslikumat<br \/>\njumet. Rikastatud t\u00f5husate koostisosadega nagu sheav\u00f5i, p\u00e4evalilleekstrakt ja<br \/>\natset\u00fc\u00fclheksapeptiid-8. Niisutab nahka, pinguldab, silub ja aitab saavutada soovitud v\u00e4limuse.<\/p>\n","protected":false},"featured_media":9113,"template":"","meta":{"om_disable_all_campaigns":false,"_monsterinsights_skip_tracking":false,"_monsterinsights_sitenote_active":false,"_monsterinsights_sitenote_note":"","_monsterinsights_sitenote_category":0,"_uf_show_specific_survey":0,"_uf_disable_surveys":false,"site-sidebar-layout":"default","site-content-layout":"","ast-site-content-layout":"default","site-content-style":"default","site-sidebar-style":"default","ast-global-header-display":"","ast-banner-title-visibility":"","ast-main-header-display":"","ast-hfb-above-header-display":"","ast-hfb-below-header-display":"","ast-hfb-mobile-header-display":"","site-post-title":"","ast-breadcrumbs-content":"","ast-featured-img":"","footer-sml-layout":"","theme-transparent-header-meta":"default","adv-header-id-meta":"","stick-header-meta":"","header-above-stick-meta":"","header-main-stick-meta":"","header-below-stick-meta":"","astra-migrate-meta-layouts":"set","ast-page-background-enabled":"default","ast-page-background-meta":{"desktop":{"background-color":"var(--ast-global-color-4)","background-image":"","background-repeat":"repeat","background-position":"center center","background-size":"auto","background-attachment":"scroll","background-type":"","background-media":"","overlay-type":"","overlay-color":"","overlay-opacity":"","overlay-gradient":""},"tablet":{"background-color":"","background-image":"","background-repeat":"repeat","background-position":"center center","background-size":"auto","background-attachment":"scroll","background-type":"","background-media":"","overlay-type":"","overlay-color":"","overlay-opacity":"","overlay-gradient":""},"mobile":{"background-color":"","background-image":"","background-repeat":"repeat","background-position":"center center","background-size":"auto","background-attachment":"scroll","background-type":"","background-media":"","overlay-type":"","overlay-color":"","overlay-opacity":"","overlay-gradient":""}},"ast-content-background-meta":{"desktop":{"background-color":"var(--ast-global-color-5)","background-image":"","background-repeat":"repeat","background-position":"center center","background-size":"auto","background-attachment":"scroll","background-type":"","background-media":"","overlay-type":"","overlay-color":"","overlay-opacity":"","overlay-gradient":""},"tablet":{"background-color":"var(--ast-global-color-5)","background-image":"","background-repeat":"repeat","background-position":"center center","background-size":"auto","background-attachment":"scroll","background-type":"","background-media":"","overlay-type":"","overlay-color":"","overlay-opacity":"","overlay-gradient":""},"mobile":{"background-color":"var(--ast-global-color-5)","background-image":"","background-repeat":"repeat","background-position":"center center","background-size":"auto","background-attachment":"scroll","background-type":"","background-media":"","overlay-type":"","overlay-color":"","overlay-opacity":"","overlay-gradient":""}}},"product_brand":[],"product_cat":[75,15],"product_tag":[],"class_list":{"0":"post-9090","1":"product","2":"type-product","3":"status-publish","4":"has-post-thumbnail","6":"product_cat-kreemid-naole","7":"product_cat-naole","8":"desktop-align-center","9":"tablet-align-left","10":"mobile-align-left","12":"first","13":"instock","14":"taxable","15":"shipping-taxable","16":"purchasable","17":"product-type-simple","18":"add-to-wishlist-before_image"},"aioseo_notices":[],"_links":{"self":[{"href":"https:\/\/kosmeetika24.eu\/et\/wp-json\/wp\/v2\/product\/9090","targetHints":{"allow":["GET"]}}],"collection":[{"href":"https:\/\/kosmeetika24.eu\/et\/wp-json\/wp\/v2\/product"}],"about":[{"href":"https:\/\/kosmeetika24.eu\/et\/wp-json\/wp\/v2\/types\/product"}],"version-history":[{"count":2,"href":"https:\/\/kosmeetika24.eu\/et\/wp-json\/wp\/v2\/product\/9090\/revisions"}],"predecessor-version":[{"id":9114,"href":"https:\/\/kosmeetika24.eu\/et\/wp-json\/wp\/v2\/product\/9090\/revisions\/9114"}],"wp:featuredmedia":[{"embeddable":true,"href":"https:\/\/kosmeetika24.eu\/et\/wp-json\/wp\/v2\/media\/9113"}],"wp:attachment":[{"href":"https:\/\/kosmeetika24.eu\/et\/wp-json\/wp\/v2\/media?parent=9090"}],"wp:term":[{"taxonomy":"product_brand","embeddable":true,"href":"https:\/\/kosmeetika24.eu\/et\/wp-json\/wp\/v2\/product_brand?post=9090"},{"taxonomy":"product_cat","embeddable":true,"href":"https:\/\/kosmeetika24.eu\/et\/wp-json\/wp\/v2\/product_cat?post=9090"},{"taxonomy":"product_tag","embeddable":true,"href":"https:\/\/kosmeetika24.eu\/et\/wp-json\/wp\/v2\/product_tag?post=9090"}],"curies":[{"name":"wp","href":"https:\/\/api.w.org\/{rel}","templated":true}]}}