{"id":9088,"date":"2024-11-01T11:12:23","date_gmt":"2024-11-01T08:12:23","guid":{"rendered":"https:\/\/kosmeetika24.eu\/?post_type=product&#038;p=9088"},"modified":"2025-04-07T15:10:13","modified_gmt":"2025-04-07T12:10:13","slug":"charmyco-luksuslik-noorendav-seerum","status":"publish","type":"product","link":"https:\/\/kosmeetika24.eu\/et\/toode\/charmyco-luksuslik-noorendav-seerum\/","title":{"rendered":"CHARMYCO Luksuslik &#038; Noorendav Seerum 30ml"},"content":{"rendered":"<p>Luxury Rejuvenating Serum<\/p>\n<p><strong>PEAMISED TOIMEAINED<\/strong><\/p>\n<p><em>Centella Asiatica Extract<\/em> &#8211; Gotu Kola ekstrakt &#8211; aitab nahka taastada ja tugevdada, omades rahustavat m\u00f5ju ning stimuleerides rakkude uuenemist.<br \/>\n<em>Polygonum Cuspidatum Root Extract<\/em> &#8211; Jaapani tatrajuure ekstrakt &#8211; v\u00f5imas antioks\u00fcdant, mis kaitseb nahka vabade radikaalide eest, parandades selle tooni ja elastsust.<br \/>\n<em>Scutellaria Baicalensis Root Extract<\/em> &#8211; Baikali tihasheina juure ekstrakt -tuntud oma p\u00f5letikuvastaste ja antibakteriaalsete omaduste poolest, rahustab nahka ning annab sellele v\u00e4rske v\u00e4limuse.<br \/>\n<em>Camellia Sinensis Leaf Extract<\/em> &#8211; Rohelise tee lehe ekstrakt &#8211; rikas antioks\u00fcdantide poolest, kaitseb negatiivsete tegurite eest ja aitab parandada naha tekstuuri.<br \/>\n<em>Glycyrrhiza Glabra (Licorice) Root Extract<\/em> &#8211; Lagritsa juure ekstrakt &#8211; \u00fchtlustab nahatooni, v\u00e4hendab p\u00f5letikku ja punetust, andes nahale terve ilme.<br \/>\n<em>Chamomilla Recutita (Matricaria) Flower Extract<\/em> &#8211; Kummeli \u00f5ie ekstrakt &#8211; rahustab ja pehmendab nahka, v\u00e4hendades \u00e4rritust ja punetust.<br \/>\n<em>Rosmarinus Officinalis (Rosemary) Leaf Extract<\/em> &#8211; Rosmariini lehe ekstrakt- tugevdab, toniseerib ja kaitseb nahka kahjustuste eest.<\/p>\n<p><strong>KASUTAMINE<\/strong><\/p>\n<p>Kandke hommikul ja \u00f5htul n\u00e4ole, kaelale ja dekolteele.<\/p>\n<p><strong>KOOSTIS<\/strong><\/p>\n<p>Aqua, Propanediol, Alcohol Denat., Glycerin, Mannitol, Phosphatidylcholine, Cholesterol, Polysorbate-80,<br \/>\nPotassium Sorbate, Sodium Benzoate, Xanthan Gum, Sodium Chloride, Butylene Glycol, Centella Asiatica Extract, Polygonum Cuspidatum Root Extract, Scutellaria Baicalensis Root Extract, Camellia Sinensis Leaf Extract, Glycyrrhiza Glabra (Licorice) Root Extract, Chamomilla Recutita (Matricaria) Flower Extract, Rosmarinus Officinalis (Rosemary) Leaf Extract, Phenoxyethanol, Carbomer, Triethanolamine, Ethylhexylglycerin, Nicotiana Benthamiana Hexapeptide-40 Sh- Oligopeptide-1.<\/p>\n","protected":false},"excerpt":{"rendered":"<p>Noorendage oma nahka EGF seerumi j\u00f5ul. Luksusliku koostisega, sisaldab v\u00f5imsaid koostisosi, et edendada nooruslikku v\u00e4limust. Centella Asiatica ekstrakti, Polygonum Cuspidatum&#8217;i juureekstrakti ja lagritsajuure<br \/>\nekstrakti seguga formuleeritud seerum niisutab, pinguldab ja elustab nahka, andes sellele s\u00e4rava jume.<\/p>\n","protected":false},"featured_media":9103,"template":"","meta":{"om_disable_all_campaigns":false,"_monsterinsights_skip_tracking":false,"_monsterinsights_sitenote_active":false,"_monsterinsights_sitenote_note":"","_monsterinsights_sitenote_category":0,"_uf_show_specific_survey":0,"_uf_disable_surveys":false,"site-sidebar-layout":"default","site-content-layout":"","ast-site-content-layout":"default","site-content-style":"default","site-sidebar-style":"default","ast-global-header-display":"","ast-banner-title-visibility":"","ast-main-header-display":"","ast-hfb-above-header-display":"","ast-hfb-below-header-display":"","ast-hfb-mobile-header-display":"","site-post-title":"","ast-breadcrumbs-content":"","ast-featured-img":"","footer-sml-layout":"","theme-transparent-header-meta":"default","adv-header-id-meta":"","stick-header-meta":"","header-above-stick-meta":"","header-main-stick-meta":"","header-below-stick-meta":"","astra-migrate-meta-layouts":"set","ast-page-background-enabled":"default","ast-page-background-meta":{"desktop":{"background-color":"var(--ast-global-color-4)","background-image":"","background-repeat":"repeat","background-position":"center center","background-size":"auto","background-attachment":"scroll","background-type":"","background-media":"","overlay-type":"","overlay-color":"","overlay-opacity":"","overlay-gradient":""},"tablet":{"background-color":"","background-image":"","background-repeat":"repeat","background-position":"center center","background-size":"auto","background-attachment":"scroll","background-type":"","background-media":"","overlay-type":"","overlay-color":"","overlay-opacity":"","overlay-gradient":""},"mobile":{"background-color":"","background-image":"","background-repeat":"repeat","background-position":"center center","background-size":"auto","background-attachment":"scroll","background-type":"","background-media":"","overlay-type":"","overlay-color":"","overlay-opacity":"","overlay-gradient":""}},"ast-content-background-meta":{"desktop":{"background-color":"var(--ast-global-color-5)","background-image":"","background-repeat":"repeat","background-position":"center center","background-size":"auto","background-attachment":"scroll","background-type":"","background-media":"","overlay-type":"","overlay-color":"","overlay-opacity":"","overlay-gradient":""},"tablet":{"background-color":"var(--ast-global-color-5)","background-image":"","background-repeat":"repeat","background-position":"center center","background-size":"auto","background-attachment":"scroll","background-type":"","background-media":"","overlay-type":"","overlay-color":"","overlay-opacity":"","overlay-gradient":""},"mobile":{"background-color":"var(--ast-global-color-5)","background-image":"","background-repeat":"repeat","background-position":"center center","background-size":"auto","background-attachment":"scroll","background-type":"","background-media":"","overlay-type":"","overlay-color":"","overlay-opacity":"","overlay-gradient":""}}},"product_brand":[],"product_cat":[15,77],"product_tag":[],"class_list":{"0":"post-9088","1":"product","2":"type-product","3":"status-publish","4":"has-post-thumbnail","6":"product_cat-naole","7":"product_cat-seerumid","8":"desktop-align-center","9":"tablet-align-left","10":"mobile-align-left","12":"first","13":"instock","14":"taxable","15":"shipping-taxable","16":"purchasable","17":"product-type-simple","18":"add-to-wishlist-before_image"},"aioseo_notices":[],"_links":{"self":[{"href":"https:\/\/kosmeetika24.eu\/et\/wp-json\/wp\/v2\/product\/9088","targetHints":{"allow":["GET"]}}],"collection":[{"href":"https:\/\/kosmeetika24.eu\/et\/wp-json\/wp\/v2\/product"}],"about":[{"href":"https:\/\/kosmeetika24.eu\/et\/wp-json\/wp\/v2\/types\/product"}],"version-history":[{"count":4,"href":"https:\/\/kosmeetika24.eu\/et\/wp-json\/wp\/v2\/product\/9088\/revisions"}],"predecessor-version":[{"id":9230,"href":"https:\/\/kosmeetika24.eu\/et\/wp-json\/wp\/v2\/product\/9088\/revisions\/9230"}],"wp:featuredmedia":[{"embeddable":true,"href":"https:\/\/kosmeetika24.eu\/et\/wp-json\/wp\/v2\/media\/9103"}],"wp:attachment":[{"href":"https:\/\/kosmeetika24.eu\/et\/wp-json\/wp\/v2\/media?parent=9088"}],"wp:term":[{"taxonomy":"product_brand","embeddable":true,"href":"https:\/\/kosmeetika24.eu\/et\/wp-json\/wp\/v2\/product_brand?post=9088"},{"taxonomy":"product_cat","embeddable":true,"href":"https:\/\/kosmeetika24.eu\/et\/wp-json\/wp\/v2\/product_cat?post=9088"},{"taxonomy":"product_tag","embeddable":true,"href":"https:\/\/kosmeetika24.eu\/et\/wp-json\/wp\/v2\/product_tag?post=9088"}],"curies":[{"name":"wp","href":"https:\/\/api.w.org\/{rel}","templated":true}]}}