{"id":9086,"date":"2024-11-01T11:15:30","date_gmt":"2024-11-01T08:15:30","guid":{"rendered":"https:\/\/kosmeetika24.eu\/?post_type=product&#038;p=9086"},"modified":"2025-04-07T15:04:17","modified_gmt":"2025-04-07T12:04:17","slug":"charmyco-taimne-ensuumkoorija","status":"publish","type":"product","link":"https:\/\/kosmeetika24.eu\/et\/toode\/charmyco-taimne-ensuumkoorija\/","title":{"rendered":"CHARMYCO taimne ens\u00fc\u00fcmkoorija"},"content":{"rendered":"<p>Bio Enzyme Peel (50 ml)<\/p>\n<p><strong>PEAMISED TOIMEAINED<\/strong><\/p>\n<p>Prunus Amygdalus Dulcis (Sweet Almond) Shell Powder &#8211; Mandli koore pulber &#8211; toimib \u00f5rna f\u00fc\u00fcsilise eksfoliantina, puhastab nahka ja parandab mikrotsirkulatsiooni, andes nahale sileda ja s\u00e4rava v\u00e4limuse.<br \/>\nCarica Papaya (Papaya) Fruit Extract &#8211; Papai puuvilja ekstrakt &#8211; \u2013 sisaldab looduslikke ens\u00fc\u00fcme, mis aitavad \u00f5rnalt eemaldada sarvestunud naharakke, soodustades naha uuenemist ning andes sellele v\u00e4rske ja \u00fchtlase ilme.<\/p>\n<p><strong>KASUTAMINE<\/strong><\/p>\n<p>Kandke kergete masseerivate liigutustega nahale.<\/p>\n<p>Laske 5-10 minutit m\u00f5juda ja loputage sooja veega.<\/p>\n<p>V\u00e4ltige kontaktisilmadega.<\/p>\n<p><strong>KOOSTIS<\/strong><\/p>\n<p>Aqua, Glycol Stearate Se, Dicaprylyl Carbonate, Dimethicone, Propanediol, Glycolic Acid, Cetyl Alcohol, Cyclopentasiloxane, Petrolatum, Glycerin, Xanthan Gum, Prunus Amygdalus Dulcis (Sweet Almond) Shell Powder, Carica Papaya (Papaya) Fruit Extract, Carbomer, Triethanolamine, Phenoxyethanol, Ethylhexylglycerin, Sodium Benzoate, Potassium Sorbate, Parfum.<\/p>\n","protected":false},"excerpt":{"rendered":"<p>\u00d5rn kooriv hooldus, mis on loodud siledama ja s\u00e4ravama naha saavutamiseks. Koosneb toiteaineterikaste\u00a0 koostisosade segust, sealhulgas gl\u00fckoolhape, magusa mandli koorepulber ja papaiavilja ekstrakt. Eemaldab t\u00f5husalt surnud naharakud ja mustuse, j\u00e4ttes naha v\u00e4rskeks ja eluj\u00f5uliseks.<\/p>\n","protected":false},"featured_media":9102,"template":"","meta":{"om_disable_all_campaigns":false,"_monsterinsights_skip_tracking":false,"_monsterinsights_sitenote_active":false,"_monsterinsights_sitenote_note":"","_monsterinsights_sitenote_category":0,"_uf_show_specific_survey":0,"_uf_disable_surveys":false,"site-sidebar-layout":"default","site-content-layout":"","ast-site-content-layout":"default","site-content-style":"default","site-sidebar-style":"default","ast-global-header-display":"","ast-banner-title-visibility":"","ast-main-header-display":"","ast-hfb-above-header-display":"","ast-hfb-below-header-display":"","ast-hfb-mobile-header-display":"","site-post-title":"","ast-breadcrumbs-content":"","ast-featured-img":"","footer-sml-layout":"","theme-transparent-header-meta":"default","adv-header-id-meta":"","stick-header-meta":"","header-above-stick-meta":"","header-main-stick-meta":"","header-below-stick-meta":"","astra-migrate-meta-layouts":"set","ast-page-background-enabled":"default","ast-page-background-meta":{"desktop":{"background-color":"var(--ast-global-color-4)","background-image":"","background-repeat":"repeat","background-position":"center center","background-size":"auto","background-attachment":"scroll","background-type":"","background-media":"","overlay-type":"","overlay-color":"","overlay-opacity":"","overlay-gradient":""},"tablet":{"background-color":"","background-image":"","background-repeat":"repeat","background-position":"center center","background-size":"auto","background-attachment":"scroll","background-type":"","background-media":"","overlay-type":"","overlay-color":"","overlay-opacity":"","overlay-gradient":""},"mobile":{"background-color":"","background-image":"","background-repeat":"repeat","background-position":"center center","background-size":"auto","background-attachment":"scroll","background-type":"","background-media":"","overlay-type":"","overlay-color":"","overlay-opacity":"","overlay-gradient":""}},"ast-content-background-meta":{"desktop":{"background-color":"var(--ast-global-color-5)","background-image":"","background-repeat":"repeat","background-position":"center center","background-size":"auto","background-attachment":"scroll","background-type":"","background-media":"","overlay-type":"","overlay-color":"","overlay-opacity":"","overlay-gradient":""},"tablet":{"background-color":"var(--ast-global-color-5)","background-image":"","background-repeat":"repeat","background-position":"center center","background-size":"auto","background-attachment":"scroll","background-type":"","background-media":"","overlay-type":"","overlay-color":"","overlay-opacity":"","overlay-gradient":""},"mobile":{"background-color":"var(--ast-global-color-5)","background-image":"","background-repeat":"repeat","background-position":"center center","background-size":"auto","background-attachment":"scroll","background-type":"","background-media":"","overlay-type":"","overlay-color":"","overlay-opacity":"","overlay-gradient":""}}},"product_brand":[],"product_cat":[79,15],"product_tag":[],"class_list":{"0":"post-9086","1":"product","2":"type-product","3":"status-publish","4":"has-post-thumbnail","6":"product_cat-koorijad","7":"product_cat-naole","8":"desktop-align-center","9":"tablet-align-left","10":"mobile-align-left","12":"first","13":"instock","14":"taxable","15":"shipping-taxable","16":"purchasable","17":"product-type-simple","18":"add-to-wishlist-before_image"},"aioseo_notices":[],"_links":{"self":[{"href":"https:\/\/kosmeetika24.eu\/et\/wp-json\/wp\/v2\/product\/9086","targetHints":{"allow":["GET"]}}],"collection":[{"href":"https:\/\/kosmeetika24.eu\/et\/wp-json\/wp\/v2\/product"}],"about":[{"href":"https:\/\/kosmeetika24.eu\/et\/wp-json\/wp\/v2\/types\/product"}],"version-history":[{"count":1,"href":"https:\/\/kosmeetika24.eu\/et\/wp-json\/wp\/v2\/product\/9086\/revisions"}],"predecessor-version":[{"id":9087,"href":"https:\/\/kosmeetika24.eu\/et\/wp-json\/wp\/v2\/product\/9086\/revisions\/9087"}],"wp:featuredmedia":[{"embeddable":true,"href":"https:\/\/kosmeetika24.eu\/et\/wp-json\/wp\/v2\/media\/9102"}],"wp:attachment":[{"href":"https:\/\/kosmeetika24.eu\/et\/wp-json\/wp\/v2\/media?parent=9086"}],"wp:term":[{"taxonomy":"product_brand","embeddable":true,"href":"https:\/\/kosmeetika24.eu\/et\/wp-json\/wp\/v2\/product_brand?post=9086"},{"taxonomy":"product_cat","embeddable":true,"href":"https:\/\/kosmeetika24.eu\/et\/wp-json\/wp\/v2\/product_cat?post=9086"},{"taxonomy":"product_tag","embeddable":true,"href":"https:\/\/kosmeetika24.eu\/et\/wp-json\/wp\/v2\/product_tag?post=9086"}],"curies":[{"name":"wp","href":"https:\/\/api.w.org\/{rel}","templated":true}]}}