{"id":9084,"date":"2024-11-01T11:08:24","date_gmt":"2024-11-01T08:08:24","guid":{"rendered":"https:\/\/kosmeetika24.eu\/?post_type=product&#038;p=9084"},"modified":"2025-04-07T15:10:59","modified_gmt":"2025-04-07T12:10:59","slug":"charmyco-voluv-ja-noorendav-seerum","status":"publish","type":"product","link":"https:\/\/kosmeetika24.eu\/et\/toode\/charmyco-voluv-ja-noorendav-seerum\/","title":{"rendered":"CHARMYCO v\u00f5luv ja noorendav seerum 15ml"},"content":{"rendered":"<p>Charmic &amp; Rejuvenating Serum\u00a0 annab kohese efekti.<\/p>\n<p><strong>PEAMISED TOIMEAINED<\/strong><\/p>\n<p><em>Avena Sativa Kernel Extract<\/em> &#8211; Kaera tuuma ekstrakt -toidab ja tugevdab nahka, aitab v\u00e4hendada kortsude ja tumedate ringide n\u00e4htavust, parandab elastsust ning annab nahale tervisliku ja puhanud ilme.<\/p>\n<p><strong>KASUTAMINE<\/strong><\/p>\n<p>Kandke nahale v\u00e4ike kogus, tehes kergete masseerivate liigutustega.<br \/>\nOodake enne meigi pealekandmist 5 minutit.<\/p>\n<p><strong>KOOSTIS<\/strong><\/p>\n<p>Aqua, Sodium Silicate, Propylene Glycol, Magnesium Aluminum Silicate, Xanthan Gum, Avena Sativa Kernel Extract, Glycerin, Butylene Glycol, Carbomer, Polysorbate 20, Palmitoyl Oligopeptide, Palmitoyl Tetrapeptide-7, Phenoxyethanol, Ethylhexylglycerin.<\/p>\n","protected":false},"excerpt":{"rendered":"<p>T\u00f5hus seerum, millel on kohene lifting-efekt, mis kiiresti ja suurejooneliselt peidab kortsud ja miimilised jooned ning v\u00f5itleb n\u00e4o naha l\u00f5tvumise vastu, aidates samal ajal kaasa naha taastumisprotsessile.<\/p>\n","protected":false},"featured_media":9110,"template":"","meta":{"om_disable_all_campaigns":false,"_monsterinsights_skip_tracking":false,"_monsterinsights_sitenote_active":false,"_monsterinsights_sitenote_note":"","_monsterinsights_sitenote_category":0,"_uf_show_specific_survey":0,"_uf_disable_surveys":false,"site-sidebar-layout":"default","site-content-layout":"","ast-site-content-layout":"default","site-content-style":"default","site-sidebar-style":"default","ast-global-header-display":"","ast-banner-title-visibility":"","ast-main-header-display":"","ast-hfb-above-header-display":"","ast-hfb-below-header-display":"","ast-hfb-mobile-header-display":"","site-post-title":"","ast-breadcrumbs-content":"","ast-featured-img":"","footer-sml-layout":"","theme-transparent-header-meta":"default","adv-header-id-meta":"","stick-header-meta":"","header-above-stick-meta":"","header-main-stick-meta":"","header-below-stick-meta":"","astra-migrate-meta-layouts":"set","ast-page-background-enabled":"default","ast-page-background-meta":{"desktop":{"background-color":"var(--ast-global-color-4)","background-image":"","background-repeat":"repeat","background-position":"center center","background-size":"auto","background-attachment":"scroll","background-type":"","background-media":"","overlay-type":"","overlay-color":"","overlay-opacity":"","overlay-gradient":""},"tablet":{"background-color":"","background-image":"","background-repeat":"repeat","background-position":"center center","background-size":"auto","background-attachment":"scroll","background-type":"","background-media":"","overlay-type":"","overlay-color":"","overlay-opacity":"","overlay-gradient":""},"mobile":{"background-color":"","background-image":"","background-repeat":"repeat","background-position":"center center","background-size":"auto","background-attachment":"scroll","background-type":"","background-media":"","overlay-type":"","overlay-color":"","overlay-opacity":"","overlay-gradient":""}},"ast-content-background-meta":{"desktop":{"background-color":"var(--ast-global-color-5)","background-image":"","background-repeat":"repeat","background-position":"center center","background-size":"auto","background-attachment":"scroll","background-type":"","background-media":"","overlay-type":"","overlay-color":"","overlay-opacity":"","overlay-gradient":""},"tablet":{"background-color":"var(--ast-global-color-5)","background-image":"","background-repeat":"repeat","background-position":"center center","background-size":"auto","background-attachment":"scroll","background-type":"","background-media":"","overlay-type":"","overlay-color":"","overlay-opacity":"","overlay-gradient":""},"mobile":{"background-color":"var(--ast-global-color-5)","background-image":"","background-repeat":"repeat","background-position":"center center","background-size":"auto","background-attachment":"scroll","background-type":"","background-media":"","overlay-type":"","overlay-color":"","overlay-opacity":"","overlay-gradient":""}}},"product_brand":[],"product_cat":[15,77],"product_tag":[],"class_list":{"0":"post-9084","1":"product","2":"type-product","3":"status-publish","4":"has-post-thumbnail","6":"product_cat-naole","7":"product_cat-seerumid","8":"desktop-align-center","9":"tablet-align-left","10":"mobile-align-left","12":"first","13":"instock","14":"taxable","15":"shipping-taxable","16":"purchasable","17":"product-type-simple","18":"add-to-wishlist-before_image"},"aioseo_notices":[],"_links":{"self":[{"href":"https:\/\/kosmeetika24.eu\/et\/wp-json\/wp\/v2\/product\/9084","targetHints":{"allow":["GET"]}}],"collection":[{"href":"https:\/\/kosmeetika24.eu\/et\/wp-json\/wp\/v2\/product"}],"about":[{"href":"https:\/\/kosmeetika24.eu\/et\/wp-json\/wp\/v2\/types\/product"}],"version-history":[{"count":3,"href":"https:\/\/kosmeetika24.eu\/et\/wp-json\/wp\/v2\/product\/9084\/revisions"}],"predecessor-version":[{"id":9429,"href":"https:\/\/kosmeetika24.eu\/et\/wp-json\/wp\/v2\/product\/9084\/revisions\/9429"}],"wp:featuredmedia":[{"embeddable":true,"href":"https:\/\/kosmeetika24.eu\/et\/wp-json\/wp\/v2\/media\/9110"}],"wp:attachment":[{"href":"https:\/\/kosmeetika24.eu\/et\/wp-json\/wp\/v2\/media?parent=9084"}],"wp:term":[{"taxonomy":"product_brand","embeddable":true,"href":"https:\/\/kosmeetika24.eu\/et\/wp-json\/wp\/v2\/product_brand?post=9084"},{"taxonomy":"product_cat","embeddable":true,"href":"https:\/\/kosmeetika24.eu\/et\/wp-json\/wp\/v2\/product_cat?post=9084"},{"taxonomy":"product_tag","embeddable":true,"href":"https:\/\/kosmeetika24.eu\/et\/wp-json\/wp\/v2\/product_tag?post=9084"}],"curies":[{"name":"wp","href":"https:\/\/api.w.org\/{rel}","templated":true}]}}