{"id":9075,"date":"2024-11-01T11:15:00","date_gmt":"2024-11-01T08:15:00","guid":{"rendered":"https:\/\/kosmeetika24.eu\/?post_type=product&#038;p=9075"},"modified":"2025-04-07T15:04:44","modified_gmt":"2025-04-07T12:04:44","slug":"charmyco-noorendav-silmakreem-tundlikule-nahale","status":"publish","type":"product","link":"https:\/\/kosmeetika24.eu\/et\/toode\/charmyco-noorendav-silmakreem-tundlikule-nahale\/","title":{"rendered":"CHARMYCO noorendav silmakreem tundlikule nahale 15ml"},"content":{"rendered":"<p>Rejuvenating Eye Cream For Sensitive Skin<\/p>\n<p><strong>PEAMISED TOIMEAINED<\/strong><\/p>\n<p><em>Plankton Extract<\/em> &#8211; Planktoni ekstrakt &#8211; rikkalik vitamiinide, mineraalide ja antioks\u00fcdantide allikas, mis soodustab naha rakkude uuenemist, parandab elastsust ja annab nahale v\u00e4rskust.<br \/>\n<em>Avena Sativa Kernel Extract<\/em> &#8211; Kaera tuuma ekstrakt &#8211; s\u00fcgavniisutav, rahustav ja pehmendav toime, aitab v\u00e4hendada \u00e4rritust ja kaitseb nahka v\u00e4liste tegurite eest.<br \/>\n<em>Glycine Soja Phytoplacenta Extract<\/em> &#8211; Soja f\u00fctoplastaadi ekstrakt &#8211; toidab ja tugevdab nahka, aitab v\u00e4hendada kortsude ja tumedate ringide n\u00e4htavust, parandab elastsust ning annab nahale tervisliku ja puhanud ilme.<\/p>\n<p><strong>KASUTAMINE<\/strong><\/p>\n<p>Kandke kergete masseerivate liigutustega silmade \u00fcmbrusesse.<\/p>\n<p><strong>KOOSTIS<\/strong><\/p>\n<p>Aqua, Paraffinum Liquidum, Glycerol Stearate Se, Propanediol, Polysorbate 20, Butylene Glycol, Plankton Extract, Glycoproteins, Glutamic Acid, Valine, Threonine, Linoleic Acid, Linolenic Acid, Avena Sativa Kernel Extract, Glycerine, Glycine Soja Phytoplacenta Extract, Carbomer, Triethanolamine, Ethylhexylglycerin,<br \/>\nPhenoxyethanol, Sodium Metabisulfite, Parfum, Alpha-Isomethyl Ionone, Citronellol, Limonene, Geraniol, Linalool, Hexyl Cinnamal.<\/p>\n","protected":false},"excerpt":{"rendered":"<p>Otsige noorendust ja v\u00e4rskendust oma \u00f5rna silma\u00fcmbruse jaoks Placentum Eye Contour Cream abil.<br \/>\nPlanktoniekstrakti, f\u00fctoplatsenta ekstrakti ja Avena Sativa tuumade ekstrakti luksusliku seguga formuleeritud kreem toidab ja elustab, j\u00e4ttes silma\u00fcmbruse s\u00e4ravamaks ja nooruslikumaks.<\/p>\n","protected":false},"featured_media":9108,"template":"","meta":{"om_disable_all_campaigns":false,"_monsterinsights_skip_tracking":false,"_monsterinsights_sitenote_active":false,"_monsterinsights_sitenote_note":"","_monsterinsights_sitenote_category":0,"_uf_show_specific_survey":0,"_uf_disable_surveys":false,"site-sidebar-layout":"default","site-content-layout":"","ast-site-content-layout":"default","site-content-style":"default","site-sidebar-style":"default","ast-global-header-display":"","ast-banner-title-visibility":"","ast-main-header-display":"","ast-hfb-above-header-display":"","ast-hfb-below-header-display":"","ast-hfb-mobile-header-display":"","site-post-title":"","ast-breadcrumbs-content":"","ast-featured-img":"","footer-sml-layout":"","theme-transparent-header-meta":"default","adv-header-id-meta":"","stick-header-meta":"","header-above-stick-meta":"","header-main-stick-meta":"","header-below-stick-meta":"","astra-migrate-meta-layouts":"set","ast-page-background-enabled":"default","ast-page-background-meta":{"desktop":{"background-color":"var(--ast-global-color-4)","background-image":"","background-repeat":"repeat","background-position":"center center","background-size":"auto","background-attachment":"scroll","background-type":"","background-media":"","overlay-type":"","overlay-color":"","overlay-opacity":"","overlay-gradient":""},"tablet":{"background-color":"","background-image":"","background-repeat":"repeat","background-position":"center center","background-size":"auto","background-attachment":"scroll","background-type":"","background-media":"","overlay-type":"","overlay-color":"","overlay-opacity":"","overlay-gradient":""},"mobile":{"background-color":"","background-image":"","background-repeat":"repeat","background-position":"center center","background-size":"auto","background-attachment":"scroll","background-type":"","background-media":"","overlay-type":"","overlay-color":"","overlay-opacity":"","overlay-gradient":""}},"ast-content-background-meta":{"desktop":{"background-color":"var(--ast-global-color-5)","background-image":"","background-repeat":"repeat","background-position":"center center","background-size":"auto","background-attachment":"scroll","background-type":"","background-media":"","overlay-type":"","overlay-color":"","overlay-opacity":"","overlay-gradient":""},"tablet":{"background-color":"var(--ast-global-color-5)","background-image":"","background-repeat":"repeat","background-position":"center center","background-size":"auto","background-attachment":"scroll","background-type":"","background-media":"","overlay-type":"","overlay-color":"","overlay-opacity":"","overlay-gradient":""},"mobile":{"background-color":"var(--ast-global-color-5)","background-image":"","background-repeat":"repeat","background-position":"center center","background-size":"auto","background-attachment":"scroll","background-type":"","background-media":"","overlay-type":"","overlay-color":"","overlay-opacity":"","overlay-gradient":""}}},"product_brand":[],"product_cat":[15,81],"product_tag":[],"class_list":{"0":"post-9075","1":"product","2":"type-product","3":"status-publish","4":"has-post-thumbnail","6":"product_cat-naole","7":"product_cat-silmahooldus","8":"desktop-align-center","9":"tablet-align-left","10":"mobile-align-left","12":"first","13":"instock","14":"taxable","15":"shipping-taxable","16":"purchasable","17":"product-type-simple","18":"add-to-wishlist-before_image"},"aioseo_notices":[],"_links":{"self":[{"href":"https:\/\/kosmeetika24.eu\/et\/wp-json\/wp\/v2\/product\/9075","targetHints":{"allow":["GET"]}}],"collection":[{"href":"https:\/\/kosmeetika24.eu\/et\/wp-json\/wp\/v2\/product"}],"about":[{"href":"https:\/\/kosmeetika24.eu\/et\/wp-json\/wp\/v2\/types\/product"}],"version-history":[{"count":2,"href":"https:\/\/kosmeetika24.eu\/et\/wp-json\/wp\/v2\/product\/9075\/revisions"}],"predecessor-version":[{"id":9198,"href":"https:\/\/kosmeetika24.eu\/et\/wp-json\/wp\/v2\/product\/9075\/revisions\/9198"}],"wp:featuredmedia":[{"embeddable":true,"href":"https:\/\/kosmeetika24.eu\/et\/wp-json\/wp\/v2\/media\/9108"}],"wp:attachment":[{"href":"https:\/\/kosmeetika24.eu\/et\/wp-json\/wp\/v2\/media?parent=9075"}],"wp:term":[{"taxonomy":"product_brand","embeddable":true,"href":"https:\/\/kosmeetika24.eu\/et\/wp-json\/wp\/v2\/product_brand?post=9075"},{"taxonomy":"product_cat","embeddable":true,"href":"https:\/\/kosmeetika24.eu\/et\/wp-json\/wp\/v2\/product_cat?post=9075"},{"taxonomy":"product_tag","embeddable":true,"href":"https:\/\/kosmeetika24.eu\/et\/wp-json\/wp\/v2\/product_tag?post=9075"}],"curies":[{"name":"wp","href":"https:\/\/api.w.org\/{rel}","templated":true}]}}