{"id":9071,"date":"2024-11-01T10:57:03","date_gmt":"2024-11-01T07:57:03","guid":{"rendered":"https:\/\/kosmeetika24.eu\/?post_type=product&#038;p=9071"},"modified":"2025-03-13T11:22:40","modified_gmt":"2025-03-13T08:22:40","slug":"charmyco-mullimask-tundlikule-nahale","status":"publish","type":"product","link":"https:\/\/kosmeetika24.eu\/et\/toode\/charmyco-mullimask-tundlikule-nahale\/","title":{"rendered":"CHARMYCO mullimask tundlikule nahale"},"content":{"rendered":"<p>Sensitive Bubble Mask (50 ml)<\/p>\n<p><strong>PEAMISED TOIMEAINED<\/strong><\/p>\n<p><em>Centella Asiatica Extract<\/em> &#8211; Gotu Kola ekstrakt &#8211; rahustab ja taastab nahka, v\u00e4hendab punetust ja tugevdab naha loomulikku kaitsebarj\u00e4\u00e4ri.<br \/>\n<em>Polygonum Cuspidatum Root Extract<\/em> &#8211; Jaapani tatrajuure ekstrakt &#8211; v\u00f5imas antioks\u00fcdant, mis v\u00f5itleb vabade radikaalidega, kaitseb nahka ja annab sellele terve jume.<br \/>\n<em>Scutellaria Baicalensis Root Extract<\/em> &#8211; Baikali tihasheina juure ekstrakt &#8211; omab p\u00f5letikuvastaseid omadusi, aitab v\u00e4hendada \u00e4rritust ja parandab naha tekstuuri.<br \/>\n<em>Camellia Sinensis Leaf Extract<\/em> &#8211; Rohelise tee lehe ekstrakt &#8211; k\u00fcllastab naha antioks\u00fcdantidega, kaitseb v\u00e4liste tegurite eest ning parandab naha toonust ja elastsust.<br \/>\nGlycyrrhiza Glabra (Licorice) Root Extract &#8211; Lagritsa juure ekstrakt &#8211; \u00fchtlustab nahatooni, helendab ja rahustab, olles eriti kasulik tundlikule nahale.<br \/>\n<em>Chamomilla Recutita (Matricaria) Flower Extract<\/em> &#8211; Kummeli \u00f5ie ekstrakt -\u00fchtlustab nahatooni, helendab ja rahustab, olles eriti kasulik tundlikule nahale.<br \/>\n<em>Rosmarinus Officinalis (Rosemary) Leaf Extract<\/em> &#8211; Rosmariini lehe ekstrakt toniseerib ja toimib antioks\u00fcdandina, kaitstes nahka ja andes sellele v\u00e4rske v\u00e4limuse.<\/p>\n<p><strong>KASUTAMINE<\/strong><\/p>\n<p>Kandke kergete masseerivate liigutustega nahale.<\/p>\n<p>V\u00e4ltige kontakti silmadega.<\/p>\n<p>Laske 5-10 minutit m\u00f5juda ja loputage sooja veega.<\/p>\n<p><strong>KOOSTIS<\/strong><\/p>\n<p>Aqua, Betaine, Dicaprylyl Carbonate, Caprylic\/Capric Triglyceride, Cocamidopropyl Betaine, Triethanolamine, Polyglyceryl-4 Caprate, Butylene Glycol, Centella Asiatica Extract, Polygonum Cuspidatum Root Extract, Scutellaria Baicalensis Root Extract, Camellia Sinensis Leaf Extract, Glycyrrhiza Glabra (Licorice) Root Extract, Chamomilla Recutita (Matricaria) Flower Extract, Rosmarinus Officinalis (Rosemary) Leaf Extract, Carbomer, Phenoxyethanol, Ethylhexylglycerin, Mica, CI 77891, CI 73360<\/p>\n","protected":false},"excerpt":{"rendered":"<p>Rikastatud rahustava seguga taimsete ekstraktidega, sealhulgas Centella Asiatica, kummel ja roheline tee.<\/p>\n<p>\u00d5rnpuhastusvahend eemaldab mustuse, j\u00e4ttes naha v\u00e4rskeks ja eluj\u00f5uliseks.<\/p>\n","protected":false},"featured_media":9094,"template":"","meta":{"om_disable_all_campaigns":false,"_monsterinsights_skip_tracking":false,"_monsterinsights_sitenote_active":false,"_monsterinsights_sitenote_note":"","_monsterinsights_sitenote_category":0,"_uf_show_specific_survey":0,"_uf_disable_surveys":false,"site-sidebar-layout":"default","site-content-layout":"","ast-site-content-layout":"default","site-content-style":"default","site-sidebar-style":"default","ast-global-header-display":"","ast-banner-title-visibility":"","ast-main-header-display":"","ast-hfb-above-header-display":"","ast-hfb-below-header-display":"","ast-hfb-mobile-header-display":"","site-post-title":"","ast-breadcrumbs-content":"","ast-featured-img":"","footer-sml-layout":"","theme-transparent-header-meta":"default","adv-header-id-meta":"","stick-header-meta":"","header-above-stick-meta":"","header-main-stick-meta":"","header-below-stick-meta":"","astra-migrate-meta-layouts":"set","ast-page-background-enabled":"default","ast-page-background-meta":{"desktop":{"background-color":"var(--ast-global-color-4)","background-image":"","background-repeat":"repeat","background-position":"center center","background-size":"auto","background-attachment":"scroll","background-type":"","background-media":"","overlay-type":"","overlay-color":"","overlay-opacity":"","overlay-gradient":""},"tablet":{"background-color":"","background-image":"","background-repeat":"repeat","background-position":"center center","background-size":"auto","background-attachment":"scroll","background-type":"","background-media":"","overlay-type":"","overlay-color":"","overlay-opacity":"","overlay-gradient":""},"mobile":{"background-color":"","background-image":"","background-repeat":"repeat","background-position":"center center","background-size":"auto","background-attachment":"scroll","background-type":"","background-media":"","overlay-type":"","overlay-color":"","overlay-opacity":"","overlay-gradient":""}},"ast-content-background-meta":{"desktop":{"background-color":"var(--ast-global-color-5)","background-image":"","background-repeat":"repeat","background-position":"center center","background-size":"auto","background-attachment":"scroll","background-type":"","background-media":"","overlay-type":"","overlay-color":"","overlay-opacity":"","overlay-gradient":""},"tablet":{"background-color":"var(--ast-global-color-5)","background-image":"","background-repeat":"repeat","background-position":"center center","background-size":"auto","background-attachment":"scroll","background-type":"","background-media":"","overlay-type":"","overlay-color":"","overlay-opacity":"","overlay-gradient":""},"mobile":{"background-color":"var(--ast-global-color-5)","background-image":"","background-repeat":"repeat","background-position":"center center","background-size":"auto","background-attachment":"scroll","background-type":"","background-media":"","overlay-type":"","overlay-color":"","overlay-opacity":"","overlay-gradient":""}}},"product_brand":[],"product_cat":[338,15,73],"product_tag":[],"class_list":{"0":"post-9071","1":"product","2":"type-product","3":"status-publish","4":"has-post-thumbnail","6":"product_cat-maskid-parchid","7":"product_cat-naole","8":"product_cat-puhastustooted","9":"desktop-align-center","10":"tablet-align-left","11":"mobile-align-left","13":"first","14":"instock","15":"taxable","16":"shipping-taxable","17":"purchasable","18":"product-type-simple","19":"add-to-wishlist-before_image"},"aioseo_notices":[],"_links":{"self":[{"href":"https:\/\/kosmeetika24.eu\/et\/wp-json\/wp\/v2\/product\/9071","targetHints":{"allow":["GET"]}}],"collection":[{"href":"https:\/\/kosmeetika24.eu\/et\/wp-json\/wp\/v2\/product"}],"about":[{"href":"https:\/\/kosmeetika24.eu\/et\/wp-json\/wp\/v2\/types\/product"}],"version-history":[{"count":4,"href":"https:\/\/kosmeetika24.eu\/et\/wp-json\/wp\/v2\/product\/9071\/revisions"}],"predecessor-version":[{"id":10718,"href":"https:\/\/kosmeetika24.eu\/et\/wp-json\/wp\/v2\/product\/9071\/revisions\/10718"}],"wp:featuredmedia":[{"embeddable":true,"href":"https:\/\/kosmeetika24.eu\/et\/wp-json\/wp\/v2\/media\/9094"}],"wp:attachment":[{"href":"https:\/\/kosmeetika24.eu\/et\/wp-json\/wp\/v2\/media?parent=9071"}],"wp:term":[{"taxonomy":"product_brand","embeddable":true,"href":"https:\/\/kosmeetika24.eu\/et\/wp-json\/wp\/v2\/product_brand?post=9071"},{"taxonomy":"product_cat","embeddable":true,"href":"https:\/\/kosmeetika24.eu\/et\/wp-json\/wp\/v2\/product_cat?post=9071"},{"taxonomy":"product_tag","embeddable":true,"href":"https:\/\/kosmeetika24.eu\/et\/wp-json\/wp\/v2\/product_tag?post=9071"}],"curies":[{"name":"wp","href":"https:\/\/api.w.org\/{rel}","templated":true}]}}