{"id":9065,"date":"2024-10-31T11:23:40","date_gmt":"2024-10-31T08:23:40","guid":{"rendered":"https:\/\/kosmeetika24.eu\/?post_type=product&#038;p=9065"},"modified":"2024-11-12T15:32:50","modified_gmt":"2024-11-12T12:32:50","slug":"charmyco-orn-ja-toitev-naovesi","status":"publish","type":"product","link":"https:\/\/kosmeetika24.eu\/et\/toode\/charmyco-orn-ja-toitev-naovesi\/","title":{"rendered":"CHARMYCO \u00f5rn ja toitev n\u00e4ovesi"},"content":{"rendered":"<p>Gentle &amp; Soothing Tonic (120 ml)<\/p>\n<p><strong>PEAMISED TOIMEAINED:\u00a0<\/strong><br \/>\n<em>Iris Florentina Root Extract<\/em> &#8211; Iirise juure ekstrakt &#8211; aitab s\u00e4ilitada naha loomulikku niiskustasakaalu, soodustab naha silumist ja tekstuuri parandamist.<br \/>\n<em>Centella Asiatica Extract<\/em> &#8211; Gotu Kola ekstrakt &#8211; taastab ja rahustab nahka, toetades naha loomulikke kaitsefunktsioone. Ideaalne tundliku ja \u00e4rritunud naha hoolduseks.<br \/>\n<em>Polygonum Cuspidatum Root Extract<\/em> &#8211; Jaapani tatrajuure ekstrakt &#8211; omab tugevaid antioks\u00fcdantseid omadusi, aitab kaitsta nahka vabade radikaalide m\u00f5ju eest ja v\u00e4hendab<br \/>\np\u00f5letikku.<br \/>\n<em>Scutellaria Baicalensis Root Extract<\/em> &#8211; Baikali tihasheina juure ekstrakt &#8211; tuntud oma p\u00f5letikuvastaste ja antibakteriaalsete omaduste poolest, aitab nahka rahustada ja parandada selle<br \/>\ntekstuuri.<br \/>\n<em>Camellia Sinensis Leaf Extract<\/em> &#8211; Rohelise tee lehe ekstrakt &#8211; rikas antioks\u00fcdantide poolest, kaitseb nahka keskkonna kahjulike tegurite eest, rahustab ja v\u00e4rskendab.<br \/>\n<em>Glycyrrhiza Glabra (Licorice) Root Extract<\/em> &#8211; Lagritsa juure ekstrakt &#8211; aitab \u00fchtlustada nahatooni, rahustab ja helendab, v\u00e4hendades punetust ja p\u00f5letikku.<br \/>\n<em>Chamomilla Recutita (Matricaria) Flower Extract<\/em> &#8211; Kummeli \u00f5ie ekstrakt &#8211; pehmendab, rahustab ja leevendab \u00e4rritust, muutes naha mugavamaks ja pehmemaks.<br \/>\n<em>Rosmarinus Officinalis (Rosemary) Leaf Extract<\/em> &#8211; Rosmariini lehe ekstrakt &#8211; toniseerib ja v\u00e4rskendab nahka, omab antioks\u00fcdantseid omadusi, parandades naha kaitsev\u00f5imet.<\/p>\n<p><strong>KASUTAMINE<\/strong><\/p>\n<p>Kandke vatipadjale, puhastage \u00f5rnalt soovitud piirkond, eemaldades nahalt mustuse.<\/p>\n<p>V\u00e4ltige kontakti silmadega.<\/p>\n<p><strong>KOOSTIS<\/strong><\/p>\n<p>Aqua, Cocamidopropyl Betaine, Glycerin, Poloxamer 184, Propanediol, Alcohol, Iris Florentina Root Extract, Zincsulfate, Retinyl Palmitate, Butylene Glycol, Centella Asiatica Extract, Polygonum Cuspidatum Root Extract, Scutellaria Baicalensis Root Extract, Camellia Sinensis Leaf Extract, Glycyrrhiza Glabra (Licorice) Root Extract, Chamomilla Recutita (Matricaria) Flower Extract, Rosmarinus Officinalis (Rosemary) Leaf Extract, Benzyl Alcohol, Salicylic Acid, Sorbic Acid, Parfum.<\/p>\n","protected":false},"excerpt":{"rendered":"<p><em>Tonik<\/em> on loodud harmoonilise seguga elustavatest koostisosadest.<\/p>\n<p>Rikastatud Iris Florentina juure ekstrakti ja mitmete taimeekstraktidega, sealhulgas Centella Asiatica, kummel ja roheline tee.<\/p>\n<p>Ergutav koostis annab nahale uut energiat, j\u00e4ttes selle toniseerituks ja v\u00e4rskeks.<\/p>\n","protected":false},"featured_media":9099,"template":"","meta":{"om_disable_all_campaigns":false,"_monsterinsights_skip_tracking":false,"_monsterinsights_sitenote_active":false,"_monsterinsights_sitenote_note":"","_monsterinsights_sitenote_category":0,"_uf_show_specific_survey":0,"_uf_disable_surveys":false,"site-sidebar-layout":"default","site-content-layout":"","ast-site-content-layout":"default","site-content-style":"default","site-sidebar-style":"default","ast-global-header-display":"","ast-banner-title-visibility":"","ast-main-header-display":"","ast-hfb-above-header-display":"","ast-hfb-below-header-display":"","ast-hfb-mobile-header-display":"","site-post-title":"","ast-breadcrumbs-content":"","ast-featured-img":"","footer-sml-layout":"","theme-transparent-header-meta":"default","adv-header-id-meta":"","stick-header-meta":"","header-above-stick-meta":"","header-main-stick-meta":"","header-below-stick-meta":"","astra-migrate-meta-layouts":"set","ast-page-background-enabled":"default","ast-page-background-meta":{"desktop":{"background-color":"var(--ast-global-color-4)","background-image":"","background-repeat":"repeat","background-position":"center center","background-size":"auto","background-attachment":"scroll","background-type":"","background-media":"","overlay-type":"","overlay-color":"","overlay-opacity":"","overlay-gradient":""},"tablet":{"background-color":"","background-image":"","background-repeat":"repeat","background-position":"center center","background-size":"auto","background-attachment":"scroll","background-type":"","background-media":"","overlay-type":"","overlay-color":"","overlay-opacity":"","overlay-gradient":""},"mobile":{"background-color":"","background-image":"","background-repeat":"repeat","background-position":"center center","background-size":"auto","background-attachment":"scroll","background-type":"","background-media":"","overlay-type":"","overlay-color":"","overlay-opacity":"","overlay-gradient":""}},"ast-content-background-meta":{"desktop":{"background-color":"var(--ast-global-color-5)","background-image":"","background-repeat":"repeat","background-position":"center center","background-size":"auto","background-attachment":"scroll","background-type":"","background-media":"","overlay-type":"","overlay-color":"","overlay-opacity":"","overlay-gradient":""},"tablet":{"background-color":"var(--ast-global-color-5)","background-image":"","background-repeat":"repeat","background-position":"center center","background-size":"auto","background-attachment":"scroll","background-type":"","background-media":"","overlay-type":"","overlay-color":"","overlay-opacity":"","overlay-gradient":""},"mobile":{"background-color":"var(--ast-global-color-5)","background-image":"","background-repeat":"repeat","background-position":"center center","background-size":"auto","background-attachment":"scroll","background-type":"","background-media":"","overlay-type":"","overlay-color":"","overlay-opacity":"","overlay-gradient":""}}},"product_brand":[],"product_cat":[15],"product_tag":[],"class_list":{"0":"post-9065","1":"product","2":"type-product","3":"status-publish","4":"has-post-thumbnail","6":"product_cat-naole","7":"desktop-align-center","8":"tablet-align-left","9":"mobile-align-left","11":"first","12":"instock","13":"taxable","14":"shipping-taxable","15":"purchasable","16":"product-type-simple","17":"add-to-wishlist-before_image"},"aioseo_notices":[],"_links":{"self":[{"href":"https:\/\/kosmeetika24.eu\/et\/wp-json\/wp\/v2\/product\/9065","targetHints":{"allow":["GET"]}}],"collection":[{"href":"https:\/\/kosmeetika24.eu\/et\/wp-json\/wp\/v2\/product"}],"about":[{"href":"https:\/\/kosmeetika24.eu\/et\/wp-json\/wp\/v2\/types\/product"}],"version-history":[{"count":7,"href":"https:\/\/kosmeetika24.eu\/et\/wp-json\/wp\/v2\/product\/9065\/revisions"}],"predecessor-version":[{"id":9226,"href":"https:\/\/kosmeetika24.eu\/et\/wp-json\/wp\/v2\/product\/9065\/revisions\/9226"}],"wp:featuredmedia":[{"embeddable":true,"href":"https:\/\/kosmeetika24.eu\/et\/wp-json\/wp\/v2\/media\/9099"}],"wp:attachment":[{"href":"https:\/\/kosmeetika24.eu\/et\/wp-json\/wp\/v2\/media?parent=9065"}],"wp:term":[{"taxonomy":"product_brand","embeddable":true,"href":"https:\/\/kosmeetika24.eu\/et\/wp-json\/wp\/v2\/product_brand?post=9065"},{"taxonomy":"product_cat","embeddable":true,"href":"https:\/\/kosmeetika24.eu\/et\/wp-json\/wp\/v2\/product_cat?post=9065"},{"taxonomy":"product_tag","embeddable":true,"href":"https:\/\/kosmeetika24.eu\/et\/wp-json\/wp\/v2\/product_tag?post=9065"}],"curies":[{"name":"wp","href":"https:\/\/api.w.org\/{rel}","templated":true}]}}