{"id":9060,"date":"2024-11-01T16:29:10","date_gmt":"2024-11-01T13:29:10","guid":{"rendered":"https:\/\/kosmeetika24.eu\/?post_type=product&#038;p=9060"},"modified":"2025-04-07T15:06:55","modified_gmt":"2025-04-07T12:06:55","slug":"charmyco-orn-ja-toitev-puhastuspiim","status":"publish","type":"product","link":"https:\/\/kosmeetika24.eu\/et\/toode\/charmyco-orn-ja-toitev-puhastuspiim\/","title":{"rendered":"CHARMYCO \u00f5rn ja toitev puhastuspiim"},"content":{"rendered":"<p>Gentle &amp; Nourishing Cleanser Milk (120 ml)<\/p>\n<p><strong>PEAMISED TOIMEAINED:\u00a0<\/strong><br \/>\n<em>Centella Asiatica Extract<\/em> &#8211; Gotu Kola ekstrakt &#8211; rahustab nahka, v\u00e4hendab \u00e4rritust ja toetab selle loomulikku kaitsefunktsiooni. Ideaalne taastamiseks ja niisutamiseks.<br \/>\n<em>Polygonum Cuspidatum Root Extract<\/em> &#8211; Jaapani tatrajuure ekstrakt &#8211; tugev antioks\u00fcdant, kaitseb nahka vabade radikaalide eest ja omab vananemisvastast toimet.<br \/>\n<em>Scutellaria Baicalensis Root Extract<\/em> &#8211; Baikali tihasheina juure ekstrakt &#8211; tuntud oma antibakteriaalsete ja p\u00f5letikuvastaste omaduste poolest, aitab rahustada ja puhastada nahka,<br \/>\nparandades selle tekstuuri.<br \/>\n<em>Camellia Sinensis Leaf Extract<\/em> &#8211; Rohelise tee lehe ekstrakt &#8211; rikastab nahka antioks\u00fcdantidega, kaitseb keskkonna negatiivsete tegurite eest ja s\u00e4ilitab naha v\u00e4rskuse.<br \/>\n<em>Glycyrrhiza Glabra (Licorice) Root Extract<\/em> &#8211; Lagritsa juure ekstrakt &#8211; \u00fchtlustab nahatooni, omab valgendavaid ja rahustavaid omadusi, v\u00e4hendades punetust.<br \/>\n<em>Chamomilla Recutita (Matricaria) Flower Extract<\/em> &#8211; Kummeli \u00f5ie ekstrakt &#8211; rahustab, pehmendab ja toetab tundliku naha tervist.<br \/>\n<em>Rosmarinus Officinalis (Rosemary) Leaf Extract<\/em> &#8211; Rosmariini lehe ekstrakt &#8211; omab antioks\u00fcdantseid ja antiseptilisi omadusi, v\u00e4rskendab ja tugevdab nahka.<br \/>\n<em>Peg-40 Hydrogenated Castor Oil<\/em> &#8211; PEG-40 h\u00fcdrogeenitud riitsinus\u00f5li &#8211; parandab toote\u00a0 tekstuuri, aitab s\u00fcgavalt puhastada ja muudab toote nahale \u00f5rnaks, p\u00f5hjustamata \u00e4rritust.<\/p>\n<p><strong>KASUTAMINE<\/strong><\/p>\n<p>Kandke vatipadjale, puhastage soovitud piirkond, eemaldades nahalt mustuse.<\/p>\n<p>V\u00e4ltige kontakti silmadega.<\/p>\n<p><strong>KOOSTIS<\/strong><\/p>\n<p>Aqua, Cocamidopropyl Betaine, Glycerin, Paraffinum liquidum, Xanthan Gum, Butylene Glycol, Centella Asiatica Extract, Polygonum Cuspidatum Root Extract, Scutellaria Baicalensis Root<br \/>\nExtract, Camellia Sinensis Leaf Extract, Glycyrrhiza Glabra (Licorice) Root Extract, Chamomilla Recutita (Matricaria) Flower Extract, Rosmarinus Officinalis (Rosemary) Leaf Extract, Peg-40 Hydrogenated Castor Oil, Trideceth-9, Propylene Glycol, Phenoxyethanol, Ethylhexylglycerin, Parfum, Hexyl cinnamal.<\/p>\n","protected":false},"excerpt":{"rendered":"<p>Luksuslik koostis, mis on loodud \u00f5rnaks puhastamiseks ja toitmiseks.<br \/>\nRikastatud rahustava kombinatsiooniga taimsetest ekstraktidest, sealhulgas Centella Asiatica, kummel ja roheline tee.<br \/>\nSee kreemjas koostis eemaldabt\u00f5husalt lisandid, j\u00e4ttes naha pehmeks ja niisutatuks.<\/p>\n","protected":false},"featured_media":9106,"template":"","meta":{"om_disable_all_campaigns":false,"_monsterinsights_skip_tracking":false,"_monsterinsights_sitenote_active":false,"_monsterinsights_sitenote_note":"","_monsterinsights_sitenote_category":0,"_uf_show_specific_survey":0,"_uf_disable_surveys":false,"site-sidebar-layout":"default","site-content-layout":"","ast-site-content-layout":"default","site-content-style":"default","site-sidebar-style":"default","ast-global-header-display":"","ast-banner-title-visibility":"","ast-main-header-display":"","ast-hfb-above-header-display":"","ast-hfb-below-header-display":"","ast-hfb-mobile-header-display":"","site-post-title":"","ast-breadcrumbs-content":"","ast-featured-img":"","footer-sml-layout":"","theme-transparent-header-meta":"default","adv-header-id-meta":"","stick-header-meta":"","header-above-stick-meta":"","header-main-stick-meta":"","header-below-stick-meta":"","astra-migrate-meta-layouts":"set","ast-page-background-enabled":"default","ast-page-background-meta":{"desktop":{"background-color":"var(--ast-global-color-4)","background-image":"","background-repeat":"repeat","background-position":"center center","background-size":"auto","background-attachment":"scroll","background-type":"","background-media":"","overlay-type":"","overlay-color":"","overlay-opacity":"","overlay-gradient":""},"tablet":{"background-color":"","background-image":"","background-repeat":"repeat","background-position":"center center","background-size":"auto","background-attachment":"scroll","background-type":"","background-media":"","overlay-type":"","overlay-color":"","overlay-opacity":"","overlay-gradient":""},"mobile":{"background-color":"","background-image":"","background-repeat":"repeat","background-position":"center center","background-size":"auto","background-attachment":"scroll","background-type":"","background-media":"","overlay-type":"","overlay-color":"","overlay-opacity":"","overlay-gradient":""}},"ast-content-background-meta":{"desktop":{"background-color":"var(--ast-global-color-5)","background-image":"","background-repeat":"repeat","background-position":"center center","background-size":"auto","background-attachment":"scroll","background-type":"","background-media":"","overlay-type":"","overlay-color":"","overlay-opacity":"","overlay-gradient":""},"tablet":{"background-color":"var(--ast-global-color-5)","background-image":"","background-repeat":"repeat","background-position":"center center","background-size":"auto","background-attachment":"scroll","background-type":"","background-media":"","overlay-type":"","overlay-color":"","overlay-opacity":"","overlay-gradient":""},"mobile":{"background-color":"var(--ast-global-color-5)","background-image":"","background-repeat":"repeat","background-position":"center center","background-size":"auto","background-attachment":"scroll","background-type":"","background-media":"","overlay-type":"","overlay-color":"","overlay-opacity":"","overlay-gradient":""}}},"product_brand":[],"product_cat":[15,362,73],"product_tag":[],"class_list":{"0":"post-9060","1":"product","2":"type-product","3":"status-publish","4":"has-post-thumbnail","6":"product_cat-naole","7":"product_cat-puhastuspiim","8":"product_cat-puhastustooted","9":"desktop-align-center","10":"tablet-align-left","11":"mobile-align-left","13":"first","14":"instock","15":"taxable","16":"shipping-taxable","17":"purchasable","18":"product-type-simple","19":"add-to-wishlist-before_image"},"aioseo_notices":[],"_links":{"self":[{"href":"https:\/\/kosmeetika24.eu\/et\/wp-json\/wp\/v2\/product\/9060","targetHints":{"allow":["GET"]}}],"collection":[{"href":"https:\/\/kosmeetika24.eu\/et\/wp-json\/wp\/v2\/product"}],"about":[{"href":"https:\/\/kosmeetika24.eu\/et\/wp-json\/wp\/v2\/types\/product"}],"version-history":[{"count":6,"href":"https:\/\/kosmeetika24.eu\/et\/wp-json\/wp\/v2\/product\/9060\/revisions"}],"predecessor-version":[{"id":9364,"href":"https:\/\/kosmeetika24.eu\/et\/wp-json\/wp\/v2\/product\/9060\/revisions\/9364"}],"wp:featuredmedia":[{"embeddable":true,"href":"https:\/\/kosmeetika24.eu\/et\/wp-json\/wp\/v2\/media\/9106"}],"wp:attachment":[{"href":"https:\/\/kosmeetika24.eu\/et\/wp-json\/wp\/v2\/media?parent=9060"}],"wp:term":[{"taxonomy":"product_brand","embeddable":true,"href":"https:\/\/kosmeetika24.eu\/et\/wp-json\/wp\/v2\/product_brand?post=9060"},{"taxonomy":"product_cat","embeddable":true,"href":"https:\/\/kosmeetika24.eu\/et\/wp-json\/wp\/v2\/product_cat?post=9060"},{"taxonomy":"product_tag","embeddable":true,"href":"https:\/\/kosmeetika24.eu\/et\/wp-json\/wp\/v2\/product_tag?post=9060"}],"curies":[{"name":"wp","href":"https:\/\/api.w.org\/{rel}","templated":true}]}}