{"id":6832,"date":"2024-01-25T13:45:11","date_gmt":"2024-01-25T13:45:11","guid":{"rendered":"https:\/\/kosmeetika24.eu\/?post_type=product&#038;p=6832"},"modified":"2024-10-10T16:33:08","modified_gmt":"2024-10-10T13:33:08","slug":"wishpro-plus-seadme-sinine-tehnoloogiline-pea","status":"publish","type":"product","link":"https:\/\/kosmeetika24.eu\/et\/toode\/wishpro-plus-seadme-sinine-tehnoloogiline-pea\/","title":{"rendered":"WISHPRO Plus+ seadme sinine tehnoloogiline pea"},"content":{"rendered":"<p>\u00c4rritatud ja rasune nahk v\u00f5ib kindlasti olla probleemiks.<\/p>\n<p>Aidates kaasa akne probleemidele, vajab seda t\u00fc\u00fcpi nahk \u00f5rna ja t\u00f5husat t\u00e4helepanu, mida pakub ainult <strong>WishPro Plus+<\/strong> seadme sinine pea.<\/p>\n<p>Meie tehnoloogiapea, kasutades 420 nm sinist valgust, seob aknet p\u00f5hjustavaid baktereid ja sunnib hapnikku vabastama.\u00a0Akne bakterid ei suuda selles hapnikurikkas keskkonnas ellu j\u00e4\u00e4da.<\/p>\n<p><strong>420-470nm<\/strong>\u00a0<strong>sinise LED-valguse<\/strong>\u00a0t\u00f5estatud tervendav toime tegeleb akne k\u00f5ige levinuma p\u00f5hjusega \u2013 anaeroobsete bakteritega\u00a0<strong>Proprionibacterium Acnes!<\/strong><\/p>\n<p>Ei <strong>p\u00f5hjusta p\u00f5letusohtu ja h\u00e4vitab s\u00fcgavamates kihtides baktereid!<\/strong><\/p>\n<p>o Valguse lainepikkus\u00a0<strong>420 nm p\u00f5hjustab hapniku tootmist porf\u00fcriinide poolt<\/strong>, mis on\u00a0<strong>aknebakterite<\/strong>\u00a0metaboliit, ja takistab seega bakterite paljunemist ja p\u00f5letiku tekitamist.<\/p>\n<p>o\u00a0<strong>470nm valgusel on v\u00f5ime h\u00e4vitada naha s\u00fcgavamates kihtides leiduvaid baktereid<\/strong>.<\/p>\n<p>o Sinine\u00a0<strong>LED-valgus rahustab ja rahustab nahka<\/strong>, kiirendades seel\u00e4bi p\u00f5letiku paranemist.<\/p>\n","protected":false},"excerpt":{"rendered":"<p>\u00c4rritatud ja rasune nahk v\u00f5ib kindlasti olla probleemiks. Aidates kaasa akne probleemidele, vajab seda t\u00fc\u00fcpi nahk \u00f5rna ja t\u00f5husat t\u00e4helepanu, [&hellip;]<\/p>\n","protected":false},"featured_media":6842,"template":"","meta":{"om_disable_all_campaigns":false,"_monsterinsights_skip_tracking":false,"_monsterinsights_sitenote_active":false,"_monsterinsights_sitenote_note":"","_monsterinsights_sitenote_category":0,"_uf_show_specific_survey":0,"_uf_disable_surveys":false,"site-sidebar-layout":"default","site-content-layout":"","ast-site-content-layout":"default","site-content-style":"default","site-sidebar-style":"default","ast-global-header-display":"","ast-banner-title-visibility":"","ast-main-header-display":"","ast-hfb-above-header-display":"","ast-hfb-below-header-display":"","ast-hfb-mobile-header-display":"","site-post-title":"","ast-breadcrumbs-content":"","ast-featured-img":"","footer-sml-layout":"","theme-transparent-header-meta":"default","adv-header-id-meta":"","stick-header-meta":"","header-above-stick-meta":"","header-main-stick-meta":"","header-below-stick-meta":"","astra-migrate-meta-layouts":"set","ast-page-background-enabled":"default","ast-page-background-meta":{"desktop":{"background-color":"var(--ast-global-color-4)","background-image":"","background-repeat":"repeat","background-position":"center center","background-size":"auto","background-attachment":"scroll","background-type":"","background-media":"","overlay-type":"","overlay-color":"","overlay-opacity":"","overlay-gradient":""},"tablet":{"background-color":"","background-image":"","background-repeat":"repeat","background-position":"center center","background-size":"auto","background-attachment":"scroll","background-type":"","background-media":"","overlay-type":"","overlay-color":"","overlay-opacity":"","overlay-gradient":""},"mobile":{"background-color":"","background-image":"","background-repeat":"repeat","background-position":"center center","background-size":"auto","background-attachment":"scroll","background-type":"","background-media":"","overlay-type":"","overlay-color":"","overlay-opacity":"","overlay-gradient":""}},"ast-content-background-meta":{"desktop":{"background-color":"var(--ast-global-color-5)","background-image":"","background-repeat":"repeat","background-position":"center center","background-size":"auto","background-attachment":"scroll","background-type":"","background-media":"","overlay-type":"","overlay-color":"","overlay-opacity":"","overlay-gradient":""},"tablet":{"background-color":"var(--ast-global-color-5)","background-image":"","background-repeat":"repeat","background-position":"center center","background-size":"auto","background-attachment":"scroll","background-type":"","background-media":"","overlay-type":"","overlay-color":"","overlay-opacity":"","overlay-gradient":""},"mobile":{"background-color":"var(--ast-global-color-5)","background-image":"","background-repeat":"repeat","background-position":"center center","background-size":"auto","background-attachment":"scroll","background-type":"","background-media":"","overlay-type":"","overlay-color":"","overlay-opacity":"","overlay-gradient":""}}},"product_brand":[],"product_cat":[15],"product_tag":[],"class_list":{"0":"post-6832","1":"product","2":"type-product","3":"status-publish","4":"has-post-thumbnail","6":"product_cat-naole","7":"desktop-align-center","8":"tablet-align-left","9":"mobile-align-left","11":"first","12":"instock","13":"taxable","14":"shipping-taxable","15":"product-type-simple","16":"add-to-wishlist-before_image"},"aioseo_notices":[],"_links":{"self":[{"href":"https:\/\/kosmeetika24.eu\/et\/wp-json\/wp\/v2\/product\/6832","targetHints":{"allow":["GET"]}}],"collection":[{"href":"https:\/\/kosmeetika24.eu\/et\/wp-json\/wp\/v2\/product"}],"about":[{"href":"https:\/\/kosmeetika24.eu\/et\/wp-json\/wp\/v2\/types\/product"}],"version-history":[{"count":1,"href":"https:\/\/kosmeetika24.eu\/et\/wp-json\/wp\/v2\/product\/6832\/revisions"}],"predecessor-version":[{"id":9011,"href":"https:\/\/kosmeetika24.eu\/et\/wp-json\/wp\/v2\/product\/6832\/revisions\/9011"}],"wp:featuredmedia":[{"embeddable":true,"href":"https:\/\/kosmeetika24.eu\/et\/wp-json\/wp\/v2\/media\/6842"}],"wp:attachment":[{"href":"https:\/\/kosmeetika24.eu\/et\/wp-json\/wp\/v2\/media?parent=6832"}],"wp:term":[{"taxonomy":"product_brand","embeddable":true,"href":"https:\/\/kosmeetika24.eu\/et\/wp-json\/wp\/v2\/product_brand?post=6832"},{"taxonomy":"product_cat","embeddable":true,"href":"https:\/\/kosmeetika24.eu\/et\/wp-json\/wp\/v2\/product_cat?post=6832"},{"taxonomy":"product_tag","embeddable":true,"href":"https:\/\/kosmeetika24.eu\/et\/wp-json\/wp\/v2\/product_tag?post=6832"}],"curies":[{"name":"wp","href":"https:\/\/api.w.org\/{rel}","templated":true}]}}