{"id":6831,"date":"2024-01-25T13:34:15","date_gmt":"2024-01-25T13:34:15","guid":{"rendered":"https:\/\/kosmeetika24.eu\/?post_type=product&#038;p=6831"},"modified":"2024-10-10T16:32:44","modified_gmt":"2024-10-10T13:32:44","slug":"wishpro-plus-seadme-punane-tehnoloogiline-pea","status":"publish","type":"product","link":"https:\/\/kosmeetika24.eu\/et\/toode\/wishpro-plus-seadme-punane-tehnoloogiline-pea\/","title":{"rendered":"WISHPRO Plus+ seadme punane tehnoloogiline pea"},"content":{"rendered":"<p>Kui nahk vajab tugevat energiaannust \u2013 siis on sellele lahendus!<\/p>\n<p><strong>WishPro Plus+<\/strong> seadme punane pea kasutab <strong>fototeraapiat<\/strong>\u00a0660nm\u00a0<strong>LED-valgusega<\/strong>, mis stimuleerib intensiivselt naha regeneratiivseid protsesse.<\/p>\n<p>Punase valguse fototeraapia l\u00f5id\u00a0<strong>NASA<\/strong>\u00a0teadlased, kes otsisid lahendust naha vananemisprotsessi peatamiseks kosmoses. Ja t\u00e4na saate seda tehnoloogiat kasutada oma ilusalongis!\u00a0<strong>660nm valgusega punane pea stimuleerib nahka kolmel tasandil!<\/strong><\/p>\n<p><strong>1. Rakuenergia suurenemine mitokondri tasemel<\/strong>\u00a0\u2013 \u00fcksikute rakkude\u00a0<strong>regeneratiivsete protsesside intensiivne stimuleerimine<\/strong>\u00a0ja dermise temperatuuri t\u00f5us.<\/p>\n<p><strong>2<\/strong>.\u00a0<strong>Gl\u00fckoosi muundamise kiirendamine ATP-ks<\/strong>\u00a0&#8211; fibroblastide stimuleerimine\u00a0<strong>nahka toetavate kiudude<\/strong>, n\u00e4iteks kollageeni ja elastiini tootmiseks.<\/p>\n<p><strong>3<\/strong>. Immuuns\u00fcsteemi stimuleerimine \u2013 pannes immuuns\u00fcsteemi<b> vabastama ts\u00fctokiine, kiirendab <\/b>see <b>naha loomulikke paranemisprotsesse.<\/b><\/p>\n","protected":false},"excerpt":{"rendered":"<p>Punane valgus, mis aitab teil end suurep\u00e4raselt tunda ja tervem v\u00e4lja n\u00e4ha, annab nahatoonidele rohkem erksust ja s\u00e4ra.<\/p>\n<p>Noorendav, elustav ja energiat andev.<\/p>\n","protected":false},"featured_media":6841,"template":"","meta":{"om_disable_all_campaigns":false,"_monsterinsights_skip_tracking":false,"_monsterinsights_sitenote_active":false,"_monsterinsights_sitenote_note":"","_monsterinsights_sitenote_category":0,"_uf_show_specific_survey":0,"_uf_disable_surveys":false,"site-sidebar-layout":"default","site-content-layout":"","ast-site-content-layout":"default","site-content-style":"default","site-sidebar-style":"default","ast-global-header-display":"","ast-banner-title-visibility":"","ast-main-header-display":"","ast-hfb-above-header-display":"","ast-hfb-below-header-display":"","ast-hfb-mobile-header-display":"","site-post-title":"","ast-breadcrumbs-content":"","ast-featured-img":"","footer-sml-layout":"","theme-transparent-header-meta":"default","adv-header-id-meta":"","stick-header-meta":"","header-above-stick-meta":"","header-main-stick-meta":"","header-below-stick-meta":"","astra-migrate-meta-layouts":"set","ast-page-background-enabled":"default","ast-page-background-meta":{"desktop":{"background-color":"var(--ast-global-color-4)","background-image":"","background-repeat":"repeat","background-position":"center center","background-size":"auto","background-attachment":"scroll","background-type":"","background-media":"","overlay-type":"","overlay-color":"","overlay-opacity":"","overlay-gradient":""},"tablet":{"background-color":"","background-image":"","background-repeat":"repeat","background-position":"center center","background-size":"auto","background-attachment":"scroll","background-type":"","background-media":"","overlay-type":"","overlay-color":"","overlay-opacity":"","overlay-gradient":""},"mobile":{"background-color":"","background-image":"","background-repeat":"repeat","background-position":"center center","background-size":"auto","background-attachment":"scroll","background-type":"","background-media":"","overlay-type":"","overlay-color":"","overlay-opacity":"","overlay-gradient":""}},"ast-content-background-meta":{"desktop":{"background-color":"var(--ast-global-color-5)","background-image":"","background-repeat":"repeat","background-position":"center center","background-size":"auto","background-attachment":"scroll","background-type":"","background-media":"","overlay-type":"","overlay-color":"","overlay-opacity":"","overlay-gradient":""},"tablet":{"background-color":"var(--ast-global-color-5)","background-image":"","background-repeat":"repeat","background-position":"center center","background-size":"auto","background-attachment":"scroll","background-type":"","background-media":"","overlay-type":"","overlay-color":"","overlay-opacity":"","overlay-gradient":""},"mobile":{"background-color":"var(--ast-global-color-5)","background-image":"","background-repeat":"repeat","background-position":"center center","background-size":"auto","background-attachment":"scroll","background-type":"","background-media":"","overlay-type":"","overlay-color":"","overlay-opacity":"","overlay-gradient":""}}},"product_brand":[],"product_cat":[15,108,358],"product_tag":[],"class_list":{"0":"post-6831","1":"product","2":"type-product","3":"status-publish","4":"has-post-thumbnail","6":"product_cat-naole","7":"product_cat-profitooted","8":"product_cat-wishpro","9":"desktop-align-center","10":"tablet-align-left","11":"mobile-align-left","13":"first","14":"instock","15":"taxable","16":"shipping-taxable","17":"product-type-simple","18":"add-to-wishlist-before_image"},"aioseo_notices":[],"_links":{"self":[{"href":"https:\/\/kosmeetika24.eu\/et\/wp-json\/wp\/v2\/product\/6831","targetHints":{"allow":["GET"]}}],"collection":[{"href":"https:\/\/kosmeetika24.eu\/et\/wp-json\/wp\/v2\/product"}],"about":[{"href":"https:\/\/kosmeetika24.eu\/et\/wp-json\/wp\/v2\/types\/product"}],"version-history":[{"count":2,"href":"https:\/\/kosmeetika24.eu\/et\/wp-json\/wp\/v2\/product\/6831\/revisions"}],"predecessor-version":[{"id":7107,"href":"https:\/\/kosmeetika24.eu\/et\/wp-json\/wp\/v2\/product\/6831\/revisions\/7107"}],"wp:featuredmedia":[{"embeddable":true,"href":"https:\/\/kosmeetika24.eu\/et\/wp-json\/wp\/v2\/media\/6841"}],"wp:attachment":[{"href":"https:\/\/kosmeetika24.eu\/et\/wp-json\/wp\/v2\/media?parent=6831"}],"wp:term":[{"taxonomy":"product_brand","embeddable":true,"href":"https:\/\/kosmeetika24.eu\/et\/wp-json\/wp\/v2\/product_brand?post=6831"},{"taxonomy":"product_cat","embeddable":true,"href":"https:\/\/kosmeetika24.eu\/et\/wp-json\/wp\/v2\/product_cat?post=6831"},{"taxonomy":"product_tag","embeddable":true,"href":"https:\/\/kosmeetika24.eu\/et\/wp-json\/wp\/v2\/product_tag?post=6831"}],"curies":[{"name":"wp","href":"https:\/\/api.w.org\/{rel}","templated":true}]}}