{"id":6830,"date":"2024-01-25T13:18:00","date_gmt":"2024-01-25T13:18:00","guid":{"rendered":"https:\/\/kosmeetika24.eu\/?post_type=product&#038;p=6830"},"modified":"2024-10-10T16:32:27","modified_gmt":"2024-10-10T13:32:27","slug":"wishpro-plus-seadme-kollane-tehnoloogiline-pea","status":"publish","type":"product","link":"https:\/\/kosmeetika24.eu\/et\/toode\/wishpro-plus-seadme-kollane-tehnoloogiline-pea\/","title":{"rendered":"WISHPRO Plus+ seadme kollane tehnoloogiline pea"},"content":{"rendered":"<p><strong>WishPro Plus+<\/strong> seadme kuldne pea on k\u00f5ige t\u00f5husam relv v\u00f5itluses naha vananemise vastu!<\/p>\n<p>ATP, adenosiintrifosfaat, on\u00a0<b>nukleotiid, mis teadaolevalt juhib ja osaleb lugematutes intratsellulaarsetes protsessides<\/b>\u00a0. Vananedes v\u00e4heneb ATP tase nahas ja tekitab energiapuuduse, m\u00f5jutades seel\u00e4bi naha v\u00e4limust.<\/p>\n<p>Kuldne pea on loodud ATP tootmise suurendamiseks. Miks on ATP nii oluline?<\/p>\n<p><strong>o<\/strong>\u00a0<strong>ATP stimuleerib, l\u00f5dvestab ja tugevdab lihaseid, stimuleerides<\/strong>\u00a0samal ajal nende\u00a0<strong>loomulikke energiaprotsesse.<\/strong><\/p>\n<p><strong>o<\/strong>\u00a0Seega aktiveerub\u00a0<strong>lihasm\u00e4lu<\/strong>, mis v\u00f5imaldab naha pingudlamist.<\/p>\n<p><strong>o<\/strong>\u00a0Lisaks transporditakse kapslis\u00a0<strong>sisalduvate toimeainete ioonid<\/strong>\u00a0elektriv\u00e4lja abil\u00a0<strong>s\u00fcgavale epidermisse.<\/strong><\/p>\n<p><strong>o<\/strong>\u00a0Selle s\u00fcnergilise toime tulemuseks on\u00a0<strong>kortsude, vagude v\u00e4hendamine ja naha tugev toitmine!<\/strong><\/p>\n<p>&nbsp;<\/p>\n","protected":false},"excerpt":{"rendered":"<p>Mikrovool<\/p>\n<p>Peaaegu koheselt n\u00e4ete nahka, mis on rohkem toonuses ja silmn\u00e4htavalt siledam.<\/p>\n<p>Noorus ei ole saladus ega ka ime.<\/p>\n<p>WISHPro abil saavutate h\u00e4mmastava nahatooni, mis v\u00f5tab aastaid maha!<\/p>\n","protected":false},"featured_media":6843,"template":"","meta":{"om_disable_all_campaigns":false,"_monsterinsights_skip_tracking":false,"_monsterinsights_sitenote_active":false,"_monsterinsights_sitenote_note":"","_monsterinsights_sitenote_category":0,"_uf_show_specific_survey":0,"_uf_disable_surveys":false,"site-sidebar-layout":"default","site-content-layout":"","ast-site-content-layout":"default","site-content-style":"default","site-sidebar-style":"default","ast-global-header-display":"","ast-banner-title-visibility":"","ast-main-header-display":"","ast-hfb-above-header-display":"","ast-hfb-below-header-display":"","ast-hfb-mobile-header-display":"","site-post-title":"","ast-breadcrumbs-content":"","ast-featured-img":"","footer-sml-layout":"","theme-transparent-header-meta":"default","adv-header-id-meta":"","stick-header-meta":"","header-above-stick-meta":"","header-main-stick-meta":"","header-below-stick-meta":"","astra-migrate-meta-layouts":"set","ast-page-background-enabled":"default","ast-page-background-meta":{"desktop":{"background-color":"var(--ast-global-color-4)","background-image":"","background-repeat":"repeat","background-position":"center center","background-size":"auto","background-attachment":"scroll","background-type":"","background-media":"","overlay-type":"","overlay-color":"","overlay-opacity":"","overlay-gradient":""},"tablet":{"background-color":"","background-image":"","background-repeat":"repeat","background-position":"center center","background-size":"auto","background-attachment":"scroll","background-type":"","background-media":"","overlay-type":"","overlay-color":"","overlay-opacity":"","overlay-gradient":""},"mobile":{"background-color":"","background-image":"","background-repeat":"repeat","background-position":"center center","background-size":"auto","background-attachment":"scroll","background-type":"","background-media":"","overlay-type":"","overlay-color":"","overlay-opacity":"","overlay-gradient":""}},"ast-content-background-meta":{"desktop":{"background-color":"var(--ast-global-color-5)","background-image":"","background-repeat":"repeat","background-position":"center center","background-size":"auto","background-attachment":"scroll","background-type":"","background-media":"","overlay-type":"","overlay-color":"","overlay-opacity":"","overlay-gradient":""},"tablet":{"background-color":"var(--ast-global-color-5)","background-image":"","background-repeat":"repeat","background-position":"center center","background-size":"auto","background-attachment":"scroll","background-type":"","background-media":"","overlay-type":"","overlay-color":"","overlay-opacity":"","overlay-gradient":""},"mobile":{"background-color":"var(--ast-global-color-5)","background-image":"","background-repeat":"repeat","background-position":"center center","background-size":"auto","background-attachment":"scroll","background-type":"","background-media":"","overlay-type":"","overlay-color":"","overlay-opacity":"","overlay-gradient":""}}},"product_brand":[],"product_cat":[15,108,358],"product_tag":[],"class_list":{"0":"post-6830","1":"product","2":"type-product","3":"status-publish","4":"has-post-thumbnail","6":"product_cat-naole","7":"product_cat-profitooted","8":"product_cat-wishpro","9":"desktop-align-center","10":"tablet-align-left","11":"mobile-align-left","13":"first","14":"instock","15":"taxable","16":"shipping-taxable","17":"product-type-simple","18":"add-to-wishlist-before_image"},"aioseo_notices":[],"_links":{"self":[{"href":"https:\/\/kosmeetika24.eu\/et\/wp-json\/wp\/v2\/product\/6830","targetHints":{"allow":["GET"]}}],"collection":[{"href":"https:\/\/kosmeetika24.eu\/et\/wp-json\/wp\/v2\/product"}],"about":[{"href":"https:\/\/kosmeetika24.eu\/et\/wp-json\/wp\/v2\/types\/product"}],"version-history":[{"count":4,"href":"https:\/\/kosmeetika24.eu\/et\/wp-json\/wp\/v2\/product\/6830\/revisions"}],"predecessor-version":[{"id":7104,"href":"https:\/\/kosmeetika24.eu\/et\/wp-json\/wp\/v2\/product\/6830\/revisions\/7104"}],"wp:featuredmedia":[{"embeddable":true,"href":"https:\/\/kosmeetika24.eu\/et\/wp-json\/wp\/v2\/media\/6843"}],"wp:attachment":[{"href":"https:\/\/kosmeetika24.eu\/et\/wp-json\/wp\/v2\/media?parent=6830"}],"wp:term":[{"taxonomy":"product_brand","embeddable":true,"href":"https:\/\/kosmeetika24.eu\/et\/wp-json\/wp\/v2\/product_brand?post=6830"},{"taxonomy":"product_cat","embeddable":true,"href":"https:\/\/kosmeetika24.eu\/et\/wp-json\/wp\/v2\/product_cat?post=6830"},{"taxonomy":"product_tag","embeddable":true,"href":"https:\/\/kosmeetika24.eu\/et\/wp-json\/wp\/v2\/product_tag?post=6830"}],"curies":[{"name":"wp","href":"https:\/\/api.w.org\/{rel}","templated":true}]}}