{"id":6819,"date":"2024-01-24T16:04:24","date_gmt":"2024-01-24T16:04:24","guid":{"rendered":"https:\/\/kosmeetika24.eu\/?post_type=product&#038;p=6819"},"modified":"2024-10-10T16:30:14","modified_gmt":"2024-10-10T13:30:14","slug":"wishpro-wish-contour","status":"publish","type":"product","link":"https:\/\/kosmeetika24.eu\/et\/toode\/wishpro-wish-contour\/","title":{"rendered":"WISHPRO Wish Contour &#8211; vananemisvastane"},"content":{"rendered":"<p style=\"text-align: center;\"><span style=\"color: #ff6600;\"><strong>Wish Contour<\/strong><\/span> kapsel on loodud inimestele, kellel on <strong>tundlik<\/strong>\u00a0nahk ja kes samal ajal unistavad\u00a0<strong>nooruslikust v\u00e4limusest.<\/strong><\/p>\n<p style=\"text-align: center;\">Kapslis sisalduvad toimeained\u00a0<strong>\u00fchtlustavad naha struktuuri<\/strong>,\u00a0<strong>v\u00f5itlevad armide ja ebatasasustega<\/strong>, \u00fchtlustavad n\u00e4htavalt jumet ja <strong>k\u00f5rvaldavad tumedad ringid silmade all.<\/strong><\/p>\n<p style=\"text-align: center;\">Kapsli valem p\u00f5hineb kahel toimeainel:\u00a0<strong>Neurophroline\u2122 ja Tightenyl\u2122<\/strong>, mis saadakse\u00a0<strong>Indigo<\/strong>\u00a0seemnetest.<\/p>\n<p style=\"text-align: center;\">Uuringud on n\u00e4idanud, et ekstraktis sisalduvad suhkrud\u00a0<strong>neutraliseerivad kortisooli kahjulikke m\u00f5jusid<\/strong>, peatades\u00a0<strong>stressi kahjulikud m\u00f5jud!<\/strong><\/p>\n<p style=\"text-align: center;\"><strong>Kasutusotstarve: <\/strong>k\u00f5ik nahat\u00fc\u00fcbid, tundlikud nahad, kortsud ja vaod, armid, naha l\u00f5tvus, h\u00fcperreaktiivsus.<\/p>\n<p style=\"text-align: center;\"><span style=\"color: #ff6600;\"><strong>Wish Contour <\/strong><\/span>kapsel on m\u00f5eldud kasutamiseks koos kuldse v\u00f5i punase\u00a0<strong>WishPro Plus+<\/strong> tehnoloogilise peaga.<\/p>\n<p style=\"text-align: center;\"><span style=\"color: #ff6600;\"><strong>APC vanuse protsessi juhtliin<\/strong><\/span><\/p>\n<p style=\"text-align: center;\">Uus\u00a0<strong>APC kapslite sari<\/strong>\u00a0on loodud mehaanilistest teguritest, elustiilist, stressist ja keskkonna saasteainetest p\u00f5hjustatud\u00a0<strong>naha<\/strong>\u00a0vananemisprotsessi kontrollimiseks ja peatamiseks. Sari on suunatud\u00a0<strong>kahjustatud<\/strong>,\u00a0<strong>kuivale, tundlikule ja punetava <\/strong>nahaga inimestele. Liini koostisosad kaitsevad nahka\u00a0<strong>mehaaniliste, keemiliste ja UV-faktorite eest.<\/strong><\/p>\n<hr \/>\n<p style=\"text-align: center;\">Kapslid on steriilsed ja \u00fchekordselt kasutatavad, \u00fcks kapsel on m\u00f5eldud \u00fcheks raviks.<\/p>\n<p>&nbsp;<\/p>\n","protected":false},"excerpt":{"rendered":"<p>&nbsp;<\/p>\n<p>Eesm\u00e4rk on taastada nooruslik v\u00e4limus; vananemisvastane tundlikule nahale; aitab ravida lokaalseid n\u00e4oprobleeme, nagu kortsud, naha l\u00f5tvus, h\u00fcperpigmentatsioon ja armid.<\/p>\n<p>Parandab n\u00e4htavalt nahatooni.<\/p>\n<p><strong>Hind kehtib 10 kapslit sisaldava pakendi kohta.<\/strong><\/p>\n","protected":false},"featured_media":6820,"template":"","meta":{"om_disable_all_campaigns":false,"_monsterinsights_skip_tracking":false,"_monsterinsights_sitenote_active":false,"_monsterinsights_sitenote_note":"","_monsterinsights_sitenote_category":0,"_uf_show_specific_survey":0,"_uf_disable_surveys":false,"site-sidebar-layout":"default","site-content-layout":"","ast-site-content-layout":"default","site-content-style":"default","site-sidebar-style":"default","ast-global-header-display":"","ast-banner-title-visibility":"","ast-main-header-display":"","ast-hfb-above-header-display":"","ast-hfb-below-header-display":"","ast-hfb-mobile-header-display":"","site-post-title":"","ast-breadcrumbs-content":"","ast-featured-img":"","footer-sml-layout":"","theme-transparent-header-meta":"default","adv-header-id-meta":"","stick-header-meta":"","header-above-stick-meta":"","header-main-stick-meta":"","header-below-stick-meta":"","astra-migrate-meta-layouts":"set","ast-page-background-enabled":"default","ast-page-background-meta":{"desktop":{"background-color":"var(--ast-global-color-4)","background-image":"","background-repeat":"repeat","background-position":"center center","background-size":"auto","background-attachment":"scroll","background-type":"","background-media":"","overlay-type":"","overlay-color":"","overlay-opacity":"","overlay-gradient":""},"tablet":{"background-color":"","background-image":"","background-repeat":"repeat","background-position":"center center","background-size":"auto","background-attachment":"scroll","background-type":"","background-media":"","overlay-type":"","overlay-color":"","overlay-opacity":"","overlay-gradient":""},"mobile":{"background-color":"","background-image":"","background-repeat":"repeat","background-position":"center center","background-size":"auto","background-attachment":"scroll","background-type":"","background-media":"","overlay-type":"","overlay-color":"","overlay-opacity":"","overlay-gradient":""}},"ast-content-background-meta":{"desktop":{"background-color":"var(--ast-global-color-5)","background-image":"","background-repeat":"repeat","background-position":"center center","background-size":"auto","background-attachment":"scroll","background-type":"","background-media":"","overlay-type":"","overlay-color":"","overlay-opacity":"","overlay-gradient":""},"tablet":{"background-color":"var(--ast-global-color-5)","background-image":"","background-repeat":"repeat","background-position":"center center","background-size":"auto","background-attachment":"scroll","background-type":"","background-media":"","overlay-type":"","overlay-color":"","overlay-opacity":"","overlay-gradient":""},"mobile":{"background-color":"var(--ast-global-color-5)","background-image":"","background-repeat":"repeat","background-position":"center center","background-size":"auto","background-attachment":"scroll","background-type":"","background-media":"","overlay-type":"","overlay-color":"","overlay-opacity":"","overlay-gradient":""}}},"product_brand":[],"product_cat":[359,108,358,351],"product_tag":[],"class_list":{"0":"post-6819","1":"product","2":"type-product","3":"status-publish","4":"has-post-thumbnail","6":"product_cat-aging-process-control-line-oranz","7":"product_cat-profitooted","8":"product_cat-wishpro","9":"product_cat-wishpro-kapslid","10":"desktop-align-center","11":"tablet-align-left","12":"mobile-align-left","14":"first","15":"instock","16":"taxable","17":"shipping-taxable","18":"product-type-simple","19":"add-to-wishlist-before_image"},"aioseo_notices":[],"_links":{"self":[{"href":"https:\/\/kosmeetika24.eu\/et\/wp-json\/wp\/v2\/product\/6819","targetHints":{"allow":["GET"]}}],"collection":[{"href":"https:\/\/kosmeetika24.eu\/et\/wp-json\/wp\/v2\/product"}],"about":[{"href":"https:\/\/kosmeetika24.eu\/et\/wp-json\/wp\/v2\/types\/product"}],"version-history":[{"count":2,"href":"https:\/\/kosmeetika24.eu\/et\/wp-json\/wp\/v2\/product\/6819\/revisions"}],"predecessor-version":[{"id":9007,"href":"https:\/\/kosmeetika24.eu\/et\/wp-json\/wp\/v2\/product\/6819\/revisions\/9007"}],"wp:featuredmedia":[{"embeddable":true,"href":"https:\/\/kosmeetika24.eu\/et\/wp-json\/wp\/v2\/media\/6820"}],"wp:attachment":[{"href":"https:\/\/kosmeetika24.eu\/et\/wp-json\/wp\/v2\/media?parent=6819"}],"wp:term":[{"taxonomy":"product_brand","embeddable":true,"href":"https:\/\/kosmeetika24.eu\/et\/wp-json\/wp\/v2\/product_brand?post=6819"},{"taxonomy":"product_cat","embeddable":true,"href":"https:\/\/kosmeetika24.eu\/et\/wp-json\/wp\/v2\/product_cat?post=6819"},{"taxonomy":"product_tag","embeddable":true,"href":"https:\/\/kosmeetika24.eu\/et\/wp-json\/wp\/v2\/product_tag?post=6819"}],"curies":[{"name":"wp","href":"https:\/\/api.w.org\/{rel}","templated":true}]}}