{"id":6574,"date":"2023-11-06T13:34:02","date_gmt":"2023-11-06T13:34:02","guid":{"rendered":"https:\/\/kosmeetika24.eu\/?post_type=product&#038;p=6574"},"modified":"2026-04-01T16:09:31","modified_gmt":"2026-04-01T13:09:31","slug":"reveel-niisutav-naokreem","status":"publish","type":"product","link":"https:\/\/kosmeetika24.eu\/et\/toode\/reveel-niisutav-naokreem\/","title":{"rendered":"Reveel intensiivselt niisutav 24h n\u00e4okreem"},"content":{"rendered":"<p><em>Comforting Moisturizer<\/em> on vananemisilminguid korrigeeriv niisutav kreem, mis sobib kasutada nii hommikul kui \u00f5htul.<\/p>\n<p><span style=\"font-size: 16px;\">Vananedes kaotab nahabarj\u00e4\u00e4r oma tugevuse ja v\u00f5ime s\u00e4ilitada niiskust. Nahk muutub kuivemaks ning \u00e4rritub kergesti. Silma hakkavad paistma mikrokortsud.<\/span><\/p>\n<p>Vananemisilminguid korrigeeriv kreem muudab naha s\u00fcgavalt h\u00fcdreerituks ja taastab loomuliku niiskustaseme. Naha enda lipiidide tootmine aktiveerub.<\/p>\n<p>Kreem rahustab ja tugevdab ka loomulikku <span lang=\"et-EE\">kaitsebarj\u00e4\u00e4ri, tagades p\u00fcsiva kaitse kahjulike keskkonnam\u00f5jude eest. <\/span>N<span lang=\"et-EE\">ahk on rahustatud, silutud ja toidetud.<\/span><\/p>\n<p>Kreem kuulub vananemisvastase kosmeetika sarja. Seda v\u00f5ib kasutada alates 35 aastaselt.<\/p>\n<p><span lang=\"et-EE\">Sobib k\u00f5ikidele nahat\u00fc\u00fcpidele, eriti kuivale deh\u00fcdreeritud nahale, millel on esimesed vananemise ilmingud.<\/span><\/p>\n<p><strong>PEAMISED TOIMEAINED<\/strong><\/p>\n<ul>\n<li>H\u00fcaluroonhape<\/li>\n<li>P\u00e4ranipun\u00e4\u00e4rme n\u00f5re<\/li>\n<li>Avokaado\u00f5li<\/li>\n<li>Kakao\u00f5li<\/li>\n<li>Cetear\u00fc\u00fclisononanoaat<\/li>\n<\/ul>\n<p><strong>TOIME<\/strong><\/p>\n<ul>\n<li>H\u00fcaluroonhape moodustab nahale niisutava v\u00f5rgustiku soodustades vedeliku imendumist.<\/li>\n<li>P\u00e4ranipun\u00e4\u00e4rme n\u00f5re, avokaado\u00f5li ja kakao\u00f5li niisutavad, toidavad ning l\u00f5\u00f5gastavad nahka.<\/li>\n<li>Cetear\u00fc\u00fclisononanoaat on rasvhapete ester, millel on suurep\u00e4rased pehmendavad omadused. Mis t\u00e4hendab, et see v\u00f5ib aidata nahka pehmendada ja siluda. Moodustab nahale kaitsva barj\u00e4\u00e4ri, et kaitsta teda kahjulike keskkonnam\u00f5jurite eest. Stabiliseerib ka kosmeetika koostisosi.<\/li>\n<\/ul>\n<p><strong>KASUTAMINE<\/strong><\/p>\n<p>Kandke hommikul ja\/v\u00f5i \u00f5htul p\u00e4rast puhastamist n\u00e4ole, kaelale ja dekolteepiirkonnale.<\/p>\n<p><strong>KOOSTIS<\/strong><\/p>\n<p>Aqua (water), persea gratissima (avocado) oil, theobroma cacao (cocoa) seed butter, cetearyl isononanoate, glyceryl stearate, octyldodecanol, glycerin, polyglyceryl-3 methylglucose distearate, propanediol, tocopheryl acetate, panthenol, carbomer, sodium hyaluronate, glucomannan, phenoxyethanol, ethylhexylglycerin, tocopherol, ascorbyl isostearate, isostearic acid, ascorbic acid, lecithin, lactic acid, citric acid, benzoic acid, dehydroacetic acid, o-cymen-5-ol, potassium hydroxide, parfum (fragrance).<\/p>\n<p><span style=\"font-size: xx-small;\">2755.- \u20ac\/l<\/span><\/p>\n","protected":false},"excerpt":{"rendered":"<p>50ml<\/p>\n<p class=\"h2\">Intensiivselt niisutav ja rahustav p\u00e4eva- ja \u00f6\u00f6kreem <span style=\"font-family: Times New Roman, serif;\"><span style=\"font-size: medium;\">h<\/span><\/span>\u00fcaluroonhappe ja avokaado\u00f5liga &#8211; naistele ja meestele.<\/p>\n<p>V\u00f5itleb t\u00f5husalt esimeste naha vananemise m\u00e4rkidega.<\/p>\n<p>Alates esimestest kasutusp\u00e4evast muutub nahk ideaalselt siledaks, elastseks, kiirgab ilu ja tervist.<\/p>\n<p>N\u00e4okreem on 100% silikoonivaba, alumiiniumivaba, alkoholivaba ja mikroplastivaba.<\/p>\n<p>&nbsp;<\/p>\n","protected":false},"featured_media":6575,"template":"","meta":{"om_disable_all_campaigns":false,"_monsterinsights_skip_tracking":false,"_monsterinsights_sitenote_active":false,"_monsterinsights_sitenote_note":"","_monsterinsights_sitenote_category":0,"_uf_show_specific_survey":0,"_uf_disable_surveys":false,"site-sidebar-layout":"default","site-content-layout":"","ast-site-content-layout":"default","site-content-style":"default","site-sidebar-style":"default","ast-global-header-display":"","ast-banner-title-visibility":"","ast-main-header-display":"","ast-hfb-above-header-display":"","ast-hfb-below-header-display":"","ast-hfb-mobile-header-display":"","site-post-title":"","ast-breadcrumbs-content":"","ast-featured-img":"","footer-sml-layout":"","theme-transparent-header-meta":"default","adv-header-id-meta":"","stick-header-meta":"","header-above-stick-meta":"","header-main-stick-meta":"","header-below-stick-meta":"","astra-migrate-meta-layouts":"set","ast-page-background-enabled":"default","ast-page-background-meta":{"desktop":{"background-color":"var(--ast-global-color-4)","background-image":"","background-repeat":"repeat","background-position":"center center","background-size":"auto","background-attachment":"scroll","background-type":"","background-media":"","overlay-type":"","overlay-color":"","overlay-opacity":"","overlay-gradient":""},"tablet":{"background-color":"","background-image":"","background-repeat":"repeat","background-position":"center center","background-size":"auto","background-attachment":"scroll","background-type":"","background-media":"","overlay-type":"","overlay-color":"","overlay-opacity":"","overlay-gradient":""},"mobile":{"background-color":"","background-image":"","background-repeat":"repeat","background-position":"center center","background-size":"auto","background-attachment":"scroll","background-type":"","background-media":"","overlay-type":"","overlay-color":"","overlay-opacity":"","overlay-gradient":""}},"ast-content-background-meta":{"desktop":{"background-color":"var(--ast-global-color-5)","background-image":"","background-repeat":"repeat","background-position":"center center","background-size":"auto","background-attachment":"scroll","background-type":"","background-media":"","overlay-type":"","overlay-color":"","overlay-opacity":"","overlay-gradient":""},"tablet":{"background-color":"var(--ast-global-color-5)","background-image":"","background-repeat":"repeat","background-position":"center center","background-size":"auto","background-attachment":"scroll","background-type":"","background-media":"","overlay-type":"","overlay-color":"","overlay-opacity":"","overlay-gradient":""},"mobile":{"background-color":"var(--ast-global-color-5)","background-image":"","background-repeat":"repeat","background-position":"center center","background-size":"auto","background-attachment":"scroll","background-type":"","background-media":"","overlay-type":"","overlay-color":"","overlay-opacity":"","overlay-gradient":""}}},"product_brand":[],"product_cat":[50,75,15],"product_tag":[],"class_list":{"0":"post-6574","1":"product","2":"type-product","3":"status-publish","4":"has-post-thumbnail","6":"product_cat-kampaaniad","7":"product_cat-kreemid-naole","8":"product_cat-naole","9":"desktop-align-center","10":"tablet-align-left","11":"mobile-align-left","13":"first","14":"instock","15":"sale","16":"taxable","17":"shipping-taxable","18":"purchasable","19":"product-type-simple","20":"add-to-wishlist-before_image"},"aioseo_notices":[],"_links":{"self":[{"href":"https:\/\/kosmeetika24.eu\/et\/wp-json\/wp\/v2\/product\/6574","targetHints":{"allow":["GET"]}}],"collection":[{"href":"https:\/\/kosmeetika24.eu\/et\/wp-json\/wp\/v2\/product"}],"about":[{"href":"https:\/\/kosmeetika24.eu\/et\/wp-json\/wp\/v2\/types\/product"}],"version-history":[{"count":9,"href":"https:\/\/kosmeetika24.eu\/et\/wp-json\/wp\/v2\/product\/6574\/revisions"}],"predecessor-version":[{"id":6599,"href":"https:\/\/kosmeetika24.eu\/et\/wp-json\/wp\/v2\/product\/6574\/revisions\/6599"}],"wp:featuredmedia":[{"embeddable":true,"href":"https:\/\/kosmeetika24.eu\/et\/wp-json\/wp\/v2\/media\/6575"}],"wp:attachment":[{"href":"https:\/\/kosmeetika24.eu\/et\/wp-json\/wp\/v2\/media?parent=6574"}],"wp:term":[{"taxonomy":"product_brand","embeddable":true,"href":"https:\/\/kosmeetika24.eu\/et\/wp-json\/wp\/v2\/product_brand?post=6574"},{"taxonomy":"product_cat","embeddable":true,"href":"https:\/\/kosmeetika24.eu\/et\/wp-json\/wp\/v2\/product_cat?post=6574"},{"taxonomy":"product_tag","embeddable":true,"href":"https:\/\/kosmeetika24.eu\/et\/wp-json\/wp\/v2\/product_tag?post=6574"}],"curies":[{"name":"wp","href":"https:\/\/api.w.org\/{rel}","templated":true}]}}