{"id":6572,"date":"2023-11-06T13:12:59","date_gmt":"2023-11-06T13:12:59","guid":{"rendered":"https:\/\/kosmeetika24.eu\/?post_type=product&#038;p=6572"},"modified":"2026-04-01T16:12:37","modified_gmt":"2026-04-01T13:12:37","slug":"reveel-kaitsev-naoseerum","status":"publish","type":"product","link":"https:\/\/kosmeetika24.eu\/et\/toode\/reveel-kaitsev-naoseerum\/","title":{"rendered":"Reveel igap\u00e4evaselt kaitsev n\u00e4oseerum"},"content":{"rendered":"<p>Toimeainete kompleks tugevdab naha antioks\u00fcdantset kaitse- ja immuuns\u00fcsteemi. Nahk omandab terve ja \u00fchtlase jume.<\/p>\n<p>Kaitseb t\u00f5husalt kahjulike keskkonnam\u00f5jude, UV- ja sinise valguse p\u00f5hjustatud DNA kahjustuste eest. Aeglustab seel\u00e4bi naha vananemisprotsesse ning hoiab \u00e4ra peente joonte ja kortsude tekke.<\/p>\n<p>N\u00e4onahk muutub elastsemaks, siledamaks ja pakatab tervisest.<\/p>\n<p>Sobib igap\u00e4evaseks kasutamiseks.<\/p>\n<p><strong>PEAMISED TOIMEAINED<\/strong><\/p>\n<ul>\n<li>Ektoiin<\/li>\n<li>F\u00fctosfingosiin<\/li>\n<li>Arti\u0161ok<\/li>\n<li>Buddleja Officinalis Flower Extract <em>(Nicodemia, liblikasp\u00f5\u00f5sas)<\/em><\/li>\n<\/ul>\n<p><strong>TOIME<\/strong><\/p>\n<ul>\n<li>Ektoiin t\u00f5mbab ligi veemolekule, kaitseb naharakke v\u00e4listegurite poolt p\u00f5hjustatud kahjustuste eest. V\u00e4hendab punetust.<\/li>\n<li>F\u00fctosfingosiin moodustab nahale loomuliku kaitsebarj\u00e4\u00e4ri. Kaitstes nahka deh\u00fcdratsiooni ja elastsuse kadumise, kahjulike mikroorganismide ja \u00e4rritavate ainete eest.<\/li>\n<li>Taimeekstraktid k\u00f5rvaldavad naha\u00e4rrituse, p\u00f5letiku, kuivuse ja punetuse.<\/li>\n<\/ul>\n<p><strong>KASUTAMINE<\/strong><\/p>\n<p>Kandke hommikul, p\u00e4rast n\u00e4o puhastust n\u00e4ole, kaelale ja dekolteepiirkonnale.<br \/>\n&#8211; Seerumi peale v\u00f5ite kanda ka p\u00e4ikesekaitsekreemi.<\/p>\n<p>Igap\u00e4evasel kasutamisel piisab 9 n\u00e4dalaks.<\/p>\n<p><strong>KOOSTIS<\/strong><\/p>\n<p>Aqua (Water), Pentylene Glycol, Glyceryl Stearate Citrate, Propanediol, Bambusa Arundinacea Stem Powder, Panthenol, Simmondsia Chinensis (Jojoba) Seed Oil, Vitis Vinifera (Grape) Seed Oil, Ectoin, Lepidium Sativum Sprout Extract, Cynara Scolymus (Artichoke) Leaf Extract, Buddleja Officinalis Flower Extract, Phytosphingosine, Sodium Carboxymethyl Beta-Glucan, Ceramide NP, Ceramide AS, Ceramide NS, Cholesterol, Ceramide Eop, Ceramide AP, Caesalpinia Spinosa Gum, Pullulan, Pantolactone, Hydrogenated Lecithin, Maltodextrin, Dehydroxanthan Gum, Citric Acid, Dipropylene Glycol, Glyceryl Stearate, Sucrose Distearate.<\/p>\n<p><span style=\"font-size: xx-small;\">2530.- \u20ac\/l<\/span><\/p>\n","protected":false},"excerpt":{"rendered":"<p>50ml<\/p>\n<p>Kaitske oma nahka nutitelefonide ja monitoride ekraanide kiirgava ohtliku sinise valguse eest, spetsiaalse Reveel Defending Day Serum Plusiga!<\/p>\n<p>Naha vastupanu v\u00f5imet tugevdav seerum &#8211; kaitseb keskkonnateguritest p\u00f5hjustatud enneaegse vananemise eest &#8211; nii naistele kui meestele.<\/p>\n<p>Toode on 100% silikoonivaba, alumiiniumivaba, alkoholivaba ja mikroplastivaba.<\/p>\n","protected":false},"featured_media":6573,"template":"","meta":{"om_disable_all_campaigns":false,"_monsterinsights_skip_tracking":false,"_monsterinsights_sitenote_active":false,"_monsterinsights_sitenote_note":"","_monsterinsights_sitenote_category":0,"_uf_show_specific_survey":0,"_uf_disable_surveys":false,"site-sidebar-layout":"default","site-content-layout":"","ast-site-content-layout":"default","site-content-style":"default","site-sidebar-style":"default","ast-global-header-display":"","ast-banner-title-visibility":"","ast-main-header-display":"","ast-hfb-above-header-display":"","ast-hfb-below-header-display":"","ast-hfb-mobile-header-display":"","site-post-title":"","ast-breadcrumbs-content":"","ast-featured-img":"","footer-sml-layout":"","theme-transparent-header-meta":"default","adv-header-id-meta":"","stick-header-meta":"","header-above-stick-meta":"","header-main-stick-meta":"","header-below-stick-meta":"","astra-migrate-meta-layouts":"set","ast-page-background-enabled":"default","ast-page-background-meta":{"desktop":{"background-color":"var(--ast-global-color-4)","background-image":"","background-repeat":"repeat","background-position":"center center","background-size":"auto","background-attachment":"scroll","background-type":"","background-media":"","overlay-type":"","overlay-color":"","overlay-opacity":"","overlay-gradient":""},"tablet":{"background-color":"","background-image":"","background-repeat":"repeat","background-position":"center center","background-size":"auto","background-attachment":"scroll","background-type":"","background-media":"","overlay-type":"","overlay-color":"","overlay-opacity":"","overlay-gradient":""},"mobile":{"background-color":"","background-image":"","background-repeat":"repeat","background-position":"center center","background-size":"auto","background-attachment":"scroll","background-type":"","background-media":"","overlay-type":"","overlay-color":"","overlay-opacity":"","overlay-gradient":""}},"ast-content-background-meta":{"desktop":{"background-color":"var(--ast-global-color-5)","background-image":"","background-repeat":"repeat","background-position":"center center","background-size":"auto","background-attachment":"scroll","background-type":"","background-media":"","overlay-type":"","overlay-color":"","overlay-opacity":"","overlay-gradient":""},"tablet":{"background-color":"var(--ast-global-color-5)","background-image":"","background-repeat":"repeat","background-position":"center center","background-size":"auto","background-attachment":"scroll","background-type":"","background-media":"","overlay-type":"","overlay-color":"","overlay-opacity":"","overlay-gradient":""},"mobile":{"background-color":"var(--ast-global-color-5)","background-image":"","background-repeat":"repeat","background-position":"center center","background-size":"auto","background-attachment":"scroll","background-type":"","background-media":"","overlay-type":"","overlay-color":"","overlay-opacity":"","overlay-gradient":""}}},"product_brand":[],"product_cat":[50,15,77],"product_tag":[],"class_list":{"0":"post-6572","1":"product","2":"type-product","3":"status-publish","4":"has-post-thumbnail","6":"product_cat-kampaaniad","7":"product_cat-naole","8":"product_cat-seerumid","9":"desktop-align-center","10":"tablet-align-left","11":"mobile-align-left","13":"first","14":"instock","15":"sale","16":"taxable","17":"shipping-taxable","18":"purchasable","19":"product-type-simple","20":"add-to-wishlist-before_image"},"aioseo_notices":[],"_links":{"self":[{"href":"https:\/\/kosmeetika24.eu\/et\/wp-json\/wp\/v2\/product\/6572","targetHints":{"allow":["GET"]}}],"collection":[{"href":"https:\/\/kosmeetika24.eu\/et\/wp-json\/wp\/v2\/product"}],"about":[{"href":"https:\/\/kosmeetika24.eu\/et\/wp-json\/wp\/v2\/types\/product"}],"version-history":[{"count":4,"href":"https:\/\/kosmeetika24.eu\/et\/wp-json\/wp\/v2\/product\/6572\/revisions"}],"predecessor-version":[{"id":10249,"href":"https:\/\/kosmeetika24.eu\/et\/wp-json\/wp\/v2\/product\/6572\/revisions\/10249"}],"wp:featuredmedia":[{"embeddable":true,"href":"https:\/\/kosmeetika24.eu\/et\/wp-json\/wp\/v2\/media\/6573"}],"wp:attachment":[{"href":"https:\/\/kosmeetika24.eu\/et\/wp-json\/wp\/v2\/media?parent=6572"}],"wp:term":[{"taxonomy":"product_brand","embeddable":true,"href":"https:\/\/kosmeetika24.eu\/et\/wp-json\/wp\/v2\/product_brand?post=6572"},{"taxonomy":"product_cat","embeddable":true,"href":"https:\/\/kosmeetika24.eu\/et\/wp-json\/wp\/v2\/product_cat?post=6572"},{"taxonomy":"product_tag","embeddable":true,"href":"https:\/\/kosmeetika24.eu\/et\/wp-json\/wp\/v2\/product_tag?post=6572"}],"curies":[{"name":"wp","href":"https:\/\/api.w.org\/{rel}","templated":true}]}}