{"id":6568,"date":"2023-11-06T12:48:45","date_gmt":"2023-11-06T12:48:45","guid":{"rendered":"https:\/\/kosmeetika24.eu\/?post_type=product&#038;p=6568"},"modified":"2026-04-01T16:13:38","modified_gmt":"2026-04-01T13:13:38","slug":"reveel-refining-moisturizer","status":"publish","type":"product","link":"https:\/\/kosmeetika24.eu\/et\/toode\/reveel-refining-moisturizer\/","title":{"rendered":"Reveel niisutav p\u00e4evakreem"},"content":{"rendered":"<p><span style=\"color: #585858;\">Mitmed tegurid, nagu suurenenud rasu tootmine v\u00f5i p\u00e4ikesekahjustusest tingitud melaniini eba\u00fchtlane kogunemine, aitavad nahal v\u00e4lja n\u00e4ha osaliselt l\u00e4ikiv ja n\u00e4htavad laienenud poorid, samas kui teised piirkonnad on pingul v\u00f5i kergesti \u00e4rrituvad.<\/span><\/p>\n<p>N\u00e4okreem <em>Refining Moisturizer<\/em> on kerge tekstuuriga, puhastab ja niisutab, ning annab n\u00e4ole \u00fchtlase ja mati jume.<\/p>\n<p>Sobib k\u00f5igile nahat\u00fc\u00fcpidele, eriti tundlikule, rasusele ja probleemsele nahale.<\/p>\n<p><strong><span style=\"font-family: Times New Roman, serif;\"><span style=\"font-size: medium;\"><b>PEAMISED TOIMEAINED\u00a0<\/b><\/span><\/span><\/strong><\/p>\n<ul>\n<li>Salits\u00fc\u00fclhape<\/li>\n<li>Pantenol<\/li>\n<li>Kummel<\/li>\n<li>Avokaado\u00f5li<\/li>\n<\/ul>\n<p><strong><span style=\"font-family: Times New Roman, serif;\"><span style=\"font-size: medium;\"><b>TOIME<\/b><\/span><\/span><\/strong><\/p>\n<ul>\n<li>Salits\u00fc\u00fclhape eemaldab \u00f5rnalt surnud naharakud ja stimuleerib naha loomulikku uuenemist.<\/li>\n<li>Pantenool ja kummeli ekstrakt toetavad \u00e4rritusvastaste ainete teket ja leevendavad seel\u00e4bi naha\u00e4rritusi.<\/li>\n<li>Avokaado\u00f5li moodustab nahale lipiidkile ja tugevdab seel\u00e4bi kaitsebarj\u00e4\u00e4rifunktsiooni.<\/li>\n<\/ul>\n<p><strong>KASUTAMINE<\/strong><\/p>\n<p>Kandke hommikul p\u00e4rast puhastamist n\u00e4ole, kaelale ja dekolteepiirkonnale.<\/p>\n<p><strong>KOOSTIS<\/strong><\/p>\n<p>Aqua (Water), Cetearyl Isononanoate, Persea Gratissima (Avocado) Oil, Glycerin, Polyglyceryl-3 Dicitrate\/Stearate, Dicaprylyl Ether, Tocopheryl Acetate, Tocopherol, Panthenol, Bisabolol, Lecithin, Xanthan Gum, Ammonium Acryloyldimethyltaurate\/Vp Copolymer, Carbomer, Phenoxyethanol, Salicylic Acid, Lactic Acid, Dehydroacetic Acid, Benzoic Acid, Ethylhexylglycerin, Citric Acid, Parfum (Fragrance).<\/p>\n<p><span style=\"font-size: xx-small;\">2530.- \u20ac\/l <\/span><\/p>\n","protected":false},"excerpt":{"rendered":"<p>50 ml<\/p>\n<p class=\"h2\">Vananemisvastane niisutav p\u00e4evakreem &#8211; salits\u00fc\u00fclhappe ja avokaado\u00f5liga, mis \u00fchtlustab jumet \u2013 naistele ja meestele.<\/p>\n<p>N\u00e4okreem on 100% silikoonivaba, alumiiniumivaba, alkoholivaba ja mikroplastivaba.<\/p>\n","protected":false},"featured_media":6569,"template":"","meta":{"om_disable_all_campaigns":false,"_monsterinsights_skip_tracking":false,"_monsterinsights_sitenote_active":false,"_monsterinsights_sitenote_note":"","_monsterinsights_sitenote_category":0,"_uf_show_specific_survey":0,"_uf_disable_surveys":false,"site-sidebar-layout":"default","site-content-layout":"","ast-site-content-layout":"default","site-content-style":"default","site-sidebar-style":"default","ast-global-header-display":"","ast-banner-title-visibility":"","ast-main-header-display":"","ast-hfb-above-header-display":"","ast-hfb-below-header-display":"","ast-hfb-mobile-header-display":"","site-post-title":"","ast-breadcrumbs-content":"","ast-featured-img":"","footer-sml-layout":"","theme-transparent-header-meta":"default","adv-header-id-meta":"","stick-header-meta":"","header-above-stick-meta":"","header-main-stick-meta":"","header-below-stick-meta":"","astra-migrate-meta-layouts":"set","ast-page-background-enabled":"default","ast-page-background-meta":{"desktop":{"background-color":"var(--ast-global-color-4)","background-image":"","background-repeat":"repeat","background-position":"center center","background-size":"auto","background-attachment":"scroll","background-type":"","background-media":"","overlay-type":"","overlay-color":"","overlay-opacity":"","overlay-gradient":""},"tablet":{"background-color":"","background-image":"","background-repeat":"repeat","background-position":"center center","background-size":"auto","background-attachment":"scroll","background-type":"","background-media":"","overlay-type":"","overlay-color":"","overlay-opacity":"","overlay-gradient":""},"mobile":{"background-color":"","background-image":"","background-repeat":"repeat","background-position":"center center","background-size":"auto","background-attachment":"scroll","background-type":"","background-media":"","overlay-type":"","overlay-color":"","overlay-opacity":"","overlay-gradient":""}},"ast-content-background-meta":{"desktop":{"background-color":"var(--ast-global-color-5)","background-image":"","background-repeat":"repeat","background-position":"center center","background-size":"auto","background-attachment":"scroll","background-type":"","background-media":"","overlay-type":"","overlay-color":"","overlay-opacity":"","overlay-gradient":""},"tablet":{"background-color":"var(--ast-global-color-5)","background-image":"","background-repeat":"repeat","background-position":"center center","background-size":"auto","background-attachment":"scroll","background-type":"","background-media":"","overlay-type":"","overlay-color":"","overlay-opacity":"","overlay-gradient":""},"mobile":{"background-color":"var(--ast-global-color-5)","background-image":"","background-repeat":"repeat","background-position":"center center","background-size":"auto","background-attachment":"scroll","background-type":"","background-media":"","overlay-type":"","overlay-color":"","overlay-opacity":"","overlay-gradient":""}}},"product_brand":[],"product_cat":[50,75,15,84],"product_tag":[],"class_list":{"0":"post-6568","1":"product","2":"type-product","3":"status-publish","4":"has-post-thumbnail","6":"product_cat-kampaaniad","7":"product_cat-kreemid-naole","8":"product_cat-naole","9":"product_cat-tundlikule-nahale","10":"desktop-align-center","11":"tablet-align-left","12":"mobile-align-left","14":"first","15":"instock","16":"sale","17":"taxable","18":"shipping-taxable","19":"purchasable","20":"product-type-simple","21":"add-to-wishlist-before_image"},"aioseo_notices":[],"_links":{"self":[{"href":"https:\/\/kosmeetika24.eu\/et\/wp-json\/wp\/v2\/product\/6568","targetHints":{"allow":["GET"]}}],"collection":[{"href":"https:\/\/kosmeetika24.eu\/et\/wp-json\/wp\/v2\/product"}],"about":[{"href":"https:\/\/kosmeetika24.eu\/et\/wp-json\/wp\/v2\/types\/product"}],"version-history":[{"count":6,"href":"https:\/\/kosmeetika24.eu\/et\/wp-json\/wp\/v2\/product\/6568\/revisions"}],"predecessor-version":[{"id":9391,"href":"https:\/\/kosmeetika24.eu\/et\/wp-json\/wp\/v2\/product\/6568\/revisions\/9391"}],"wp:featuredmedia":[{"embeddable":true,"href":"https:\/\/kosmeetika24.eu\/et\/wp-json\/wp\/v2\/media\/6569"}],"wp:attachment":[{"href":"https:\/\/kosmeetika24.eu\/et\/wp-json\/wp\/v2\/media?parent=6568"}],"wp:term":[{"taxonomy":"product_brand","embeddable":true,"href":"https:\/\/kosmeetika24.eu\/et\/wp-json\/wp\/v2\/product_brand?post=6568"},{"taxonomy":"product_cat","embeddable":true,"href":"https:\/\/kosmeetika24.eu\/et\/wp-json\/wp\/v2\/product_cat?post=6568"},{"taxonomy":"product_tag","embeddable":true,"href":"https:\/\/kosmeetika24.eu\/et\/wp-json\/wp\/v2\/product_tag?post=6568"}],"curies":[{"name":"wp","href":"https:\/\/api.w.org\/{rel}","templated":true}]}}